{"id":16188,"date":"2025-01-02T09:00:19","date_gmt":"2025-01-02T09:00:19","guid":{"rendered":"https:\/\/petworld.ma\/?post_type=product&#038;p=16188"},"modified":"2026-04-30T14:04:27","modified_gmt":"2026-04-30T14:04:27","slug":"brit-care-superfruits-hareng-poisson-100g","status":"publish","type":"product","link":"https:\/\/petworld.ma\/index.php\/produit\/brit-care-superfruits-hareng-poisson-100g\/","title":{"rendered":"Brit Care Superfruits Herring (Poisson Hareng) 100g"},"content":{"rendered":"<div class=\"hidden-xs\">\n<div class=\"hidden-xs\">\n<p>\u00ab Shake Shake Superfruits \u00bb. Aliment compl\u00e9mentaire pour chats st\u00e9rilis\u00e9s.<\/p>\n<p>Snack croquant \u00e0 l&rsquo;agneau et aux \u00ab\u00a0SUPERFRUITS\u00a0\u00bb &#8211; avec de l&rsquo;argousier. Des friandises croquantes sans c\u00e9r\u00e9ales qui incitent le chat \u00e0 s&rsquo;amuser ensemble.<\/p>\n<\/div>\n<div class=\"benefits__item\"><img decoding=\"async\" src=\"https:\/\/brit-petfood.com\/file\/nodes\/icon-made-in-eu.png\" alt=\"\" width=\"47\" height=\"48\" \/>\u00a0Fabriqu\u00e9 dans l&rsquo;UE<\/div>\n<p class=\"composition\"><strong>Composition:<\/strong><\/p>\n<p><span lang=\"FR\">farine de poulet d\u00e9shydrat\u00e9 (40\u00a0%), pois jaunes, graisse de poulet \u2013 conserv\u00e9e par des tocoph\u00e9rols (8\u00a0%), patates douces, prot\u00e9ines de poulet hydrolys\u00e9es (7\u00a0%), amidon de tapioca, argousier (4\u00a0%), myrtilles (4\u00a0%), foie de poulet hydrolys\u00e9, huile de saumon (2\u00a0%), graine de lin (1\u00a0%)<\/span><\/p>\n<p><strong>Composants analytiques:<\/strong><\/p>\n<p>prot\u00e9ine brute 37 %, mati\u00e8res grasses brutes 17 %, cendres brutes 7 %, cellulose brute 2,5 %, humidit\u00e9 10 %, calcium 1,0 %, phosphore 0,8 %, sodium 0,9 %, magn\u00e9sium 0,05 % , om\u00e9ga-3 0,75 %, om\u00e9ga-6 2,35 %<\/p>\n<p><strong>\u00c9nergie m\u00e9tabolisable:<\/strong><\/p>\n<p>3 910 kcal\/kg<\/p>\n<p>&nbsp;<\/p>\n<\/div>\n","protected":false},"excerpt":{"rendered":"<div class=\"hidden-xs\">\n<p>\u00ab Shake Shake Superfruits \u00bb. Aliment compl\u00e9mentaire pour chats st\u00e9rilis\u00e9s.<\/p>\n<p>Snack croquant \u00e0 l&rsquo;agneau et aux \u00ab\u00a0SUPERFRUITS\u00a0\u00bb &#8211; avec de l&rsquo;argousier. Des friandises croquantes sans c\u00e9r\u00e9ales qui incitent le chat \u00e0 s&rsquo;amuser ensemble.<\/p>\n<\/div>\n<div class=\"benefits__item\"><img decoding=\"async\" src=\"https:\/\/brit-petfood.com\/file\/nodes\/icon-made-in-eu.png\" alt=\"\" width=\"47\" height=\"48\" \/>\u00a0Fabriqu\u00e9 dans l&rsquo;UE<\/div>\n","protected":false},"featured_media":16189,"template":"","meta":{"jetpack_publicize_message":"","jetpack_publicize_feature_enabled":true,"jetpack_social_post_already_shared":true,"jetpack_social_options":{"image_generator_settings":{"template":"highway","default_image_id":0,"font":"","enabled":false},"version":2}},"product_brand":[],"product_cat":[41],"product_tag":[],"class_list":{"0":"post-16188","1":"product","2":"type-product","3":"status-publish","4":"has-post-thumbnail","6":"product_cat-friandises-et-pate-pour-chat","8":"first","9":"instock","10":"taxable","11":"shipping-taxable","12":"purchasable","13":"product-type-simple"},"supplier_id":5590,"supplier_sku":"","barcode":null,"atum_controlled":true,"out_stock_date":null,"out_stock_threshold":null,"inheritable":false,"inbound_stock":0,"stock_on_hold":0,"sold_today":0,"sales_last_days":0,"reserved_stock":0,"customer_returns":0,"warehouse_damage":0,"lost_in_post":0,"other_logs":0,"out_stock_days":0,"lost_sales":0,"has_location":false,"update_date":"2026-05-07T00:19:22","atum_locations":[],"atum_stock_status":"instock","restock_status":false,"low_stock_amount":12,"sales_update_date":"2026-05-07T00:19:22","calc_backorders":null,"jetpack_publicize_connections":[],"jetpack_sharing_enabled":true,"batches":[{"id":"1485","date_created":"2025-01-02 22:06:10","date_expiry":"2026-03-04 00:00:00","user_id":"2760","batch_number":"BritCareSupeRfruitsHareng(Poisson)100g040326","location":"","quantity":"6.0000","quantity_available":"0.0000","units":"1","status":"archived","order_ids":"[17083,17173,18082,18519,18942,21162]","supplier":"Brit","po":{"id":"1459","date_created":"2025-01-02 22:06:12","batch_id":"1485","po_number":"","supplier":"Brit","cost":null,"regular_price":null,"sale_price":null,"price_margin":null,"price_discount":null}},{"id":"1570","date_created":"2025-01-09 21:48:27","date_expiry":"2026-03-04 00:00:00","user_id":"2760","batch_number":"BritCareSupeRfruitsHareng(Poisson)100g040326","location":"","quantity":"6.0000","quantity_available":"0.0000","units":"1","status":"archived","order_ids":"[21340,21459,21630,22637]","supplier":"Brit","po":{"id":"1544","date_created":"2025-01-09 21:48:30","batch_id":"1570","po_number":"","supplier":"Brit","cost":null,"regular_price":null,"sale_price":null,"price_margin":null,"price_discount":null}},{"id":"1965","date_created":"2025-02-11 22:10:42","date_expiry":"2026-05-27 00:00:00","user_id":"2760","batch_number":"BritCareSupeRfruitsHareng(Poisson)100g270526NEW","location":"","quantity":"12.0000","quantity_available":"0.0000","units":"1","status":"archived","order_ids":"[23534,23727,23796,23993,24571,25152,25603,25840,26051,26766,27100,28270]","supplier":"Brit","po":{"id":"1937","date_created":"2025-02-11 22:10:46","batch_id":"1965","po_number":"","supplier":"Brit","cost":null,"regular_price":null,"sale_price":null,"price_margin":null,"price_discount":null}},{"id":"3816","date_created":"2025-06-04 20:48:52","date_expiry":"2026-09-14 00:00:00","user_id":"2760","batch_number":"BritCareSupeRfruitsHareng(Poisson)100g140926","location":"","quantity":"6.0000","quantity_available":"0.0000","units":"1","status":"archived","order_ids":"[28667,29096,29606,30897]","supplier":"Brit","po":{"id":"3781","date_created":"2025-06-04 20:48:53","batch_id":"3816","po_number":"","supplier":"Brit","cost":null,"regular_price":null,"sale_price":null,"price_margin":null,"price_discount":null}},{"id":"4714","date_created":"2025-08-07 22:57:49","date_expiry":"2026-09-14 00:00:00","user_id":"2760","batch_number":"BritCareSupeRfruitsHareng(Poisson)100g140926","location":"","quantity":"6.0000","quantity_available":"0.0000","units":"1","status":"archived","order_ids":"[30897,30907,31018,31640]","supplier":" BRIT","po":{"id":"4678","date_created":"2025-08-07 22:57:50","batch_id":"4714","po_number":"","supplier":" BRIT","cost":null,"regular_price":null,"sale_price":null,"price_margin":null,"price_discount":null}},{"id":"6544","date_created":"2025-12-08 13:11:00","date_expiry":"2027-02-13 00:00:00","user_id":"2760","batch_number":"BritCareSupeRfruitsHareng(Poisson)100g130227","location":"","quantity":"12.0000","quantity_available":"7.0000","units":"1","status":"active","order_ids":"[31761,32120,34993,40375]","supplier":"Brit","po":{"id":"6490","date_created":"2025-12-08 13:11:01","batch_id":"6544","po_number":"","supplier":"Brit","cost":null,"regular_price":null,"sale_price":null,"price_margin":null,"price_discount":null}},{"id":"7032","date_created":"2026-01-02 10:32:09","date_expiry":"2027-02-13 00:00:00","user_id":"2760","batch_number":"BritCareSupeRfruitsHareng(Poisson)100g130227","location":"","quantity":"6.0000","quantity_available":"0.0000","units":"1","status":"archived","order_ids":"[33202,33689,34657,34993]","supplier":"Brit","po":{"id":"6971","date_created":"2026-01-02 10:32:10","batch_id":"7032","po_number":"","supplier":"Brit","cost":null,"regular_price":null,"sale_price":null,"price_margin":null,"price_discount":null}},{"id":"7793","date_created":"2026-02-19 11:21:12","date_expiry":"2027-02-13 00:00:00","user_id":"2760","batch_number":"BritCareSupeRfruitsHareng(Poisson)100g130227","location":"","quantity":"6.0000","quantity_available":"1.0000","units":"1","status":"active","order_ids":"[36166,36335,38936,38958]","supplier":"Brit","po":{"id":"7728","date_created":"2026-02-19 11:21:13","batch_id":"7793","po_number":"","supplier":"Brit","cost":null,"regular_price":null,"sale_price":null,"price_margin":null,"price_discount":null}},{"id":"8997","date_created":"2026-04-22 09:43:48","date_expiry":"2027-06-10 00:00:00","user_id":"2760","batch_number":"BritCareSupeRfruitsHareng(Poisson)100g100627","location":"","quantity":"6.0000","quantity_available":"6.0000","units":"1","status":"active","order_ids":null,"supplier":"Brit","po":{"id":"8921","date_created":"2026-04-22 09:43:48","batch_id":"8997","po_number":"","supplier":"Brit","cost":null,"regular_price":null,"sale_price":null,"price_margin":null,"price_discount":null}}],"_links":{"self":[{"href":"https:\/\/petworld.ma\/index.php\/wp-json\/wp\/v2\/product\/16188","targetHints":{"allow":["GET"]}}],"collection":[{"href":"https:\/\/petworld.ma\/index.php\/wp-json\/wp\/v2\/product"}],"about":[{"href":"https:\/\/petworld.ma\/index.php\/wp-json\/wp\/v2\/types\/product"}],"wp:featuredmedia":[{"embeddable":true,"href":"https:\/\/petworld.ma\/index.php\/wp-json\/wp\/v2\/media\/16189"}],"wp:attachment":[{"href":"https:\/\/petworld.ma\/index.php\/wp-json\/wp\/v2\/media?parent=16188"}],"wp:term":[{"taxonomy":"product_brand","embeddable":true,"href":"https:\/\/petworld.ma\/index.php\/wp-json\/wp\/v2\/product_brand?post=16188"},{"taxonomy":"product_cat","embeddable":true,"href":"https:\/\/petworld.ma\/index.php\/wp-json\/wp\/v2\/product_cat?post=16188"},{"taxonomy":"product_tag","embeddable":true,"href":"https:\/\/petworld.ma\/index.php\/wp-json\/wp\/v2\/product_tag?post=16188"}],"curies":[{"name":"wp","href":"https:\/\/api.w.org\/{rel}","templated":true}]}}