{"id":16197,"date":"2025-01-02T09:44:39","date_gmt":"2025-01-02T09:44:39","guid":{"rendered":"https:\/\/petworld.ma\/?post_type=product&#038;p=16197"},"modified":"2026-05-07T08:14:04","modified_gmt":"2026-05-07T08:14:04","slug":"brit-premium-chien-agneau-180g","status":"publish","type":"product","link":"https:\/\/petworld.ma\/index.php\/produit\/brit-premium-chien-agneau-180g\/","title":{"rendered":"Brit Premium by Nature Semi-moist Snacks Lamb with Sea Buckthorn Dog (Agneau \u00e0 l&rsquo;argousier) 180g"},"content":{"rendered":"<div class=\"hidden-xs\">\n<p><img decoding=\"async\" class=\"\" src=\"https:\/\/brit-petfood.com\/file\/nodes\/icon-made-in-eu.png\" width=\"88\" height=\"87\" \/><\/p>\n<div class=\"hidden-xs\">\n<div class=\"hidden-xs\">\n<div class=\"hidden-xs\">\n<div class=\"col-md-7\">\n<div class=\"col-md-7\">\n<p>Aliment compl\u00e9mentaire \u00e0 l&rsquo;agneau et \u00e0 l&rsquo;argousier <strong>pour chien adulte<\/strong>\u00a0comme d\u00e9licieuse friandise pendant la journ\u00e9e.<\/p>\n<p>Les friandises semi-molles\u00a0<a href=\"https:\/\/www.vaschovatel.cz\/pamlsky-pro-psy\/14\/\" target=\"_blank\" rel=\"noopener\">pour chiens<\/a>\u00a0sont douces pour les dents gr\u00e2ce \u00e0 leur consistance et contribuent\u00a0<strong>\u00e0 renforcer les muscles masticateurs<\/strong>\u00a0. Le collag\u00e8ne contenu dans l&rsquo;aliment\u00a0<strong>favorise la mobilit\u00e9<\/strong>\u00a0et la sant\u00e9 des articulations. Les herbes ajout\u00e9es sont riches en antioxydants et\u00a0<strong>l&rsquo;argousier\u00a0<\/strong>\u00a0soutient\u00a0 le\u00a0<b>syst\u00e8me\u00a0<\/b><strong>immunitaire<\/strong>.\u00a0<strong>L&rsquo;agneau,\u00a0<\/strong>\u00a0en tant que prot\u00e9ine hypoallerg\u00e9nique, convient aux chiens ayant une digestion sensible.\u00a0<b><\/b><\/p>\n<h3><strong>Caract\u00e9ristiques des Snacks Brit Premium Dog de Nature SM\u00a0:<\/strong><\/h3>\n<ul>\n<li>friandises<\/li>\n<li>semi-doux<\/li>\n<li>avec collag\u00e8ne &#8211; soutien des articulations<\/li>\n<li>doux pour les dents<\/li>\n<li>sans sucre ajout\u00e9, sans OGM ni soja<\/li>\n<li>argousier &#8211; soutien de l&rsquo;immunit\u00e9<\/li>\n<\/ul>\n<p>&nbsp;<\/p>\n<p><strong>Conditionnement<\/strong>\u00a0: 180 g<br \/>\n<strong>Saveur<\/strong>\u00a0: agneau, argousier<br \/>\n<strong>Destin\u00e9 \u00e0<\/strong>\u00a0: chien adulte<\/p>\n<div class=\"table-block row\">\n<div class=\"table-title-block col-md-12 col-sm-12 col-xs-12\">\n<h3 class=\"col-md-6 title-text-left\" data-id=\"table-title-left\"><strong>Tableau des doses recommand\u00e9es pour Brit Premium Dog by Nature SM Snacks Lamb\u00a0:\u00a0<\/strong><\/h3>\n<div class=\"col-md-6 title-text-right\" data-id=\"table-title-right\"><\/div>\n<\/div>\n<div class=\"table-body-block nopadding col-md-12 col-sm-12 col-xs-12\">\n<table class=\"table table-edit\">\n<tbody>\n<tr>\n<td data-id=\"2\">Poids du chien :<\/td>\n<td data-id=\"3\">Jusqu&rsquo;\u00e0 10 kg<\/td>\n<td data-id=\"4\">10kg<\/td>\n<td data-id=\"5\">15 kg<\/td>\n<td data-id=\"10\">20 kg<\/td>\n<td data-id=\"12\">Plus de 25 kg<\/td>\n<\/tr>\n<tr>\n<td data-id=\"6\">Posologie quotidienne recommand\u00e9e\u00a0:<\/td>\n<td data-id=\"7\">Maximum 10 pi\u00e8ces<\/td>\n<td data-id=\"8\">10-15 pi\u00e8ces<\/td>\n<td data-id=\"9\">15-20 pi\u00e8ces<\/td>\n<td data-id=\"11\">20-25 pi\u00e8ces<\/td>\n<td data-id=\"13\">25-30 pi\u00e8ces<\/td>\n<\/tr>\n<\/tbody>\n<\/table>\n<\/div>\n<\/div>\n<p>Offrez-le quotidiennement au chien comme friandise ou r\u00e9compense. Assurez-vous que le chien ait toujours de l&rsquo;eau potable fra\u00eeche \u00e0 disposition. Gardez \u00e0 l\u2019esprit qu\u2019il ne s\u2019agit pas d\u2019un aliment complet, ne d\u00e9passez pas la dose journali\u00e8re recommand\u00e9e.<\/p>\n<h2><strong>Composition<\/strong><\/h2>\n<p><strong>Ingr\u00e9dients<\/strong>\u00a0:<br \/>\nprot\u00e9ines d&rsquo;agneau (26%), pois jaunes (22%), glyc\u00e9rol d&rsquo;origine v\u00e9g\u00e9tale (14%), pommes de terre (10%), prot\u00e9ines de volaille hydrolys\u00e9es (8%), foie de volaille hydrolys\u00e9 (5%), collag\u00e8ne (4 %) ), m\u00e9lasse (3%), farine de pois, argousier (2%).<\/p>\n<p><strong>Composants analytiques<\/strong>\u00a0:<br \/>\nprot\u00e9ines brutes 27,0 %, mati\u00e8res grasses brutes 5,0 %, cendres brutes 6,0 %, fibres brutes 2,0 %, humidit\u00e9 17,0 %, calcium 1,1 %, phosphore 0,9 %, sodium 0,4 %, acides gras om\u00e9ga-3 0,1 %, om\u00e9ga-6. acides gras 0,3%<\/p>\n<p><strong>Additifs nutritionnels par\u00a0<\/strong><strong>kg<\/strong>\u00a0:<br \/>\nvitamine C (3a312) 35 mg<\/p>\n<p><strong>\u00c9nergie m\u00e9tabolis\u00e9e<\/strong>\u00a0:<br \/>\n3 100 kcal\/kg<\/p>\n<\/div>\n<div class=\"col-md-5 product-tabs-composition\"><\/div>\n<\/div>\n<\/div>\n<\/div>\n<\/div>\n<\/div>\n","protected":false},"excerpt":{"rendered":"<p><img decoding=\"async\" class=\"\" src=\"https:\/\/brit-petfood.com\/file\/nodes\/icon-made-in-eu.png\" width=\"88\" height=\"87\" \/><\/p>\n<div class=\"hidden-xs\">\n<div class=\"hidden-xs\">Friandises mi-molles \u00e0 l&rsquo;agneau et \u00e0 l&rsquo;argousier pour chiens<\/div>\n<\/div>\n","protected":false},"featured_media":16198,"template":"","meta":{"jetpack_publicize_message":"","jetpack_publicize_feature_enabled":true,"jetpack_social_post_already_shared":true,"jetpack_social_options":{"image_generator_settings":{"template":"highway","default_image_id":0,"font":"","enabled":false},"version":2}},"product_brand":[],"product_cat":[26,187,39],"product_tag":[],"class_list":{"0":"post-16197","1":"product","2":"type-product","3":"status-publish","4":"has-post-thumbnail","6":"product_cat-croquettes","7":"product_cat-destockage","8":"product_cat-friandises-et-pates-pour-chien","10":"first","11":"instock","12":"sale","13":"taxable","14":"shipping-taxable","15":"purchasable","16":"product-type-simple"},"supplier_id":5590,"supplier_sku":"","barcode":null,"atum_controlled":true,"out_stock_date":null,"out_stock_threshold":null,"inheritable":false,"inbound_stock":0,"stock_on_hold":0,"sold_today":1,"sales_last_days":2,"reserved_stock":0,"customer_returns":0,"warehouse_damage":0,"lost_in_post":0,"other_logs":0,"out_stock_days":0,"lost_sales":0,"has_location":false,"update_date":"2026-05-07T19:07:08","atum_locations":[],"atum_stock_status":"instock","restock_status":false,"low_stock_amount":10,"sales_update_date":"2026-05-07T19:07:08","calc_backorders":null,"jetpack_publicize_connections":[],"jetpack_sharing_enabled":true,"batches":[{"id":"1488","date_created":"2025-01-02 22:17:39","date_expiry":"2026-04-14 00:00:00","user_id":"2760","batch_number":"BritPremiumChienAgneau180g140426","location":"","quantity":"10.0000","quantity_available":"0.0000","units":"1","status":"archived","order_ids":"[21398,23222,24821,26737,27895,33265]","supplier":"Brit","po":{"id":"1462","date_created":"2025-01-02 22:17:41","batch_id":"1488","po_number":"","supplier":"Brit","cost":null,"regular_price":null,"sale_price":null,"price_margin":null,"price_discount":null}},{"id":"2502","date_created":"2025-03-26 22:51:38","date_expiry":"2026-04-14 00:00:00","user_id":"2760","batch_number":"BritPremiumChienAgneau180g140426","location":"","quantity":"10.0000","quantity_available":"0.0000","units":"1","status":"archived","order_ids":"[34663,34998,35035,37731,38249,38257]","supplier":"Brit","po":{"id":"2470","date_created":"2025-03-26 22:51:40","batch_id":"2502","po_number":"","supplier":"Brit","cost":null,"regular_price":null,"sale_price":null,"price_margin":null,"price_discount":null}},{"id":"8750","date_created":"2026-04-06 15:24:44","date_expiry":"2027-06-14 00:00:00","user_id":"2760","batch_number":"BritPremiumChienAgneau180g110627","location":"","quantity":"10.0000","quantity_available":"2.0000","units":"1","status":"active","order_ids":"[39187,40036,40629,40930,41510]","supplier":"Brit","po":{"id":"8677","date_created":"2026-04-06 15:24:44","batch_id":"8750","po_number":"","supplier":"Brit","cost":null,"regular_price":null,"sale_price":null,"price_margin":null,"price_discount":null}}],"_links":{"self":[{"href":"https:\/\/petworld.ma\/index.php\/wp-json\/wp\/v2\/product\/16197","targetHints":{"allow":["GET"]}}],"collection":[{"href":"https:\/\/petworld.ma\/index.php\/wp-json\/wp\/v2\/product"}],"about":[{"href":"https:\/\/petworld.ma\/index.php\/wp-json\/wp\/v2\/types\/product"}],"wp:featuredmedia":[{"embeddable":true,"href":"https:\/\/petworld.ma\/index.php\/wp-json\/wp\/v2\/media\/16198"}],"wp:attachment":[{"href":"https:\/\/petworld.ma\/index.php\/wp-json\/wp\/v2\/media?parent=16197"}],"wp:term":[{"taxonomy":"product_brand","embeddable":true,"href":"https:\/\/petworld.ma\/index.php\/wp-json\/wp\/v2\/product_brand?post=16197"},{"taxonomy":"product_cat","embeddable":true,"href":"https:\/\/petworld.ma\/index.php\/wp-json\/wp\/v2\/product_cat?post=16197"},{"taxonomy":"product_tag","embeddable":true,"href":"https:\/\/petworld.ma\/index.php\/wp-json\/wp\/v2\/product_tag?post=16197"}],"curies":[{"name":"wp","href":"https:\/\/api.w.org\/{rel}","templated":true}]}}