{"id":16200,"date":"2025-01-02T09:49:26","date_gmt":"2025-01-02T09:49:26","guid":{"rendered":"https:\/\/petworld.ma\/?post_type=product&#038;p=16200"},"modified":"2026-04-20T18:57:22","modified_gmt":"2026-04-20T18:57:22","slug":"brit-premium-filets-de-poulet-en-sauce-et-petits-pois-85-g","status":"publish","type":"product","link":"https:\/\/petworld.ma\/index.php\/produit\/brit-premium-filets-de-poulet-en-sauce-et-petits-pois-85-g\/","title":{"rendered":"Brit Premium by Nature Fillets in Gravy Chicken and Green Peas Dog (Poulet en Sauce et Petits Pois) 85 g"},"content":{"rendered":"<div class=\"hidden-xs\">\n<p><img decoding=\"async\" class=\"\" src=\"https:\/\/brit-petfood.com\/file\/nodes\/icon-made-in-eu.png\" width=\"88\" height=\"87\" \/><\/p>\n<div class=\"hidden-xs\">\n<div class=\"hidden-xs\">\n<div class=\"hidden-xs\">\n<div class=\"col-md-7\">\n<div class=\"col-md-7\">\n<div class=\"col-md-7\">\n<p>Aliment complet\u00a0<strong>premium<\/strong> \u00e0 base de poulet et de petits pois dans une d\u00e9licieuse sauce\u00a0<strong>pour chiens adultes<\/strong>\u00a0de toutes races.<\/p>\n<p><a href=\"https:\/\/www.vaschovatel.cz\/kapsicky-pro-psy\/13\/\" target=\"_blank\" rel=\"noopener\">Les sachets pour chiens<\/a>\u00a0contiennent\u00a0<strong>85% de viande de qualit\u00e9<\/strong>\u00a0, sans OGM, sans soja et sans sucre ajout\u00e9.\u00a0<strong>Le poulet<\/strong>\u00a0est une prot\u00e9ine hautement digestible et riche sur le plan nutritionnel qui contient des acides amin\u00e9s\u00a0<strong>pour soutenir la croissance<\/strong>\u00a0\u00a0et le bon \u00e9tat de la masse musculaire.\u00a0<strong>Les pois verts\u00a0<\/strong>\u00a0regorgent de min\u00e9raux, de vitamines A, C et K et de fibres, qui favorisent une digestion saine, fournissent de l&rsquo;\u00e9nergie et\u00a0<strong>renforcent le syst\u00e8me immunitaire<\/strong>\u00a0.<\/p>\n<h3><strong>Caract\u00e9ristiques de l&rsquo;aliment Brit Premium by Nature :<\/strong><\/h3>\n<ul>\n<li>complet<\/li>\n<li>prime<\/li>\n<li>poche<\/li>\n<li>85% de viande de qualit\u00e9<\/li>\n<li>dans une d\u00e9licieuse sauce<\/li>\n<li>sans OGM, soja et sucre ajout\u00e9<\/li>\n<li>prot\u00e9ines facilement digestibles<\/li>\n<li>soutien \u00e0 la croissance<\/li>\n<li>pois &#8211; digestion saine, soutien de l&rsquo;immunit\u00e9<\/li>\n<li>soutien \u00e0 l&rsquo;hydratation<\/li>\n<\/ul>\n<p><strong>Conditionnement<\/strong>\u00a0: 85 g<br \/>\n<strong>Saveur<\/strong>\u00a0: poulet, pois<br \/>\n<strong>Destin\u00e9 \u00e0<\/strong>\u00a0: chien adulte<\/p>\n<div class=\"table-title-block col-md-12 col-sm-12 col-xs-12\">\n<div class=\"col-md-6 title-text-left\" data-id=\"table-title-left\"><strong>Tableau de posologie recommand\u00e9e par Brit Premium par Nature\u00a0:\u00a0<\/strong><\/div>\n<div class=\"col-md-6 title-text-right\" data-id=\"table-title-right\"><\/div>\n<\/div>\n<div class=\"table-body-block nopadding col-md-12 col-sm-12 col-xs-12\">\n<table class=\"table table-edit\">\n<tbody>\n<tr>\n<td data-id=\"2\">Poids du chien :<\/td>\n<td data-id=\"3\">1 \u00e0 10 kg &#8211; petites races<\/td>\n<td data-id=\"4\">10 &#8211; 25 kg &#8211; races moyennes<\/td>\n<td data-id=\"8\">25+ kg &#8211; grandes races<\/td>\n<\/tr>\n<tr>\n<td data-id=\"5\">Posologie quotidienne recommand\u00e9e\u00a0:<\/td>\n<td data-id=\"6\">2 \u00e0 10 pi\u00e8ces<\/td>\n<td data-id=\"7\">10 \u00e0 19 pi\u00e8ces<\/td>\n<td data-id=\"9\">19+ pi\u00e8ces<\/td>\n<\/tr>\n<\/tbody>\n<\/table>\n<\/div>\n<\/div>\n<\/div>\n<\/div>\n<\/div>\n<div class=\"col-md-5 product-tabs-composition\">\n<h2><strong>Composition<\/strong><\/h2>\n<p><strong>Ingr\u00e9dients<\/strong>\u00a0:<br \/>\n85% viandes et produits d&rsquo;origine animale en filets (75% poulet), sous-produits d&rsquo;origine v\u00e9g\u00e9tale (4% petits pois), min\u00e9raux.<\/p>\n<p><strong>Composants analytiques<\/strong>\u00a0:<br \/>\nprot\u00e9ines brutes 7,5%, mati\u00e8res grasses brutes 3,5%, cendres brutes 1,5%, fibres brutes 0,8%, humidit\u00e9 82,0%, calcium 0,2%, phosphore 0,15%, sodium 0,3%.<\/p>\n<p><strong>Additifs nutritionnels dans 1 kg<\/strong>\u00a0:<br \/>\nvitamine A (3a672a) 500 UI, vitamine D3 (3a671) 100 UI, vitamine E (3a700) 50 mg, chlorure de choline (3a890) 600 mg, vitamine B1 (3a821) 0,3 mg, biotine (3a880) 0,15 mg, acide folique (3a316) 0,08 mg, pantoth\u00e9nate de D-calcium (3a841) 1,2 mg, zinc (3b612) 3,5 mg, mangan\u00e8se (3b505) 0,7 mg, iodure de potassium (3b201) 0,15 mg, fer (3b107) 2,4 mg, cuivre (3b407) 0,5 mg .<\/p>\n<p><strong>\u00c9nergie m\u00e9tabolisable<\/strong>\u00a0:<br \/>\n755 kcal\/kg.<\/p>\n<\/div>\n<\/div>\n<\/div>\n<\/div>\n","protected":false},"excerpt":{"rendered":"<p><img decoding=\"async\" class=\"\" src=\"https:\/\/brit-petfood.com\/file\/nodes\/icon-made-in-eu.png\" width=\"88\" height=\"87\" \/><\/p>\n<div class=\"hidden-xs\">\n<div class=\"hidden-xs\">Aliment complet premium pour chiens adultes au poulet et aux petits pois<\/div>\n<\/div>\n","protected":false},"featured_media":16201,"template":"","meta":{"jetpack_publicize_message":"","jetpack_publicize_feature_enabled":true,"jetpack_social_post_already_shared":true,"jetpack_social_options":{"image_generator_settings":{"template":"highway","default_image_id":0,"font":"","enabled":false},"version":2}},"product_brand":[],"product_cat":[26,39],"product_tag":[],"class_list":{"0":"post-16200","1":"product","2":"type-product","3":"status-publish","4":"has-post-thumbnail","6":"product_cat-croquettes","7":"product_cat-friandises-et-pates-pour-chien","9":"first","10":"instock","11":"taxable","12":"shipping-taxable","13":"purchasable","14":"product-type-simple"},"supplier_id":5590,"supplier_sku":"","barcode":null,"atum_controlled":true,"out_stock_date":null,"out_stock_threshold":null,"inheritable":false,"inbound_stock":0,"stock_on_hold":0,"sold_today":0,"sales_last_days":6,"reserved_stock":0,"customer_returns":0,"warehouse_damage":0,"lost_in_post":0,"other_logs":0,"out_stock_days":0,"lost_sales":0,"has_location":false,"update_date":"2026-04-29T00:15:46","atum_locations":[],"atum_stock_status":"instock","restock_status":false,"low_stock_amount":10,"sales_update_date":"2026-04-29T00:15:46","calc_backorders":null,"jetpack_publicize_connections":[],"jetpack_sharing_enabled":true,"batches":[{"id":"1489","date_created":"2025-01-02 22:20:28","date_expiry":"2026-10-03 00:00:00","user_id":"2760","batch_number":"BritPremiumFiletsdePouletenSauceetPetitsPois85g031026","location":"","quantity":"24.0000","quantity_available":"0.0000","units":"1","status":"archived","order_ids":"[17338,18082,18314,19620,20945,21866]","supplier":"Brit","po":{"id":"1463","date_created":"2025-01-02 22:20:31","batch_id":"1489","po_number":"","supplier":"Brit","cost":null,"regular_price":null,"sale_price":null,"price_margin":null,"price_discount":null}},{"id":"2509","date_created":"2025-03-26 23:05:35","date_expiry":"2026-10-30 00:00:00","user_id":"2760","batch_number":"BritPremiumFiletsdePouletenSauceetPetitsPois85g301026","location":"","quantity":"48.0000","quantity_available":"0.0000","units":"1","status":"archived","order_ids":"[21866,21958,22081,22450,22657,23042,23591,23856]","supplier":"Brit","po":{"id":"2477","date_created":"2025-03-26 23:05:38","batch_id":"2509","po_number":"","supplier":"Brit","cost":null,"regular_price":null,"sale_price":null,"price_margin":null,"price_discount":null}},{"id":"4777","date_created":"2025-08-08 14:46:06","date_expiry":"2026-10-30 00:00:00","user_id":"2760","batch_number":"BritPremiumFiletsdePouletenSauceetPetitsPois85g301026","location":"","quantity":"96.0000","quantity_available":"0.0000","units":"1","status":"archived","order_ids":"[25612,25898,26049,26056,26342,26584,27681,28043,31883,32787]","supplier":"Brit","po":{"id":"4741","date_created":"2025-08-08 14:46:07","batch_id":"4777","po_number":"","supplier":"Brit","cost":null,"regular_price":null,"sale_price":null,"price_margin":null,"price_discount":null}},{"id":"5768","date_created":"2025-10-18 09:51:15","date_expiry":"2026-10-03 00:00:00","user_id":"2760","batch_number":"BritPremiumFiletsdePouletenSauceetPetitsPois85g301026","location":"","quantity":"48.0000","quantity_available":"0.0000","units":"1","status":"archived","order_ids":"[29113,30818,30977,31405,31730,31883]","supplier":"BRIT","po":{"id":"5718","date_created":"2025-10-18 09:51:16","batch_id":"5768","po_number":"","supplier":"BRIT","cost":null,"regular_price":null,"sale_price":null,"price_margin":null,"price_discount":null}},{"id":"7499","date_created":"2026-02-03 23:22:29","date_expiry":"2028-10-30 00:00:00","user_id":"2760","batch_number":"BritPremiumFiletsdePouletenSauceetPetitsPois85g301028","location":"","quantity":"6.0000","quantity_available":"6.0000","units":"1","status":"active","order_ids":null,"supplier":"Brit","po":{"id":"7434","date_created":"2026-02-03 23:22:29","batch_id":"7499","po_number":"","supplier":"Brit","cost":null,"regular_price":null,"sale_price":null,"price_margin":null,"price_discount":null}},{"id":"7500","date_created":"2026-02-03 23:23:24","date_expiry":"2027-11-30 00:00:00","user_id":"2760","batch_number":"BritPremiumFiletsdePouletenSauceetPetitsPois85g301127","location":"","quantity":"48.0000","quantity_available":"18.0000","units":"1","status":"active","order_ids":"[35236,35314,36226,37408,37413,37532,38402,40036,40370]","supplier":"Brit","po":{"id":"7435","date_created":"2026-02-03 23:23:25","batch_id":"7500","po_number":"","supplier":"Brit","cost":null,"regular_price":null,"sale_price":null,"price_margin":null,"price_discount":null}}],"_links":{"self":[{"href":"https:\/\/petworld.ma\/index.php\/wp-json\/wp\/v2\/product\/16200","targetHints":{"allow":["GET"]}}],"collection":[{"href":"https:\/\/petworld.ma\/index.php\/wp-json\/wp\/v2\/product"}],"about":[{"href":"https:\/\/petworld.ma\/index.php\/wp-json\/wp\/v2\/types\/product"}],"wp:featuredmedia":[{"embeddable":true,"href":"https:\/\/petworld.ma\/index.php\/wp-json\/wp\/v2\/media\/16201"}],"wp:attachment":[{"href":"https:\/\/petworld.ma\/index.php\/wp-json\/wp\/v2\/media?parent=16200"}],"wp:term":[{"taxonomy":"product_brand","embeddable":true,"href":"https:\/\/petworld.ma\/index.php\/wp-json\/wp\/v2\/product_brand?post=16200"},{"taxonomy":"product_cat","embeddable":true,"href":"https:\/\/petworld.ma\/index.php\/wp-json\/wp\/v2\/product_cat?post=16200"},{"taxonomy":"product_tag","embeddable":true,"href":"https:\/\/petworld.ma\/index.php\/wp-json\/wp\/v2\/product_tag?post=16200"}],"curies":[{"name":"wp","href":"https:\/\/api.w.org\/{rel}","templated":true}]}}