{"id":1621,"date":"2023-03-05T16:53:43","date_gmt":"2023-03-05T16:53:43","guid":{"rendered":"https:\/\/petworld.ma\/?post_type=product&#038;p=1621"},"modified":"2026-05-07T14:02:08","modified_gmt":"2026-05-07T14:02:08","slug":"bleu-de-methylene-bm-125ml","status":"publish","type":"product","link":"https:\/\/petworld.ma\/index.php\/produit\/bleu-de-methylene-bm-125ml\/","title":{"rendered":"Bleu de m\u00e9thyl\u00e8ne (BM+ 125ml)"},"content":{"rendered":"<p>Ce produit traite l&rsquo;eau d&rsquo;aquarium contre les bact\u00e9ries qui prolif\u00e8rent dans le corps du poisson et qui peuvent couper ces nageoires, ce qui rend le poisson inactif.<\/p>\n<p>Ce produit nettoie l&rsquo;eau\u00a0 de tous les types de bact\u00e9ries nocives et r\u00e9duit la teneur en chlore.<\/p>\n<p>Mode d&#8217;emploi: Un bouchon dans 10L d&rsquo;eau.<\/p>\n<p>Le bleu de m\u00e9thyl\u00e8ne peut traiter plusieurs maladies, il est tr\u00e8s efficace contre la maladie des points blancs ou ichthyophthiriose.<\/p>\n<p>Le bleu de m\u00e9thyl\u00e8ne est aussi un antidote contre l&rsquo;intoxication au nitrites et \u00e0 l&rsquo;ammoniac. Il est aussi un antistress que l&rsquo;on peut par exemple utiliser lors de l&rsquo;introduction de nouveaux poissons.<\/p>\n","protected":false},"excerpt":{"rendered":"<p>Ce produit traite l&rsquo;eau d&rsquo;aquarium contre les bact\u00e9ries qui prolif\u00e8rent dans le corps du poisson et qui peuvent couper ces nageoires, ce qui rend le poisson inactif. Ce produit nettoie l&rsquo;eau\u00a0 de tous les types de bact\u00e9ries nocives et r\u00e9duit la teneur en chlore. Mode d&#8217;emploi: Un bouchon dans 10L d&rsquo;eau. Le bleu de m\u00e9thyl\u00e8ne [&#8230;]\n","protected":false},"featured_media":1622,"template":"","meta":{"jetpack_publicize_message":"","jetpack_publicize_feature_enabled":true,"jetpack_social_post_already_shared":false,"jetpack_social_options":{"image_generator_settings":{"template":"highway","default_image_id":0,"font":"","enabled":false},"version":2}},"product_brand":[],"product_cat":[157],"product_tag":[],"class_list":{"0":"post-1621","1":"product","2":"type-product","3":"status-publish","4":"has-post-thumbnail","6":"product_cat-poissons","8":"first","9":"instock","10":"taxable","11":"shipping-taxable","12":"purchasable","13":"product-type-simple"},"supplier_id":5592,"supplier_sku":"","barcode":null,"atum_controlled":true,"out_stock_date":null,"out_stock_threshold":null,"inheritable":false,"inbound_stock":0,"stock_on_hold":2,"sold_today":2,"sales_last_days":5,"reserved_stock":0,"customer_returns":0,"warehouse_damage":0,"lost_in_post":0,"other_logs":0,"out_stock_days":0,"lost_sales":0,"has_location":false,"update_date":"2026-05-07T14:50:18","atum_locations":[],"atum_stock_status":"instock","restock_status":true,"low_stock_amount":10,"sales_update_date":"2026-05-07T14:50:18","calc_backorders":null,"jetpack_publicize_connections":[],"jetpack_sharing_enabled":true,"batches":[{"id":"2569","date_created":"2025-03-29 21:46:34","date_expiry":"2025-12-12 00:00:00","user_id":"2461","batch_number":"Bleu de m\u00e9thyl\u00e8ne (BM+ 125ml)12122025","location":"","quantity":"28.0000","quantity_available":"0.0000","units":"1","status":"archived","order_ids":"[20203,21339,26101,26199,26830,27451]","supplier":"Rabat","po":{"id":"2537","date_created":"2025-03-29 21:46:37","batch_id":"2569","po_number":"","supplier":"Rabat","cost":null,"regular_price":null,"sale_price":null,"price_margin":null,"price_discount":null}},{"id":"7896","date_created":"2026-02-23 16:15:55","date_expiry":"2030-12-12 00:00:00","user_id":"2461","batch_number":"Bleu de m\u00e9thyl\u00e8ne (BM+ 125ml)121230","location":"","quantity":"10.0000","quantity_available":"0.0000","units":"1","status":"archived","order_ids":"[39525,40721,41523]","supplier":"Casablanca","po":{"id":"7831","date_created":"2026-02-23 16:15:56","batch_id":"7896","po_number":"","supplier":"Casablanca","cost":null,"regular_price":null,"sale_price":null,"price_margin":null,"price_discount":null}}],"_links":{"self":[{"href":"https:\/\/petworld.ma\/index.php\/wp-json\/wp\/v2\/product\/1621","targetHints":{"allow":["GET"]}}],"collection":[{"href":"https:\/\/petworld.ma\/index.php\/wp-json\/wp\/v2\/product"}],"about":[{"href":"https:\/\/petworld.ma\/index.php\/wp-json\/wp\/v2\/types\/product"}],"wp:featuredmedia":[{"embeddable":true,"href":"https:\/\/petworld.ma\/index.php\/wp-json\/wp\/v2\/media\/1622"}],"wp:attachment":[{"href":"https:\/\/petworld.ma\/index.php\/wp-json\/wp\/v2\/media?parent=1621"}],"wp:term":[{"taxonomy":"product_brand","embeddable":true,"href":"https:\/\/petworld.ma\/index.php\/wp-json\/wp\/v2\/product_brand?post=1621"},{"taxonomy":"product_cat","embeddable":true,"href":"https:\/\/petworld.ma\/index.php\/wp-json\/wp\/v2\/product_cat?post=1621"},{"taxonomy":"product_tag","embeddable":true,"href":"https:\/\/petworld.ma\/index.php\/wp-json\/wp\/v2\/product_tag?post=1621"}],"curies":[{"name":"wp","href":"https:\/\/api.w.org\/{rel}","templated":true}]}}