{"id":16368,"date":"2025-01-05T21:25:52","date_gmt":"2025-01-05T21:25:52","guid":{"rendered":"https:\/\/petworld.ma\/?post_type=product&#038;p=16368"},"modified":"2026-04-27T14:47:05","modified_gmt":"2026-04-27T14:47:05","slug":"purina-felix-sachets-deminces-en-gelee-pour-chat-selection-de-la-campagne-12x85g","status":"publish","type":"product","link":"https:\/\/petworld.ma\/index.php\/produit\/purina-felix-sachets-deminces-en-gelee-pour-chat-selection-de-la-campagne-12x85g\/","title":{"rendered":"Purina Felix Sachets d&rsquo;\u00c9minc\u00e9s en Gel\u00e9e pour chat &#8211; S\u00e9lection de la Campagne 12x85g"},"content":{"rendered":"<p>Les chats fut\u00e9s savent ce qu\u2019ils veulent, en particulier \u00e0 l\u2019heure des repas ! C\u2019est pourquoi les recettes irr\u00e9sistibles de FELIX\u00ae Eminc\u00e9s sont pr\u00e9par\u00e9es avec des ingr\u00e9dients de qualit\u00e9 et contiennent de tendres \u00e9minc\u00e9s enrob\u00e9s d\u2019une d\u00e9licieuse gel\u00e9e.<\/p>\n<p>Et ce n\u2019est pas tout !<\/p>\n<p>Les repas FELIX\u00ae sont disponibles dans une large gamme de recettes en gel\u00e9e pour satisfaire les envies de vari\u00e9t\u00e9 de votre chat.<\/p>\n<p><strong>Composition<\/strong><\/p>\n<ul>\n<li><span style=\"text-decoration: underline\">Poulet-Petits pois :<\/span><br \/>\nViandes et sous-produits animaux (dont poulet 8 %)<br \/>\nPoissons et sous-produits de poissons<br \/>\nL\u00e9gumes (1,2 % de pois s\u00e9ch\u00e9s, \u00e9quivalent \u00e0 10,8 % de pois)<br \/>\nSubstances min\u00e9rales<br \/>\nSucres<\/li>\n<li><span style=\"text-decoration: underline\">Dinde-Carottes :<\/span><br \/>\nViandes et sous-produits animaux (dont dinde 4 %)<br \/>\nPoissons et sous-produits de poissons<br \/>\nSubstances min\u00e9rales<br \/>\nL\u00e9gumes (0,6 % de carottes s\u00e9ch\u00e9es, \u00e9quivalent \u00e0 5,4 % de carottes)<br \/>\nSucres<\/li>\n<li><span style=\"text-decoration: underline\">Volaille-Tomates :<\/span><br \/>\nViandes et sous-produits animaux (dont volaille 16 %)<br \/>\nPoissons et sous-produits de poissons<br \/>\nSubstances min\u00e9rales<br \/>\nL\u00e9gumes (0,6 % de tomates s\u00e9ch\u00e9es, \u00e9quivalent \u00e0 5,4 % de tomates)<br \/>\nSucres<\/li>\n<li><span style=\"text-decoration: underline\">Canard-Haricot verts :<\/span><br \/>\nViandes et sous-produits animaux (dont canard 4 %)<br \/>\nPoissons et sous-produits de poissons<br \/>\nSubstances min\u00e9rales<br \/>\nL\u00e9gumes (0,6 % de haricots verts s\u00e9ch\u00e9s, \u00e9quivalent \u00e0 5,4 % de haricots verts)<br \/>\nSucres<\/li>\n<\/ul>\n<p><strong style=\"color: #555555\">Guide d&rsquo;alimentation<\/strong><\/p>\n<p>Pour un chat adulte d\u2019environ 4kg, donnez 4 sachets par jour, r\u00e9partis de pr\u00e9f\u00e9rence en au moins 2 repas. Les rations journali\u00e8res recommand\u00e9es sont calcul\u00e9es pour un chat adulte \u00e0 l&rsquo;activit\u00e9 mod\u00e9r\u00e9e dans des conditions d&rsquo;environnement et de temp\u00e9rature normales. Les besoins nutritionnels peuvent varier selon le chat, il faut donc ajuster ces rations de fa\u00e7on \u00e0 le maintenir \u00e0 son poids de forme. Servir \u00e0 temp\u00e9rature ambiante. Veillez \u00e0 toujours laisser de l\u2019eau propre et fra\u00eeche \u00e0 disposition de votre chat. Pour un chat adulte st\u00e9rilis\u00e9 d\u2019environ 4kg, donnez 3 \u00e0 4 sachets par jour, r\u00e9partis de pr\u00e9f\u00e9rence en au moins 2 repas.<\/p>\n","protected":false},"excerpt":{"rendered":"<ul>\n<li>\n<div class=\"dsu-product--highlight\">\n<div class=\"field field--name-field-product-highlight field--type-string field--label-hidden field__items\">\n<ul>\n<li>100 % complet et \u00e9quilibr\u00e9.<\/li>\n<li>Vitamines D &amp; E.<\/li>\n<li>Source d&rsquo;Acides Gras Om\u00e9ga-6.<\/li>\n<li>D\u00e9velopp\u00e9 par les experts Purina avec des ingr\u00e9dients de confiance.<\/li>\n<\/ul>\n<\/div>\n<\/div>\n<\/li>\n<\/ul>\n","protected":false},"featured_media":16369,"template":"","meta":{"jetpack_publicize_message":"","jetpack_publicize_feature_enabled":true,"jetpack_social_post_already_shared":true,"jetpack_social_options":{"image_generator_settings":{"template":"highway","default_image_id":0,"font":"","enabled":false},"version":2}},"product_brand":[],"product_cat":[41],"product_tag":[],"class_list":{"0":"post-16368","1":"product","2":"type-product","3":"status-publish","4":"has-post-thumbnail","6":"product_cat-friandises-et-pate-pour-chat","8":"first","9":"instock","10":"sale","11":"taxable","12":"shipping-taxable","13":"purchasable","14":"product-type-simple"},"supplier_id":5592,"supplier_sku":"","barcode":null,"atum_controlled":true,"out_stock_date":null,"out_stock_threshold":null,"inheritable":false,"inbound_stock":0,"stock_on_hold":12,"sold_today":1,"sales_last_days":14,"reserved_stock":0,"customer_returns":0,"warehouse_damage":0,"lost_in_post":0,"other_logs":0,"out_stock_days":0,"lost_sales":0,"has_location":false,"update_date":"2026-04-27T15:53:35","atum_locations":[],"atum_stock_status":"instock","restock_status":false,"low_stock_amount":12,"sales_update_date":"2026-04-27T15:53:35","calc_backorders":null,"jetpack_publicize_connections":[],"jetpack_sharing_enabled":true,"batches":[{"id":"1637","date_created":"2025-01-16 09:43:22","date_expiry":"2026-09-30 00:00:00","user_id":"2760","batch_number":"PurinaFelixSachets\u00c9minc\u00e9senGel\u00e9e12x85g0926","location":"","quantity":"50.0000","quantity_available":"0.0000","units":"1","status":"archived","order_ids":"[17001,17095,17127,17553,17849,18036,18062,18333,18393,18491,18513,18606,19032,19588,19860,20532,20850,21102,21441,21940,22028,22095,22111,22267,22275,22415,22418,22508,22720,22732,22811,22912,22924,23024,23495]","supplier":"Proplan","po":{"id":"1611","date_created":"2025-01-16 09:43:25","batch_id":"1637","po_number":"","supplier":"Proplan","cost":null,"regular_price":null,"sale_price":null,"price_margin":null,"price_discount":null}},{"id":"2527","date_created":"2025-03-29 01:00:33","date_expiry":"2026-10-30 00:00:00","user_id":"2760","batch_number":"PurinaFelixSachets\u00c9minc\u00e9senGel\u00e9e12x85g1026","location":"","quantity":"75.0000","quantity_available":"0.0000","units":"1","status":"archived","order_ids":"[23597,23726,23786,24146,24519,24973,24993,24998,25091,25115,25148,25230,25247,25316,25347,25390,25687,25711,26024,26277,26390,26470,26576,26649,26932,26967,26995,27977]","supplier":"Proplan","po":{"id":"2495","date_created":"2025-03-29 01:00:36","batch_id":"2527","po_number":"","supplier":"Proplan","cost":null,"regular_price":null,"sale_price":null,"price_margin":null,"price_discount":null}},{"id":"4786","date_created":"2025-08-08 16:24:22","date_expiry":"2027-03-30 00:00:00","user_id":"2760","batch_number":"PurinaFelixSachets\u00c9minc\u00e9senGel\u00e9e12x85g300327","location":"","quantity":"75.0000","quantity_available":"0.0000","units":"1","status":"archived","order_ids":"[27046,27319,27556,27977,28065,28138,28264,28358,28420,28823,28842,28934,29067,29102,29159,29192,29345,29554,29713,29796,29914,30003,30028,30163,30352,30468,30693,30760,30943,31052,31174,31274,31290]","supplier":"Proplan","po":{"id":"4750","date_created":"2025-08-08 16:24:22","batch_id":"4786","po_number":"","supplier":"Proplan","cost":null,"regular_price":null,"sale_price":null,"price_margin":null,"price_discount":null}},{"id":"5795","date_created":"2025-10-18 13:46:43","date_expiry":"2027-03-30 00:00:00","user_id":"2760","batch_number":"PurinaFelixSachets\u00c9minc\u00e9senGel\u00e9e12x85g300327","location":"","quantity":"100.0000","quantity_available":"0.0000","units":"1","status":"archived","order_ids":"[31290,31346,31540,32432,32448,32605,32881,33030,33038,33082,33125,33278,33315,33599,33690,33834,33954,33966,33967,34435,34550,34974,35019,35061,35284,35476,35532,35795]","supplier":"Proplan","po":{"id":"5745","date_created":"2025-10-18 13:46:44","batch_id":"5795","po_number":"","supplier":"Proplan","cost":null,"regular_price":null,"sale_price":null,"price_margin":null,"price_discount":null}},{"id":"8985","date_created":"2026-04-21 15:11:28","date_expiry":"2027-10-30 00:00:00","user_id":"2760","batch_number":"PurinaFelixSachets\u00c9minc\u00e9senGel\u00e9e12x85g301027","location":"","quantity":"60.0000","quantity_available":"46.0000","units":"1","status":"active","order_ids":"[40504,40758,40796]","supplier":"Proplan","po":{"id":"8909","date_created":"2026-04-21 15:11:29","batch_id":"8985","po_number":"","supplier":"Proplan","cost":null,"regular_price":null,"sale_price":null,"price_margin":null,"price_discount":null}}],"_links":{"self":[{"href":"https:\/\/petworld.ma\/index.php\/wp-json\/wp\/v2\/product\/16368","targetHints":{"allow":["GET"]}}],"collection":[{"href":"https:\/\/petworld.ma\/index.php\/wp-json\/wp\/v2\/product"}],"about":[{"href":"https:\/\/petworld.ma\/index.php\/wp-json\/wp\/v2\/types\/product"}],"wp:featuredmedia":[{"embeddable":true,"href":"https:\/\/petworld.ma\/index.php\/wp-json\/wp\/v2\/media\/16369"}],"wp:attachment":[{"href":"https:\/\/petworld.ma\/index.php\/wp-json\/wp\/v2\/media?parent=16368"}],"wp:term":[{"taxonomy":"product_brand","embeddable":true,"href":"https:\/\/petworld.ma\/index.php\/wp-json\/wp\/v2\/product_brand?post=16368"},{"taxonomy":"product_cat","embeddable":true,"href":"https:\/\/petworld.ma\/index.php\/wp-json\/wp\/v2\/product_cat?post=16368"},{"taxonomy":"product_tag","embeddable":true,"href":"https:\/\/petworld.ma\/index.php\/wp-json\/wp\/v2\/product_tag?post=16368"}],"curies":[{"name":"wp","href":"https:\/\/api.w.org\/{rel}","templated":true}]}}