{"id":16448,"date":"2025-01-07T11:35:33","date_gmt":"2025-01-07T11:35:33","guid":{"rendered":"https:\/\/petworld.ma\/?post_type=product&#038;p=16448"},"modified":"2026-04-28T12:36:28","modified_gmt":"2026-04-28T12:36:28","slug":"lot-de-10-tapis-hygieniques-pour-chiens-et-chats-super-absorbants-1-lot-de-10-dimensions-60-x-90-cm","status":"publish","type":"product","link":"https:\/\/petworld.ma\/index.php\/produit\/lot-de-10-tapis-hygieniques-pour-chiens-et-chats-super-absorbants-1-lot-de-10-dimensions-60-x-90-cm\/","title":{"rendered":"Tapis hygi\u00e9niques pour Chiens et Chats Super absorbants, 1 Lot de 10 Dimensions: 60 x 90 cm"},"content":{"rendered":"<h2><strong>AMORE MIO \u2013 Tapis hygi\u00e9niques jetables pour\u00a0<a href=\"https:\/\/petiz.ma\/soins-et-hygiene\/\">chiens<\/a>\u00a0et chats 60\u00d790 cm<\/strong><\/h2>\n<p>D\u00e9couvrez le\u00a0<strong>tapis hygi\u00e9nique AMORE MIO<\/strong>, sp\u00e9cialement con\u00e7u pour l\u2019<strong>apprentissage de la propret\u00e9 des chiots<\/strong>.\u00a0<strong>Super absorbant<\/strong>\u00a0et de taille 60\u00d790 cm, il est id\u00e9al pour les\u00a0<strong>chiots en phase de toilettage<\/strong>. Ce\u00a0<strong>tapis hygi\u00e9nique jetable<\/strong>\u00a0offre une protection optimale, tout en \u00e9tant pratique pour l\u2019\u00e9ducation des jeunes chiens. Parfait pour les propri\u00e9taires de chiots, il aide \u00e0 garantir une propret\u00e9 facile et efficace \u00e0 la maison.<\/p>\n<h3><strong>Absorption optimale et contr\u00f4le des odeurs<\/strong><\/h3>\n<p>Nos\u00a0<strong>tapis hygi\u00e9nes<\/strong>\u00a0utilisent la technologie Odor Stop, ce dernier leur permettre d\u2019absorber rapidement l\u2019humidit\u00e9 et retiennent les odeurs pour offrir \u00e0 votre chien un environnement sain et confortable. Leur grande taille de 60\u00d790 cm les rend adapt\u00e9s aux chiens de toutes tailles.<\/p>\n<h3><strong>Stabilit\u00e9 renforc\u00e9e avec adh\u00e9sifs antid\u00e9rapants<\/strong><\/h3>\n<p>Ces tapis sont pourvus de bandes adh\u00e9sives antid\u00e9rapantes pratiques qui garantissent une stabilit\u00e9 parfaite, m\u00eame en cas de mouvements brusques. Ils restent bien en place pour \u00e9viter de salir le sol ou toute autre surface.<\/p>\n<h3><strong>Caract\u00e9ristiques principales :<\/strong><\/h3>\n<ul>\n<li>Absorption : Super absorbants avec neutralisation d\u2019odeurs Odor Stop<\/li>\n<li>Stabilit\u00e9 : Adh\u00e9sifs antid\u00e9rapants pour un maintien parfait<\/li>\n<li>Hygi\u00e8ne : Utilisation unique pour une hygi\u00e8ne irr\u00e9prochable<\/li>\n<li>Dimensions : 60 x 90 cm, adapt\u00e9s \u00e0 toutes tailles de chiens et chats<\/li>\n<\/ul>\n<table>\n<thead>\n<tr>\n<th>Caract\u00e9ristique<\/th>\n<th>D\u00e9tails<\/th>\n<\/tr>\n<\/thead>\n<tbody>\n<tr>\n<td>Marque<\/td>\n<td>AMORE MIO<\/td>\n<\/tr>\n<tr>\n<td>Dimensions<\/td>\n<td>60 x 90 cm<\/td>\n<\/tr>\n<tr>\n<td>Absorption<\/td>\n<td>Polym\u00e8res super absorbants, technologie Odor Stop<\/td>\n<\/tr>\n<tr>\n<td>Antid\u00e9rapant<\/td>\n<td>Oui, bandes adh\u00e9sives pour une meilleure stabilit\u00e9<\/td>\n<\/tr>\n<tr>\n<td>Utilisation<\/td>\n<td><a href=\"https:\/\/www.bernard.fr\/tapis-specifiques_sku226650.html#:~:text=Le%20tapis%20anti%2Dcontamination%20est,h%C3%B4pitaux%20et%20tout%20endroit%20st%C3%A9rile.\" target=\"_blank\" rel=\"noopener\">Jetable<\/a>, usage unique pour une hygi\u00e8ne optimale<\/td>\n<\/tr>\n<\/tbody>\n<\/table>\n","protected":false},"excerpt":{"rendered":"<p>AMORE MIO \u2013 Tapis hygi\u00e9niques jetables pour\u00a0chiens\u00a0et chats 60\u00d790 cm D\u00e9couvrez le\u00a0tapis hygi\u00e9nique AMORE MIO, sp\u00e9cialement con\u00e7u pour l\u2019apprentissage de la propret\u00e9 des chiots.\u00a0Super absorbant\u00a0et de taille 60\u00d790 cm, il est id\u00e9al pour les\u00a0chiots en phase de toilettage. Ce\u00a0tapis hygi\u00e9nique jetable\u00a0offre une protection optimale, tout en \u00e9tant pratique pour l\u2019\u00e9ducation des jeunes chiens. Parfait pour [&#8230;]\n","protected":false},"featured_media":16856,"template":"","meta":{"jetpack_publicize_message":"","jetpack_publicize_feature_enabled":true,"jetpack_social_post_already_shared":true,"jetpack_social_options":{"image_generator_settings":{"template":"highway","default_image_id":0,"font":"","enabled":false},"version":2}},"product_brand":[],"product_cat":[227,106],"product_tag":[],"class_list":{"0":"post-16448","1":"product","2":"type-product","3":"status-publish","4":"has-post-thumbnail","6":"product_cat-couches-tapis-absorbant","7":"product_cat-jouet-et-dressage","9":"first","10":"instock","11":"sale","12":"taxable","13":"shipping-taxable","14":"purchasable","15":"product-type-simple"},"supplier_id":16524,"supplier_sku":"ART101","barcode":null,"atum_controlled":true,"out_stock_date":null,"out_stock_threshold":null,"inheritable":false,"inbound_stock":0,"stock_on_hold":0,"sold_today":0,"sales_last_days":1,"reserved_stock":0,"customer_returns":0,"warehouse_damage":0,"lost_in_post":0,"other_logs":0,"out_stock_days":0,"lost_sales":0,"has_location":false,"update_date":"2026-05-07T00:19:06","atum_locations":[],"atum_stock_status":"instock","restock_status":false,"low_stock_amount":0,"sales_update_date":"2026-05-07T00:19:06","calc_backorders":null,"jetpack_publicize_connections":[],"jetpack_sharing_enabled":true,"batches":[],"_links":{"self":[{"href":"https:\/\/petworld.ma\/index.php\/wp-json\/wp\/v2\/product\/16448","targetHints":{"allow":["GET"]}}],"collection":[{"href":"https:\/\/petworld.ma\/index.php\/wp-json\/wp\/v2\/product"}],"about":[{"href":"https:\/\/petworld.ma\/index.php\/wp-json\/wp\/v2\/types\/product"}],"wp:featuredmedia":[{"embeddable":true,"href":"https:\/\/petworld.ma\/index.php\/wp-json\/wp\/v2\/media\/16856"}],"wp:attachment":[{"href":"https:\/\/petworld.ma\/index.php\/wp-json\/wp\/v2\/media?parent=16448"}],"wp:term":[{"taxonomy":"product_brand","embeddable":true,"href":"https:\/\/petworld.ma\/index.php\/wp-json\/wp\/v2\/product_brand?post=16448"},{"taxonomy":"product_cat","embeddable":true,"href":"https:\/\/petworld.ma\/index.php\/wp-json\/wp\/v2\/product_cat?post=16448"},{"taxonomy":"product_tag","embeddable":true,"href":"https:\/\/petworld.ma\/index.php\/wp-json\/wp\/v2\/product_tag?post=16448"}],"curies":[{"name":"wp","href":"https:\/\/api.w.org\/{rel}","templated":true}]}}