{"id":16565,"date":"2025-01-10T15:08:04","date_gmt":"2025-01-10T15:08:04","guid":{"rendered":"https:\/\/petworld.ma\/?post_type=product&#038;p=16565"},"modified":"2026-03-12T16:46:30","modified_gmt":"2026-03-12T16:46:30","slug":"camon-batonnets-de-poulet-pour-chats-60g","status":"publish","type":"product","link":"https:\/\/petworld.ma\/index.php\/produit\/camon-batonnets-de-poulet-pour-chats-60g\/","title":{"rendered":"Camon B\u00e2tonnets de Poulet pour chats 60g"},"content":{"rendered":"<p>De d\u00e9licieux doigts de poulet, un d\u00e9licieux aliment compl\u00e9mentaire \u00e0 m\u00e2cher pour les chats.<br \/>\nIls contiennent\u00a0:<br \/>\n&#8211; Inuline et MOS, pr\u00e9biotiques qui favorisent le bon \u00e9quilibre de la flore intestinale et l\u2019\u00e9limination naturelle des boules de poils<br \/>\n&#8211; Polyphosphates de sodium, qui aident \u00e0 r\u00e9duire la formation de plaque dentaire.<\/p>\n<p>Formule sans gluten.<br \/>\nSans colorants.<\/p>\n<p><strong>Quantit\u00e9\u00a0:<\/strong>\u00a060 g<br \/>\n<strong>Dimensions\u00a0:<\/strong>\u00a08&#215;5 cm \u00d8 0,5 cm<\/p>\n","protected":false},"excerpt":{"rendered":"<p>De d\u00e9licieux doigts de poulet, un d\u00e9licieux aliment compl\u00e9mentaire \u00e0 m\u00e2cher pour les chats. Ils contiennent\u00a0: &#8211; Inuline et MOS, pr\u00e9biotiques qui favorisent le bon \u00e9quilibre de la flore intestinale et l\u2019\u00e9limination naturelle des boules de poils &#8211; Polyphosphates de sodium, qui aident \u00e0 r\u00e9duire la formation de plaque dentaire. Formule sans gluten. Sans colorants. [&#8230;]\n","protected":false},"featured_media":16566,"template":"","meta":{"jetpack_publicize_message":"","jetpack_publicize_feature_enabled":true,"jetpack_social_post_already_shared":true,"jetpack_social_options":{"image_generator_settings":{"template":"highway","default_image_id":0,"font":"","enabled":false},"version":2}},"product_brand":[],"product_cat":[41],"product_tag":[],"class_list":{"0":"post-16565","1":"product","2":"type-product","3":"status-publish","4":"has-post-thumbnail","6":"product_cat-friandises-et-pate-pour-chat","8":"first","9":"outofstock","10":"taxable","11":"shipping-taxable","12":"purchasable","13":"product-type-simple"},"supplier_id":8770,"supplier_sku":"AF200","barcode":null,"atum_controlled":true,"out_stock_date":"2026-03-12 16:46:30","out_stock_threshold":null,"inheritable":false,"inbound_stock":0,"stock_on_hold":0,"sold_today":0,"sales_last_days":0,"reserved_stock":0,"customer_returns":0,"warehouse_damage":0,"lost_in_post":0,"other_logs":0,"out_stock_days":46,"lost_sales":0,"has_location":false,"update_date":"2026-04-28T00:15:53","atum_locations":[],"atum_stock_status":"outofstock","restock_status":false,"low_stock_amount":2,"sales_update_date":"2026-04-28T00:15:53","calc_backorders":null,"jetpack_publicize_connections":[],"jetpack_sharing_enabled":true,"batches":[{"id":"1579","date_created":"2025-01-10 17:38:20","date_expiry":"2025-12-05 00:00:00","user_id":"2461","batch_number":"CamonB\u00e2tonnetsdePouletpourchats60g051225","location":"","quantity":"12.0000","quantity_available":"0.0000","units":"1","status":"archived","order_ids":"[16880,16953,17173,17203,17321,17502,17888,18178,18460,18491,21249]","supplier":"GreenTown kennel","po":{"id":"1553","date_created":"2025-01-10 17:38:23","batch_id":"1579","po_number":"","supplier":"GreenTown kennel","cost":null,"regular_price":null,"sale_price":null,"price_margin":null,"price_discount":null}},{"id":"2807","date_created":"2025-04-09 08:56:33","date_expiry":"2025-12-05 00:00:00","user_id":"2461","batch_number":"CamonB\u00e2tonnetsdePouletpourchats60g051225","location":"","quantity":"24.0000","quantity_available":"0.0000","units":"1","status":"archived","order_ids":"[21881,21966,22080,22096,22109,22759,23223,23397,24222,24270,24433,24932,24961,25623,25752,25906,26796]","supplier":"GreenTown kennel","po":{"id":"2776","date_created":"2025-04-09 08:56:38","batch_id":"2807","po_number":"","supplier":"GreenTown kennel","cost":null,"regular_price":null,"sale_price":null,"price_margin":null,"price_discount":null}}],"_links":{"self":[{"href":"https:\/\/petworld.ma\/index.php\/wp-json\/wp\/v2\/product\/16565","targetHints":{"allow":["GET"]}}],"collection":[{"href":"https:\/\/petworld.ma\/index.php\/wp-json\/wp\/v2\/product"}],"about":[{"href":"https:\/\/petworld.ma\/index.php\/wp-json\/wp\/v2\/types\/product"}],"wp:featuredmedia":[{"embeddable":true,"href":"https:\/\/petworld.ma\/index.php\/wp-json\/wp\/v2\/media\/16566"}],"wp:attachment":[{"href":"https:\/\/petworld.ma\/index.php\/wp-json\/wp\/v2\/media?parent=16565"}],"wp:term":[{"taxonomy":"product_brand","embeddable":true,"href":"https:\/\/petworld.ma\/index.php\/wp-json\/wp\/v2\/product_brand?post=16565"},{"taxonomy":"product_cat","embeddable":true,"href":"https:\/\/petworld.ma\/index.php\/wp-json\/wp\/v2\/product_cat?post=16565"},{"taxonomy":"product_tag","embeddable":true,"href":"https:\/\/petworld.ma\/index.php\/wp-json\/wp\/v2\/product_tag?post=16565"}],"curies":[{"name":"wp","href":"https:\/\/api.w.org\/{rel}","templated":true}]}}