{"id":16568,"date":"2025-01-10T15:11:13","date_gmt":"2025-01-10T15:11:13","guid":{"rendered":"https:\/\/petworld.ma\/?post_type=product&#038;p=16568"},"modified":"2026-04-22T15:32:48","modified_gmt":"2026-04-22T15:32:48","slug":"mera-care-puppy-poulet-1kg-4kg-10kg","status":"publish","type":"product","link":"https:\/\/petworld.ma\/index.php\/produit\/mera-care-puppy-poulet-1kg-4kg-10kg\/","title":{"rendered":"Mera Care Puppy Poulet 10kg"},"content":{"rendered":"<p>Dans le monde passionnant de la croissance, chaque pas est une \u00e9tape importante. mera Care Puppy Chicken a \u00e9t\u00e9 sp\u00e9cialement formul\u00e9 pour les jeunes chiens en pleine croissance qui ont besoin de beaucoup de nutriments et de vitamines pour leur d\u00e9veloppement pendant la phase de croissance. Chaque bouch\u00e9e croustillante contient des ingr\u00e9dients sp\u00e9ciaux qui feront le bonheur de votre petit. La nourriture s\u00e8che contient du poulet frais qui a un go\u00fbt d\u00e9licieux et fournit \u00e9galement \u00e0 votre petit coquin des prot\u00e9ines importantes.<\/p>\n<p>Ce d\u00e9licieux festin sert \u00e9galement de source d&rsquo;acides gras om\u00e9ga-3 et om\u00e9ga-6 pr\u00e9cieux. Ceux-ci soutiennent la peau de votre fid\u00e8le ami et favorisent un pelage brillant. De plus, mera Care Puppy Chicken contient des b\u00eata-glucanes et des mannan-oligosaccharides, qui peuvent aider \u00e0 soutenir le syst\u00e8me immunitaire. La recette est enti\u00e8rement sans bl\u00e9 et donc bien tol\u00e9r\u00e9e &#8211; m\u00eame par les chiots ayant une digestion sensible.<\/p>\n<p><strong>mera Care Puppy Chicken en un coup d&rsquo;\u0153il :\u00a0\u00a0\u00a0<\/strong><\/p>\n<ul>\n<li>Aliments secs complets pour chiots<\/li>\n<li><strong>Recette avec du poulet frais :<\/strong>\u00a0bon go\u00fbt et apporte des prot\u00e9ines pr\u00e9cieuses<\/li>\n<li><strong>Sans bl\u00e9 :<\/strong>\u00a0bien tol\u00e9r\u00e9, m\u00eame pour les chiens \u00e0 digestion sensible<\/li>\n<li><strong>Inuline pr\u00e9biotique :<\/strong>\u00a0peut contribuer \u00e0 une flore intestinale \u00e9quilibr\u00e9e et ainsi favoriser la digestion<\/li>\n<li><strong>Source d&rsquo;acides gras om\u00e9ga-3 et 6 :<\/strong>\u00a0favorise une peau souple et un pelage brillant<\/li>\n<li><strong>Contient de la glucosamine et de la chondro\u00eftine :<\/strong>\u00a0composants naturels du tissu cartilagineux<\/li>\n<li><strong>B\u00eata-glucanes et mannan-oligosaccharides :<\/strong>\u00a0peuvent aider \u00e0 soutenir le syst\u00e8me immunitaire<\/li>\n<li><strong>Sans sucre ni conservateurs artificiels :<\/strong>\u00a0pour une alimentation adapt\u00e9e \u00e0 l&rsquo;esp\u00e8ce<\/li>\n<li><strong>Qualit\u00e9 allemande :<\/strong>\u00a0fabriqu\u00e9 dans une entreprise traditionnelle avec plus de 3 g\u00e9n\u00e9rations d&rsquo;exp\u00e9rience<\/li>\n<\/ul>\n<div class=\"anchors_anchorsHTML___2lrv\"><b>Ingr\u00e9dients :<\/b><br \/>\nViande fra\u00eeche de poulet (26 %), prot\u00e9ines de poulet d\u00e9shydrat\u00e9es (24 %), riz, ma\u00efs, marc de pomme (4,5 %), hydrolysat de prot\u00e9ines de volaille, graines de lin (2,2 %), graisse de volaille, huile de saumon (0,5 %), min\u00e9raux*, parois cellulaires de levure s\u00e9ch\u00e9es (0,2 %, riches en b\u00eata-glucanes et mannan-oligo-saccharides), inuline de chicor\u00e9e (0,2 %), huile de tournesol (0,15 %), glucosamine d&rsquo;origine animale (0,02 %), sulfate de chondro\u00eftine (0,01 %).<br \/>\n*Chlorure de potassium, chlorure de sodium<b>Additifs par kg :<\/b><br \/>\n<i>Additifs nutritionnels :<\/i><br \/>\nVitamine A (15 000 UI), Vitamine D3 (1 500 UI), Vitamine E (300 mg), Vitamine C (200 mg), cuivre [sous forme de sulfate de cuivre (II), pentahydrat\u00e9] (12,5 mg), zinc [sous forme de sulfate de zinc, monohydrat\u00e9] (100 mg), zinc [sous forme de ch\u00e9late de zinc de glycine hydrat\u00e9 (solide)] (40 mg), fer [sous forme de sulfate de fer (II), monohydrat\u00e9] (250 mg), mangan\u00e8se [sous forme de sulfate de mangan\u00e8se (II), monohydrat\u00e9] (35 mg), iode [sous forme d&rsquo;iodate de calcium, anhydre] (2 mg), s\u00e9l\u00e9nium [sous forme de s\u00e9l\u00e9nite de sodium] (0,35 mg).<i>Additifs technologiques :<\/i><br \/>\nAntioxydants.<\/div>\n<hr class=\"Ingredients_space__lmdVR\" \/>\n<p class=\"Ingredients_paragraph__bAqdh\"><b>Constituants analytiques<\/b><\/p>\n<p>10kgPack \u00e9conomique : 2 x 10 kg<\/p>\n<table class=\"Table_table__c5Cjw\" data-zta=\"constituentsTable\">\n<tbody>\n<tr>\n<td>prot\u00e9ine<\/td>\n<td>29,0\u00a0%<\/td>\n<\/tr>\n<tr>\n<td>graisse<\/td>\n<td>16,0\u00a0%<\/td>\n<\/tr>\n<tr>\n<td>fibre<\/td>\n<td>2,5\u00a0%<\/td>\n<\/tr>\n<tr>\n<td>cendre<\/td>\n<td>7,1\u00a0%<\/td>\n<\/tr>\n<tr>\n<td>calcium<\/td>\n<td>1,15\u00a0%<\/td>\n<\/tr>\n<tr>\n<td>phosphore<\/td>\n<td>0,9\u00a0%<\/td>\n<\/tr>\n<tr>\n<td>magn\u00e9sium<\/td>\n<td>0,1\u00a0%<\/td>\n<\/tr>\n<tr>\n<td>humidit\u00e9<\/td>\n<td>8,0\u00a0%<\/td>\n<\/tr>\n<tr>\n<td>potassium<\/td>\n<td>0,55\u00a0%<\/td>\n<\/tr>\n<tr>\n<td>sodium<\/td>\n<td>0,35\u00a0%<\/td>\n<\/tr>\n<\/tbody>\n<\/table>\n<p><strong>Recommandation alimentaire :<\/strong><br \/>\nmera Care Puppy Chicken est un aliment complet pour chiots.<\/p>\n<table border=\"1\" width=\"60%\" cellspacing=\"1\" cellpadding=\"1\">\n<colgroup>\n<col width=\"1*\" \/>\n<col width=\"1*\" \/>\n<col width=\"1*\" \/><\/colgroup>\n<tbody>\n<tr>\n<td colspan=\"1\" rowspan=\"2\" align=\"center\"><strong>Poids final attendu<\/strong><\/td>\n<td colspan=\"5\" rowspan=\"1\" align=\"center\"><strong>\u00c2ge actuel en mois &#8211; portion quotidienne en g\/jour<\/strong><\/td>\n<\/tr>\n<tr>\n<td align=\"center\"><small><b>2<\/b><\/small><\/td>\n<td align=\"center\"><small><b>3<\/b><\/small><\/td>\n<td align=\"center\"><small><b>4<\/b><\/small><\/td>\n<td align=\"center\"><small><b>6<\/b><\/small><\/td>\n<td align=\"center\"><small><b>11<\/b><\/small><\/td>\n<\/tr>\n<tr>\n<td align=\"center\"><small>2kg<\/small><\/td>\n<td align=\"center\"><small>35g<\/small><\/td>\n<td align=\"center\"><small>45g<\/small><\/td>\n<td align=\"center\"><small>55g<\/small><\/td>\n<td align=\"center\"><small>55g<\/small><\/td>\n<td align=\"center\">&#8211;<\/td>\n<\/tr>\n<tr>\n<td align=\"center\"><small>5kg<\/small><\/td>\n<td align=\"center\"><small>65g<\/small><\/td>\n<td align=\"center\"><small>85g<\/small><\/td>\n<td align=\"center\"><small>95g<\/small><\/td>\n<td align=\"center\"><small>110g<\/small><\/td>\n<td align=\"center\"><small>115g<\/small><\/td>\n<\/tr>\n<tr>\n<td align=\"center\"><small>7 kg<\/small><\/td>\n<td align=\"center\"><small>75g<\/small><\/td>\n<td align=\"center\"><small>105g<\/small><\/td>\n<td align=\"center\"><small>125g<\/small><\/td>\n<td align=\"center\"><small>140g<\/small><\/td>\n<td align=\"center\"><small>145g<\/small><\/td>\n<\/tr>\n<tr>\n<td align=\"center\"><small>10kg<\/small><\/td>\n<td align=\"center\"><small>90g<\/small><\/td>\n<td align=\"center\"><small>135g<\/small><\/td>\n<td align=\"center\"><small>165g<\/small><\/td>\n<td align=\"center\"><small>185g<\/small><\/td>\n<td align=\"center\"><small>190g<\/small><\/td>\n<\/tr>\n<tr>\n<td align=\"center\"><small>15kg<\/small><\/td>\n<td align=\"center\"><small>110g<\/small><\/td>\n<td align=\"center\"><small>165g<\/small><\/td>\n<td align=\"center\"><small>210g<\/small><\/td>\n<td align=\"center\"><small>240g<\/small><\/td>\n<td align=\"center\"><small>260g<\/small><\/td>\n<\/tr>\n<tr>\n<td align=\"center\"><small>20 kg<\/small><\/td>\n<td align=\"center\"><small>135g<\/small><\/td>\n<td align=\"center\"><small>205g<\/small><\/td>\n<td align=\"center\"><small>260g<\/small><\/td>\n<td align=\"center\"><small>300g<\/small><\/td>\n<td align=\"center\"><small>325g<\/small><\/td>\n<\/tr>\n<tr>\n<td align=\"center\"><small>25 kg<\/small><\/td>\n<td align=\"center\"><small>160g<\/small><\/td>\n<td align=\"center\"><small>245g<\/small><\/td>\n<td align=\"center\"><small>310g<\/small><\/td>\n<td align=\"center\"><small>355g<\/small><\/td>\n<td align=\"center\"><small>380g<\/small><\/td>\n<\/tr>\n<tr>\n<td align=\"center\"><small>30 kg<\/small><\/td>\n<td align=\"center\"><small>175g<\/small><\/td>\n<td align=\"center\"><small>265g<\/small><\/td>\n<td align=\"center\"><small>355g<\/small><\/td>\n<td align=\"center\"><small>405g<\/small><\/td>\n<td align=\"center\"><small>435g<\/small><\/td>\n<\/tr>\n<tr>\n<td align=\"center\"><small>35 kg<\/small><\/td>\n<td align=\"center\"><small>180g<\/small><\/td>\n<td align=\"center\"><small>280g<\/small><\/td>\n<td align=\"center\"><small>375g<\/small><\/td>\n<td align=\"center\"><small>440g<\/small><\/td>\n<td align=\"center\"><small>495g<\/small><\/td>\n<\/tr>\n<tr>\n<td align=\"center\"><small>40 kg<\/small><\/td>\n<td align=\"center\"><small>205g<\/small><\/td>\n<td align=\"center\"><small>310g<\/small><\/td>\n<td align=\"center\"><small>410g<\/small><\/td>\n<td align=\"center\">&#8211;<\/td>\n<td align=\"center\">&#8211;<\/td>\n<\/tr>\n<tr>\n<td align=\"center\"><small>50kg<\/small><\/td>\n<td align=\"center\"><small>230g<\/small><\/td>\n<td align=\"center\"><small>370g<\/small><\/td>\n<td align=\"center\"><small>485g<\/small><\/td>\n<td align=\"center\">&#8211;<\/td>\n<td align=\"center\">&#8211;<\/td>\n<\/tr>\n<tr>\n<td align=\"center\"><small>60 kg<\/small><\/td>\n<td align=\"center\"><small>235g<\/small><\/td>\n<td align=\"center\"><small>395g<\/small><\/td>\n<td align=\"center\"><small>525g<\/small><\/td>\n<td align=\"center\">&#8211;<\/td>\n<td align=\"center\">&#8211;<\/td>\n<\/tr>\n<tr>\n<td align=\"center\"><small>70 kg<\/small><\/td>\n<td align=\"center\"><small>250g<\/small><\/td>\n<td align=\"center\"><small>420g<\/small><\/td>\n<td align=\"center\"><small>560g<\/small><\/td>\n<td align=\"center\">&#8211;<\/td>\n<td align=\"center\">&#8211;<\/td>\n<\/tr>\n<\/tbody>\n<\/table>\n<p>&nbsp;<\/p>\n","protected":false},"excerpt":{"rendered":"<p>Croquettes de haute qualit\u00e9 pour chiots, recette au poulet frais, \u00e9quilibr\u00e9es et compl\u00e8tes, sans bl\u00e9 ni sucre, source d&rsquo;acides gras om\u00e9ga-3 et om\u00e9ga-6, fabriqu\u00e9es en Allemagne.<\/p>\n","protected":false},"featured_media":16570,"template":"","meta":{"jetpack_publicize_message":"","jetpack_publicize_feature_enabled":true,"jetpack_social_post_already_shared":true,"jetpack_social_options":{"image_generator_settings":{"template":"highway","default_image_id":0,"font":"","enabled":false},"version":2}},"product_brand":[],"product_cat":[26],"product_tag":[],"class_list":{"0":"post-16568","1":"product","2":"type-product","3":"status-publish","4":"has-post-thumbnail","6":"product_cat-croquettes","8":"first","9":"instock","10":"taxable","11":"shipping-taxable","12":"purchasable","13":"product-type-variable"},"supplier_id":5588,"supplier_sku":"","barcode":null,"atum_controlled":true,"out_stock_date":null,"out_stock_threshold":null,"inheritable":true,"inbound_stock":0,"stock_on_hold":0,"sold_today":0,"sales_last_days":0,"reserved_stock":0,"customer_returns":0,"warehouse_damage":0,"lost_in_post":0,"other_logs":0,"out_stock_days":0,"lost_sales":0,"has_location":false,"update_date":"2026-04-27T00:15:14","atum_locations":[],"atum_stock_status":"instock","restock_status":false,"low_stock_amount":"","sales_update_date":"2026-04-27T00:15:14","calc_backorders":null,"jetpack_publicize_connections":[],"jetpack_sharing_enabled":true,"batches":[],"_links":{"self":[{"href":"https:\/\/petworld.ma\/index.php\/wp-json\/wp\/v2\/product\/16568","targetHints":{"allow":["GET"]}}],"collection":[{"href":"https:\/\/petworld.ma\/index.php\/wp-json\/wp\/v2\/product"}],"about":[{"href":"https:\/\/petworld.ma\/index.php\/wp-json\/wp\/v2\/types\/product"}],"wp:featuredmedia":[{"embeddable":true,"href":"https:\/\/petworld.ma\/index.php\/wp-json\/wp\/v2\/media\/16570"}],"wp:attachment":[{"href":"https:\/\/petworld.ma\/index.php\/wp-json\/wp\/v2\/media?parent=16568"}],"wp:term":[{"taxonomy":"product_brand","embeddable":true,"href":"https:\/\/petworld.ma\/index.php\/wp-json\/wp\/v2\/product_brand?post=16568"},{"taxonomy":"product_cat","embeddable":true,"href":"https:\/\/petworld.ma\/index.php\/wp-json\/wp\/v2\/product_cat?post=16568"},{"taxonomy":"product_tag","embeddable":true,"href":"https:\/\/petworld.ma\/index.php\/wp-json\/wp\/v2\/product_tag?post=16568"}],"curies":[{"name":"wp","href":"https:\/\/api.w.org\/{rel}","templated":true}]}}