{"id":16573,"date":"2025-01-10T15:18:49","date_gmt":"2025-01-10T15:18:49","guid":{"rendered":"https:\/\/petworld.ma\/?post_type=product&#038;p=16573"},"modified":"2026-03-12T16:46:36","modified_gmt":"2026-03-12T16:46:36","slug":"hills-science-plan-aliment-pour-chiot-au-poulet-370g","status":"publish","type":"product","link":"https:\/\/petworld.ma\/index.php\/produit\/hills-science-plan-aliment-pour-chiot-au-poulet-370g\/","title":{"rendered":"Hill\u2019s Science Plan Aliment pour chiot au poulet 370g"},"content":{"rendered":"<div class=\"productAwareRichText richText component section default-style even col-xs-12 initialized\">\n<div class=\"component-content\">\n<div class=\"richText-content\">\n<p>HILL&rsquo;S SCIENCE PLAN ALIMENT POUR CHIOT au POULET est un aliment complet pour chiots en pleine croissance, du sevrage jusqu&rsquo;\u00e0 l&rsquo;\u00e2ge d&rsquo;un an, ainsi que pour les chiennes en gestation ou en lactation.<\/p>\n<\/div>\n<p>Votre chiot va adorer le go\u00fbt de HILL&rsquo;S SCIENCE PLAN aliment pour Chiot au Poulet, avec sa texture fondante et moelleuse. Il pr\u00e9sente un parfait \u00e9quilibre entre le go\u00fbt et la nutrition. Pr\u00e9cis\u00e9ment \u00e9quilibr\u00e9 pour fournir la quantit\u00e9 d&rsquo;\u00e9nergie adapt\u00e9e au poids id\u00e9al chez les chiots.<\/p>\n<p><strong>Recommandations:<\/strong><br \/>\nLes chiots jusqu&rsquo;\u00e0 1 an et les femelles en gestation ou en lactation.<\/p>\n<p><strong>Ne pas utiliser cet aliment:<\/strong><br \/>\nLes chiens adultes ou matures.<\/p>\n<p><strong>COMPOSITION<\/strong>\u00a0: Viandes et sous-produits animaux (poulet 21%), c\u00e9r\u00e9ales, sous-produits d\u2019origine v\u00e9g\u00e9tale, substances min\u00e9rales, huiles et graisses.<br \/>\n<strong>CONSTITUANTS ANALYTIQUES<\/strong>\u00a0: Prot\u00e9ines 6,8%, Teneur en mati\u00e8res grasses 5,3%, Cellulose brute 1,2%, Cendres brutes 2,0%, Humidit\u00e9 76,0%, par kg : Vitamine A 19 330UI, Vitamine D3 406UI.<br \/>\n<strong>ADDITIFS PAR KG :<\/strong>\u00a0Additifs nutritionnels : 3b103 (Fer) 9,6mg, 3b202 (Iode) 0,3mg, 3b405 (Cuivre) 1,6mg, 3b502 (Mangan\u00e8se) 2,1mg, 3b603 (Zinc) 24,6mg.<\/p>\n<\/div>\n<\/div>\n","protected":false},"excerpt":{"rendered":"<p>HILL&rsquo;S SCIENCE PLAN ALIMENT POUR CHIOT au POULET est un aliment complet pour chiots en pleine croissance, du sevrage jusqu&rsquo;\u00e0 l&rsquo;\u00e2ge d&rsquo;un an, ainsi que pour les chiennes en gestation ou en lactation. Votre chiot va adorer le go\u00fbt de HILL&rsquo;S SCIENCE PLAN aliment pour Chiot au Poulet, avec sa texture fondante et moelleuse. Il [&#8230;]\n","protected":false},"featured_media":16575,"template":"","meta":{"jetpack_publicize_message":"","jetpack_publicize_feature_enabled":true,"jetpack_social_post_already_shared":true,"jetpack_social_options":{"image_generator_settings":{"template":"highway","default_image_id":0,"font":"","enabled":false},"version":2}},"product_brand":[],"product_cat":[26,39],"product_tag":[],"class_list":{"0":"post-16573","1":"product","2":"type-product","3":"status-publish","4":"has-post-thumbnail","6":"product_cat-croquettes","7":"product_cat-friandises-et-pates-pour-chien","9":"first","10":"instock","11":"taxable","12":"shipping-taxable","13":"purchasable","14":"product-type-simple"},"supplier_id":5603,"supplier_sku":"608531","barcode":null,"atum_controlled":true,"out_stock_date":null,"out_stock_threshold":null,"inheritable":false,"inbound_stock":0,"stock_on_hold":0,"sold_today":0,"sales_last_days":0,"reserved_stock":0,"customer_returns":0,"warehouse_damage":0,"lost_in_post":0,"other_logs":0,"out_stock_days":0,"lost_sales":0,"has_location":false,"update_date":"2026-05-03T00:15:11","atum_locations":[],"atum_stock_status":"instock","restock_status":false,"low_stock_amount":6,"sales_update_date":"2026-05-03T00:15:10","calc_backorders":null,"jetpack_publicize_connections":[],"jetpack_sharing_enabled":true,"batches":[{"id":"1581","date_created":"2025-01-10 18:49:31","date_expiry":"2025-12-12 00:00:00","user_id":"2760","batch_number":"Hill\u2019sSciencePlanAlimentpourchiotaupoulet370g121225","location":"","quantity":"6.0000","quantity_available":"0.0000","units":"1","status":"archived","order_ids":"[17566,20177,21956,24900,25377]","supplier":"Hill&#039;s","po":{"id":"1555","date_created":"2025-01-10 18:49:34","batch_id":"1581","po_number":"","supplier":"Hill&#039;s","cost":null,"regular_price":null,"sale_price":null,"price_margin":null,"price_discount":null}},{"id":"1943","date_created":"2025-02-11 21:00:15","date_expiry":"2025-12-14 00:00:00","user_id":"2760","batch_number":"Hill\u2019sSciencePlanAlimentpourchiotaupoulet370g141225","location":"","quantity":"26.0000","quantity_available":"0.0000","units":"1","status":"archived","order_ids":"[28370,29006,29817,29829]","supplier":"Hill&#039;s","po":{"id":"1915","date_created":"2025-02-11 21:00:18","batch_id":"1943","po_number":"","supplier":"Hill&#039;s","cost":null,"regular_price":null,"sale_price":null,"price_margin":null,"price_discount":null}},{"id":"3283","date_created":"2025-05-02 21:26:00","date_expiry":"2026-04-02 00:00:00","user_id":"2760","batch_number":"Hill\u2019sSciencePlanAlimentpourchiotaupoulet370g020426","location":"","quantity":"1.0000","quantity_available":"0.0000","units":"1","status":"archived","order_ids":"[34512]","supplier":"Hill&#039;s","po":{"id":"3249","date_created":"2025-05-02 21:26:01","batch_id":"3283","po_number":"","supplier":"Hill&#039;s","cost":null,"regular_price":null,"sale_price":null,"price_margin":null,"price_discount":null}},{"id":"7245","date_created":"2026-01-21 09:43:52","date_expiry":"2027-07-30 00:00:00","user_id":"2760","batch_number":"Hill\u2019sSciencePlanAlimentpourchiotaupoulet370g300727","location":"","quantity":"1.0000","quantity_available":"0.0000","units":"1","status":"archived","order_ids":"[34512]","supplier":"HILLS","po":{"id":"7181","date_created":"2026-01-21 09:43:52","batch_id":"7245","po_number":"","supplier":"HILLS","cost":null,"regular_price":null,"sale_price":null,"price_margin":null,"price_discount":null}},{"id":"7997","date_created":"2026-02-28 11:51:05","date_expiry":"2027-07-30 00:00:00","user_id":"2760","batch_number":"Hill\u2019sSciencePlanAlimentpourchiotaupoulet370g300727","location":"","quantity":"6.0000","quantity_available":"6.0000","units":"1","status":"active","order_ids":null,"supplier":"HILLS","po":{"id":"7935","date_created":"2026-02-28 11:51:06","batch_id":"7997","po_number":"","supplier":"HILLS","cost":null,"regular_price":null,"sale_price":null,"price_margin":null,"price_discount":null}}],"_links":{"self":[{"href":"https:\/\/petworld.ma\/index.php\/wp-json\/wp\/v2\/product\/16573","targetHints":{"allow":["GET"]}}],"collection":[{"href":"https:\/\/petworld.ma\/index.php\/wp-json\/wp\/v2\/product"}],"about":[{"href":"https:\/\/petworld.ma\/index.php\/wp-json\/wp\/v2\/types\/product"}],"wp:featuredmedia":[{"embeddable":true,"href":"https:\/\/petworld.ma\/index.php\/wp-json\/wp\/v2\/media\/16575"}],"wp:attachment":[{"href":"https:\/\/petworld.ma\/index.php\/wp-json\/wp\/v2\/media?parent=16573"}],"wp:term":[{"taxonomy":"product_brand","embeddable":true,"href":"https:\/\/petworld.ma\/index.php\/wp-json\/wp\/v2\/product_brand?post=16573"},{"taxonomy":"product_cat","embeddable":true,"href":"https:\/\/petworld.ma\/index.php\/wp-json\/wp\/v2\/product_cat?post=16573"},{"taxonomy":"product_tag","embeddable":true,"href":"https:\/\/petworld.ma\/index.php\/wp-json\/wp\/v2\/product_tag?post=16573"}],"curies":[{"name":"wp","href":"https:\/\/api.w.org\/{rel}","templated":true}]}}