{"id":16620,"date":"2025-01-11T10:27:36","date_gmt":"2025-01-11T10:27:36","guid":{"rendered":"https:\/\/petworld.ma\/?post_type=product&#038;p=16620"},"modified":"2026-03-25T09:28:07","modified_gmt":"2026-03-25T09:28:07","slug":"royal-canin-maxi-adult-15-kg-promo","status":"publish","type":"product","link":"https:\/\/petworld.ma\/index.php\/produit\/royal-canin-maxi-adult-15-kg-promo\/","title":{"rendered":"Royal Canin Maxi Adult 15 Kg + 3 Kg Gratuits promo"},"content":{"rendered":"<div>\n<div>\n<div>\n<div>\n<h2>Aliment complet pour chiens adultes de grande taille (de 26 \u00e0 44 kg) &#8211; De 15 mois \u00e0 5 ans.<\/h2>\n<\/div>\n<\/div>\n<div><\/div>\n<\/div>\n<\/div>\n<div>\n<div>\n<p>Les besoins nutritionnels d\u2019un chien de grande taille varient consid\u00e9rablement par rapport \u00e0 ceux de plus petite taille. C\u2019est pourquoi il est essentiel de lui offrir une alimentation \u00e9quilibr\u00e9e adapt\u00e9e \u00e0 sa taille et \u00e0 ses autres sensibilit\u00e9s sp\u00e9cifiques. \u00a0 L\u2019aliment ROYAL CANIN\u00ae Maxi Adult est sp\u00e9cialement con\u00e7u pour r\u00e9pondre aux besoins nutritionnels de votre chien. Cet aliment convient aux grands chiens \u00e2g\u00e9s de 15 mois et plus dont le poids adulte se situe entre 26 et 44 kg. \u00a0 Les grands chiens peuvent avoir les os et les articulations particuli\u00e8rement sensibles, aussi est-il crucial de les pr\u00e9server de l\u2019usure que peut entra\u00eener leur taille. \u00a0 ROYAL CANIN\u00ae Maxi Adult aidera votre chien \u00e0 conserver un poids de forme id\u00e9al. \u00a0 ROYAL CANIN\u00ae Maxi Adult contient \u00e9galement une formule exclusive qui contribue \u00e0 renforcer la sant\u00e9 digestive de votre chien. De plus, elle est enrichie en acides gras om\u00e9ga-3 (EPA et DHA) b\u00e9n\u00e9fiques \u00e0 l\u2019entretien de la peau de votre chien, pour qu\u2019elle reste saine et bien nourrie.<\/p>\n<p><strong>\u00a0 \u00a0BENEFICES :<\/strong><\/p>\n<ul>\n<li>\n<div>Haute digestibilit\u00e9<\/div>\n<div>Favorise une digestibilit\u00e9 optimale gr\u00e2ce \u00e0 une formule exclusive comprenant des prot\u00e9ines de tr\u00e8s haute qualit\u00e9 et un apport \u00e9quilibr\u00e9 en fibres alimentaires.<\/div>\n<\/li>\n<li>\n<div>Soutien des os et des articulations<\/div>\n<div>Aide \u00e0 maintenir la sant\u00e9 des os et des articulations sollicit\u00e9s par le poids corporel des chiens de grandes races.<\/div>\n<\/li>\n<li>\n<div>Omega 3\u00a0: EPA-DHA<\/div>\n<div>Enrichi avec des acides gras om\u00e9ga 3 (EPA-DHA) pour aider \u00e0 maintenir la sant\u00e9 de la peau.<\/div>\n<\/li>\n<\/ul>\n<p><strong>\u00a0 \u00a0INFORMATIONS NUTRITIONELLES :<\/strong><\/p>\n<div>Composition: prot\u00e9ines de volaille d\u00e9shydrat\u00e9es, ma\u00efs, farine de ma\u00efs, graisses animales, bl\u00e9, riz, gluten de ma\u00efs, hydrolysat de prot\u00e9ines animales, pulpe de betterave, huile de poisson, huile de soja, sels min\u00e9raux, levures et composants de levures, hydrolysat de crustac\u00e9 (source de glucosamine), hydrolysat de cartilage (source de chondro\u00eftine).<\/div>\n<p>Additifs (au kg)\u00a0: Additifs nutritionnels\u00a0: Vitamine A\u00a0: 16000\u00a0UI, Vitamine D3\u00a0: 1000\u00a0UI, E1 (Fer)\u00a0: 38\u00a0mg, E2 (Iode)\u00a0: 3,8\u00a0mg, E4 (Cuivre)\u00a0: 12\u00a0mg, E5 (Mangan\u00e8se)\u00a0: 50\u00a0mg, E6 (Zinc)\u00a0: 132\u00a0mg, E8 (S\u00e9l\u00e9nium)\u00a0: 0,07\u00a0mg\u00a0&#8211; Additifs technologiques\u00a0: Clinoptilolite d\u2019origine s\u00e9dimentaire\u00a0: 5\u00a0g\u00a0&#8211; Conservateurs\u00a0&#8211; Antioxyg\u00e8nes.<\/p>\n<p>Constituants analytiques : Prot\u00e9ine : 26,0 % &#8211; Teneur en mati\u00e8res grasses : 17,0 % &#8211; Cendres brutes : 6,6 % &#8211; Cellulose brute : 1,2 % &#8211; Au kg : Acides gras om\u00e9ga 3 : 7,8 g dont EPA\/DHA : 4 g.<\/p>\n<p>Mode d\u2019emploi : voir tableau. Num\u00e9ro de lot et d\u2019identifiant usine, \u00e0 utiliser de pr\u00e9f\u00e9rence avant : voir sur l\u2019emballage. \u00c0 conserver dans un endroit sec et frais.<\/p>\n<p><a href=\"https:\/\/wa.me\/212708052510\" target=\"_blank\" rel=\"noopener noreferrer\"><img loading=\"lazy\" decoding=\"async\" class=\"fr-fic fr-dib aligncenter\" src=\"https:\/\/cdn.youcan.shop\/stores\/d0742d556df94ddbc7ae4c9810aff04b\/others\/Sqjx6QRQfpnrgFKKHUTNvgpMx3ydp9SvGk4pmuLm.png\" width=\"284\" height=\"75\" data-name=\"stores\/d0742d556df94ddbc7ae4c9810aff04b\/others\/Sqjx6QRQfpnrgFKKHUTNvgpMx3ydp9SvGk4pmuLm.png\" \/><\/a><\/p>\n<\/div>\n<\/div>\n","protected":false},"excerpt":{"rendered":"<p>Aliment complet pour chiens adultes de grande taille (de 26 \u00e0 44 kg) &#8211; De 15 mois \u00e0 5 ans. Les besoins nutritionnels d\u2019un chien de grande taille varient consid\u00e9rablement par rapport \u00e0 ceux de plus petite taille. C\u2019est pourquoi il est essentiel de lui offrir une alimentation \u00e9quilibr\u00e9e adapt\u00e9e \u00e0 sa taille et \u00e0 [&#8230;]\n","protected":false},"featured_media":24418,"template":"","meta":{"jetpack_publicize_message":"","jetpack_publicize_feature_enabled":true,"jetpack_social_post_already_shared":true,"jetpack_social_options":{"image_generator_settings":{"template":"highway","default_image_id":0,"font":"","enabled":false},"version":2}},"product_brand":[],"product_cat":[26],"product_tag":[],"class_list":{"0":"post-16620","1":"product","2":"type-product","3":"status-publish","4":"has-post-thumbnail","6":"product_cat-croquettes","8":"first","9":"outofstock","10":"taxable","11":"shipping-taxable","12":"purchasable","13":"product-type-simple"},"supplier_id":5587,"supplier_sku":"7153-600","barcode":null,"atum_controlled":true,"out_stock_date":"2026-03-25 09:28:07","out_stock_threshold":null,"inheritable":false,"inbound_stock":0,"stock_on_hold":0,"sold_today":0,"sales_last_days":0,"reserved_stock":0,"customer_returns":0,"warehouse_damage":0,"lost_in_post":0,"other_logs":0,"out_stock_days":15,"lost_sales":7542,"has_location":false,"update_date":"2026-04-09T12:03:46","atum_locations":[],"atum_stock_status":"outofstock","restock_status":false,"low_stock_amount":2,"sales_update_date":"2026-04-09T12:03:46","calc_backorders":null,"jetpack_publicize_connections":[],"jetpack_sharing_enabled":true,"batches":[{"id":"1623","date_created":"2025-01-11 15:57:33","date_expiry":"2025-09-06 00:00:00","user_id":"2461","batch_number":"RoyalCaninMaxiAdult15Kg060925","location":"","quantity":"11.0000","quantity_available":"0.0000","units":"1","status":"archived","order_ids":"[16636,16697,16700,16721,16727,16847,16939]","supplier":"Royal Canin","po":{"id":"1597","date_created":"2025-01-11 15:57:36","batch_id":"1623","po_number":"","supplier":"Royal Canin","cost":null,"regular_price":null,"sale_price":null,"price_margin":null,"price_discount":null}},{"id":"3374","date_created":"2025-05-09 20:15:05","date_expiry":"2026-01-20 00:00:00","user_id":"2461","batch_number":"RoyalCaninMaxiAdult15Kg200126","location":"","quantity":"9.0000","quantity_available":"0.0000","units":"1","status":"archived","order_ids":"[21760,21761,21765,21766,21863,22270]","supplier":"Royal Canin","po":{"id":"3341","date_created":"2025-05-09 20:15:06","batch_id":"3374","po_number":"","supplier":"Royal Canin","cost":null,"regular_price":null,"sale_price":null,"price_margin":null,"price_discount":null}},{"id":"3474","date_created":"2025-05-17 10:49:48","date_expiry":"2026-01-20 00:00:00","user_id":"2461","batch_number":"RoyalCaninMaxiAdult15Kg200126","location":"","quantity":"10.0000","quantity_available":"0.0000","units":"1","status":"archived","order_ids":"[22289,22372,22510,22936,23020,23200,23272,23555,23588,23630]","supplier":"Royal Canin","po":{"id":"3441","date_created":"2025-05-17 10:49:49","batch_id":"3474","po_number":"","supplier":"Royal Canin","cost":null,"regular_price":null,"sale_price":null,"price_margin":null,"price_discount":null}},{"id":"4350","date_created":"2025-07-12 20:30:40","date_expiry":"2026-04-24 00:00:00","user_id":"2461","batch_number":"RoyalCaninMaxiAdult15Kg240426","location":"","quantity":"5.0000","quantity_available":"0.0000","units":"1","status":"archived","order_ids":"[24003,24447,24550,24954,24977,25034,25173,25260,25294,25421,25513]","supplier":"Royal Canin","po":{"id":"4314","date_created":"2025-07-12 20:30:40","batch_id":"4350","po_number":"","supplier":"Royal Canin","cost":null,"regular_price":null,"sale_price":null,"price_margin":null,"price_discount":null}},{"id":"4481","date_created":"2025-07-16 17:32:25","date_expiry":"2026-04-24 00:00:00","user_id":"2461","batch_number":"RoyalCaninMaxiAdult15Kg240426","location":"","quantity":"3.0000","quantity_available":"0.0000","units":"1","status":"archived","order_ids":"[24789,24852,24928]","supplier":"Royal Canin","po":{"id":"4445","date_created":"2025-07-16 17:32:25","batch_id":"4481","po_number":"","supplier":"Royal Canin","cost":null,"regular_price":null,"sale_price":null,"price_margin":null,"price_discount":null}},{"id":"4619","date_created":"2025-07-31 21:27:16","date_expiry":"2026-04-24 00:00:00","user_id":"2461","batch_number":"RoyalCaninMaxiAdult15Kg240426","location":"","quantity":"7.0000","quantity_available":"0.0000","units":"1","status":"archived","order_ids":"[25583,25646,25757,25771]","supplier":"Royal Canin","po":{"id":"4583","date_created":"2025-07-31 21:27:16","batch_id":"4619","po_number":"","supplier":"Royal Canin","cost":null,"regular_price":null,"sale_price":null,"price_margin":null,"price_discount":null}},{"id":"6701","date_created":"2025-12-15 14:16:45","date_expiry":"2026-07-25 00:00:00","user_id":"2461","batch_number":"RoyalCaninMaxiAdult15Kg250726","location":"","quantity":"2.0000","quantity_available":"0.0000","units":"1","status":"archived","order_ids":"[35338,35556,37967]","supplier":"Royal Canin","po":{"id":"6647","date_created":"2025-12-15 14:16:46","batch_id":"6701","po_number":"","supplier":"Royal Canin","cost":null,"regular_price":null,"sale_price":null,"price_margin":null,"price_discount":null}},{"id":"8311","date_created":"2026-03-16 22:14:29","date_expiry":"2026-07-25 00:00:00","user_id":"2461","batch_number":"RoyalCaninMaxiAdult15Kg250726","location":"","quantity":"3.0000","quantity_available":"0.0000","units":"1","status":"archived","order_ids":"[37967,37968,38193]","supplier":"Royal Canin","po":{"id":"8239","date_created":"2026-03-16 22:14:29","batch_id":"8311","po_number":"","supplier":"Royal Canin","cost":null,"regular_price":null,"sale_price":null,"price_margin":null,"price_discount":null}}],"_links":{"self":[{"href":"https:\/\/petworld.ma\/index.php\/wp-json\/wp\/v2\/product\/16620","targetHints":{"allow":["GET"]}}],"collection":[{"href":"https:\/\/petworld.ma\/index.php\/wp-json\/wp\/v2\/product"}],"about":[{"href":"https:\/\/petworld.ma\/index.php\/wp-json\/wp\/v2\/types\/product"}],"wp:featuredmedia":[{"embeddable":true,"href":"https:\/\/petworld.ma\/index.php\/wp-json\/wp\/v2\/media\/24418"}],"wp:attachment":[{"href":"https:\/\/petworld.ma\/index.php\/wp-json\/wp\/v2\/media?parent=16620"}],"wp:term":[{"taxonomy":"product_brand","embeddable":true,"href":"https:\/\/petworld.ma\/index.php\/wp-json\/wp\/v2\/product_brand?post=16620"},{"taxonomy":"product_cat","embeddable":true,"href":"https:\/\/petworld.ma\/index.php\/wp-json\/wp\/v2\/product_cat?post=16620"},{"taxonomy":"product_tag","embeddable":true,"href":"https:\/\/petworld.ma\/index.php\/wp-json\/wp\/v2\/product_tag?post=16620"}],"curies":[{"name":"wp","href":"https:\/\/api.w.org\/{rel}","templated":true}]}}