{"id":16768,"date":"2025-01-16T09:45:53","date_gmt":"2025-01-16T09:45:53","guid":{"rendered":"https:\/\/petworld.ma\/?post_type=product&#038;p=16768"},"modified":"2026-03-12T16:47:40","modified_gmt":"2026-03-12T16:47:40","slug":"pate-de-poulet-bundy-chat-400g","status":"publish","type":"product","link":"https:\/\/petworld.ma\/index.php\/produit\/pate-de-poulet-bundy-chat-400g\/","title":{"rendered":"Bundy P\u00e2t\u00e9 de poulet Chat 400g"},"content":{"rendered":"<div class=\"field__item\">\n<div class=\"field__item\">\n<h4>P\u00e2t\u00e9 de poulet Bundy Cat en conserve 400g<\/h4>\n<p>Une conserve particuli\u00e8rement savoureuse, riche en poulet que vos minous vont s\u00fbrement adorer !<\/p>\n<p><strong>Composition :<\/strong>\u00a0Produits d&rsquo;origine animale (dont poulet 26%), poisson, huiles et graisses v\u00e9g\u00e9tales.<\/p>\n<p><strong>Ingr\u00e9dients analytiques (%)\u00a0:<\/strong>\u00a0humidit\u00e9 80\u00a0%, prot\u00e9ines brutes 8,5\u00a0%, huiles et graisses brutes 6,5\u00a0%, cendres 2,5\u00a0%, fibres 0,5\u00a0%.<\/p>\n<table>\n<tbody>\n<tr>\n<th>Poids du chat (kg)<\/th>\n<th>Grammes (g.)<\/th>\n<\/tr>\n<tr>\n<td>2<\/td>\n<td>110-150<\/td>\n<\/tr>\n<tr>\n<td>3<\/td>\n<td>165-220<\/td>\n<\/tr>\n<tr>\n<td>4<\/td>\n<td>220-300<\/td>\n<\/tr>\n<tr>\n<td>5<\/td>\n<td>275-370<\/td>\n<\/tr>\n<tr>\n<td>6<\/td>\n<td>330-415<\/td>\n<\/tr>\n<\/tbody>\n<\/table>\n<p>&nbsp;<\/p>\n<\/div>\n<\/div>\n","protected":false},"excerpt":{"rendered":"<p>P\u00e2t\u00e9 de poulet Bundy Cat en conserve 400g Une conserve particuli\u00e8rement savoureuse, riche en poulet que vos minous vont s\u00fbrement adorer ! Composition :\u00a0Produits d&rsquo;origine animale (dont poulet 26%), poisson, huiles et graisses v\u00e9g\u00e9tales. Ingr\u00e9dients analytiques (%)\u00a0:\u00a0humidit\u00e9 80\u00a0%, prot\u00e9ines brutes 8,5\u00a0%, huiles et graisses brutes 6,5\u00a0%, cendres 2,5\u00a0%, fibres 0,5\u00a0%. Poids du chat (kg) Grammes [&#8230;]\n","protected":false},"featured_media":16770,"template":"","meta":{"jetpack_publicize_message":"","jetpack_publicize_feature_enabled":true,"jetpack_social_post_already_shared":true,"jetpack_social_options":{"image_generator_settings":{"template":"highway","default_image_id":0,"font":"","enabled":false},"version":2}},"product_brand":[],"product_cat":[41],"product_tag":[],"class_list":{"0":"post-16768","1":"product","2":"type-product","3":"status-publish","4":"has-post-thumbnail","6":"product_cat-friandises-et-pate-pour-chat","8":"first","9":"outofstock","10":"taxable","11":"shipping-taxable","12":"purchasable","13":"product-type-simple"},"supplier_id":5595,"supplier_sku":"","barcode":null,"atum_controlled":true,"out_stock_date":"2026-03-12 16:47:40","out_stock_threshold":null,"inheritable":false,"inbound_stock":0,"stock_on_hold":0,"sold_today":0,"sales_last_days":0,"reserved_stock":0,"customer_returns":0,"warehouse_damage":0,"lost_in_post":0,"other_logs":0,"out_stock_days":46,"lost_sales":0,"has_location":false,"update_date":"2026-04-28T00:14:48","atum_locations":[],"atum_stock_status":"outofstock","restock_status":false,"low_stock_amount":24,"sales_update_date":"2026-04-28T00:14:48","calc_backorders":null,"jetpack_publicize_connections":[],"jetpack_sharing_enabled":true,"batches":[{"id":"1770","date_created":"2025-01-25 14:47:36","date_expiry":"2026-10-07 00:00:00","user_id":"2461","batch_number":"P\u00e2t\u00e9dePouletBundyChat400g071026","location":"","quantity":"1.0000","quantity_available":"0.0000","units":"1","status":"archived","order_ids":"[20176]","supplier":"Ownat","po":{"id":"1744","date_created":"2025-01-25 14:47:39","batch_id":"1770","po_number":"","supplier":"Ownat","cost":null,"regular_price":null,"sale_price":null,"price_margin":null,"price_discount":null}},{"id":"1981","date_created":"2025-02-13 20:26:16","date_expiry":"2026-10-07 00:00:00","user_id":"2461","batch_number":"P\u00e2t\u00e9dePouletBundyChat400g071026","location":"","quantity":"24.0000","quantity_available":"0.0000","units":"1","status":"archived","order_ids":"[20176,21168,21223,21565,23312,24145,24468,24827,25155,25234,25447,25465]","supplier":"Ownat","po":{"id":"1953","date_created":"2025-02-13 20:26:19","batch_id":"1981","po_number":"","supplier":"Ownat","cost":null,"regular_price":null,"sale_price":null,"price_margin":null,"price_discount":null}},{"id":"4794","date_created":"2025-08-08 17:45:25","date_expiry":"2026-10-07 00:00:00","user_id":"2461","batch_number":"P\u00e2t\u00e9dePouletBundyChat400g071026","location":"","quantity":"24.0000","quantity_available":"0.0000","units":"1","status":"archived","order_ids":"[25787]","supplier":"Ownat","po":{"id":"4758","date_created":"2025-08-08 17:45:29","batch_id":"4794","po_number":"","supplier":"Ownat","cost":null,"regular_price":null,"sale_price":null,"price_margin":null,"price_discount":null}},{"id":"4983","date_created":"2025-08-22 17:27:10","date_expiry":"2026-10-07 00:00:00","user_id":"2461","batch_number":"P\u00e2t\u00e9dePouletBundyChat400g071026","location":"","quantity":"48.0000","quantity_available":"0.0000","units":"1","status":"archived","order_ids":"[26857,28138,28845,29519,29621,29602,29914,31018,31485,32103]","supplier":"Ownat","po":{"id":"4947","date_created":"2025-08-22 17:27:11","batch_id":"4983","po_number":"","supplier":"Ownat","cost":null,"regular_price":null,"sale_price":null,"price_margin":null,"price_discount":null}}],"_links":{"self":[{"href":"https:\/\/petworld.ma\/index.php\/wp-json\/wp\/v2\/product\/16768","targetHints":{"allow":["GET"]}}],"collection":[{"href":"https:\/\/petworld.ma\/index.php\/wp-json\/wp\/v2\/product"}],"about":[{"href":"https:\/\/petworld.ma\/index.php\/wp-json\/wp\/v2\/types\/product"}],"wp:featuredmedia":[{"embeddable":true,"href":"https:\/\/petworld.ma\/index.php\/wp-json\/wp\/v2\/media\/16770"}],"wp:attachment":[{"href":"https:\/\/petworld.ma\/index.php\/wp-json\/wp\/v2\/media?parent=16768"}],"wp:term":[{"taxonomy":"product_brand","embeddable":true,"href":"https:\/\/petworld.ma\/index.php\/wp-json\/wp\/v2\/product_brand?post=16768"},{"taxonomy":"product_cat","embeddable":true,"href":"https:\/\/petworld.ma\/index.php\/wp-json\/wp\/v2\/product_cat?post=16768"},{"taxonomy":"product_tag","embeddable":true,"href":"https:\/\/petworld.ma\/index.php\/wp-json\/wp\/v2\/product_tag?post=16768"}],"curies":[{"name":"wp","href":"https:\/\/api.w.org\/{rel}","templated":true}]}}