{"id":16870,"date":"2025-01-29T10:19:09","date_gmt":"2025-01-29T10:19:09","guid":{"rendered":"https:\/\/petworld.ma\/?post_type=product&#038;p=16870"},"modified":"2026-05-14T17:49:44","modified_gmt":"2026-05-14T17:49:44","slug":"pro-plan-purina-veterinary-diets-chien-urinary-3kg","status":"publish","type":"product","link":"https:\/\/petworld.ma\/index.php\/produit\/pro-plan-purina-veterinary-diets-chien-urinary-3kg\/","title":{"rendered":"Pro Plan Purina Veterinary Diets Chien Urinary 3kg"},"content":{"rendered":"<h1 class=\"dsu-product--title\">Croquettes pour chien soutenant la fonction urinaire<\/h1>\n<p><strong>Caract\u00e9ristiques<\/strong><\/p>\n<ul>\n<li>pH contr\u00f4l\u00e9 : favorise une urine acide pour aider \u00e0 r\u00e9duire le risque de calcul de struvite et pour aider \u00e0 leur dissolution.<\/li>\n<li>Teneur mod\u00e9r\u00e9e en prot\u00e9ines aidant \u00e0 minimiser la disponibilt\u00e9 de substrat pour les bact\u00e9ries produits l&rsquo;ur\u00e9ase.<\/li>\n<li>Aliment tr\u00e8s app\u00e9tent permettant une excellente observance \u00e0 long terme.<\/li>\n<\/ul>\n<p>Aliment di\u00e9t\u00e9tique complet pour chien souffrant de calculs urinaires.<\/p>\n<p>Quand des calculs se forment dans la vessie, cela cause une irritation de la muqueuse v\u00e9sicale. Ainsi une douleur et des saignements peuvent appara\u00eetre. L&rsquo;animal va \u00e9galement va avoir des difficult\u00e9s et des douleurs pour uriner, il peut y avoir du sang dans les urines. Les calculs urinaires doivent \u00eatre retir\u00e9s. En fonction de leur type, ils peuvent \u00eatre dissouts avec un aliment sp\u00e9cifique (comme PURINA\u00ae PRO PLAN\u00ae VETERINARY DIETS Canine UR Urinary) ou peuvent \u00eatre retir\u00e9s chirurgicalement. Dans la majorit\u00e9 des cas, une infection urinaire est impliqu\u00e9e, et un traitement habituel aux antibiotiques est n\u00e9cessaire.<\/p>\n<p>Canine UR URINARY est un aliment v\u00e9t\u00e9rinaire complet tr\u00e8s app\u00e9tent, qui aide \u00e0 dissoudre et \/ ou \u00e0 pr\u00e9venir l&rsquo;apparition des calculs urinaires de struvites chez les chiens.<\/p>\n<p>Il est formul\u00e9 pour promouvoir une urine acide, ce qui aide \u00e0 la fois \u00e0 dissoudre mais aussi \u00e0 limiter la r\u00e9apparition des calculs de struvites.<\/p>\n<p>Il contient \u00e9galement une teneur mod\u00e9r\u00e9e en prot\u00e9ines pour minimiser la disponibilit\u00e9 de substrat pour les bact\u00e9ries produisant de l&rsquo;ur\u00e9ase, qui sont les bact\u00e9ries fr\u00e9quemment associ\u00e9es aux calculs urinaires chez les chiens.<\/p>\n<p>Il contient aussi des Acides gras om\u00e9ga 3 et des antioxydants qui aident \u00e0 soutenir une bonne sant\u00e9 urinaire.<\/p>\n<p>Il est tr\u00e8s app\u00e9tent ce qui est tr\u00e8s b\u00e9n\u00e9fique pour les chiens qui doivent manger cet aliment \u00e0 long terme.<\/p>\n<p>Attention, Canine UR URINARY n&rsquo;est pas recommand\u00e9 chez les chiens qui re\u00e7oivent d\u00e9j\u00e0 un acidifiant urinaire.<\/p>\n<p>Veuillez noter que toutes les indications de PURINA\u00ae PRO PLAN\u00ae VETERINARY DIETS mentionn\u00e9es sont pour la prise en charge nutritionnelle des chiens selon les troubles \u00e9num\u00e9r\u00e9s et ne font pas obstacle \u00e0 la gestion m\u00e9dicamenteuse du cas.<\/p>\n<p>Avant utilisation ou avant prolongation de la dur\u00e9e d\u2019utilisation, il est recommand\u00e9 de demander l\u2019avis d\u2019un v\u00e9t\u00e9rinaire.<\/p>\n<p><strong>Composition : <\/strong>-Ma\u00efs -Farine de bl\u00e9 -Prot\u00e9ines de volaille deshydrat\u00e9es -Riz -Graisse de porc -Farine de prot\u00e9ines de ma\u00efs -Hydrolysat -Pulpe de betterave deshydrat\u00e9e -Oeufs deshydrat\u00e9s -Susbtances min\u00e9rales -Huile de poisson -Substances acidifiant l&rsquo;urine : sulfate de calcium, acide phosphoriqueEnergie m\u00e9tabolisable (EM)* : 4,01 kcal\/g Selon le NRC 2006<\/p>\n<p><strong>Constituants analytiques : <\/strong>Humidit\u00e9 : 7 % Prot\u00e9ine : 22 % Teneur en mati\u00e8res grasses : 15 % Cendres brutes : 4,9% Cellulose brute : 1,5 % Calcium : 0,7 % Phosphore : 0,7 % Sodium : 0,2 % Potassium : 0,7 % Magn\u00e9sium : 0,08 % Chlorures : 0,7 % Soufre : 0,3 % Sodium : 0,2 % Magnesium : 0,08 % pH urinaire : 5,8 &#8211; 6,2<\/p>\n<p><strong>Additifs : additifs nutritionnels<\/strong><\/p>\n<p>UI\/kg :<br \/>\nVit A : 30 000 ;<br \/>\nVit D3 : 1 000 ;<br \/>\nVit E : 350.<\/p>\n<p>mg\/kg :<br \/>\nSulfate de fer (II) monohydrat\u00e9 (Fe) : 170 ;<br \/>\nIodate de calcium anhydre (I) : 2,7 ;<br \/>\nSulfate de cuivre (II) pentahydrat\u00e9 (Cu) : 18 ;<br \/>\nSulfate manganeux monohydrat\u00e9 (Mn) : 64 ;<br \/>\nSulfate de zinc monohydrat\u00e9 (Zn) : 160 ;<br \/>\nS\u00e9l\u00e9nite de sodium (Se) : 0,18.<\/p>\n<p><strong>Guide d&rsquo;alimentation<\/strong><\/p>\n<p>Le tableau d\u2019alimentation ci-apr\u00e8s n\u2019est donn\u00e9 qu\u2019\u00e0 titre indicatif. Selon l\u2019environnement, l\u2019activit\u00e9, la condition corporelle et la race de votre chien, vous pourriez avoir \u00e0 ajuster les quantit\u00e9s \u00e0 distribuer pour maintenir son poids optimal. Donnez-lui tous les jours de l\u2019eau fra\u00eeche dans un r\u00e9cipient propre.<\/p>\n<p>Quel est le poids de votre chien ?<\/p>\n<p>Entretien chez l&rsquo;adulte<\/p>\n<table style=\"border-collapse: collapse;width: 298px;caption-side: bottom;line-height: inherit;text-align: start;height: 256px\" border=\"0\" width=\"160\" cellspacing=\"0\" cellpadding=\"0\">\n<tbody>\n<tr style=\"height: 32.0pt\">\n<td class=\"xl64\" style=\"height: 32.0pt;width: 60pt\" width=\"80\" height=\"43\">Poids du chien (kg)<\/td>\n<td class=\"xl64\" style=\"border-left: none;width: 60pt\" width=\"80\">Ration journali\u00e8re (g\/jour)<\/td>\n<\/tr>\n<tr style=\"height: 15.0pt\">\n<td class=\"xl65\" style=\"height: 15.0pt;border-top: none;width: 60pt\" width=\"80\" height=\"20\">2.5<\/td>\n<td class=\"xl65\" style=\"border-top: none;border-left: none;width: 60pt\" width=\"80\">65<\/td>\n<\/tr>\n<tr style=\"height: 15.0pt\">\n<td class=\"xl66\" style=\"height: 15.0pt;border-top: none;width: 60pt\" width=\"80\" height=\"20\">5<\/td>\n<td class=\"xl66\" style=\"border-top: none;border-left: none;width: 60pt\" width=\"80\">105<\/td>\n<\/tr>\n<tr style=\"height: 15.0pt\">\n<td class=\"xl65\" style=\"height: 15.0pt;border-top: none;width: 60pt\" width=\"80\" height=\"20\">10<\/td>\n<td class=\"xl65\" style=\"border-top: none;border-left: none;width: 60pt\" width=\"80\">165<\/td>\n<\/tr>\n<tr style=\"height: 15.0pt\">\n<td class=\"xl66\" style=\"height: 15.0pt;border-top: none;width: 60pt\" width=\"80\" height=\"20\">15<\/td>\n<td class=\"xl66\" style=\"border-top: none;border-left: none;width: 60pt\" width=\"80\">215<\/td>\n<\/tr>\n<tr style=\"height: 15.0pt\">\n<td class=\"xl65\" style=\"height: 15.0pt;border-top: none;width: 60pt\" width=\"80\" height=\"20\">25<\/td>\n<td class=\"xl65\" style=\"border-top: none;border-left: none;width: 60pt\" width=\"80\">300<\/td>\n<\/tr>\n<tr style=\"height: 15.0pt\">\n<td class=\"xl66\" style=\"height: 15.0pt;border-top: none;width: 60pt\" width=\"80\" height=\"20\">35<\/td>\n<td class=\"xl66\" style=\"border-top: none;border-left: none;width: 60pt\" width=\"80\">380<\/td>\n<\/tr>\n<tr style=\"height: 15.0pt\">\n<td class=\"xl65\" style=\"height: 15.0pt;border-top: none;width: 60pt\" width=\"80\" height=\"20\">45<\/td>\n<td class=\"xl65\" style=\"border-top: none;border-left: none;width: 60pt\" width=\"80\">445<\/td>\n<\/tr>\n<tr style=\"height: 15.0pt\">\n<td class=\"xl66\" style=\"height: 15.0pt;border-top: none;width: 60pt\" width=\"80\" height=\"20\">70<\/td>\n<td class=\"xl66\" style=\"border-top: none;border-left: none;width: 60pt\" width=\"80\">600<\/td>\n<\/tr>\n<\/tbody>\n<\/table>\n<p>Une consommation d&rsquo;eau augment\u00e9e peut aider \u00e0 dissoudre l&rsquo;urine et plus tard r\u00e9duire le risque de formation de cristaux. Pour une dissolution des calculs de struvite, un r\u00e9gime clinique de 5-12 semaines est recommand\u00e9.<\/p>\n","protected":false},"excerpt":{"rendered":"<h1 class=\"dsu-product--title\">Croquettes pour chien soutenant la fonction urinaire<\/h1>\n","protected":false},"featured_media":16878,"template":"","meta":{"jetpack_publicize_message":"","jetpack_publicize_feature_enabled":true,"jetpack_social_post_already_shared":true,"jetpack_social_options":{"image_generator_settings":{"template":"highway","default_image_id":0,"font":"","enabled":false},"version":2}},"product_brand":[],"product_cat":[24,23,26],"product_tag":[],"class_list":{"0":"post-16870","1":"product","2":"type-product","3":"status-publish","4":"has-post-thumbnail","6":"product_cat-aliments-pour-chiens","7":"product_cat-chien","8":"product_cat-croquettes","10":"first","11":"onbackorder","12":"taxable","13":"shipping-taxable","14":"purchasable","15":"product-type-simple"},"supplier_id":5598,"supplier_sku":"","barcode":null,"atum_controlled":true,"out_stock_date":null,"out_stock_threshold":null,"inheritable":false,"inbound_stock":0,"stock_on_hold":3,"sold_today":0,"sales_last_days":2,"reserved_stock":0,"customer_returns":0,"warehouse_damage":0,"lost_in_post":0,"other_logs":0,"out_stock_days":0,"lost_sales":0,"has_location":false,"update_date":"2026-05-16T10:04:57","atum_locations":[],"atum_stock_status":"onbackorder","restock_status":false,"low_stock_amount":1,"sales_update_date":"2026-05-16T10:04:57","calc_backorders":-2,"jetpack_publicize_connections":[],"jetpack_sharing_enabled":true,"batches":[{"id":"1688","date_created":"2025-01-19 15:16:31","date_expiry":"2025-12-31 00:00:00","user_id":"2760","batch_number":"ProPlanVDChienUrinary3kg311225","location":"","quantity":"1.0000","quantity_available":"0.0000","units":"1","status":"archived","order_ids":"[17506]","supplier":"Proplan","po":{"id":"1662","date_created":"2025-01-19 15:16:32","batch_id":"1688","po_number":"","supplier":"Proplan","cost":null,"regular_price":null,"sale_price":null,"price_margin":null,"price_discount":null}},{"id":"1931","date_created":"2025-02-10 21:54:18","date_expiry":"2025-12-31 00:00:00","user_id":"2760","batch_number":"ProPlanVDChienUrinary3kg311225","location":"","quantity":"2.0000","quantity_available":"0.0000","units":"1","status":"archived","order_ids":"[29755,30144]","supplier":"Proplan","po":{"id":"1903","date_created":"2025-02-10 21:54:21","batch_id":"1931","po_number":"","supplier":"Proplan","cost":null,"regular_price":null,"sale_price":null,"price_margin":null,"price_discount":null}},{"id":"6182","date_created":"2025-11-14 20:17:59","date_expiry":"2026-02-28 00:00:00","user_id":"2760","batch_number":"ProPlanVDChienUrinary3kg280226","location":"","quantity":"1.0000","quantity_available":"0.0000","units":"1","status":"archived","order_ids":"[30826]","supplier":"Proplan","po":{"id":"6129","date_created":"2025-11-14 20:18:00","batch_id":"6182","po_number":"","supplier":"Proplan","cost":null,"regular_price":null,"sale_price":null,"price_margin":null,"price_discount":null}},{"id":"6424","date_created":"2025-12-02 11:25:44","date_expiry":"2026-09-28 00:00:00","user_id":"2760","batch_number":"ProPlanVDChienUrinary3kg280926","location":"","quantity":"1.0000","quantity_available":"0.0000","units":"1","status":"archived","order_ids":"[31508]","supplier":"Proplan","po":{"id":"6370","date_created":"2025-12-02 11:25:45","batch_id":"6424","po_number":"","supplier":"Proplan","cost":null,"regular_price":null,"sale_price":null,"price_margin":null,"price_discount":null}},{"id":"6647","date_created":"2025-12-12 15:14:27","date_expiry":"2026-09-30 00:00:00","user_id":"2760","batch_number":"ProPlanVDChienUrinary3kg300926","location":"","quantity":"1.0000","quantity_available":"0.0000","units":"1","status":"archived","order_ids":"[31987]","supplier":"Proplan","po":{"id":"6593","date_created":"2025-12-12 15:14:28","batch_id":"6647","po_number":"","supplier":"Proplan","cost":null,"regular_price":null,"sale_price":null,"price_margin":null,"price_discount":null}},{"id":"6999","date_created":"2025-12-28 14:51:34","date_expiry":"2026-12-30 00:00:00","user_id":"2760","batch_number":"ProPlanVDChienUrinary3kg301226","location":"","quantity":"2.0000","quantity_available":"0.0000","units":"1","status":"archived","order_ids":"[32809,40095]","supplier":"Proplan","po":{"id":"6938","date_created":"2025-12-28 14:51:34","batch_id":"6999","po_number":"","supplier":"Proplan","cost":null,"regular_price":null,"sale_price":null,"price_margin":null,"price_discount":null}},{"id":"9071","date_created":"2026-04-24 10:53:58","date_expiry":"2026-12-30 00:00:00","user_id":"2760","batch_number":"ProPlanVDChienUrinary3kg301226","location":"","quantity":"1.0000","quantity_available":"0.0000","units":"1","status":"archived","order_ids":"[41740]","supplier":"Proplan","po":{"id":"8994","date_created":"2026-04-24 10:53:58","batch_id":"9071","po_number":"","supplier":"Proplan","cost":null,"regular_price":null,"sale_price":null,"price_margin":null,"price_discount":null}}],"_links":{"self":[{"href":"https:\/\/petworld.ma\/index.php\/wp-json\/wp\/v2\/product\/16870","targetHints":{"allow":["GET"]}}],"collection":[{"href":"https:\/\/petworld.ma\/index.php\/wp-json\/wp\/v2\/product"}],"about":[{"href":"https:\/\/petworld.ma\/index.php\/wp-json\/wp\/v2\/types\/product"}],"wp:featuredmedia":[{"embeddable":true,"href":"https:\/\/petworld.ma\/index.php\/wp-json\/wp\/v2\/media\/16878"}],"wp:attachment":[{"href":"https:\/\/petworld.ma\/index.php\/wp-json\/wp\/v2\/media?parent=16870"}],"wp:term":[{"taxonomy":"product_brand","embeddable":true,"href":"https:\/\/petworld.ma\/index.php\/wp-json\/wp\/v2\/product_brand?post=16870"},{"taxonomy":"product_cat","embeddable":true,"href":"https:\/\/petworld.ma\/index.php\/wp-json\/wp\/v2\/product_cat?post=16870"},{"taxonomy":"product_tag","embeddable":true,"href":"https:\/\/petworld.ma\/index.php\/wp-json\/wp\/v2\/product_tag?post=16870"}],"curies":[{"name":"wp","href":"https:\/\/api.w.org\/{rel}","templated":true}]}}