{"id":1699,"date":"2023-03-13T18:08:42","date_gmt":"2023-03-13T18:08:42","guid":{"rendered":"https:\/\/petworld.ma\/?post_type=product&#038;p=1699"},"modified":"2026-04-24T17:21:45","modified_gmt":"2026-04-24T17:21:45","slug":"ownat-grain-free-prime-adult-poulet-dinde-8kg","status":"publish","type":"product","link":"https:\/\/petworld.ma\/index.php\/produit\/ownat-grain-free-prime-adult-poulet-dinde-8kg\/","title":{"rendered":"Ownat Grain Free Cat Prime Adult Poulet et Dinde 3kg | 8kg"},"content":{"rendered":"<p>Con\u00e7u pour combler tous les besoins nutritionnels des chats adultes de toute race ayant un niveau d&rsquo;activit\u00e9 normal. Son \u00e9laboration avec 50% de viande de poulet et de dinde apporte des prot\u00e9ines \u00e0 haute valeur biologique, une grande app\u00e9tibilit\u00e9 et permet une digestion facile.<\/p>\n<p><strong>Composition:<\/strong><\/p>\n<p>Viande fra\u00eeche de poulet et de dinde* (min. 50% avant l&rsquo;extrusion), viande d\u00e9shydrat\u00e9e (21%), petits pois entiers*, graisse de volaille\u00a0<em>(pr\u00e9serv\u00e9e avec des antioxydants naturels)<\/em>, racines de manioc*, pomme de terre d\u00e9shydrat\u00e9e*, poissons d\u00e9shydrat\u00e9s (anchois du P\u00e9rou, chinchard et maquereau), \u0153uf d\u00e9shydrat\u00e9*, levure de bi\u00e8re*, prot\u00e9ines de poulet hydrolys\u00e9es, pomme fra\u00eeche* (1%), pulpe de betterave, huile de poisson (pr\u00e9serv\u00e9e avec des antioxydants naturels), sel gemme*, luzerne d\u00e9shydrat\u00e9e*, fructo-oligosaccharides et mannane-oligosaccharides, algues marines d\u00e9shydrat\u00e9es*, glucosamine, chondro\u00eftine, yucca schidigera, airelles*, thym*, fleur de camomille*, fenouil*, \u00e9chinac\u00e9es*, th\u00e9 vert*.\u00a0<em>*Ingr\u00e9dients naturels<\/em><\/p>\n<p><strong>Constituants analytiques:<\/strong><\/p>\n<p>Prot\u00e9ine: 40%, teneur en mati\u00e8res grasses: 20%, cellulose brute: 2,5%, mati\u00e8re inorganique: 9%, humidit\u00e9: 8%, Om\u00e9ga 6: 3,54%, Om\u00e9ga 3: 0,42%, calcium: 1,6%, phosphore: 1,1%.<\/p>\n<p><strong>Tableau des rations<\/strong><\/p>\n<table>\n<tbody>\n<tr>\n<td>Poids chat (kg)<\/td>\n<td>Gr.\/ jour<\/td>\n<\/tr>\n<tr>\n<td>1-3<\/td>\n<td>15-45<\/td>\n<\/tr>\n<tr>\n<td>4<\/td>\n<td>45-55<\/td>\n<\/tr>\n<tr>\n<td>5<\/td>\n<td>55-65<\/td>\n<\/tr>\n<tr>\n<td>Chatte enceinte<\/td>\n<td>80-100<\/td>\n<\/tr>\n<tr>\n<td>Chatte en lactation<\/td>\n<td>Disposition libre<\/td>\n<\/tr>\n<\/tbody>\n<\/table>\n","protected":false},"excerpt":{"rendered":"<p>Con\u00e7u pour combler tous les besoins nutritionnels des chats adultes de toute race ayant un niveau d&rsquo;activit\u00e9 normal. Son \u00e9laboration avec 50% de viande de poulet et de dinde apporte des prot\u00e9ines \u00e0 haute valeur biologique, une grande app\u00e9tibilit\u00e9 et permet une digestion facile. Composition: Viande fra\u00eeche de poulet et de dinde* (min. 50% avant [&#8230;]\n","protected":false},"featured_media":1700,"template":"","meta":{"jetpack_publicize_message":"","jetpack_publicize_feature_enabled":true,"jetpack_social_post_already_shared":false,"jetpack_social_options":{"image_generator_settings":{"template":"highway","default_image_id":0,"font":"","enabled":false},"version":2}},"product_brand":[],"product_cat":[40],"product_tag":[],"class_list":{"0":"post-1699","1":"product","2":"type-product","3":"status-publish","4":"has-post-thumbnail","6":"product_cat-coquettes-pour-chat","8":"first","9":"instock","10":"taxable","11":"shipping-taxable","12":"purchasable","13":"product-type-variable"},"supplier_id":5595,"supplier_sku":"","barcode":null,"atum_controlled":true,"out_stock_date":"2024-12-18 14:50:18","out_stock_threshold":null,"inheritable":true,"inbound_stock":0,"stock_on_hold":0,"sold_today":0,"sales_last_days":2,"reserved_stock":0,"customer_returns":0,"warehouse_damage":0,"lost_in_post":0,"other_logs":0,"out_stock_days":487,"lost_sales":0,"has_location":false,"update_date":"2026-04-25T11:58:17","atum_locations":[],"atum_stock_status":"instock","restock_status":false,"low_stock_amount":"","sales_update_date":"2026-04-25T11:24:24","calc_backorders":null,"jetpack_publicize_connections":[],"jetpack_sharing_enabled":true,"batches":[],"_links":{"self":[{"href":"https:\/\/petworld.ma\/index.php\/wp-json\/wp\/v2\/product\/1699","targetHints":{"allow":["GET"]}}],"collection":[{"href":"https:\/\/petworld.ma\/index.php\/wp-json\/wp\/v2\/product"}],"about":[{"href":"https:\/\/petworld.ma\/index.php\/wp-json\/wp\/v2\/types\/product"}],"wp:featuredmedia":[{"embeddable":true,"href":"https:\/\/petworld.ma\/index.php\/wp-json\/wp\/v2\/media\/1700"}],"wp:attachment":[{"href":"https:\/\/petworld.ma\/index.php\/wp-json\/wp\/v2\/media?parent=1699"}],"wp:term":[{"taxonomy":"product_brand","embeddable":true,"href":"https:\/\/petworld.ma\/index.php\/wp-json\/wp\/v2\/product_brand?post=1699"},{"taxonomy":"product_cat","embeddable":true,"href":"https:\/\/petworld.ma\/index.php\/wp-json\/wp\/v2\/product_cat?post=1699"},{"taxonomy":"product_tag","embeddable":true,"href":"https:\/\/petworld.ma\/index.php\/wp-json\/wp\/v2\/product_tag?post=1699"}],"curies":[{"name":"wp","href":"https:\/\/api.w.org\/{rel}","templated":true}]}}