{"id":1702,"date":"2023-03-13T18:15:54","date_gmt":"2023-03-13T18:15:54","guid":{"rendered":"https:\/\/petworld.ma\/?post_type=product&#038;p=1702"},"modified":"2026-04-13T15:06:00","modified_gmt":"2026-04-13T15:06:00","slug":"ownat-grain-free-prime-adult-poulet-dinde-12kg","status":"publish","type":"product","link":"https:\/\/petworld.ma\/index.php\/produit\/ownat-grain-free-prime-adult-poulet-dinde-12kg\/","title":{"rendered":"Ownat Grain Free Prime Adult Chien Poulet et Dinde 3kg | 12kg"},"content":{"rendered":"<p>Fabriqu\u00e9 avec 50% de viande fra\u00eeche de poulet et de dinde, il apporte des prot\u00e9ines de la meilleure qualit\u00e9 nutritionnelle, les plus faciles \u00e0 dig\u00e9rer et les plus app\u00e9tibles. Adult Chicken &amp; Turkey a \u00e9t\u00e9 formul\u00e9 pour combler les besoins nutritionnels de chiens d\u2019\u00e2ge adulte avec un niveau d\u2019activit\u00e9 normal.<\/p>\n<p><strong>Composition:<\/strong><\/p>\n<p>Viande fra\u00eeche de poulet et de dinde* (min. 50% avant l&rsquo;extrusion), viande d\u00e9shydrat\u00e9e (20%), racines de manioc*, petits pois entiers*, graisse de volaille (pr\u00e9serv\u00e9e avec des antioxydants naturels), poisson d\u00e9shydrat\u00e9 (anchois du P\u00e9rou, chinchard et maquereau), gousse de caroube*, pomme de terre d\u00e9shydrat\u00e9e*, prot\u00e9ines de poulet hydrolys\u00e9es, pulpe de betterave, \u0153uf d\u00e9shydrat\u00e9*, pomme fra\u00eeche* (1%), huile de poisson (pr\u00e9serv\u00e9e avec des antioxydants naturels), luzerne d\u00e9shydrat\u00e9e*, levure de bi\u00e8re*, algues marines d\u00e9shydrat\u00e9es*, fructo-oligosaccharides et mannane-oligosaccharides, sel gemme*, glucosamine, chondro\u00eftine, yucca schidigera, airelles*, thym*, fleur de camomille*, fenouil*, \u00e9chinac\u00e9es*, th\u00e9 vert*.\u00a0<em>*Ingr\u00e9dients naturels<\/em><\/p>\n<p><strong>Constituants analytiques:<\/strong><\/p>\n<p>Prot\u00e9ine: 38%, teneur en mati\u00e8res grasses: 18%, cellulose brute: 3,5%, mati\u00e8re inorganique: 8,5%, humidit\u00e9: 8%, Om\u00e9ga 6: 3,6%, Om\u00e9ga 3: 0,37%, calcium: 1,4%, phosphore: 0,95%.<\/p>\n<p><strong>Tableau des rations<\/strong><\/p>\n<table>\n<tbody>\n<tr>\n<td>Poids chien (kg)<\/td>\n<td>Gr.\/ jour<\/td>\n<\/tr>\n<tr>\n<td>1-5<\/td>\n<td>50-75<\/td>\n<\/tr>\n<tr>\n<td>5-10<\/td>\n<td>75-150<\/td>\n<\/tr>\n<tr>\n<td>10-20<\/td>\n<td>150-220<\/td>\n<\/tr>\n<tr>\n<td>20-30<\/td>\n<td>220-320<\/td>\n<\/tr>\n<tr>\n<td>30-40<\/td>\n<td>320-420<\/td>\n<\/tr>\n<tr>\n<td>40-50<\/td>\n<td>420-520<\/td>\n<\/tr>\n<tr>\n<td>50-60<\/td>\n<td>520-600<\/td>\n<\/tr>\n<tr>\n<td>60-70<\/td>\n<td>600-700<\/td>\n<\/tr>\n<\/tbody>\n<\/table>\n","protected":false},"excerpt":{"rendered":"<p>Fabriqu\u00e9 avec 50% de viande fra\u00eeche de poulet et de dinde, il apporte des prot\u00e9ines de la meilleure qualit\u00e9 nutritionnelle, les plus faciles \u00e0 dig\u00e9rer et les plus app\u00e9tibles. Adult Chicken &amp; Turkey a \u00e9t\u00e9 formul\u00e9 pour combler les besoins nutritionnels de chiens d\u2019\u00e2ge adulte avec un niveau d\u2019activit\u00e9 normal. Composition: Viande fra\u00eeche de poulet [&#8230;]\n","protected":false},"featured_media":1704,"template":"","meta":{"jetpack_publicize_message":"","jetpack_publicize_feature_enabled":true,"jetpack_social_post_already_shared":false,"jetpack_social_options":{"image_generator_settings":{"template":"highway","default_image_id":0,"font":"","enabled":false},"version":2}},"product_brand":[],"product_cat":[26],"product_tag":[],"class_list":{"0":"post-1702","1":"product","2":"type-product","3":"status-publish","4":"has-post-thumbnail","6":"product_cat-croquettes","8":"first","9":"instock","10":"taxable","11":"shipping-taxable","12":"purchasable","13":"product-type-variable"},"supplier_id":5595,"supplier_sku":"","barcode":null,"atum_controlled":true,"out_stock_date":null,"out_stock_threshold":null,"inheritable":true,"inbound_stock":0,"stock_on_hold":0,"sold_today":0,"sales_last_days":0,"reserved_stock":0,"customer_returns":0,"warehouse_damage":0,"lost_in_post":0,"other_logs":0,"out_stock_days":0,"lost_sales":0,"has_location":false,"update_date":"2026-05-06T00:18:57","atum_locations":[],"atum_stock_status":"instock","restock_status":false,"low_stock_amount":"","sales_update_date":"2026-05-06T00:18:57","calc_backorders":null,"jetpack_publicize_connections":[],"jetpack_sharing_enabled":true,"batches":[],"_links":{"self":[{"href":"https:\/\/petworld.ma\/index.php\/wp-json\/wp\/v2\/product\/1702","targetHints":{"allow":["GET"]}}],"collection":[{"href":"https:\/\/petworld.ma\/index.php\/wp-json\/wp\/v2\/product"}],"about":[{"href":"https:\/\/petworld.ma\/index.php\/wp-json\/wp\/v2\/types\/product"}],"wp:featuredmedia":[{"embeddable":true,"href":"https:\/\/petworld.ma\/index.php\/wp-json\/wp\/v2\/media\/1704"}],"wp:attachment":[{"href":"https:\/\/petworld.ma\/index.php\/wp-json\/wp\/v2\/media?parent=1702"}],"wp:term":[{"taxonomy":"product_brand","embeddable":true,"href":"https:\/\/petworld.ma\/index.php\/wp-json\/wp\/v2\/product_brand?post=1702"},{"taxonomy":"product_cat","embeddable":true,"href":"https:\/\/petworld.ma\/index.php\/wp-json\/wp\/v2\/product_cat?post=1702"},{"taxonomy":"product_tag","embeddable":true,"href":"https:\/\/petworld.ma\/index.php\/wp-json\/wp\/v2\/product_tag?post=1702"}],"curies":[{"name":"wp","href":"https:\/\/api.w.org\/{rel}","templated":true}]}}