{"id":1705,"date":"2023-03-13T18:17:48","date_gmt":"2023-03-13T18:17:48","guid":{"rendered":"https:\/\/petworld.ma\/?post_type=product&#038;p=1705"},"modified":"2026-03-12T16:04:29","modified_gmt":"2026-03-12T16:04:29","slug":"ownat-grain-free-prime-junior-poulet-dinde-12kg","status":"publish","type":"product","link":"https:\/\/petworld.ma\/index.php\/produit\/ownat-grain-free-prime-junior-poulet-dinde-12kg\/","title":{"rendered":"Ownat Grain Free Prime Junior Poulet et Dinde 12kg"},"content":{"rendered":"<p>Indiqu\u00e9 pour les chiots \u00e0 compter de 2-3 mois et jusqu&rsquo;\u00e0 la fin de leur croissance. Il offre un apport \u00e9nerg\u00e9tique \u00e9lev\u00e9 et est riche en prot\u00e9ines hautement digestibles, n\u00e9cessaires pour permettre une croissance ad\u00e9quate. De m\u00eame, la proportion \u00e9quilibr\u00e9e de calcium et de phosphore assure le d\u00e9veloppement optimal de l&rsquo;ossature et de la dentition.<\/p>\n<p><strong>Composition:<\/strong><\/p>\n<p>Viande fra\u00eeche de poulet et de dinde* (min. 50% avant l&rsquo;extrusion), viande d\u00e9shydrat\u00e9e (18%), petits pois entiers*, graisse de volaille (pr\u00e9serv\u00e9e avec des antioxydants naturels), racines de manioc*, poissons d\u00e9shydrat\u00e9s (anchois du P\u00e9rou, chinchard et maquereau), pomme de terre d\u00e9shydrat\u00e9e*, \u0153uf d\u00e9shydrat\u00e9*, huile de poisson (pr\u00e9serv\u00e9e avec des antioxydants naturels), prot\u00e9ines de poulet hydrolys\u00e9es, pulpe de betterave, pomme fra\u00eeche* (1%), gousse de caroube*, luzerne d\u00e9shydrat\u00e9e*, levure de bi\u00e8re*, sel gemme*, fructo-oligosaccharides et mannane-oligosaccharides, algues marines d\u00e9shydrat\u00e9es*, glucosamine, chondro\u00eftine, yucca schidigera, airelles*, thym*, fleur de camomille*, fenouil*, \u00e9chinac\u00e9es*, th\u00e9 vert*.\u00a0<em>*Ingr\u00e9dients naturels<\/em><\/p>\n<p><strong>Constituants analytiques:<\/strong><\/p>\n<p>Prot\u00e9ine: 41%, teneur en mati\u00e8res grasses: 20%, cellulose brute: 2,5%, mati\u00e8re inorganique: 8,5%, humidit\u00e9: 8%, Om\u00e9ga 6: 3,8%, Om\u00e9ga 3: 0,4%, calcium: 1,5%, phosphore: 1%.<\/p>\n<p><strong>Tableau des rations<\/strong><\/p>\n<table>\n<tbody>\n<tr>\n<td>Poids chien (kg)<\/td>\n<td>&lt;3 mois \/ gr. jour<\/td>\n<td>3-5 mois \/ gr. jour<\/td>\n<td>6-8 mois \/ gr. jour<\/td>\n<td>9-11 mois \/ gr. jour<\/td>\n<td>&gt;12 mois \/ gr. jour<\/td>\n<\/tr>\n<tr>\n<td>1-10<\/td>\n<td>50-150<\/td>\n<td>200<\/td>\n<td>170<\/td>\n<td>150<\/td>\n<td>150<\/td>\n<\/tr>\n<tr>\n<td>10-20<\/td>\n<td>150-200<\/td>\n<td>270<\/td>\n<td>310<\/td>\n<td>270<\/td>\n<td>240<\/td>\n<\/tr>\n<tr>\n<td>20-30<\/td>\n<td>200-280<\/td>\n<td>370<\/td>\n<td>430<\/td>\n<td>390<\/td>\n<td>350<\/td>\n<\/tr>\n<tr>\n<td>30-40<\/td>\n<td>280-350<\/td>\n<td>460<\/td>\n<td>520<\/td>\n<td>480<\/td>\n<td>440<\/td>\n<\/tr>\n<tr>\n<td>40-50<\/td>\n<td>350-415<\/td>\n<td>540<\/td>\n<td>600<\/td>\n<td>580<\/td>\n<td>550<\/td>\n<\/tr>\n<tr>\n<td>50-60<\/td>\n<td>415-475<\/td>\n<td>610<\/td>\n<td>670<\/td>\n<td>640<\/td>\n<td>630<\/td>\n<\/tr>\n<tr>\n<td>60-70<\/td>\n<td>475-540<\/td>\n<td>710<\/td>\n<td>760<\/td>\n<td>730<\/td>\n<td>720<\/td>\n<\/tr>\n<\/tbody>\n<\/table>\n<p>&nbsp;<\/p>\n","protected":false},"excerpt":{"rendered":"<p>Indiqu\u00e9 pour les chiots \u00e0 compter de 2-3 mois et jusqu&rsquo;\u00e0 la fin de leur croissance. Il offre un apport \u00e9nerg\u00e9tique \u00e9lev\u00e9 et est riche en prot\u00e9ines hautement digestibles, n\u00e9cessaires pour permettre une croissance ad\u00e9quate. De m\u00eame, la proportion \u00e9quilibr\u00e9e de calcium et de phosphore assure le d\u00e9veloppement optimal de l&rsquo;ossature et de la dentition. [&#8230;]\n","protected":false},"featured_media":1706,"template":"","meta":{"jetpack_publicize_message":"","jetpack_publicize_feature_enabled":true,"jetpack_social_post_already_shared":false,"jetpack_social_options":{"image_generator_settings":{"template":"highway","default_image_id":0,"font":"","enabled":false},"version":2}},"product_brand":[],"product_cat":[26],"product_tag":[],"class_list":{"0":"post-1705","1":"product","2":"type-product","3":"status-publish","4":"has-post-thumbnail","6":"product_cat-croquettes","8":"first","9":"instock","10":"taxable","11":"shipping-taxable","12":"purchasable","13":"product-type-simple"},"supplier_id":5595,"supplier_sku":"43","barcode":null,"atum_controlled":true,"out_stock_date":null,"out_stock_threshold":null,"inheritable":false,"inbound_stock":0,"stock_on_hold":0,"sold_today":0,"sales_last_days":0,"reserved_stock":0,"customer_returns":0,"warehouse_damage":0,"lost_in_post":0,"other_logs":0,"out_stock_days":0,"lost_sales":0,"has_location":false,"update_date":"2026-05-07T00:17:36","atum_locations":[],"atum_stock_status":"instock","restock_status":false,"low_stock_amount":2,"sales_update_date":"2026-05-07T00:17:36","calc_backorders":0,"jetpack_publicize_connections":[],"jetpack_sharing_enabled":true,"batches":[{"id":"479","date_created":"2024-10-01 16:28:35","date_expiry":"2025-07-30 00:00:00","user_id":"2760","batch_number":"OWNAT GFJuniorChien12KG0725","location":"","quantity":"1.0000","quantity_available":"0.0000","units":"1","status":"archived","order_ids":"[11605,14749]","supplier":"Ownat","po":{"id":"462","date_created":"2024-10-01 16:28:35","batch_id":"479","po_number":"","supplier":"Ownat","cost":null,"regular_price":null,"sale_price":null,"price_margin":null,"price_discount":null}},{"id":"952","date_created":"2024-11-26 15:11:12","date_expiry":"2025-12-31 00:00:00","user_id":"2760","batch_number":"OWNAT GFJuniorChien12KG1225","location":"","quantity":"4.0000","quantity_available":"0.0000","units":"1","status":"archived","order_ids":"[16626,16966,17223,17694]","supplier":"Ownat","po":{"id":"929","date_created":"2024-11-26 15:11:12","batch_id":"952","po_number":"","supplier":"Ownat","cost":null,"regular_price":null,"sale_price":null,"price_margin":null,"price_discount":null}},{"id":"1910","date_created":"2025-02-10 21:02:16","date_expiry":"2026-04-30 00:00:00","user_id":"2760","batch_number":"OWNATGFJuniorChien12KG0426","location":"","quantity":"2.0000","quantity_available":"0.0000","units":"1","status":"archived","order_ids":"[18774,20510]","supplier":"Ownat","po":{"id":"1882","date_created":"2025-02-10 21:02:19","batch_id":"1910","po_number":"","supplier":"Ownat","cost":null,"regular_price":null,"sale_price":null,"price_margin":null,"price_discount":null}},{"id":"3096","date_created":"2025-04-21 20:53:40","date_expiry":"2026-08-30 00:00:00","user_id":"2760","batch_number":"OWNATGFJuniorChien12KG0826","location":"","quantity":"3.0000","quantity_available":"0.0000","units":"1","status":"archived","order_ids":"[21245,22473,30714]","supplier":"Ownat","po":{"id":"3063","date_created":"2025-04-21 20:53:41","batch_id":"3096","po_number":"","supplier":"Ownat","cost":null,"regular_price":null,"sale_price":null,"price_margin":null,"price_discount":null}},{"id":"3765","date_created":"2025-06-03 20:26:12","date_expiry":"2026-08-30 00:00:00","user_id":"2760","batch_number":"OWNATGFJuniorChien12KG0826","location":"","quantity":"2.0000","quantity_available":"0.0000","units":"1","status":"archived","order_ids":"[34655,36199]","supplier":"Ownat","po":{"id":"3730","date_created":"2025-06-03 20:26:12","batch_id":"3765","po_number":"","supplier":"Ownat","cost":null,"regular_price":null,"sale_price":null,"price_margin":null,"price_discount":null}},{"id":"4662","date_created":"2025-08-01 21:10:22","date_expiry":"2026-10-30 00:00:00","user_id":"2760","batch_number":"OWNATGFJuniorChien12KG1026","location":"","quantity":"1.0000","quantity_available":"1.0000","units":"1","status":"active","order_ids":null,"supplier":"Ownat","po":{"id":"4626","date_created":"2025-08-01 21:10:22","batch_id":"4662","po_number":"","supplier":"Ownat","cost":null,"regular_price":null,"sale_price":null,"price_margin":null,"price_discount":null}},{"id":"8056","date_created":"2026-02-28 21:54:36","date_expiry":"2026-08-30 00:00:00","user_id":"2760","batch_number":"OWNATGFJuniorChien12KG0826","location":"","quantity":"2.0000","quantity_available":"2.0000","units":"1","status":"active","order_ids":null,"supplier":"Ownat","po":{"id":"7994","date_created":"2026-02-28 21:54:37","batch_id":"8056","po_number":"","supplier":"Ownat","cost":null,"regular_price":null,"sale_price":null,"price_margin":null,"price_discount":null}}],"_links":{"self":[{"href":"https:\/\/petworld.ma\/index.php\/wp-json\/wp\/v2\/product\/1705","targetHints":{"allow":["GET"]}}],"collection":[{"href":"https:\/\/petworld.ma\/index.php\/wp-json\/wp\/v2\/product"}],"about":[{"href":"https:\/\/petworld.ma\/index.php\/wp-json\/wp\/v2\/types\/product"}],"wp:featuredmedia":[{"embeddable":true,"href":"https:\/\/petworld.ma\/index.php\/wp-json\/wp\/v2\/media\/1706"}],"wp:attachment":[{"href":"https:\/\/petworld.ma\/index.php\/wp-json\/wp\/v2\/media?parent=1705"}],"wp:term":[{"taxonomy":"product_brand","embeddable":true,"href":"https:\/\/petworld.ma\/index.php\/wp-json\/wp\/v2\/product_brand?post=1705"},{"taxonomy":"product_cat","embeddable":true,"href":"https:\/\/petworld.ma\/index.php\/wp-json\/wp\/v2\/product_cat?post=1705"},{"taxonomy":"product_tag","embeddable":true,"href":"https:\/\/petworld.ma\/index.php\/wp-json\/wp\/v2\/product_tag?post=1705"}],"curies":[{"name":"wp","href":"https:\/\/api.w.org\/{rel}","templated":true}]}}