{"id":1710,"date":"2023-03-13T18:43:18","date_gmt":"2023-03-13T18:43:18","guid":{"rendered":"https:\/\/petworld.ma\/?post_type=product&#038;p=1710"},"modified":"2026-04-21T20:50:12","modified_gmt":"2026-04-21T20:50:12","slug":"purina-pro-plan-nutrisavour-sterilised-85-g","status":"publish","type":"product","link":"https:\/\/petworld.ma\/index.php\/produit\/purina-pro-plan-nutrisavour-sterilised-85-g\/","title":{"rendered":"Purina Pro Plan Nutrisavour Sterilised Poulet 85 g"},"content":{"rendered":"<div class=\"product_section js-product_section container is-justify-space-between has-padding-bottom \" data-rv-handle=\"pro-plan\u00ae-sterilised-nutrisavour\u2122-en-sauce-au-poulet-85g\">\n<div class=\"product__information has-product-sticker one-half column medium-down--one-whole\">\n<div class=\"description content bottom has-padding-top\">\n<div class=\"info-icon__container_wrapper\">\n<div class=\"info-icon__container\">\n<div class=\"info-icon__text\">\n<div class=\"product_detail_product_information\">\n<div class=\"generic-block__container\">\n<div class=\"generic-block__container--inner\">\n<div class=\"generic-block__container--text-block\">\n<div class=\"feeding-guide-table-wrap\">\n<ul>\n<li>Sachets pour Chat St\u00e9rilis\u00e9.<\/li>\n<li>Aide \u00e0 maintenir la bonne sant\u00e9 des voies urinaires chez les chats castr\u00e9s\/st\u00e9rilis\u00e9s.<\/li>\n<li>Aide \u00e0 maintenir un poids de forme.<\/li>\n<li>Aide \u00e0 maintenir des d\u00e9fenses naturelles, gr\u00e2ce \u00e0 des antioxydants comme la vitamine E.<\/li>\n<\/ul>\n<p>PRO PLAN<sup>\u00ae<\/sup>\u00a0Sterilised NUTRISAVOUR\u2122 est un aliment complet et \u00e9quilibr\u00e9 pour chats qui apporte tous les nutriments essentiels. Il est formul\u00e9 pour aider \u00e0 maintenir une bonne sant\u00e9 urinaire chez les chats castr\u00e9s\/st\u00e9rilis\u00e9s.<\/p>\n<p>Disponible en sachets fra\u00eecheur de 85g et en bo\u00eetes de 10 sachets fra\u00eecheurs de 85g.<\/p>\n<p>PRO PLAN<sup>\u00ae<\/sup>\u00a0STERILISED Nutrisavour a \u00e9t\u00e9 sp\u00e9cialement formul\u00e9 pour aider les chats st\u00e9rilis\u00e9s et castr\u00e9s \u00e0 rester en bonne sant\u00e9. La recette contient des nutriments soigneusement s\u00e9lectionn\u00e9s pour aider \u00e0 maintenir un syst\u00e8me urinaire sain ainsi qu\u2019un faible niveau en calories pour aider les chats st\u00e9rilis\u00e9s et castr\u00e9s \u00e0 garder un poids de forme id\u00e9al.<\/p>\n<p><strong>Caract\u00e9ristiques<\/strong><\/p>\n<ul>\n<li>Sachets pour Chat St\u00e9rilis\u00e9.<\/li>\n<li>Aide \u00e0 maintenir la bonne sant\u00e9 des voies urinaires chez les chats castr\u00e9s\/st\u00e9rilis\u00e9s.*<\/li>\n<li>Aide \u00e0 maintenir un poids de forme.**<\/li>\n<li>Aide \u00e0 maintenir des d\u00e9fenses naturelles, gr\u00e2ce \u00e0 des antioxydants comme la vitamine E.**<\/li>\n<li>Au poulet.<\/li>\n<\/ul>\n<p>*Comme tout aliment humide pour chat.<\/p>\n<p>**Uniquement sur la gamme de sachets fra\u00eecheur \u00e0 l\u2019exception de Nutrisavour(r) St\u00e9rilis\u00e9 7+.<\/p>\n<p><strong>Ingr\u00e9dients<\/strong><\/p>\n<div>\n<div class=\"field__item\">\n<p>Viandes et sous-produits animaux (dont poulet 4 %)<br \/>\nExtraits de prot\u00e9ines v\u00e9g\u00e9tales<br \/>\nPoissons et sous-produits de poissons<br \/>\nHuiles et graisses<br \/>\nSous-produits d\u2019origine v\u00e9g\u00e9tale<br \/>\nSubstances min\u00e9rales<br \/>\nSucres<\/p>\n<\/div>\n<div class=\"field__item\">\n<p><strong>Nutrition et constituants analytiques<\/strong><\/p>\n<p>Humidit\u00e9 : 78,0 %<br \/>\nProt\u00e9ine : 13,0 %<br \/>\nTeneur en mati\u00e8res grasses : 3,3 %<br \/>\nCendres brutes : 2,0 %<br \/>\nCellulose brute : 0,4 %<br \/>\nTaurine : 683 mg\/kg<\/p>\n<p><strong>Additifs nutritionnels<\/strong><\/p>\n<p>Calcium : 0,33 %<br \/>\nPhosphore : 0,22 %<br \/>\nRapport Ca\/P : 1,5 %<br \/>\nSodium : 0,14 %<br \/>\nChlore : 0,14 %<br \/>\nPotassium : 0,18 %<br \/>\nMagn\u00e9sium : 0,02 %<\/p>\n<p>mg\/kg :<br \/>\nFer : 37,45 ;<br \/>\nCuivre : 3,04 ;<br \/>\nMangan\u00e8se : 3,97 ;<br \/>\nIode : 0,62 ;<br \/>\nZinc : 30,97 ;<br \/>\nS\u00e9l\u00e9nium : 0,14.<\/p>\n<p>UI\/kg :<br \/>\nVit A : 19108 ;<br \/>\nVit D3 : 216 ;<br \/>\nVit E : 342.<\/p>\n<p>mg\/kg :<br \/>\nVit K : 0,15 ;<br \/>\nVit B1 : 21,35 ;<br \/>\nVit B2 : 5,16 ;<br \/>\nVit B3 : 51,33 ;<br \/>\nVit B5 : 12,92 ;<br \/>\nVit B6 : 2,32 ;<br \/>\nVit B8 : 0,11 ;<br \/>\nVit B9 : 0,64 ;<br \/>\nVit B12 : 0,05.<\/p>\n<p><strong>Acides gras essentiels<\/strong><\/p>\n<p>Om\u00e8ga-6 : 1,25 %<br \/>\nAcide linol\u00e9ique : 1,09 %<br \/>\nOm\u00e8ga-3 : 0,11 %<br \/>\nAcide arachidonique : 0,17 %<\/p>\n<p><strong>\u00c9nergie<\/strong><\/p>\n<p>Kcal\/kg :<br \/>\n\u00c9nergie m\u00e9tabolisable (calcul\u00e9e)\u00a0: 0,94.<\/p>\n<p><strong>Guide d&rsquo;alimentation<\/strong><\/p>\n<p>Mode d&#8217;emploi : Pour un chat adulte d&rsquo;environ 4kg, donnez 3 sachets par jour r\u00e9partis de pr\u00e9f\u00e9rence en au moins 2 repas.<br \/>\nLes rations journali\u00e8res sont bas\u00e9es sur des chats \u00e0 l\u2019activit\u00e9 mod\u00e9r\u00e9e dans des conditions de temp\u00e9rature normale. Les besoins varient selon le chat, la ration alimentaire doit donc \u00eatre ajust\u00e9e afin de le maintenir \u00e0 son poids de forme. Servir \u00e0 temp\u00e9rature ambiante. De l&rsquo;eau propre et fra\u00eeche doit toujours \u00eatre disponible. Pour la sant\u00e9 de votre chat, consultez r\u00e9guli\u00e8rement votre v\u00e9t\u00e9rinaire.<\/p>\n<p>Quel est le poids de votre chat ?<\/p>\n<div class=\"table-wrapper\">\n<table>\n<tbody>\n<tr>\n<td><strong>Poids (kg)<\/strong><\/td>\n<td><strong>Sachet \/ Jour<\/strong><\/td>\n<\/tr>\n<tr>\n<td>2<\/td>\n<td>2<\/td>\n<\/tr>\n<tr>\n<td>4<\/td>\n<td>3<\/td>\n<\/tr>\n<tr>\n<td>6<\/td>\n<td>5<\/td>\n<\/tr>\n<\/tbody>\n<\/table>\n<\/div>\n<\/div>\n<\/div>\n<\/div>\n<\/div>\n<\/div>\n<\/div>\n<\/div>\n<\/div>\n<\/div>\n<\/div>\n<\/div>\n<\/div>\n<\/div>\n<div><\/div>\n","protected":false},"excerpt":{"rendered":"<p>Prix pour un sachet de 85g<\/p>\n","protected":false},"featured_media":24771,"template":"","meta":{"jetpack_publicize_message":"","jetpack_publicize_feature_enabled":true,"jetpack_social_post_already_shared":false,"jetpack_social_options":{"image_generator_settings":{"template":"highway","default_image_id":0,"font":"","enabled":false},"version":2}},"product_brand":[],"product_cat":[41],"product_tag":[],"class_list":{"0":"post-1710","1":"product","2":"type-product","3":"status-publish","4":"has-post-thumbnail","6":"product_cat-friandises-et-pate-pour-chat","8":"first","9":"instock","10":"sale","11":"taxable","12":"shipping-taxable","13":"purchasable","14":"product-type-simple"},"supplier_id":5598,"supplier_sku":"7613034771186","barcode":null,"atum_controlled":true,"out_stock_date":null,"out_stock_threshold":null,"inheritable":false,"inbound_stock":0,"stock_on_hold":0,"sold_today":0,"sales_last_days":76,"reserved_stock":0,"customer_returns":0,"warehouse_damage":0,"lost_in_post":0,"other_logs":0,"out_stock_days":0,"lost_sales":0,"has_location":false,"update_date":"2026-04-24T10:56:09","atum_locations":[],"atum_stock_status":"instock","restock_status":false,"low_stock_amount":100,"sales_update_date":"2026-04-24T10:56:07","calc_backorders":null,"jetpack_publicize_connections":[],"jetpack_sharing_enabled":true,"batches":[{"id":"727","date_created":"2024-11-02 10:35:13","date_expiry":"2026-04-30 00:00:00","user_id":"50","batch_number":"PPLANSteriliseP85Gr300426","location":"","quantity":"62.0000","quantity_available":"0.0000","units":"1","status":"archived","order_ids":"[13985,14155,14381,14764,14767,14781,14860,14942]","supplier":"Proplan","po":{"id":"708","date_created":"2024-11-02 10:35:14","batch_id":"727","po_number":"","supplier":"Proplan","cost":null,"regular_price":null,"sale_price":null,"price_margin":null,"price_discount":null}},{"id":"728","date_created":"2024-11-02 10:35:14","date_expiry":"2026-06-30 00:00:00","user_id":"50","batch_number":"PPLANSteriliseP85Gr300626","location":"","quantity":"52.0000","quantity_available":"0.0000","units":"1","status":"archived","order_ids":"[14942,15038,15078,16021,16055,16218,16293]","supplier":"Proplan","po":{"id":"709","date_created":"2024-11-02 10:35:14","batch_id":"728","po_number":"","supplier":"Proplan","cost":null,"regular_price":null,"sale_price":null,"price_margin":null,"price_discount":null}},{"id":"1049","date_created":"2024-12-06 00:18:04","date_expiry":"2026-06-30 00:00:00","user_id":"50","batch_number":"PPLANSteriliseP85Gr300626","location":"","quantity":"26.0000","quantity_available":"0.0000","units":"1","status":"archived","order_ids":"[15782,15904,15941,15953]","supplier":"Proplan","po":{"id":"1026","date_created":"2024-12-06 00:18:04","batch_id":"1049","po_number":"","supplier":"Proplan","cost":null,"regular_price":null,"sale_price":null,"price_margin":null,"price_discount":null}},{"id":"1433","date_created":"2024-12-28 22:27:11","date_expiry":"2026-06-30 00:00:00","user_id":"50","batch_number":"PPLANSteriliseP85Gr300626","location":"","quantity":"26.0000","quantity_available":"0.0000","units":"1","status":"archived","order_ids":"[16293,16371,16499]","supplier":"Proplan","po":{"id":"1406","date_created":"2024-12-28 22:27:14","batch_id":"1433","po_number":"","supplier":"Proplan","cost":null,"regular_price":null,"sale_price":null,"price_margin":null,"price_discount":null}},{"id":"1511","date_created":"2025-01-03 22:12:46","date_expiry":"2026-06-30 00:00:00","user_id":"50","batch_number":"PPLANSteriliseP85Gr300626","location":"","quantity":"26.0000","quantity_available":"0.0000","units":"1","status":"archived","order_ids":"[16499,16683,16840,16921,16953,16959,17013]","supplier":"Proplan","po":{"id":"1485","date_created":"2025-01-03 22:12:49","batch_id":"1511","po_number":"","supplier":"Proplan","cost":null,"regular_price":null,"sale_price":null,"price_margin":null,"price_discount":null}},{"id":"1546","date_created":"2025-01-09 18:44:01","date_expiry":"2026-06-30 00:00:00","user_id":"50","batch_number":"PPLANSteriliseP85Gr300626","location":"","quantity":"26.0000","quantity_available":"0.0000","units":"1","status":"archived","order_ids":"[17092,17151]","supplier":"Proplan","po":{"id":"1520","date_created":"2025-01-09 18:44:04","batch_id":"1546","po_number":"","supplier":"Proplan","cost":null,"regular_price":null,"sale_price":null,"price_margin":null,"price_discount":null}},{"id":"1806","date_created":"2025-01-28 22:07:27","date_expiry":"2026-06-30 00:00:00","user_id":"50","batch_number":"PPLANSteriliseP85Gr300626","location":"","quantity":"26.0000","quantity_available":"0.0000","units":"1","status":"archived","order_ids":"[17520,17617,17632,17672,17699]","supplier":"Proplan","po":{"id":"1780","date_created":"2025-01-28 22:07:30","batch_id":"1806","po_number":"","supplier":"Proplan","cost":null,"regular_price":null,"sale_price":null,"price_margin":null,"price_discount":null}},{"id":"1932","date_created":"2025-02-10 22:24:58","date_expiry":"2026-06-30 00:00:00","user_id":"50","batch_number":"PPLANSteriliseP85Gr300626","location":"","quantity":"104.0000","quantity_available":"0.0000","units":"1","status":"archived","order_ids":"[17800,18090,18111,18120,18392,18420,18519,18667,18675,18788,18895,18901,18987,19165,19236,19538,20008,20076,20085]","supplier":"Proplan","po":{"id":"1904","date_created":"2025-02-10 22:25:01","batch_id":"1932","po_number":"","supplier":"Proplan","cost":null,"regular_price":null,"sale_price":null,"price_margin":null,"price_discount":null}},{"id":"2345","date_created":"2025-03-13 22:06:48","date_expiry":"2026-06-30 00:00:00","user_id":"50","batch_number":"PPLANSteriliseP85Gr300626","location":"","quantity":"78.0000","quantity_available":"0.0000","units":"1","status":"archived","order_ids":"[20085,20214,20345,20732,21034,21120]","supplier":"Proplan","po":{"id":"2313","date_created":"2025-03-13 22:06:50","batch_id":"2345","po_number":"","supplier":"Proplan","cost":null,"regular_price":null,"sale_price":null,"price_margin":null,"price_discount":null}},{"id":"3142","date_created":"2025-04-24 08:56:00","date_expiry":"2026-11-30 00:00:00","user_id":"50","batch_number":"PPLANSteriliseP85Gr301126","location":"","quantity":"52.0000","quantity_available":"0.0000","units":"1","status":"archived","order_ids":"[21120,21158,21208,21322,21399,21406,21581]","supplier":"Proplan","po":{"id":"3109","date_created":"2025-04-24 08:56:01","batch_id":"3142","po_number":"","supplier":"Proplan","cost":null,"regular_price":null,"sale_price":null,"price_margin":null,"price_discount":null}},{"id":"3327","date_created":"2025-05-07 23:47:18","date_expiry":"2026-11-30 00:00:00","user_id":"50","batch_number":"PPLANSteriliseP85Gr301126","location":"","quantity":"52.0000","quantity_available":"0.0000","units":"1","status":"archived","order_ids":"[21581,22011,22264,22412,22525,22553,22576,22715,22864,22883]","supplier":"Proplan","po":{"id":"3294","date_created":"2025-05-07 23:47:19","batch_id":"3327","po_number":"","supplier":"Proplan","cost":null,"regular_price":null,"sale_price":null,"price_margin":null,"price_discount":null}},{"id":"3446","date_created":"2025-05-15 21:51:58","date_expiry":"2026-12-30 00:00:00","user_id":"50","batch_number":"PPLANSteriliseP85Gr301226","location":"","quantity":"26.0000","quantity_available":"0.0000","units":"1","status":"archived","order_ids":"[22883,23557,23668]","supplier":"Proplan","po":{"id":"3413","date_created":"2025-05-15 21:51:59","batch_id":"3446","po_number":"","supplier":"Proplan","cost":null,"regular_price":null,"sale_price":null,"price_margin":null,"price_discount":null}},{"id":"3648","date_created":"2025-05-29 08:53:05","date_expiry":"2026-12-30 00:00:00","user_id":"50","batch_number":"PPLANSteriliseP85Gr301226","location":"","quantity":"78.0000","quantity_available":"0.0000","units":"1","status":"archived","order_ids":"[23918,24253,24365,23928,24489,24564,24814,24862,25068,25152,25277,25528,25582,25703,25778]","supplier":"Proplan","po":{"id":"3615","date_created":"2025-05-29 08:53:05","batch_id":"3648","po_number":"","supplier":"Proplan","cost":null,"regular_price":null,"sale_price":null,"price_margin":null,"price_discount":null}},{"id":"3874","date_created":"2025-06-05 10:23:00","date_expiry":"2026-12-30 00:00:00","user_id":"50","batch_number":"PPLANSteriliseP85Gr301226","location":"","quantity":"52.0000","quantity_available":"0.0000","units":"1","status":"archived","order_ids":"[23668,23674,23838,23881,23903,23918]","supplier":"Proplan","po":{"id":"3838","date_created":"2025-06-05 10:23:00","batch_id":"3874","po_number":"","supplier":"Proplan","cost":null,"regular_price":null,"sale_price":null,"price_margin":null,"price_discount":null}},{"id":"4508","date_created":"2025-07-17 17:50:23","date_expiry":"2027-01-31 00:00:00","user_id":"50","batch_number":"PPLANSteriliseP85Gr310127","location":"","quantity":"26.0000","quantity_available":"0.0000","units":"1","status":"archived","order_ids":"[25778,26294]","supplier":"Proplan","po":{"id":"4472","date_created":"2025-07-17 17:50:23","batch_id":"4508","po_number":"","supplier":"Proplan","cost":null,"regular_price":null,"sale_price":null,"price_margin":null,"price_discount":null}},{"id":"4780","date_created":"2025-08-08 15:11:02","date_expiry":"2027-02-28 00:00:00","user_id":"50","batch_number":"PPLANSteriliseP85Gr280227","location":"","quantity":"26.0000","quantity_available":"0.0000","units":"1","status":"archived","order_ids":"[26294,25792,26553,26617]","supplier":"Proplan","po":{"id":"4744","date_created":"2025-08-08 15:11:02","batch_id":"4780","po_number":"","supplier":"Proplan","cost":null,"regular_price":null,"sale_price":null,"price_margin":null,"price_discount":null}},{"id":"5142","date_created":"2025-09-04 13:44:32","date_expiry":"2027-02-28 00:00:00","user_id":"50","batch_number":"PPLANSteriliseP85Gr280227","location":"","quantity":"104.0000","quantity_available":"0.0000","units":"1","status":"archived","order_ids":"[26774,26792,26856,26946,27008,27199,28901,29201,29269,29393,29478,29508,29671]","supplier":"Proplan","po":{"id":"5105","date_created":"2025-09-04 13:44:33","batch_id":"5142","po_number":"","supplier":"Proplan","cost":null,"regular_price":null,"sale_price":null,"price_margin":null,"price_discount":null}},{"id":"5491","date_created":"2025-09-24 14:56:36","date_expiry":"2027-02-08 00:00:00","user_id":"50","batch_number":"PPLANSteriliseP85Gr280227","location":"","quantity":"26.0000","quantity_available":"0.0000","units":"1","status":"archived","order_ids":"[28062,28366,28840,28901]","supplier":"Proplan","po":{"id":"5446","date_created":"2025-09-24 14:56:44","batch_id":"5491","po_number":"","supplier":"Proplan","cost":null,"regular_price":null,"sale_price":null,"price_margin":null,"price_discount":null}},{"id":"5993","date_created":"2025-11-04 16:54:42","date_expiry":"2027-02-28 00:00:00","user_id":"50","batch_number":"PPLANSteriliseP85Gr280227","location":"","quantity":"78.0000","quantity_available":"0.0000","units":"1","status":"archived","order_ids":"[29872,30175,30907,31011,31016,31218,31292,29388]","supplier":"Proplan","po":{"id":"5936","date_created":"2025-11-04 16:54:42","batch_id":"5993","po_number":"","supplier":"Proplan","cost":null,"regular_price":null,"sale_price":null,"price_margin":null,"price_discount":null}},{"id":"6173","date_created":"2025-11-14 19:37:52","date_expiry":"2027-02-28 00:00:00","user_id":"50","batch_number":"PPLANSteriliseP85Gr280227","location":"","quantity":"26.0000","quantity_available":"0.0000","units":"1","status":"archived","order_ids":"[30373,30462,30632,30731,30907]","supplier":"Proplan","po":{"id":"6120","date_created":"2025-11-14 19:37:53","batch_id":"6173","po_number":"","supplier":"Proplan","cost":null,"regular_price":null,"sale_price":null,"price_margin":null,"price_discount":null}},{"id":"6419","date_created":"2025-12-02 11:20:44","date_expiry":"2027-03-28 00:00:00","user_id":"50","batch_number":"PPLANSteriliseP85Gr280327","location":"","quantity":"26.0000","quantity_available":"0.0000","units":"1","status":"archived","order_ids":"[31690,31726,31755]","supplier":"Proplan","po":{"id":"6365","date_created":"2025-12-02 11:20:45","batch_id":"6419","po_number":"","supplier":"Proplan","cost":null,"regular_price":null,"sale_price":null,"price_margin":null,"price_discount":null}},{"id":"6632","date_created":"2025-12-12 12:07:35","date_expiry":"2027-03-31 00:00:00","user_id":"50","batch_number":"PPLANSteriliseP85Gr310327","location":"","quantity":"78.0000","quantity_available":"0.0000","units":"1","status":"archived","order_ids":"[31969,32056,32065,35176,35289,35642,35817,35841]","supplier":"Proplan","po":{"id":"6577","date_created":"2025-12-12 12:07:36","batch_id":"6632","po_number":"","supplier":"Proplan","cost":null,"regular_price":null,"sale_price":null,"price_margin":null,"price_discount":null}},{"id":"6717","date_created":"2025-12-16 15:20:30","date_expiry":"2027-03-31 00:00:00","user_id":"50","batch_number":"PPLANSteriliseP85Gr310327","location":"","quantity":"26.0000","quantity_available":"0.0000","units":"1","status":"archived","order_ids":"[32211,32648,33852,34512,34684]","supplier":"Proplan","po":{"id":"6663","date_created":"2025-12-16 15:20:31","batch_id":"6717","po_number":"","supplier":"Proplan","cost":null,"regular_price":null,"sale_price":null,"price_margin":null,"price_discount":null}},{"id":"6944","date_created":"2025-12-26 14:36:26","date_expiry":"2027-03-01 00:00:00","user_id":"50","batch_number":"PPLANSteriliseP85Gr010327","location":"","quantity":"78.0000","quantity_available":"0.0000","units":"1","status":"archived","order_ids":"[32963,33086,33412,33417,33595,33631,33852]","supplier":"Proplan","po":{"id":"6883","date_created":"2025-12-26 14:36:26","batch_id":"6944","po_number":"","supplier":"Proplan","cost":null,"regular_price":null,"sale_price":null,"price_margin":null,"price_discount":null}},{"id":"7070","date_created":"2026-01-07 10:29:09","date_expiry":"2027-03-31 00:00:00","user_id":"50","batch_number":"PPLANSteriliseP85Gr310327","location":"","quantity":"26.0000","quantity_available":"0.0000","units":"1","status":"archived","order_ids":"[34684,34718,34863]","supplier":"Proplan","po":{"id":"7008","date_created":"2026-01-07 10:29:10","batch_id":"7070","po_number":"","supplier":"Proplan","cost":null,"regular_price":null,"sale_price":null,"price_margin":null,"price_discount":null}},{"id":"7224","date_created":"2026-01-19 12:43:20","date_expiry":"2027-03-31 00:00:00","user_id":"50","batch_number":"PPLANSteriliseP85Gr310327","location":"","quantity":"26.0000","quantity_available":"0.0000","units":"1","status":"archived","order_ids":"[34863,34991,35176]","supplier":"Proplan","po":{"id":"7160","date_created":"2026-01-19 12:43:21","batch_id":"7224","po_number":"","supplier":"Proplan","cost":null,"regular_price":null,"sale_price":null,"price_margin":null,"price_discount":null}},{"id":"7380","date_created":"2026-01-30 11:04:15","date_expiry":"2027-05-31 00:00:00","user_id":"50","batch_number":"PPLANSteriliseP85Gr310527","location":"","quantity":"26.0000","quantity_available":"0.0000","units":"1","status":"archived","order_ids":"[35841,36395,37018,37034,37427]","supplier":"Proplan","po":{"id":"7316","date_created":"2026-01-30 11:04:15","batch_id":"7380","po_number":"","supplier":"Proplan","cost":null,"regular_price":null,"sale_price":null,"price_margin":null,"price_discount":null}},{"id":"7608","date_created":"2026-02-10 12:14:47","date_expiry":"2027-07-30 00:00:00","user_id":"50","batch_number":"PPLANSteriliseP85Gr310727","location":"","quantity":"30.0000","quantity_available":"0.0000","units":"1","status":"archived","order_ids":"[37980,38019]","supplier":"Proplan","po":{"id":"7543","date_created":"2026-02-10 12:14:48","batch_id":"7608","po_number":"","supplier":"Proplan","cost":null,"regular_price":null,"sale_price":null,"price_margin":null,"price_discount":null}},{"id":"7667","date_created":"2026-02-13 11:32:37","date_expiry":"2027-07-30 00:00:00","user_id":"50","batch_number":"PPLANSteriliseP85Gr310727","location":"","quantity":"10.0000","quantity_available":"0.0000","units":"1","status":"archived","order_ids":"[37427,37822]","supplier":"Proplan","po":{"id":"7602","date_created":"2026-02-13 11:32:37","batch_id":"7667","po_number":"","supplier":"Proplan","cost":null,"regular_price":null,"sale_price":null,"price_margin":null,"price_discount":null}},{"id":"8113","date_created":"2026-03-06 10:30:11","date_expiry":"2027-07-30 00:00:00","user_id":"50","batch_number":"PPLANSteriliseP85Gr310727","location":"","quantity":"40.0000","quantity_available":"0.0000","units":"1","status":"archived","order_ids":"[38019,38116,38331]","supplier":"Proplan","po":{"id":"8052","date_created":"2026-03-06 10:30:11","batch_id":"8113","po_number":"","supplier":"Proplan","cost":null,"regular_price":null,"sale_price":null,"price_margin":null,"price_discount":null}},{"id":"8190","date_created":"2026-03-13 01:33:04","date_expiry":"2027-07-30 00:00:00","user_id":"50","batch_number":"PPLANSteriliseP85Gr310727","location":"","quantity":"20.0000","quantity_available":"0.0000","units":"1","status":"archived","order_ids":"[37822,37980]","supplier":"Proplan","po":{"id":"8128","date_created":"2026-03-13 01:33:05","batch_id":"8190","po_number":"","supplier":"Proplan","cost":null,"regular_price":null,"sale_price":null,"price_margin":null,"price_discount":null}},{"id":"8395","date_created":"2026-03-21 15:17:40","date_expiry":"2027-07-30 00:00:00","user_id":"50","batch_number":"PPLANSteriliseP85Gr310727","location":"","quantity":"40.0000","quantity_available":"0.0000","units":"1","status":"archived","order_ids":"[38331,38365,38379,38500,38554]","supplier":"Proplan","po":{"id":"8323","date_created":"2026-03-21 15:17:40","batch_id":"8395","po_number":"","supplier":"Proplan","cost":null,"regular_price":null,"sale_price":null,"price_margin":null,"price_discount":null}},{"id":"8573","date_created":"2026-03-28 09:42:35","date_expiry":"2027-07-30 00:00:00","user_id":"50","batch_number":"PPLANSteriliseP85Gr310727","location":"","quantity":"30.0000","quantity_available":"0.0000","units":"1","status":"archived","order_ids":"[38554,38614,38707,38816,38964]","supplier":"Proplan","po":{"id":"8501","date_created":"2026-03-28 09:42:36","batch_id":"8573","po_number":"","supplier":"Proplan","cost":null,"regular_price":null,"sale_price":null,"price_margin":null,"price_discount":null}},{"id":"8611","date_created":"2026-04-01 15:35:35","date_expiry":"2027-07-30 00:00:00","user_id":"50","batch_number":"PPLANSteriliseP85Gr310727","location":"","quantity":"80.0000","quantity_available":"0.0000","units":"1","status":"archived","order_ids":"[38964,39140,39238,39297,39896,39905,40086]","supplier":"Proplan","po":{"id":"8539","date_created":"2026-04-01 15:35:35","batch_id":"8611","po_number":"","supplier":"Proplan","cost":null,"regular_price":null,"sale_price":null,"price_margin":null,"price_discount":null}},{"id":"8776","date_created":"2026-04-09 11:58:13","date_expiry":"2027-07-30 00:00:00","user_id":"50","batch_number":"PPLANSteriliseP85Gr310727","location":"","quantity":"10.0000","quantity_available":"0.0000","units":"1","status":"archived","order_ids":"[39238]","supplier":"Proplan","po":{"id":"8703","date_created":"2026-04-09 11:58:13","batch_id":"8776","po_number":"","supplier":"Proplan","cost":null,"regular_price":null,"sale_price":null,"price_margin":null,"price_discount":null}},{"id":"8829","date_created":"2026-04-15 12:49:07","date_expiry":"2027-07-30 00:00:00","user_id":"50","batch_number":"PPLANSteriliseP85Gr310727","location":"","quantity":"288.0000","quantity_available":"266.0000","units":"1","status":"active","order_ids":"[40086,40313,40431]","supplier":"Proplan","po":{"id":"8756","date_created":"2026-04-15 12:49:08","batch_id":"8829","po_number":"","supplier":"Proplan","cost":null,"regular_price":null,"sale_price":null,"price_margin":null,"price_discount":null}}],"_links":{"self":[{"href":"https:\/\/petworld.ma\/index.php\/wp-json\/wp\/v2\/product\/1710","targetHints":{"allow":["GET"]}}],"collection":[{"href":"https:\/\/petworld.ma\/index.php\/wp-json\/wp\/v2\/product"}],"about":[{"href":"https:\/\/petworld.ma\/index.php\/wp-json\/wp\/v2\/types\/product"}],"wp:featuredmedia":[{"embeddable":true,"href":"https:\/\/petworld.ma\/index.php\/wp-json\/wp\/v2\/media\/24771"}],"wp:attachment":[{"href":"https:\/\/petworld.ma\/index.php\/wp-json\/wp\/v2\/media?parent=1710"}],"wp:term":[{"taxonomy":"product_brand","embeddable":true,"href":"https:\/\/petworld.ma\/index.php\/wp-json\/wp\/v2\/product_brand?post=1710"},{"taxonomy":"product_cat","embeddable":true,"href":"https:\/\/petworld.ma\/index.php\/wp-json\/wp\/v2\/product_cat?post=1710"},{"taxonomy":"product_tag","embeddable":true,"href":"https:\/\/petworld.ma\/index.php\/wp-json\/wp\/v2\/product_tag?post=1710"}],"curies":[{"name":"wp","href":"https:\/\/api.w.org\/{rel}","templated":true}]}}