{"id":1722,"date":"2023-03-13T20:49:03","date_gmt":"2023-03-13T20:49:03","guid":{"rendered":"https:\/\/petworld.ma\/?post_type=product&#038;p=1722"},"modified":"2026-04-11T17:41:00","modified_gmt":"2026-04-11T17:41:00","slug":"comprime-multivitamine-pour-chiens-bio-pet-active-vitalidog-175-comprimes","status":"publish","type":"product","link":"https:\/\/petworld.ma\/index.php\/produit\/comprime-multivitamine-pour-chiens-bio-pet-active-vitalidog-175-comprimes\/","title":{"rendered":"Comprim\u00e9 multivitamin\u00e9 pour chiens Bio Pet Active VitaliDOG (150 comprim\u00e9s)"},"content":{"rendered":"<h2>Comprim\u00e9 multivitamin\u00e9 pour chiens Bio Pet Active VitaliDOG<\/h2>\n<p>Un m\u00e9lange complet et bien \u00e9quilibr\u00e9 de vitamines et d\u2019acides amin\u00e9s pour soutenir le d\u00e9veloppement sain et la r\u00e9sistance aux maladies des chiots et des chiens adultes.<\/p>\n<p>La vitamine A aide \u00e0 r\u00e9duire la s\u00e9cheresse, la scl\u00e9rose et les d\u00e9mangeaisons qui peuvent survenir sur la peau de notre ami \u00e0 quatre pattes, et aide \u00e0 se prot\u00e9ger contre les maladies et les effets nocifs des produits chimiques.<\/p>\n<p>La vitamine E aide \u00e0 prot\u00e9ger contre de nombreuses maladies et troubles tels que les maladies cardiovasculaires, optiques et neurales qui r\u00e9sultent de la vieillesse et des maladies provoquant le stress.<\/p>\n<p>La vitamine B9, l\u2019 acide folique est une vitamine particuli\u00e8rement n\u00e9cessaire par les chiens pendant la grossesse. S\u2019il est utilis\u00e9 r\u00e9guli\u00e8rement pendant la p\u00e9riode pr\u00e9c\u00e9dant la grossesse, il favorise le d\u00e9veloppement sain de la prog\u00e9niture dans l\u2019ut\u00e9rus de la m\u00e8re.<\/p>\n<p>La vitamine B5 \u2013 acide pantoth\u00e9nique, est une vitamine anti-stress. Nos amis \u00e0 fourrure ne peuvent pas lutter contre les infections s\u2019ils ne re\u00e7oivent pas une quantit\u00e9 suffisante de vitamine B5.<\/p>\n<p>La vitamine H \u2013 la biotine, est une vitamine tr\u00e8s importante qui aide \u00e0 surmonter l\u2019un des plus grands d\u00e9fis auxquels sont confront\u00e9s les amoureux des animaux \u2013 l\u2019excr\u00e9tion. La biotine aide votre animal de compagnie \u00e0 garder ce pelage sain, merveilleux et brillant.<\/p>\n<p>Utilisation: Pour r\u00e9pondre aux besoins en vitamines et en acides amin\u00e9s, pour chaque 10 kg de poids de chien, ajoutez 0,5 gr (1 comprim\u00e9) \u00e0 la nourriture ou peut \u00eatre administr\u00e9 directement.<\/p>\n","protected":false},"excerpt":{"rendered":"<p>Comprim\u00e9 multivitamin\u00e9 pour chiens Bio Pet Active VitaliDOG Un m\u00e9lange complet et bien \u00e9quilibr\u00e9 de vitamines et d\u2019acides amin\u00e9s pour soutenir le d\u00e9veloppement sain et la r\u00e9sistance aux maladies des chiots et des chiens adultes. La vitamine A aide \u00e0 r\u00e9duire la s\u00e9cheresse, la scl\u00e9rose et les d\u00e9mangeaisons qui peuvent survenir sur la peau de [&#8230;]\n","protected":false},"featured_media":1723,"template":"","meta":{"jetpack_publicize_message":"","jetpack_publicize_feature_enabled":true,"jetpack_social_post_already_shared":true,"jetpack_social_options":{"image_generator_settings":{"template":"highway","default_image_id":0,"font":"","enabled":false},"version":2}},"product_brand":[],"product_cat":[218,187],"product_tag":[],"class_list":{"0":"post-1722","1":"product","2":"type-product","3":"status-publish","4":"has-post-thumbnail","6":"product_cat-complement-alimentaire","7":"product_cat-destockage","9":"first","10":"instock","11":"sale","12":"taxable","13":"shipping-taxable","14":"purchasable","15":"product-type-simple"},"supplier_id":5589,"supplier_sku":"BIO038","barcode":null,"atum_controlled":true,"out_stock_date":null,"out_stock_threshold":null,"inheritable":false,"inbound_stock":0,"stock_on_hold":0,"sold_today":0,"sales_last_days":1,"reserved_stock":0,"customer_returns":0,"warehouse_damage":0,"lost_in_post":0,"other_logs":0,"out_stock_days":0,"lost_sales":0,"has_location":false,"update_date":"2026-04-13T11:21:19","atum_locations":[],"atum_stock_status":"instock","restock_status":false,"low_stock_amount":"","sales_update_date":"2026-04-13T11:21:19","calc_backorders":null,"jetpack_publicize_connections":[],"jetpack_sharing_enabled":true,"batches":[{"id":"615","date_created":"2024-10-10 16:49:59","date_expiry":"2026-05-01 00:00:00","user_id":"1","batch_number":"VitaliDOGTabs010526","location":"","quantity":"30.0000","quantity_available":"0.0000","units":"1","status":"archived","order_ids":"[12790,12969,13132,13885,14778,15012,15747,16477,16682,16707,16734,17171,17361,17592,18287,18904,19053,19322,19543,19632,19726,20226,20285,20721,21499,21801]","supplier":"Zooluxe","po":{"id":"598","date_created":"2024-10-10 16:50:00","batch_id":"615","po_number":"","supplier":"Zooluxe","cost":null,"regular_price":null,"sale_price":null,"price_margin":null,"price_discount":null}},{"id":"1136","date_created":"2024-12-09 23:34:52","date_expiry":"2026-05-26 00:00:00","user_id":"1","batch_number":"VitaliDOGTabs260526","location":"","quantity":"12.0000","quantity_available":"0.0000","units":"1","status":"archived","order_ids":"[21801,22061,22526,23658,23926,24241,25739,30749,30978]","supplier":"Zooluxe","po":{"id":"1112","date_created":"2024-12-09 23:34:52","batch_id":"1136","po_number":"","supplier":"Zooluxe","cost":null,"regular_price":null,"sale_price":null,"price_margin":null,"price_discount":null}},{"id":"1661","date_created":"2025-01-16 21:27:44","date_expiry":"2026-05-26 00:00:00","user_id":"1","batch_number":"VitaliDOGTabs260526","location":"","quantity":"12.0000","quantity_available":"8.0000","units":"1","status":"active","order_ids":"[31340,32205,35038,39469]","supplier":"Zooluxe","po":{"id":"1635","date_created":"2025-01-16 21:27:47","batch_id":"1661","po_number":"","supplier":"Zooluxe","cost":null,"regular_price":null,"sale_price":null,"price_margin":null,"price_discount":null}},{"id":"1662","date_created":"2025-01-16 21:28:02","date_expiry":"2026-05-26 00:00:00","user_id":"1","batch_number":"VitaliDOGTabs260526","location":"","quantity":"12.0000","quantity_available":"12.0000","units":"1","status":"active","order_ids":null,"supplier":"Zooluxe","po":{"id":"1636","date_created":"2025-01-16 21:28:05","batch_id":"1662","po_number":"","supplier":"Zooluxe","cost":null,"regular_price":null,"sale_price":null,"price_margin":null,"price_discount":null}}],"_links":{"self":[{"href":"https:\/\/petworld.ma\/index.php\/wp-json\/wp\/v2\/product\/1722","targetHints":{"allow":["GET"]}}],"collection":[{"href":"https:\/\/petworld.ma\/index.php\/wp-json\/wp\/v2\/product"}],"about":[{"href":"https:\/\/petworld.ma\/index.php\/wp-json\/wp\/v2\/types\/product"}],"wp:featuredmedia":[{"embeddable":true,"href":"https:\/\/petworld.ma\/index.php\/wp-json\/wp\/v2\/media\/1723"}],"wp:attachment":[{"href":"https:\/\/petworld.ma\/index.php\/wp-json\/wp\/v2\/media?parent=1722"}],"wp:term":[{"taxonomy":"product_brand","embeddable":true,"href":"https:\/\/petworld.ma\/index.php\/wp-json\/wp\/v2\/product_brand?post=1722"},{"taxonomy":"product_cat","embeddable":true,"href":"https:\/\/petworld.ma\/index.php\/wp-json\/wp\/v2\/product_cat?post=1722"},{"taxonomy":"product_tag","embeddable":true,"href":"https:\/\/petworld.ma\/index.php\/wp-json\/wp\/v2\/product_tag?post=1722"}],"curies":[{"name":"wp","href":"https:\/\/api.w.org\/{rel}","templated":true}]}}