{"id":17360,"date":"2025-02-04T08:49:01","date_gmt":"2025-02-04T08:49:01","guid":{"rendered":"https:\/\/petworld.ma\/?post_type=product&#038;p=17360"},"modified":"2026-03-28T17:56:35","modified_gmt":"2026-03-28T17:56:35","slug":"flamingo-brosse-en-caoutchouc-12-5cm-l-x-8cm-l-x-4cm-h","status":"publish","type":"product","link":"https:\/\/petworld.ma\/index.php\/produit\/flamingo-brosse-en-caoutchouc-12-5cm-l-x-8cm-l-x-4cm-h\/","title":{"rendered":"Brosse en caoutchouc 12.5cm L x 8cm l x 4cm H &#8211; Flamingo"},"content":{"rendered":"<div class=\"mb-2\">Faites plaisir \u00e0 votre ami poilu avec la brosse de soin Buddha ! Cette brosse en caoutchouc masse et \u00e9limine les poils l\u00e2ches pour un pelage sain. Disponible en 3 couleurs, celle que vous recevrez sera une surprise.<\/p>\n<div class=\"ai-notice-icon\" data-tippy-options=\"{&quot;content&quot;:&quot;Ce texte a \\u00e9t\\u00e9 g\\u00e9n\\u00e9r\\u00e9 et traduit \\u00e0 l'aide de l'IA&quot;}\"><\/div>\n<\/div>\n<div class=\"cms-element-text\">\n<ul>\n<li>Mat\u00e9riau : caoutchouc doux<\/li>\n<li>Enl\u00e8ve facilement les poils perdus du pelage<\/li>\n<li>Masse la peau et am\u00e9liore la circulation sanguine<\/li>\n<\/ul>\n<\/div>\n","protected":false},"excerpt":{"rendered":"<p><span class=\"d-block font-size-sm h6 mb-0\">Dimension: 12.5cm L x 8cm l x 4cm H<\/span><\/p>\n","protected":false},"featured_media":17499,"template":"","meta":{"jetpack_publicize_message":"","jetpack_publicize_feature_enabled":true,"jetpack_social_post_already_shared":true,"jetpack_social_options":{"image_generator_settings":{"template":"highway","default_image_id":0,"font":"","enabled":false},"version":2}},"product_brand":[],"product_cat":[222,223],"product_tag":[],"class_list":{"0":"post-17360","1":"product","2":"type-product","3":"status-publish","4":"has-post-thumbnail","6":"product_cat-brosses-coupe-griffes","7":"product_cat-brosses-coupe-griffes-hygiene-et-soins","9":"first","10":"instock","11":"taxable","12":"shipping-taxable","13":"purchasable","14":"product-type-simple"},"supplier_id":8770,"supplier_sku":"511795","barcode":null,"atum_controlled":true,"out_stock_date":null,"out_stock_threshold":null,"inheritable":false,"inbound_stock":0,"stock_on_hold":0,"sold_today":0,"sales_last_days":0,"reserved_stock":0,"customer_returns":0,"warehouse_damage":0,"lost_in_post":0,"other_logs":0,"out_stock_days":0,"lost_sales":0,"has_location":false,"update_date":"2026-04-30T00:13:48","atum_locations":[],"atum_stock_status":"instock","restock_status":false,"low_stock_amount":1,"sales_update_date":"2026-04-30T00:13:48","calc_backorders":null,"jetpack_publicize_connections":[],"jetpack_sharing_enabled":true,"batches":[],"_links":{"self":[{"href":"https:\/\/petworld.ma\/index.php\/wp-json\/wp\/v2\/product\/17360","targetHints":{"allow":["GET"]}}],"collection":[{"href":"https:\/\/petworld.ma\/index.php\/wp-json\/wp\/v2\/product"}],"about":[{"href":"https:\/\/petworld.ma\/index.php\/wp-json\/wp\/v2\/types\/product"}],"wp:featuredmedia":[{"embeddable":true,"href":"https:\/\/petworld.ma\/index.php\/wp-json\/wp\/v2\/media\/17499"}],"wp:attachment":[{"href":"https:\/\/petworld.ma\/index.php\/wp-json\/wp\/v2\/media?parent=17360"}],"wp:term":[{"taxonomy":"product_brand","embeddable":true,"href":"https:\/\/petworld.ma\/index.php\/wp-json\/wp\/v2\/product_brand?post=17360"},{"taxonomy":"product_cat","embeddable":true,"href":"https:\/\/petworld.ma\/index.php\/wp-json\/wp\/v2\/product_cat?post=17360"},{"taxonomy":"product_tag","embeddable":true,"href":"https:\/\/petworld.ma\/index.php\/wp-json\/wp\/v2\/product_tag?post=17360"}],"curies":[{"name":"wp","href":"https:\/\/api.w.org\/{rel}","templated":true}]}}