{"id":17365,"date":"2025-02-03T19:05:28","date_gmt":"2025-02-03T19:05:28","guid":{"rendered":"https:\/\/petworld.ma\/?post_type=product&#038;p=17365"},"modified":"2025-08-07T10:27:17","modified_gmt":"2025-08-07T10:27:17","slug":"sac-de-transport-chloe-2-45cmx26cmx26cm","status":"publish","type":"product","link":"https:\/\/petworld.ma\/index.php\/produit\/sac-de-transport-chloe-2-45cmx26cmx26cm\/","title":{"rendered":"Sac de transport Chloe 2 (45cmx26cmx26cm) &#8211; Flamingo"},"content":{"rendered":"<p>Emmenez votre fid\u00e8le compagnon partout avec vous gr\u00e2ce \u00e0 ce sac de transport pratique ! Avec une poign\u00e9e et une bandouli\u00e8re r\u00e9glable, vous pouvez le porter de deux fa\u00e7ons diff\u00e9rentes. Le sac dispose de trous lat\u00e9raux pour la circulation de l&rsquo;air et de poches lat\u00e9rales pour les accessoires et les effets personnels. S\u00e9curitaire, confortable et pratique !<\/p>\n<p>45cm L x 26cm l x 26cm H<\/p>\n<ul>\n<li>Mat\u00e9riau : similicuir<\/li>\n<li>Avec cadre renforc\u00e9<\/li>\n<li>Fond amovible adapt\u00e9 \u00e0 laver \u00e0 la main<\/li>\n<li>Sangle avec mousqueton pour plus de s\u00e9curit\u00e9<\/li>\n<li>Sangles de transport et bandouli\u00e8re r\u00e9glable<\/li>\n<li>Avec insert \u00e0 mailles r\u00e9tractable et pieds pour \u00e9viter le contact avec une surface humide<\/li>\n<li>Poche avec bande autoagrippante<\/li>\n<\/ul>\n<p>D\u00e9tails du produit<\/p>\n<table style=\"height: 232px\" width=\"376\">\n<tbody>\n<tr>\n<td width=\"463\">Description du produit:<\/td>\n<td width=\"404\">SAC DE TRANSPORT CHLOE 2 45x26x26CM<\/td>\n<\/tr>\n<tr>\n<td width=\"463\">Nom du produit:<\/td>\n<td width=\"404\">Sac de transport Chloe 2 Brun<\/td>\n<\/tr>\n<tr>\n<td width=\"463\">Marque:<\/td>\n<td width=\"404\">Flamingo<\/td>\n<\/tr>\n<tr>\n<td width=\"463\">Phase de la vie:<\/td>\n<td width=\"404\">Tous les \u00e2ges<\/td>\n<\/tr>\n<tr>\n<td width=\"463\">Sous-nom de marque:<\/td>\n<td width=\"404\">Chloe 2<\/td>\n<\/tr>\n<tr>\n<td width=\"463\">Description:<\/td>\n<td width=\"404\">Sac de transport<\/td>\n<\/tr>\n<tr>\n<td width=\"463\">Animal\/race:<\/td>\n<td width=\"404\">Chien, Chat<\/td>\n<\/tr>\n<tr>\n<td width=\"463\">Taille de la race:<\/td>\n<td width=\"404\">Petites races<\/td>\n<\/tr>\n<tr>\n<td width=\"463\">Saison:<\/td>\n<td width=\"404\">Au long de l&rsquo;ann\u00e9e<\/td>\n<\/tr>\n<tr>\n<td width=\"463\">Utilisation int\u00e9rieure\/ext\u00e9rieure:<\/td>\n<td width=\"404\">Tous les deux<\/td>\n<\/tr>\n<\/tbody>\n<\/table>\n<p>Caract\u00e9ristique logement<\/p>\n<table style=\"height: 32px\" width=\"434\">\n<tbody>\n<tr>\n<td width=\"463\">Nombre de portes\/ouvertures\/marches:<\/td>\n<td width=\"404\">2<\/td>\n<\/tr>\n<tr>\n<td width=\"463\">Lieu de la porte\/ouverture:<\/td>\n<td width=\"404\">Arri\u00e8re, Avant<\/td>\n<\/tr>\n<tr>\n<td width=\"463\">Coussin\/fond amovible:<\/td>\n<td width=\"404\">Oui<\/td>\n<\/tr>\n<\/tbody>\n<\/table>\n<p>Instructions de lavage<\/p>\n<table style=\"height: 88px\" width=\"681\">\n<tbody>\n<tr>\n<td width=\"463\">Instructions de lavage coussin\/fond amovible:<\/td>\n<td width=\"404\">Lavable \u00e0 la main<\/td>\n<\/tr>\n<tr>\n<td width=\"463\">Instructions de s\u00e9chage et de repassage:<\/td>\n<td width=\"404\">Ne pas blanchir, Ne pas utiliser de s\u00e8che-linge\u00a0, Pas de nettoyage \u00e0 sec, Repassage interdit<\/td>\n<\/tr>\n<tr>\n<td width=\"463\">Instructions de s\u00e9chage coussin\/fond amovible:<\/td>\n<td width=\"404\">Ne pas blanchir, Ne pas utiliser de s\u00e8che-linge\u00a0, Pas de nettoyage \u00e0 sec, Repassage interdit<\/td>\n<\/tr>\n<\/tbody>\n<\/table>\n","protected":false},"excerpt":{"rendered":"<p>Sac de transport Chloe 2 (Flamingo)<\/p>\n<p>45cm L x 26cm l x 26cm H<\/p>\n","protected":false},"featured_media":17494,"template":"","meta":{"jetpack_publicize_message":"","jetpack_publicize_feature_enabled":true,"jetpack_social_post_already_shared":true,"jetpack_social_options":{"image_generator_settings":{"template":"highway","default_image_id":0,"font":"","enabled":false},"version":2}},"product_brand":[],"product_cat":[91,90],"product_tag":[],"class_list":{"0":"post-17365","1":"product","2":"type-product","3":"status-publish","4":"has-post-thumbnail","6":"product_cat-sac-de-transport-pour-chat","7":"product_cat-sac-de-transport-pour-chien","9":"first","10":"instock","11":"taxable","12":"shipping-taxable","13":"purchasable","14":"product-type-simple"},"supplier_id":8770,"supplier_sku":"518622","barcode":null,"atum_controlled":true,"out_stock_date":null,"out_stock_threshold":null,"inheritable":false,"inbound_stock":0,"stock_on_hold":0,"sold_today":0,"sales_last_days":0,"reserved_stock":0,"customer_returns":0,"warehouse_damage":0,"lost_in_post":0,"other_logs":0,"out_stock_days":0,"lost_sales":0,"has_location":false,"update_date":"2026-04-27T00:13:54","atum_locations":[],"atum_stock_status":"instock","restock_status":false,"low_stock_amount":2,"sales_update_date":"2026-04-27T00:13:54","calc_backorders":null,"jetpack_publicize_connections":[],"jetpack_sharing_enabled":true,"batches":[],"_links":{"self":[{"href":"https:\/\/petworld.ma\/index.php\/wp-json\/wp\/v2\/product\/17365","targetHints":{"allow":["GET"]}}],"collection":[{"href":"https:\/\/petworld.ma\/index.php\/wp-json\/wp\/v2\/product"}],"about":[{"href":"https:\/\/petworld.ma\/index.php\/wp-json\/wp\/v2\/types\/product"}],"wp:featuredmedia":[{"embeddable":true,"href":"https:\/\/petworld.ma\/index.php\/wp-json\/wp\/v2\/media\/17494"}],"wp:attachment":[{"href":"https:\/\/petworld.ma\/index.php\/wp-json\/wp\/v2\/media?parent=17365"}],"wp:term":[{"taxonomy":"product_brand","embeddable":true,"href":"https:\/\/petworld.ma\/index.php\/wp-json\/wp\/v2\/product_brand?post=17365"},{"taxonomy":"product_cat","embeddable":true,"href":"https:\/\/petworld.ma\/index.php\/wp-json\/wp\/v2\/product_cat?post=17365"},{"taxonomy":"product_tag","embeddable":true,"href":"https:\/\/petworld.ma\/index.php\/wp-json\/wp\/v2\/product_tag?post=17365"}],"curies":[{"name":"wp","href":"https:\/\/api.w.org\/{rel}","templated":true}]}}