{"id":1737,"date":"2023-03-15T10:15:24","date_gmt":"2023-03-15T10:15:24","guid":{"rendered":"https:\/\/petworld.ma\/?post_type=product&#038;p=1737"},"modified":"2026-04-28T21:52:48","modified_gmt":"2026-04-28T21:52:48","slug":"brit-premium-pochon-agneau-pour-chat-sterilise-100g","status":"publish","type":"product","link":"https:\/\/petworld.ma\/index.php\/produit\/brit-premium-pochon-agneau-pour-chat-sterilise-100g\/","title":{"rendered":"Brit Premium Pochon Agneau pour chat st\u00e9rilis\u00e9 100g"},"content":{"rendered":"<p><strong>Morceaux avec agneau en sauce pour chats st\u00e9rilis\u00e9s.\u00a0<\/strong>Nourriture humide compl\u00e8te de qualit\u00e9 pour chats st\u00e9rilis\u00e9s.<\/p>\n<p>Les variantes de saveur respectent les pr\u00e9f\u00e9rences naturelles des chats et leurs besoins nutritionnels en termes d\u2019\u00e2ge ou de nutrition particuli\u00e8re. Le d\u00e9licieux jus souligne le go\u00fbt des morceaux de viande et fournit au chat les liquides n\u00e9cessaires.<\/p>\n<p class=\"composition\"><strong>Composition:<\/strong><\/p>\n<p>Viande et sous-produits animaux (87\u00a0% en morceaux, dont 9,3\u00a0% agneau), sous-produits d\u2019origine v\u00e9g\u00e9tale 0,4\u00a0% inuline), substances min\u00e9rales. Sans colorants ni conservateurs.<\/p>\n<p><strong>Composants analytiques:<\/strong><\/p>\n<p>prot\u00e9ines brutes 8,5 %, teneur en mati\u00e8res grasses 3 %, cendres brutes 2,5\u00a0%, fibres brutes 1 %, humidit\u00e9 82 %.<\/p>\n<p><strong>Ingr\u00e9dients:<\/strong><\/p>\n<p>Vitamine D3 (3a671) 160 IU, vitamine E (3a700) 150\u00a0mg, zinc (3b605) 15\u00a0mg, fer (3b502) 12\u00a0mg, mangan\u00e8se (3b405) 3\u00a0mg, iode (3b202) 0,75\u00a0mg, cuivre (3a370) 0,5\u00a0mg, biotine 0,2\u00a0mg.<\/p>\n","protected":false},"excerpt":{"rendered":"<p>Morceaux avec agneau en sauce pour chats st\u00e9rilis\u00e9s.\u00a0Nourriture humide compl\u00e8te de qualit\u00e9 pour chats st\u00e9rilis\u00e9s. Les variantes de saveur respectent les pr\u00e9f\u00e9rences naturelles des chats et leurs besoins nutritionnels en termes d\u2019\u00e2ge ou de nutrition particuli\u00e8re. Le d\u00e9licieux jus souligne le go\u00fbt des morceaux de viande et fournit au chat les liquides n\u00e9cessaires. Composition: Viande [&#8230;]\n","protected":false},"featured_media":1738,"template":"","meta":{"jetpack_publicize_message":"","jetpack_publicize_feature_enabled":true,"jetpack_social_post_already_shared":false,"jetpack_social_options":{"image_generator_settings":{"template":"highway","default_image_id":0,"font":"","enabled":false},"version":2}},"product_brand":[],"product_cat":[41],"product_tag":[],"class_list":{"0":"post-1737","1":"product","2":"type-product","3":"status-publish","4":"has-post-thumbnail","6":"product_cat-friandises-et-pate-pour-chat","8":"first","9":"instock","10":"taxable","11":"shipping-taxable","12":"purchasable","13":"product-type-simple"},"supplier_id":5590,"supplier_sku":"","barcode":null,"atum_controlled":true,"out_stock_date":null,"out_stock_threshold":null,"inheritable":false,"inbound_stock":0,"stock_on_hold":0,"sold_today":0,"sales_last_days":38,"reserved_stock":0,"customer_returns":0,"warehouse_damage":0,"lost_in_post":0,"other_logs":0,"out_stock_days":0,"lost_sales":0,"has_location":false,"update_date":"2026-04-30T16:31:01","atum_locations":[],"atum_stock_status":"instock","restock_status":true,"low_stock_amount":24,"sales_update_date":"2026-04-30T16:31:01","calc_backorders":null,"jetpack_publicize_connections":[],"jetpack_sharing_enabled":true,"batches":[{"id":"431","date_created":"2024-09-30 07:48:50","date_expiry":"2025-02-27 00:00:00","user_id":"2760","batch_number":"BritPochonAgneau270225","location":"","quantity":"55.0000","quantity_available":"0.0000","units":"1","status":"archived","order_ids":"[12125,12241,12249,12460,12551,12578,12722,12792,12920,13071,13213,13745,13879,13882,13923,13964,13967,13984,14268,14407]","supplier":"Brit","po":{"id":"420","date_created":"2024-09-30 07:48:51","batch_id":"431","po_number":"","supplier":"Brit","cost":null,"regular_price":null,"sale_price":null,"price_margin":null,"price_discount":null}},{"id":"845","date_created":"2024-11-15 16:45:57","date_expiry":"2026-03-25 00:00:00","user_id":"2760","batch_number":"BritPochonAgneau250326","location":"","quantity":"48.0000","quantity_available":"0.0000","units":"1","status":"archived","order_ids":"[14705,14835,14859,14993,15171,15834,15953,16133,16232,16296,16399,16720,17094,17173,17283,17583,17584,17617]","supplier":"Brit","po":{"id":"822","date_created":"2024-11-15 16:45:58","batch_id":"845","po_number":"","supplier":"Brit","cost":null,"regular_price":null,"sale_price":null,"price_margin":null,"price_discount":null}},{"id":"1316","date_created":"2024-12-20 21:19:22","date_expiry":"2026-03-25 00:00:00","user_id":"2760","batch_number":"BritPochonAgneau250326","location":"","quantity":"48.0000","quantity_available":"0.0000","units":"1","status":"archived","order_ids":"[17617,17763,18055,18097,18325,18990,19319,19555,19724,20194,20254,20380,20482]","supplier":"Brit","po":{"id":"1290","date_created":"2024-12-20 21:19:24","batch_id":"1316","po_number":"","supplier":"Brit","cost":null,"regular_price":null,"sale_price":null,"price_margin":null,"price_discount":null}},{"id":"2632","date_created":"2025-03-30 22:21:14","date_expiry":"2026-12-02 00:00:00","user_id":"2760","batch_number":"BritPochonAgneau021226","location":"","quantity":"120.0000","quantity_available":"0.0000","units":"1","status":"archived","order_ids":"[20482,20519,20523,20837,21357,21486,21851,21939,22028,22264,22517,22711,22989,23041,24260,24777,25234,25540,25588,25669,25739,26129,26211,26472,26946,27767,27996,28108,28635,29349,29358,29825,29879,30007,30008,30073,30149,30262,30352,30362]","supplier":"Brit","po":{"id":"2600","date_created":"2025-03-30 22:21:17","batch_id":"2632","po_number":"","supplier":"Brit","cost":null,"regular_price":null,"sale_price":null,"price_margin":null,"price_discount":null}},{"id":"3833","date_created":"2025-06-04 22:21:31","date_expiry":"2027-01-27 00:00:00","user_id":"2760","batch_number":"BritPochonAgneau270127","location":"","quantity":"48.0000","quantity_available":"0.0000","units":"1","status":"archived","order_ids":"[30362,30508,30620,30698,31096,31218,31238,31397,31726,31845]","supplier":"Brit","po":{"id":"3797","date_created":"2025-06-04 22:21:32","batch_id":"3833","po_number":"","supplier":"Brit","cost":null,"regular_price":null,"sale_price":null,"price_margin":null,"price_discount":null}},{"id":"4726","date_created":"2025-08-08 10:13:25","date_expiry":"2027-01-27 00:00:00","user_id":"2760","batch_number":"BritPochonAgneau270127","location":"","quantity":"120.0000","quantity_available":"0.0000","units":"1","status":"archived","order_ids":"[31845,31892,32200,32213,32363,32698,33011,33270,33374,33799,33821,34048,34209,34455,35450,35476,35627,35639,35642,36720,36781,37418,37438,37617,38322,38518,38575,38633,39140,39155,39454,40033,40397,40781]","supplier":"Brit","po":{"id":"4690","date_created":"2025-08-08 10:13:26","batch_id":"4726","po_number":"","supplier":"Brit","cost":null,"regular_price":null,"sale_price":null,"price_margin":null,"price_discount":null}},{"id":"6822","date_created":"2025-12-22 10:22:27","date_expiry":"2027-05-09 00:00:00","user_id":"2760","batch_number":"BritPochonAgneau080527","location":"","quantity":"48.0000","quantity_available":"21.0000","units":"1","status":"active","order_ids":"[40781,40903,40943,40947]","supplier":"Brit","po":{"id":"6768","date_created":"2025-12-22 10:22:28","batch_id":"6822","po_number":"","supplier":"Brit","cost":null,"regular_price":null,"sale_price":null,"price_margin":null,"price_discount":null}},{"id":"7465","date_created":"2026-02-03 00:15:11","date_expiry":"2027-08-30 00:00:00","user_id":"2760","batch_number":"BritPochonAgneau300827","location":"","quantity":"24.0000","quantity_available":"24.0000","units":"1","status":"active","order_ids":null,"supplier":"Brit","po":{"id":"7400","date_created":"2026-02-03 00:15:12","batch_id":"7465","po_number":"","supplier":"Brit","cost":null,"regular_price":null,"sale_price":null,"price_margin":null,"price_discount":null}}],"_links":{"self":[{"href":"https:\/\/petworld.ma\/index.php\/wp-json\/wp\/v2\/product\/1737","targetHints":{"allow":["GET"]}}],"collection":[{"href":"https:\/\/petworld.ma\/index.php\/wp-json\/wp\/v2\/product"}],"about":[{"href":"https:\/\/petworld.ma\/index.php\/wp-json\/wp\/v2\/types\/product"}],"wp:featuredmedia":[{"embeddable":true,"href":"https:\/\/petworld.ma\/index.php\/wp-json\/wp\/v2\/media\/1738"}],"wp:attachment":[{"href":"https:\/\/petworld.ma\/index.php\/wp-json\/wp\/v2\/media?parent=1737"}],"wp:term":[{"taxonomy":"product_brand","embeddable":true,"href":"https:\/\/petworld.ma\/index.php\/wp-json\/wp\/v2\/product_brand?post=1737"},{"taxonomy":"product_cat","embeddable":true,"href":"https:\/\/petworld.ma\/index.php\/wp-json\/wp\/v2\/product_cat?post=1737"},{"taxonomy":"product_tag","embeddable":true,"href":"https:\/\/petworld.ma\/index.php\/wp-json\/wp\/v2\/product_tag?post=1737"}],"curies":[{"name":"wp","href":"https:\/\/api.w.org\/{rel}","templated":true}]}}