{"id":17374,"date":"2025-02-03T19:08:23","date_gmt":"2025-02-03T19:08:23","guid":{"rendered":"https:\/\/petworld.ma\/?post_type=product&#038;p=17374"},"modified":"2026-04-18T12:08:58","modified_gmt":"2026-04-18T12:08:58","slug":"sac-a-dos-elodie-bleu","status":"publish","type":"product","link":"https:\/\/petworld.ma\/index.php\/produit\/sac-a-dos-elodie-bleu\/","title":{"rendered":"Sac \u00e0 dos Elodie Bleu 41x23x29.5CM &#8211; Flamingo"},"content":{"rendered":"<p>Emmenez votre fid\u00e8le compagnon partout avec vous gr\u00e2ce \u00e0 ce sac \u00e0 dos pour chien pratique ! Utilisez-le comme sac \u00e0 dos ou comme sac de transport et profitez des nombreux compartiments de rangement et de la finition \u00e9l\u00e9gante. Gr\u00e2ce \u00e0 la trappe sur le dessus et au filet de ventilation, votre chien reste confortable et en s\u00e9curit\u00e9. Et avec la fermeture \u00e9clair lat\u00e9rale, vous pouvez facilement placer votre chien dans le sac ou le laisser marcher pour plus de confiance en lui. D\u00e9couvrez-le maintenant et partez \u00e0 l&rsquo;aventure ensemble !<\/p>\n<div class=\"cms-element-text\">\n<ul>\n<li>Mat\u00e9riau : polyester avec rembourrage : mousse pour conserver la forme<\/li>\n<li>Laver \u00e0 la main<\/li>\n<li>R\u00e9fl\u00e9chissant<\/li>\n<li>Peut \u00eatre attach\u00e9 \u00e0 un chariot<\/li>\n<li>Partie arri\u00e8re renforc\u00e9e et fond amovible<\/li>\n<li>Sangle r\u00e9glable avec mousqueton pour plus de s\u00e9curit\u00e9<\/li>\n<li>Sangles d&rsquo;\u00e9paule et ceinture de taille r\u00e9glables &amp; sangles de transport<\/li>\n<\/ul>\n<\/div>\n<p><img decoding=\"async\" class=\"product-recycle-info-image mt-3 mb-3\" src=\"https:\/\/flamingo.xcdn.nl\/FRDubeltaggaatjeRechtestrap_RC_01.jpg?s=24&amp;f=s:0:160:1:1\" alt=\"fpp-theme.product-detail.buy-widget.recycle-info\" width=\"154\" height=\"47\" \/><\/p>\n<p><strong>D\u00e9tails du produit<\/strong><\/p>\n<table style=\"height: 266px\" width=\"390\">\n<tbody>\n<tr>\n<td width=\"352\">Description du produit:<\/td>\n<td width=\"324\">SAC A DOS ELODIE 41x23x29,5CM<\/td>\n<\/tr>\n<tr>\n<td width=\"352\">Nom du produit:<\/td>\n<td width=\"324\">Sac \u00e0 dos Elodie Bleu<\/td>\n<\/tr>\n<tr>\n<td width=\"352\">Marque:<\/td>\n<td width=\"324\">Flamingo<\/td>\n<\/tr>\n<tr>\n<td width=\"352\">Phase de la vie:<\/td>\n<td width=\"324\">Tous les \u00e2ges<\/td>\n<\/tr>\n<tr>\n<td width=\"352\">Sous-nom de marque:<\/td>\n<td width=\"324\">Elodie<\/td>\n<\/tr>\n<tr>\n<td width=\"352\">Description:<\/td>\n<td width=\"324\">Sac \u00e0 dos<\/td>\n<\/tr>\n<tr>\n<td width=\"352\">Animal\/race:<\/td>\n<td width=\"324\">Chien, Chat<\/td>\n<\/tr>\n<tr>\n<td width=\"352\">Taille de la race:<\/td>\n<td width=\"324\">Petites races<\/td>\n<\/tr>\n<tr>\n<td width=\"352\">Saison:<\/td>\n<td width=\"324\">Au long de l&rsquo;ann\u00e9e<\/td>\n<\/tr>\n<tr>\n<td width=\"352\">Utilisation int\u00e9rieure\/ext\u00e9rieure:<\/td>\n<td width=\"324\">Tous les deux<\/td>\n<\/tr>\n<\/tbody>\n<\/table>\n<p><strong>Caract\u00e9ristiques physiques<\/strong><\/p>\n<table style=\"height: 224px\" width=\"353\">\n<tbody>\n<tr>\n<td width=\"352\">Couleur:<\/td>\n<td width=\"324\">Bleu, Brun<\/td>\n<\/tr>\n<tr>\n<td width=\"352\">Dimensions:<\/td>\n<td width=\"324\">41cm L x 23cm l x 29.5cm H<\/td>\n<\/tr>\n<tr>\n<td width=\"352\">Poids:<\/td>\n<td width=\"324\">1.09kg\u00a0\u212e<\/td>\n<\/tr>\n<tr>\n<td width=\"352\">Mati\u00e8re principale:<\/td>\n<td width=\"324\">Polyester<\/td>\n<\/tr>\n<tr>\n<td width=\"352\">Nombre max. de kg:<\/td>\n<td width=\"324\">8<\/td>\n<\/tr>\n<tr>\n<td width=\"352\">Nombre de poign\u00e9es:<\/td>\n<td width=\"324\">2<\/td>\n<\/tr>\n<tr>\n<td width=\"352\">Forme:<\/td>\n<td width=\"324\">Rectangle<\/td>\n<\/tr>\n<tr>\n<td width=\"352\">Groupe de mat\u00e9riaux:<\/td>\n<td width=\"324\">Polyester<\/td>\n<\/tr>\n<tr>\n<td width=\"352\">Mat\u00e9riau de remplissage:<\/td>\n<td width=\"324\">Mousse<\/td>\n<\/tr>\n<\/tbody>\n<\/table>\n<p><strong>Caract\u00e9ristique logement<\/strong><\/p>\n<table style=\"height: 50px\" width=\"494\">\n<tbody>\n<tr>\n<td width=\"352\">Nombre de portes\/ouvertures\/marches:<\/td>\n<td width=\"324\">3<\/td>\n<\/tr>\n<tr>\n<td width=\"352\">Lieu de la porte\/ouverture:<\/td>\n<td width=\"324\">Arri\u00e8re, Avant, Dessus<\/td>\n<\/tr>\n<tr>\n<td width=\"352\">Coussin\/fond amovible:<\/td>\n<td width=\"324\">Oui<\/td>\n<\/tr>\n<\/tbody>\n<\/table>\n<p><strong>Instructions de lavage<\/strong><\/p>\n<table style=\"height: 61px\" width=\"674\">\n<tbody>\n<tr>\n<td width=\"352\">Instructions de s\u00e9chage et de repassage:<\/td>\n<td width=\"324\">Ne pas blanchir, Ne pas utiliser de s\u00e8che-linge\u00a0, Pas de nettoyage \u00e0 sec, Repassage interdit<\/td>\n<\/tr>\n<tr>\n<td width=\"352\">Lavable:<\/td>\n<td width=\"324\">Oui<\/td>\n<\/tr>\n<tr>\n<td width=\"352\">Type instructions de lavage:<\/td>\n<td width=\"324\">Lavable \u00e0 la main<\/td>\n<\/tr>\n<\/tbody>\n<\/table>\n","protected":false},"excerpt":{"rendered":"<p>SAC A DOS ELODIE 41x23x29,5CM<\/p>\n","protected":false},"featured_media":17495,"template":"","meta":{"jetpack_publicize_message":"","jetpack_publicize_feature_enabled":true,"jetpack_social_post_already_shared":true,"jetpack_social_options":{"image_generator_settings":{"template":"highway","default_image_id":0,"font":"","enabled":false},"version":2}},"product_brand":[],"product_cat":[91,90],"product_tag":[],"class_list":{"0":"post-17374","1":"product","2":"type-product","3":"status-publish","4":"has-post-thumbnail","6":"product_cat-sac-de-transport-pour-chat","7":"product_cat-sac-de-transport-pour-chien","9":"first","10":"outofstock","11":"sale","12":"taxable","13":"shipping-taxable","14":"purchasable","15":"product-type-simple"},"supplier_id":8770,"supplier_sku":"518127","barcode":null,"atum_controlled":true,"out_stock_date":"2026-04-18 12:08:59","out_stock_threshold":null,"inheritable":false,"inbound_stock":0,"stock_on_hold":0,"sold_today":0,"sales_last_days":0,"reserved_stock":0,"customer_returns":0,"warehouse_damage":0,"lost_in_post":0,"other_logs":0,"out_stock_days":17,"lost_sales":0,"has_location":false,"update_date":"2026-05-06T00:17:52","atum_locations":[],"atum_stock_status":"outofstock","restock_status":false,"low_stock_amount":2,"sales_update_date":"2026-05-06T00:17:52","calc_backorders":null,"jetpack_publicize_connections":[],"jetpack_sharing_enabled":true,"batches":[],"_links":{"self":[{"href":"https:\/\/petworld.ma\/index.php\/wp-json\/wp\/v2\/product\/17374","targetHints":{"allow":["GET"]}}],"collection":[{"href":"https:\/\/petworld.ma\/index.php\/wp-json\/wp\/v2\/product"}],"about":[{"href":"https:\/\/petworld.ma\/index.php\/wp-json\/wp\/v2\/types\/product"}],"wp:featuredmedia":[{"embeddable":true,"href":"https:\/\/petworld.ma\/index.php\/wp-json\/wp\/v2\/media\/17495"}],"wp:attachment":[{"href":"https:\/\/petworld.ma\/index.php\/wp-json\/wp\/v2\/media?parent=17374"}],"wp:term":[{"taxonomy":"product_brand","embeddable":true,"href":"https:\/\/petworld.ma\/index.php\/wp-json\/wp\/v2\/product_brand?post=17374"},{"taxonomy":"product_cat","embeddable":true,"href":"https:\/\/petworld.ma\/index.php\/wp-json\/wp\/v2\/product_cat?post=17374"},{"taxonomy":"product_tag","embeddable":true,"href":"https:\/\/petworld.ma\/index.php\/wp-json\/wp\/v2\/product_tag?post=17374"}],"curies":[{"name":"wp","href":"https:\/\/api.w.org\/{rel}","templated":true}]}}