{"id":17389,"date":"2025-02-04T08:31:41","date_gmt":"2025-02-04T08:31:41","guid":{"rendered":"https:\/\/petworld.ma\/?post_type=product&#038;p=17389"},"modified":"2026-04-20T16:38:22","modified_gmt":"2026-04-20T16:38:22","slug":"liquide-dentrainement-spray-anti-griffes-175ml","status":"publish","type":"product","link":"https:\/\/petworld.ma\/index.php\/produit\/liquide-dentrainement-spray-anti-griffes-175ml\/","title":{"rendered":"Liquide d&rsquo;entra\u00eenement spray anti-griffes 175ml &#8211; Flamingo"},"content":{"rendered":"<div class=\"mb-2\">Le spray anti-griffes emp\u00eache votre animal de compagnie de gratter vos meubles et autres objets. Vous utilisez le spray autour de votre animal et r\u00e9p\u00e9tez le traitement apr\u00e8s quelques jours pour un r\u00e9sultat efficace. <span style=\"color: #555555; font-size: 14.4px;\">Emp\u00eache rayures ind\u00e9sirables sur les meubles, etc.<\/span><\/div>\n<div><\/div>\n<div><strong>D\u00e9tails du produit<\/strong><\/div>\n<div>\n<table style=\"height: 68px;\" width=\"394\">\n<tbody>\n<tr>\n<td width=\"369\">Description du produit:<\/td>\n<td width=\"322\">SPRAY ANTI-GRIFFURES 175ML<\/td>\n<\/tr>\n<tr>\n<td width=\"369\">Nom du produit:<\/td>\n<td width=\"322\">Liquide d&rsquo;entra\u00eenement<\/td>\n<\/tr>\n<tr>\n<td width=\"369\">Marque:<\/td>\n<td width=\"322\">Flamingo<\/td>\n<\/tr>\n<tr>\n<td width=\"369\">Phase de la vie:<\/td>\n<td width=\"322\">Tous les \u00e2ges<\/td>\n<\/tr>\n<tr>\n<td width=\"369\">Description:<\/td>\n<td width=\"322\">Liquide d&rsquo;entra\u00eenement<\/td>\n<\/tr>\n<tr>\n<td width=\"369\">Animal\/race:<\/td>\n<td width=\"322\">Chat<\/td>\n<\/tr>\n<tr>\n<td width=\"369\">Taille de la race:<\/td>\n<td width=\"322\">Toutes les tailles<\/td>\n<\/tr>\n<tr>\n<td width=\"369\">Saison:<\/td>\n<td width=\"322\">Au long de l&rsquo;ann\u00e9e<\/td>\n<\/tr>\n<tr>\n<td width=\"369\">Utilisation int\u00e9rieure\/ext\u00e9rieure:<\/td>\n<td width=\"322\">Int\u00e9rieur<\/td>\n<\/tr>\n<\/tbody>\n<\/table>\n<p><strong>Caract\u00e9ristiques physiques<\/strong><\/p>\n<table style=\"height: 109px;\" width=\"256\">\n<tbody>\n<tr>\n<td width=\"369\">Couleur:<\/td>\n<td width=\"322\">Transparent<\/td>\n<\/tr>\n<tr>\n<td width=\"369\">Contenu:<\/td>\n<td width=\"322\">175ml<\/td>\n<\/tr>\n<tr>\n<td width=\"369\">Statut \u00e9cologique:<\/td>\n<td width=\"322\">Non \u00e9cotoxique<\/td>\n<\/tr>\n<\/tbody>\n<\/table>\n<p><strong>Caract\u00e9ristique soins &amp; hygi\u00e8ne<\/strong><\/p>\n<table style=\"height: 131px;\" width=\"739\">\n<tbody>\n<tr>\n<td width=\"369\">Zone de traitement:<\/td>\n<td width=\"322\">Environnement de l&rsquo;animal<\/td>\n<\/tr>\n<tr>\n<td width=\"369\">Ingr\u00e9dients:<\/td>\n<td width=\"322\">Cacaote de glyc\u00e9ryle Peg-7, Eau (Aqua), Huile d&rsquo;eucalyptus, Huile essentielle de citron, M\u00e9thylchloroisothiazolinone(5-Chloro-2-methyl-isothiazol-3(2H)-one)\u00a0, Solvant<\/td>\n<\/tr>\n<tr>\n<td width=\"369\">Coh\u00e9rence:<\/td>\n<td width=\"322\">Fluide<\/td>\n<\/tr>\n<tr>\n<td width=\"369\">Caract\u00e9ristique soins:<\/td>\n<td width=\"322\">Emp\u00eache gratter, Irritant pour la peau et les yeux<\/td>\n<\/tr>\n<tr>\n<td width=\"369\">Mode d&rsquo;administration:<\/td>\n<td width=\"322\">Spray<\/td>\n<\/tr>\n<tr>\n<td width=\"369\">Dur\u00e9e d&rsquo;action:<\/td>\n<td width=\"322\">R\u00e9p\u00e9tez apr\u00e8s quelques jours<\/td>\n<\/tr>\n<\/tbody>\n<\/table>\n<p>&nbsp;<\/p>\n<\/div>\n","protected":false},"excerpt":{"rendered":"<p>Spray anti-griffes 175ml<\/p>\n","protected":false},"featured_media":17492,"template":"","meta":{"jetpack_publicize_message":"","jetpack_publicize_feature_enabled":true,"jetpack_social_post_already_shared":true,"jetpack_social_options":{"image_generator_settings":{"template":"highway","default_image_id":0,"font":"","enabled":false},"version":2}},"product_brand":[],"product_cat":[95,222],"product_tag":[],"class_list":{"0":"post-17389","1":"product","2":"type-product","3":"status-publish","4":"has-post-thumbnail","6":"product_cat-arbres-a-chat","7":"product_cat-brosses-coupe-griffes","9":"first","10":"instock","11":"taxable","12":"shipping-taxable","13":"purchasable","14":"product-type-simple"},"supplier_id":8770,"supplier_sku":"510966","barcode":null,"atum_controlled":true,"out_stock_date":null,"out_stock_threshold":null,"inheritable":false,"inbound_stock":0,"stock_on_hold":0,"sold_today":0,"sales_last_days":0,"reserved_stock":0,"customer_returns":0,"warehouse_damage":0,"lost_in_post":0,"other_logs":0,"out_stock_days":0,"lost_sales":0,"has_location":false,"update_date":"2026-04-25T00:12:26","atum_locations":[],"atum_stock_status":"instock","restock_status":false,"low_stock_amount":2,"sales_update_date":"2026-04-25T00:12:25","calc_backorders":null,"jetpack_publicize_connections":[],"jetpack_sharing_enabled":true,"batches":[{"id":"1849","date_created":"2025-02-02 18:39:28","date_expiry":"2027-10-31 00:00:00","user_id":"2461","batch_number":"Liquided\\\\\\\\\\\\\\\\\\\\\\\\\\\\\\\\\\\\\\\\\\\\\\\\\\\\\\\\\\\\\\\\\\\\\\\\\\\\\\\\\\\\\\\\\\\\\\\\\\\\\\\\\\\\\\\\\\\\\\\\\\\\\\\\\\\\\\\\\\\\\\\\\\\\\\\\\\\\\\\\\\\\\\\\\\\\\\\\\\\\\\\\\\\\\\\\\\\\\\\\\\\\\\\\\\\\\\\\\\\\\\\\\\\\\\\\\\\\\\\\\\\\\\\\\\\\\\'entra\u00eenementsprayanti-griffes175ml","location":"","quantity":"24.0000","quantity_available":"6.0000","units":"1","status":"active","order_ids":"[18512,19052,20662,22198,24050,24286,24448,25021,27198,29063,29662,29687,31487,31606,31943,32581,32928,33573,35273,35376,37821,38092,38173]","supplier":"GreenTown kennel","po":{"id":"1823","date_created":"2025-02-02 18:39:30","batch_id":"1849","po_number":"","supplier":"GreenTown kennel","cost":null,"regular_price":null,"sale_price":null,"price_margin":null,"price_discount":null}},{"id":"8975","date_created":"2026-04-20 16:38:21","date_expiry":"2027-10-31 00:00:00","user_id":"2461","batch_number":"Liquided\\\\\\\\\\\\\\\\\\\\\\\\\\\\\\\\\\\\\\\\\\\\\\\\\\\\\\\\\\\\\\\\\\\\\\\\\\\\\\\\\\\\\\\\\\\\\\\\\\\\\\\\\\\\\\\\\\\\\\\\\\\\\\\\\\\\\\\\\\\\\\\\\\\\\\\\\\\\\\\\\\\\\\\\\\\\\\\\\\\\\\\\\\\\\\\\\\\\\\\\\\\\\\\\\\\\\\\\\\\\\\\\\\\\\\\\\\\\\\\\\\\\\\\\\\\\\\'entra\u00eenementsprayanti-griffes175ml","location":"","quantity":"6.0000","quantity_available":"6.0000","units":"1","status":"active","order_ids":null,"supplier":"GreenTown kennel","po":{"id":"8899","date_created":"2026-04-20 16:38:22","batch_id":"8975","po_number":"","supplier":"GreenTown kennel","cost":null,"regular_price":null,"sale_price":null,"price_margin":null,"price_discount":null}}],"_links":{"self":[{"href":"https:\/\/petworld.ma\/index.php\/wp-json\/wp\/v2\/product\/17389","targetHints":{"allow":["GET"]}}],"collection":[{"href":"https:\/\/petworld.ma\/index.php\/wp-json\/wp\/v2\/product"}],"about":[{"href":"https:\/\/petworld.ma\/index.php\/wp-json\/wp\/v2\/types\/product"}],"wp:featuredmedia":[{"embeddable":true,"href":"https:\/\/petworld.ma\/index.php\/wp-json\/wp\/v2\/media\/17492"}],"wp:attachment":[{"href":"https:\/\/petworld.ma\/index.php\/wp-json\/wp\/v2\/media?parent=17389"}],"wp:term":[{"taxonomy":"product_brand","embeddable":true,"href":"https:\/\/petworld.ma\/index.php\/wp-json\/wp\/v2\/product_brand?post=17389"},{"taxonomy":"product_cat","embeddable":true,"href":"https:\/\/petworld.ma\/index.php\/wp-json\/wp\/v2\/product_cat?post=17389"},{"taxonomy":"product_tag","embeddable":true,"href":"https:\/\/petworld.ma\/index.php\/wp-json\/wp\/v2\/product_tag?post=17389"}],"curies":[{"name":"wp","href":"https:\/\/api.w.org\/{rel}","templated":true}]}}