{"id":17394,"date":"2025-02-04T08:35:31","date_gmt":"2025-02-04T08:35:31","guid":{"rendered":"https:\/\/petworld.ma\/?post_type=product&#038;p=17394"},"modified":"2026-02-28T14:41:14","modified_gmt":"2026-02-28T14:41:14","slug":"liquide-dentrainement-chiot-120ml","status":"publish","type":"product","link":"https:\/\/petworld.ma\/index.php\/produit\/liquide-dentrainement-chiot-120ml\/","title":{"rendered":"Liquide d&rsquo;entra\u00eenement Chiot 120ml &#8211; Flamingo"},"content":{"rendered":"<div class=\"mb-2\">\n<p>Les chiens sont particuli\u00e8rement attir\u00e9s par des odeurs sp\u00e9cifiques. Ce spray d&rsquo;entra\u00eenement pour chiots est exclusivement compos\u00e9 d&rsquo;huiles essentielles naturelles et peut \u00eatre utilis\u00e9 pour apprendre la propret\u00e9 \u00e0 votre chiot. Il est pr\u00e9f\u00e9rable de l&rsquo;utiliser avec notre tapis d&rsquo;entra\u00eenement pour chiots.<\/p>\n<div class=\"ai-notice-icon\" data-tippy-options=\"{&quot;content&quot;:&quot;Ce texte a \\u00e9t\\u00e9 g\\u00e9n\\u00e9r\\u00e9 et traduit \\u00e0 l'aide de l'IA&quot;}\"><\/div>\n<\/div>\n<div class=\"cms-element-text\">\n<ul>\n<li>Aide \u00e0 l&rsquo;apprentissage de la propret\u00e9 des chiots<\/li>\n<li>\u00c0 utiliser avec un tapis \u00e9ducateur<\/li>\n<li>Fabriqu\u00e9 \u00e0 base d&rsquo;huiles essentielles naturelles<\/li>\n<\/ul>\n<\/div>\n<p><img loading=\"lazy\" decoding=\"async\" class=\"product-recycle-info-image mt-3 mb-3\" src=\"https:\/\/flamingo.xcdn.nl\/FRBusDopSticker_RC_01.jpg?s=24&amp;f=s:0:160:1:1\" alt=\"fpp-theme.product-detail.buy-widget.recycle-info\" width=\"231\" height=\"54\" \/><\/p>\n<p><strong>D\u00e9tails du produit<\/strong><\/p>\n<table style=\"height: 197px\" width=\"609\">\n<tbody>\n<tr>\n<td width=\"317\">Marque:<\/td>\n<td width=\"914\">Flamingo<\/td>\n<\/tr>\n<tr>\n<td width=\"317\">Adapt\u00e9 pour:<\/td>\n<td width=\"914\">Chiot<\/td>\n<\/tr>\n<tr>\n<td width=\"317\">Phase de la vie:<\/td>\n<td width=\"914\">Chiot<\/td>\n<\/tr>\n<tr>\n<td width=\"317\">Description:<\/td>\n<td width=\"914\">Liquide d&rsquo;entra\u00eenement<\/td>\n<\/tr>\n<tr>\n<td width=\"317\">Gamme de produits:<\/td>\n<td width=\"914\">Chiot<\/td>\n<\/tr>\n<tr>\n<td width=\"317\">Animal\/race:<\/td>\n<td width=\"914\">Chat, Chien<\/td>\n<\/tr>\n<tr>\n<td width=\"317\">Taille de la race:<\/td>\n<td width=\"914\">Toutes les tailles<\/td>\n<\/tr>\n<tr>\n<td width=\"317\">Saison:<\/td>\n<td width=\"914\">Au long de l&rsquo;ann\u00e9e<\/td>\n<\/tr>\n<tr>\n<td width=\"317\">Utilisation int\u00e9rieure\/ext\u00e9rieure:<\/td>\n<td width=\"914\">Int\u00e9rieur<\/td>\n<\/tr>\n<\/tbody>\n<\/table>\n<p><strong>Caract\u00e9ristique soins &amp; hygi\u00e8ne<\/strong><\/p>\n<table style=\"height: 155px\" width=\"1138\">\n<tbody>\n<tr>\n<td width=\"317\">Type d&rsquo;ar\u00f4me:<\/td>\n<td width=\"914\">Neutre<\/td>\n<\/tr>\n<tr>\n<td width=\"317\">Ingr\u00e9dients:<\/td>\n<td width=\"914\">Coumarine, Eau (Aqua), Limon\u00e8ne (Limonene), Linalol, Parfum, Polycarboxylaten, Tensioactifs non ioniques<\/td>\n<\/tr>\n<tr>\n<td width=\"317\">Coh\u00e9rence:<\/td>\n<td width=\"914\">Fluide<\/td>\n<\/tr>\n<tr>\n<td width=\"317\">Caract\u00e9ristique soins:<\/td>\n<td width=\"914\">Aide \u00e0 l&rsquo;apprentissage de la propret\u00e9, Avec des huiles essentielles, Hautement inflammable<\/td>\n<\/tr>\n<tr>\n<td width=\"317\">Mode d&rsquo;administration:<\/td>\n<td width=\"914\">Spray<\/td>\n<\/tr>\n<tr>\n<td width=\"317\">Instruction de stockage:<\/td>\n<td width=\"914\">Ne conserver pas \u00e0 l&rsquo;humidit\u00e9, Ne pas exposer au soleil, Ne pas stocker \u00e0 haute temp\u00e9rature, Tenir hors de port\u00e9e des enfants<\/td>\n<\/tr>\n<\/tbody>\n<\/table>\n","protected":false},"excerpt":{"rendered":"<p>SPRAY EDUCATEUR POUR CHIOTS 120ML<\/p>\n","protected":false},"featured_media":17493,"template":"","meta":{"jetpack_publicize_message":"","jetpack_publicize_feature_enabled":true,"jetpack_social_post_already_shared":true,"jetpack_social_options":{"image_generator_settings":{"template":"highway","default_image_id":0,"font":"","enabled":false},"version":2}},"product_brand":[],"product_cat":[227,106],"product_tag":[],"class_list":{"0":"post-17394","1":"product","2":"type-product","3":"status-publish","4":"has-post-thumbnail","6":"product_cat-couches-tapis-absorbant","7":"product_cat-jouet-et-dressage","9":"first","10":"instock","11":"sale","12":"taxable","13":"shipping-taxable","14":"purchasable","15":"product-type-simple"},"supplier_id":8770,"supplier_sku":"507793","barcode":null,"atum_controlled":true,"out_stock_date":null,"out_stock_threshold":null,"inheritable":false,"inbound_stock":0,"stock_on_hold":0,"sold_today":0,"sales_last_days":0,"reserved_stock":0,"customer_returns":0,"warehouse_damage":0,"lost_in_post":0,"other_logs":0,"out_stock_days":0,"lost_sales":0,"has_location":false,"update_date":"2026-04-25T00:12:25","atum_locations":[],"atum_stock_status":"instock","restock_status":false,"low_stock_amount":2,"sales_update_date":"2026-04-25T00:12:24","calc_backorders":null,"jetpack_publicize_connections":[],"jetpack_sharing_enabled":true,"batches":[],"_links":{"self":[{"href":"https:\/\/petworld.ma\/index.php\/wp-json\/wp\/v2\/product\/17394","targetHints":{"allow":["GET"]}}],"collection":[{"href":"https:\/\/petworld.ma\/index.php\/wp-json\/wp\/v2\/product"}],"about":[{"href":"https:\/\/petworld.ma\/index.php\/wp-json\/wp\/v2\/types\/product"}],"wp:featuredmedia":[{"embeddable":true,"href":"https:\/\/petworld.ma\/index.php\/wp-json\/wp\/v2\/media\/17493"}],"wp:attachment":[{"href":"https:\/\/petworld.ma\/index.php\/wp-json\/wp\/v2\/media?parent=17394"}],"wp:term":[{"taxonomy":"product_brand","embeddable":true,"href":"https:\/\/petworld.ma\/index.php\/wp-json\/wp\/v2\/product_brand?post=17394"},{"taxonomy":"product_cat","embeddable":true,"href":"https:\/\/petworld.ma\/index.php\/wp-json\/wp\/v2\/product_cat?post=17394"},{"taxonomy":"product_tag","embeddable":true,"href":"https:\/\/petworld.ma\/index.php\/wp-json\/wp\/v2\/product_tag?post=17394"}],"curies":[{"name":"wp","href":"https:\/\/api.w.org\/{rel}","templated":true}]}}