{"id":1740,"date":"2023-03-15T10:26:39","date_gmt":"2023-03-15T10:26:39","guid":{"rendered":"https:\/\/petworld.ma\/?post_type=product&#038;p=1740"},"modified":"2026-04-26T12:05:22","modified_gmt":"2026-04-26T12:05:22","slug":"brit-premium-pochon-poulet-pour-chaton-100g","status":"publish","type":"product","link":"https:\/\/petworld.ma\/index.php\/produit\/brit-premium-pochon-poulet-pour-chaton-100g\/","title":{"rendered":"Brit Premium Pochon poulet pour chaton 100g"},"content":{"rendered":"<div class=\"hidden-xs\">\n<p><strong>BOUCH\u00c9ES DE POULET EN SAUCE.\u00a0<\/strong>ALIMENT HUMIDE COMPLET PREMIUM POUR CHATON.<\/p>\n<\/div>\n<div class=\"benefits\"><strong style=\"color: #555555\">Composition:<\/strong><\/div>\n<div class=\"catalog-wrap\">\n<p>80\u00a0% viande et sous-produits animaux en bouch\u00e9es (8\u00a0% poulet), poisson et sous-produits de poisson, sous-produits v\u00e9g\u00e9taux, min\u00e9raux. Sans colorants ni conservateurs.<\/p>\n<p><strong>Composants analytiques:<\/strong><\/p>\n<p>prot\u00e9ine brute 9,5\u00a0%, teneur en mati\u00e8res grasses 5\u00a0%, cendres brutes 2,5\u00a0%, cellulose brute 0,4\u00a0%, humidit\u00e9 81\u00a0%.<\/p>\n<p><strong>Ingr\u00e9dients:<\/strong><\/p>\n<p>vitamine D3 (E671) 250 IU, vitamine E (\u03b1-tocoph\u00e9rol) (3a700) 100 mg, zinc (3b606) 10 mg, mangan\u00e8se (E5) 2 mg, iode (3b201) 0,7 mg, cuivre (E4) 0,2 mg, taurine (3a370) 450 mg, biotine 0,1 mg.<\/p>\n<\/div>\n","protected":false},"excerpt":{"rendered":"<p>BOUCH\u00c9ES DE POULET EN SAUCE.\u00a0ALIMENT HUMIDE COMPLET PREMIUM POUR CHATON. Composition: 80\u00a0% viande et sous-produits animaux en bouch\u00e9es (8\u00a0% poulet), poisson et sous-produits de poisson, sous-produits v\u00e9g\u00e9taux, min\u00e9raux. Sans colorants ni conservateurs. Composants analytiques: prot\u00e9ine brute 9,5\u00a0%, teneur en mati\u00e8res grasses 5\u00a0%, cendres brutes 2,5\u00a0%, cellulose brute 0,4\u00a0%, humidit\u00e9 81\u00a0%. Ingr\u00e9dients: vitamine D3 (E671) 250 [&#8230;]\n","protected":false},"featured_media":1741,"template":"","meta":{"jetpack_publicize_message":"","jetpack_publicize_feature_enabled":true,"jetpack_social_post_already_shared":false,"jetpack_social_options":{"image_generator_settings":{"template":"highway","default_image_id":0,"font":"","enabled":false},"version":2}},"product_brand":[],"product_cat":[41],"product_tag":[],"class_list":{"0":"post-1740","1":"product","2":"type-product","3":"status-publish","4":"has-post-thumbnail","6":"product_cat-friandises-et-pate-pour-chat","8":"first","9":"instock","10":"taxable","11":"shipping-taxable","12":"purchasable","13":"product-type-simple"},"supplier_id":5590,"supplier_sku":"","barcode":null,"atum_controlled":true,"out_stock_date":null,"out_stock_threshold":null,"inheritable":false,"inbound_stock":0,"stock_on_hold":6,"sold_today":0,"sales_last_days":4,"reserved_stock":0,"customer_returns":0,"warehouse_damage":0,"lost_in_post":0,"other_logs":0,"out_stock_days":0,"lost_sales":0,"has_location":false,"update_date":"2026-04-27T13:26:44","atum_locations":[],"atum_stock_status":"instock","restock_status":false,"low_stock_amount":24,"sales_update_date":"2026-04-27T13:26:44","calc_backorders":null,"jetpack_publicize_connections":[],"jetpack_sharing_enabled":true,"batches":[{"id":"846","date_created":"2024-11-15 16:49:28","date_expiry":"2026-06-17 00:00:00","user_id":"2760","batch_number":"BritPochonKitten170626","location":"","quantity":"48.0000","quantity_available":"0.0000","units":"1","status":"archived","order_ids":"[14467,14614,14705,14859,14907,14911,15141,15169,15188,15907,16025,16037,16322,16535,16639,16889]","supplier":"Brit","po":{"id":"823","date_created":"2024-11-15 16:49:29","batch_id":"846","po_number":"","supplier":"Brit","cost":null,"regular_price":null,"sale_price":null,"price_margin":null,"price_discount":null}},{"id":"1148","date_created":"2024-12-11 01:59:56","date_expiry":"2026-06-17 00:00:00","user_id":"2760","batch_number":"BritPochonKitten170626","location":"","quantity":"24.0000","quantity_available":"0.0000","units":"1","status":"archived","order_ids":"[17421,18034,18078,18491,18990,19035]","supplier":"Brit","po":{"id":"1124","date_created":"2024-12-11 01:59:56","batch_id":"1148","po_number":"","supplier":"Brit","cost":null,"regular_price":null,"sale_price":null,"price_margin":null,"price_discount":null}},{"id":"2634","date_created":"2025-03-30 22:28:14","date_expiry":"2026-12-02 00:00:00","user_id":"2760","batch_number":"BritPochonKitten021226","location":"","quantity":"120.0000","quantity_available":"0.0000","units":"1","status":"archived","order_ids":"[20258,20519,21656,21785,22180,22410,23237,23492,23629,23727,23759,23955,24162,24502,24814,24881,25128,25209,25371,25450,25533,25816,25859,25899,32363,32993,33004,33159,33312]","supplier":"Brit","po":{"id":"2602","date_created":"2025-03-30 22:28:21","batch_id":"2634","po_number":"","supplier":"Brit","cost":null,"regular_price":null,"sale_price":null,"price_margin":null,"price_discount":null}},{"id":"3827","date_created":"2025-06-04 22:14:17","date_expiry":"2027-02-03 00:00:00","user_id":"2760","batch_number":"BritPochonKitten030227","location":"","quantity":"48.0000","quantity_available":"0.0000","units":"1","status":"archived","order_ids":"[26347,26438,26570,29374,29789,29865,29707,29891,29966,30512,30818,31203]","supplier":"BRIT","po":{"id":"3792","date_created":"2025-06-04 22:15:09","batch_id":"3827","po_number":"","supplier":"BRIT","cost":null,"regular_price":null,"sale_price":null,"price_margin":null,"price_discount":null}},{"id":"4724","date_created":"2025-08-08 10:10:40","date_expiry":"2027-05-08 00:00:00","user_id":"2760","batch_number":"BritPochonKitten080527","location":"","quantity":"144.0000","quantity_available":"0.0000","units":"1","status":"archived","order_ids":"[31203,31440,31463,31591,31869,32026,32096,33312,33502,33983,35476,35800,36770,37029,37434,37805,37824,37889,38189,38373,38747,39131,40011,40749]","supplier":"Brit","po":{"id":"4688","date_created":"2025-08-08 10:10:41","batch_id":"4724","po_number":"","supplier":"Brit","cost":null,"regular_price":null,"sale_price":null,"price_margin":null,"price_discount":null}},{"id":"7463","date_created":"2026-02-03 00:12:27","date_expiry":"2027-11-30 00:00:00","user_id":"2760","batch_number":"BritPochonKitten301127","location":"","quantity":"24.0000","quantity_available":"21.0000","units":"1","status":"active","order_ids":"[40749]","supplier":"Brit","po":{"id":"7398","date_created":"2026-02-03 00:12:27","batch_id":"7463","po_number":"","supplier":"Brit","cost":null,"regular_price":null,"sale_price":null,"price_margin":null,"price_discount":null}}],"_links":{"self":[{"href":"https:\/\/petworld.ma\/index.php\/wp-json\/wp\/v2\/product\/1740","targetHints":{"allow":["GET"]}}],"collection":[{"href":"https:\/\/petworld.ma\/index.php\/wp-json\/wp\/v2\/product"}],"about":[{"href":"https:\/\/petworld.ma\/index.php\/wp-json\/wp\/v2\/types\/product"}],"wp:featuredmedia":[{"embeddable":true,"href":"https:\/\/petworld.ma\/index.php\/wp-json\/wp\/v2\/media\/1741"}],"wp:attachment":[{"href":"https:\/\/petworld.ma\/index.php\/wp-json\/wp\/v2\/media?parent=1740"}],"wp:term":[{"taxonomy":"product_brand","embeddable":true,"href":"https:\/\/petworld.ma\/index.php\/wp-json\/wp\/v2\/product_brand?post=1740"},{"taxonomy":"product_cat","embeddable":true,"href":"https:\/\/petworld.ma\/index.php\/wp-json\/wp\/v2\/product_cat?post=1740"},{"taxonomy":"product_tag","embeddable":true,"href":"https:\/\/petworld.ma\/index.php\/wp-json\/wp\/v2\/product_tag?post=1740"}],"curies":[{"name":"wp","href":"https:\/\/api.w.org\/{rel}","templated":true}]}}