{"id":17401,"date":"2025-02-18T09:28:42","date_gmt":"2025-02-18T09:28:42","guid":{"rendered":"https:\/\/petworld.ma\/?post_type=product&#038;p=17401"},"modified":"2026-04-10T15:32:19","modified_gmt":"2026-04-10T15:32:19","slug":"gamelle-pour-la-nourriture-et-leau-kubo-noir-et-blanc-180ml","status":"publish","type":"product","link":"https:\/\/petworld.ma\/index.php\/produit\/gamelle-pour-la-nourriture-et-leau-kubo-noir-et-blanc-180ml\/","title":{"rendered":"Gamelle Pour La Nourriture et L&rsquo;eau Kubo Noir et Blanc 180ml"},"content":{"rendered":"<div class=\"mb-2\">\n<p>Offrez \u00e0 votre chat une exp\u00e9rience de repas \u00e9l\u00e9gante avec le bol pour chat Kubo ! Convient pour la nourriture ou l&rsquo;eau, et avec une forme ludique et des couleurs noir et blanc. Parfait pour toutes les races de chats et m\u00eame les chatons.<\/p>\n<div class=\"ai-notice-icon\" data-tippy-options=\"{&quot;content&quot;:&quot;Ce texte a \\u00e9t\\u00e9 g\\u00e9n\\u00e9r\\u00e9 et traduit \\u00e0 l'aide de l'IA&quot;}\"><\/div>\n<\/div>\n<div class=\"cms-element-text\">\n<ul>\n<li>Mat\u00e9riau : c\u00e9ramique<\/li>\n<li>Lavable au lave-vaisselle<\/li>\n<\/ul>\n<p><img decoding=\"async\" class=\" wp-image-17402 alignleft\" src=\"https:\/\/petworld.ma\/wp-content\/uploads\/2025\/02\/gamelle11-1.webp\" alt=\"\" width=\"87\" height=\"87\" srcset=\"https:\/\/petworld.ma\/wp-content\/uploads\/2025\/02\/gamelle11-1.webp 140w, https:\/\/petworld.ma\/wp-content\/uploads\/2025\/02\/gamelle11-1-100x100.webp 100w\" sizes=\"(max-width: 87px) 100vw, 87px\" \/>A ; 16cm L x C ; 12cm l x B ; 5cm H &#8211; 180ml<\/p>\n<\/div>\n<p>&nbsp;<\/p>\n<p>&nbsp;<\/p>\n<table class=\"table table-striped product-detail-properties-table product-detail-io-property-set-table accordion-body\" style=\"font-size: 14.4px\">\n<tbody>\n<tr class=\"properties-row\">\n<th class=\"properties-label fw-normal d-block d-md-table-cell\">Mati\u00e8re principale:<\/th>\n<td class=\"properties-value d-block d-md-table-cell\">Dolomite<\/td>\n<\/tr>\n<tr class=\"properties-row\">\n<th class=\"properties-label fw-normal d-block d-md-table-cell\">Groupe de mat\u00e9riaux:<\/th>\n<td class=\"properties-value d-block d-md-table-cell\">C\u00e9ramique<\/td>\n<\/tr>\n<\/tbody>\n<\/table>\n","protected":false},"excerpt":{"rendered":"<p>GAMELLE POUR LA NOURRITURE ET L&rsquo;EAU CHAT KUBO CERAMIQUE NOIR-BLANC 180ML\u00a0 A ; 16cm L x C ; 12cm l x B ; 5cm H<\/p>\n","protected":false},"featured_media":17774,"template":"","meta":{"jetpack_publicize_message":"","jetpack_publicize_feature_enabled":true,"jetpack_social_post_already_shared":true,"jetpack_social_options":{"image_generator_settings":{"template":"highway","default_image_id":0,"font":"","enabled":false},"version":2}},"product_brand":[],"product_cat":[36,133,134],"product_tag":[],"class_list":{"0":"post-17401","1":"product","2":"type-product","3":"status-publish","4":"has-post-thumbnail","6":"product_cat-chat","7":"product_cat-gamelle","8":"product_cat-gamelles","10":"first","11":"instock","12":"taxable","13":"shipping-taxable","14":"purchasable","15":"product-type-simple"},"supplier_id":8770,"supplier_sku":"561267","barcode":null,"atum_controlled":true,"out_stock_date":null,"out_stock_threshold":null,"inheritable":false,"inbound_stock":0,"stock_on_hold":0,"sold_today":0,"sales_last_days":0,"reserved_stock":0,"customer_returns":0,"warehouse_damage":0,"lost_in_post":0,"other_logs":0,"out_stock_days":0,"lost_sales":0,"has_location":false,"update_date":"2026-04-28T00:16:18","atum_locations":[],"atum_stock_status":"instock","restock_status":false,"low_stock_amount":2,"sales_update_date":"2026-04-28T00:16:18","calc_backorders":null,"jetpack_publicize_connections":[],"jetpack_sharing_enabled":true,"batches":[],"_links":{"self":[{"href":"https:\/\/petworld.ma\/index.php\/wp-json\/wp\/v2\/product\/17401","targetHints":{"allow":["GET"]}}],"collection":[{"href":"https:\/\/petworld.ma\/index.php\/wp-json\/wp\/v2\/product"}],"about":[{"href":"https:\/\/petworld.ma\/index.php\/wp-json\/wp\/v2\/types\/product"}],"wp:featuredmedia":[{"embeddable":true,"href":"https:\/\/petworld.ma\/index.php\/wp-json\/wp\/v2\/media\/17774"}],"wp:attachment":[{"href":"https:\/\/petworld.ma\/index.php\/wp-json\/wp\/v2\/media?parent=17401"}],"wp:term":[{"taxonomy":"product_brand","embeddable":true,"href":"https:\/\/petworld.ma\/index.php\/wp-json\/wp\/v2\/product_brand?post=17401"},{"taxonomy":"product_cat","embeddable":true,"href":"https:\/\/petworld.ma\/index.php\/wp-json\/wp\/v2\/product_cat?post=17401"},{"taxonomy":"product_tag","embeddable":true,"href":"https:\/\/petworld.ma\/index.php\/wp-json\/wp\/v2\/product_tag?post=17401"}],"curies":[{"name":"wp","href":"https:\/\/api.w.org\/{rel}","templated":true}]}}