{"id":176,"date":"2022-12-16T10:35:54","date_gmt":"2022-12-16T10:35:54","guid":{"rendered":"http:\/\/petworld.ma\/?post_type=product&#038;p=176"},"modified":"2026-05-14T16:09:50","modified_gmt":"2026-05-14T16:09:50","slug":"lot-de-25-tapis-absorbants-et-educatif-pour-chien-40-cm-x-60-cm-canijess","status":"publish","type":"product","link":"https:\/\/petworld.ma\/index.php\/produit\/lot-de-25-tapis-absorbants-et-educatif-pour-chien-40-cm-x-60-cm-canijess\/","title":{"rendered":"Lot de 25 tapis absorbants et \u00e9ducatif pour chien 40 cm x 60 cm (canijess)"},"content":{"rendered":"<p>Lot de 25 tapis \u00e9ducateurs pour chiens. Facilitez l&rsquo;\u00e9ducation de votre chien avec ce lot de 25 tapis \u00e9ducateurs. Installez un tapis absorbant dans un coin de votre pi\u00e8ce et apprenez \u00e0 votre animal la propret\u00e9 en toute simplicit\u00e9.En mati\u00e8re non tiss\u00e9e, chaque tapis est ultra absorbant et permet de r\u00e9duire les accidents urinaires sur vos sols. Les tapis sont con\u00e7us pour attirer les chiens en cas de besoin. Pour un apprentissage r\u00e9ussi, installez votre chien sur un tapis \u00e9ducateur pour qu&rsquo;il fasse ses besoins et n&rsquo;h\u00e9sitez pas \u00e0 le r\u00e9compenser pour favoriser la r\u00e9it\u00e9ration de son acte.Facile \u00e0 utiliser, vous n&rsquo;aurez qu&rsquo;\u00e0 changer de tapis apr\u00e8s chaque utilisation. Gr\u00e2ce \u00e0 sa surface \u00e0 s\u00e9chage rapide, le tapis absorbe les liquides et les odeurs et ne risque pas de se transpercer et de tacher votre sol.Ce lot de tapis absorbants peut \u00e9galement \u00eatre utilis\u00e9 pour les chiens malades ou \u00e2g\u00e9s afin d&rsquo;am\u00e9liorer leur confort quotidien. Chaque tapis peut \u00eatre plac\u00e9 dans une cage de transport pour plus de facilit\u00e9. Dimensions totales : Longueur 60 cm x largeur 40 cm- Dimensions de la surface absorbante : 52 x 37 cm- Mati\u00e8re non tiss\u00e9e \u00e9paisseur 3 mm.<\/p>\n<p><a href=\"https:\/\/wa.me\/212708052510\" target=\"_blank\" rel=\"noopener noreferrer\"><img loading=\"lazy\" decoding=\"async\" class=\"fr-fic fr-dib aligncenter\" src=\"https:\/\/cdn.youcan.shop\/stores\/d0742d556df94ddbc7ae4c9810aff04b\/others\/aE2LxkTRdND08IF1P7b5lQL78Blqje1ovLrdhytH.png\" alt=\"\" width=\"284\" height=\"75\" data-name=\"stores\/d0742d556df94ddbc7ae4c9810aff04b\/others\/aE2LxkTRdND08IF1P7b5lQL78Blqje1ovLrdhytH.png\" \/><\/a><\/p>\n","protected":false},"excerpt":{"rendered":"<p>Lot de 25 tapis \u00e9ducateurs pour chiens. Facilitez l&rsquo;\u00e9ducation de votre chien avec ce lot de 25 tapis \u00e9ducateurs. Installez un tapis absorbant dans un coin de votre pi\u00e8ce et apprenez \u00e0 votre animal la propret\u00e9 en toute simplicit\u00e9.En mati\u00e8re non tiss\u00e9e, chaque tapis est ultra absorbant et permet de r\u00e9duire les accidents urinaires sur [&#8230;]\n","protected":false},"featured_media":585,"template":"","meta":{"jetpack_publicize_message":"","jetpack_publicize_feature_enabled":true,"jetpack_social_post_already_shared":true,"jetpack_social_options":{"image_generator_settings":{"template":"highway","default_image_id":0,"font":"","enabled":false},"version":2}},"product_brand":[],"product_cat":[227],"product_tag":[],"class_list":{"0":"post-176","1":"product","2":"type-product","3":"status-publish","4":"has-post-thumbnail","6":"product_cat-couches-tapis-absorbant","8":"first","9":"outofstock","10":"taxable","11":"shipping-taxable","12":"purchasable","13":"product-type-simple"},"supplier_id":5587,"supplier_sku":"6890","barcode":null,"atum_controlled":true,"out_stock_date":null,"out_stock_threshold":null,"inheritable":false,"inbound_stock":0,"stock_on_hold":1,"sold_today":1,"sales_last_days":1,"reserved_stock":0,"customer_returns":0,"warehouse_damage":0,"lost_in_post":0,"other_logs":0,"out_stock_days":0,"lost_sales":0,"has_location":false,"update_date":"2026-05-14T16:09:52","atum_locations":[],"atum_stock_status":"outofstock","restock_status":false,"low_stock_amount":0,"sales_update_date":"2026-05-14T16:09:52","calc_backorders":null,"jetpack_publicize_connections":[],"jetpack_sharing_enabled":true,"batches":[{"id":"239","date_created":"2024-09-29 12:30:24","date_expiry":"2026-01-24 00:00:00","user_id":"50","batch_number":"25Tapis24012026","location":"","quantity":"169.0000","quantity_available":"0.0000","units":"1","status":"archived","order_ids":"[11524,12123,12149,12304,12468,12751,12860,12862,12940,13110,13117,13122,13184,13226,13270,13464,13511,13704,13848,13988,14143,14144,14329,14352,14410,14422,14468,14771,14816,14889,14961,15033,15064,15442,15547,15561,15565,15567,15691,15845,15926,15931,15992,16052,16149,16223,16280,16672,16808,16904,16954,17062,17101,17285,17286,17590,17842,17897,17904,17958,17971,18185,18287,18331,18426,18664,18732,19040,19066,19181,19186,19215,19429,19857,20092,20188,20277,20779,25497,25551,25660,25679,25710,25727,25845,26058,26060,26150,26753,26817,27557,28055,28136,28644,28852,28874,29325,29332,29518,29739,29940,30579,30950,31001,31110,31199,31362,31841,31934,31945,32163,32339,32650,32693,32845,33020,33116,33216,33358,33414,33415,33630,33775,33803]","supplier":"Royal Canin","po":{"id":"234","date_created":"2024-09-29 12:30:25","batch_id":"239","po_number":"","supplier":"Royal Canin","cost":null,"regular_price":null,"sale_price":null,"price_margin":null,"price_discount":null}},{"id":"3087","date_created":"2025-04-18 21:33:53","date_expiry":"2026-01-24 00:00:00","user_id":"50","batch_number":"25Tapis24012026","location":"","quantity":"48.0000","quantity_available":"0.0000","units":"1","status":"archived","order_ids":"[20901,20947,21004,21051,21052,21090,21242,21347,21391,21477,21652,21941,22005,22188,22241,22376,22490,22495,22804,23148,23184,23417,23465,23699,23739,23781,23818,24059,24134,24188,24200,24409,24435,24438,24618,24871,24891,25046,25154]","supplier":"Casablanca","po":{"id":"3054","date_created":"2025-04-18 21:33:53","batch_id":"3087","po_number":"","supplier":"Casablanca","cost":null,"regular_price":null,"sale_price":null,"price_margin":null,"price_discount":null}}],"_links":{"self":[{"href":"https:\/\/petworld.ma\/index.php\/wp-json\/wp\/v2\/product\/176","targetHints":{"allow":["GET"]}}],"collection":[{"href":"https:\/\/petworld.ma\/index.php\/wp-json\/wp\/v2\/product"}],"about":[{"href":"https:\/\/petworld.ma\/index.php\/wp-json\/wp\/v2\/types\/product"}],"wp:featuredmedia":[{"embeddable":true,"href":"https:\/\/petworld.ma\/index.php\/wp-json\/wp\/v2\/media\/585"}],"wp:attachment":[{"href":"https:\/\/petworld.ma\/index.php\/wp-json\/wp\/v2\/media?parent=176"}],"wp:term":[{"taxonomy":"product_brand","embeddable":true,"href":"https:\/\/petworld.ma\/index.php\/wp-json\/wp\/v2\/product_brand?post=176"},{"taxonomy":"product_cat","embeddable":true,"href":"https:\/\/petworld.ma\/index.php\/wp-json\/wp\/v2\/product_cat?post=176"},{"taxonomy":"product_tag","embeddable":true,"href":"https:\/\/petworld.ma\/index.php\/wp-json\/wp\/v2\/product_tag?post=176"}],"curies":[{"name":"wp","href":"https:\/\/api.w.org\/{rel}","templated":true}]}}