{"id":17646,"date":"2025-02-09T21:16:51","date_gmt":"2025-02-09T21:16:51","guid":{"rendered":"https:\/\/petworld.ma\/?post_type=product&#038;p=17646"},"modified":"2026-04-12T09:48:24","modified_gmt":"2026-04-12T09:48:24","slug":"flamingo-tapis-de-gazon-artificiel-remplacable-pour-toilettes-pour-animaux-pelou-green-575-x-46-x-25","status":"publish","type":"product","link":"https:\/\/petworld.ma\/index.php\/produit\/flamingo-tapis-de-gazon-artificiel-remplacable-pour-toilettes-pour-animaux-pelou-green-575-x-46-x-25\/","title":{"rendered":"Tapis De Gazon Artificiel Flamingo Rempla\u00e7able Pour Toilettes Pour Animaux Pelou Green 57.5 x 46 x 2.5"},"content":{"rendered":"<div class=\"mb-2\">\n<p>Le tapis d&rsquo;entra\u00eenement Pelou Green est la solution ultime pour l&rsquo;apprentissage de la propret\u00e9 des chiots et pour lutter contre l&rsquo;incontinence chez les chiens. Fabriqu\u00e9 en polyester et adapt\u00e9 \u00e0 une utilisation en int\u00e9rieur et en ext\u00e9rieur. \u00c0 utiliser en conjonction avec un spray d&rsquo;entra\u00eenement pour des r\u00e9sultats optimaux !<\/p>\n<div class=\"ai-notice-icon\" data-tippy-options=\"{&quot;content&quot;:&quot;This text was generated and translated using AI&quot;}\"><\/div>\n<\/div>\n<div class=\"cms-element-text\">\n<ul>\n<li>Mat\u00e9riau : plastique PP et plastique PE<\/li>\n<li>Aide \u00e0 l&rsquo;apprentissage de la propret\u00e9 du chiot<\/li>\n<li>Convient \u00e9galement aux chiens incontinents<\/li>\n<li>Peut \u00eatre utilis\u00e9 \u00e0 l&rsquo;int\u00e9rieur comme \u00e0 l&rsquo;ext\u00e9rieur<\/li>\n<li>Utiliser avec un spray d&rsquo;entra\u00eenement pour de meilleurs r\u00e9sultats<\/li>\n<\/ul>\n<table width=\"544\">\n<tbody>\n<tr>\n<td width=\"241\">D\u00e9tails du produit<\/td>\n<\/tr>\n<\/tbody>\n<\/table>\n<p>Nom de marque : Flamant<\/p>\n<p>\u00c9tape de la vie :Tous les \u00e2ges<\/p>\n<p>Sous-marque :Pelou<\/p>\n<p>Mod\u00e8le\/Type :pour les toilettes pour animaux de compagnie<\/p>\n<p>Description:Tapis de gazon artificiel rempla\u00e7able<\/p>\n<p>Animal\/race :Chien<\/p>\n<p>Taille de la race :Toutes les tailles<\/p>\n<p>Saison:Toute l&rsquo;ann\u00e9e<\/p>\n<p>Utilisation int\u00e9rieure\/ext\u00e9rieure :Les deux<\/p>\n<\/div>\n<p>&nbsp;<\/p>\n<table width=\"595\">\n<tbody>\n<tr>\n<td width=\"213\">Caract\u00e9ristiques physiques<\/td>\n<\/tr>\n<\/tbody>\n<\/table>\n<p>Couleur: Vert, Noir<\/p>\n<p>Dimensions: 57,5 cm de long x 46 cm de large x 2,5 cm de haut<\/p>\n<p>Poids: 460g<\/p>\n<p>Mati\u00e8re principale:PP Polypropyl\u00e8ne<\/p>\n<p>Forme:Rectangle<\/p>\n<p>Groupe de mat\u00e9riaux :Plastique<\/p>\n","protected":false},"excerpt":{"rendered":"<p>57,5 cm de long x 46 cm de large x 2,5 cm de haut<\/p>\n","protected":false},"featured_media":17766,"template":"","meta":{"jetpack_publicize_message":"","jetpack_publicize_feature_enabled":true,"jetpack_social_post_already_shared":true,"jetpack_social_options":{"image_generator_settings":{"template":"highway","default_image_id":0,"font":"","enabled":false},"version":2}},"product_brand":[],"product_cat":[227,106],"product_tag":[],"class_list":{"0":"post-17646","1":"product","2":"type-product","3":"status-publish","4":"has-post-thumbnail","6":"product_cat-couches-tapis-absorbant","7":"product_cat-jouet-et-dressage","9":"first","10":"instock","11":"taxable","12":"shipping-taxable","13":"purchasable","14":"product-type-simple"},"supplier_id":8770,"supplier_sku":"523453","barcode":null,"atum_controlled":true,"out_stock_date":null,"out_stock_threshold":null,"inheritable":false,"inbound_stock":0,"stock_on_hold":0,"sold_today":0,"sales_last_days":0,"reserved_stock":0,"customer_returns":0,"warehouse_damage":0,"lost_in_post":0,"other_logs":0,"out_stock_days":0,"lost_sales":0,"has_location":false,"update_date":"2026-04-27T00:16:06","atum_locations":[],"atum_stock_status":"instock","restock_status":false,"low_stock_amount":2,"sales_update_date":"2026-04-27T00:16:06","calc_backorders":null,"jetpack_publicize_connections":[],"jetpack_sharing_enabled":true,"batches":[],"_links":{"self":[{"href":"https:\/\/petworld.ma\/index.php\/wp-json\/wp\/v2\/product\/17646","targetHints":{"allow":["GET"]}}],"collection":[{"href":"https:\/\/petworld.ma\/index.php\/wp-json\/wp\/v2\/product"}],"about":[{"href":"https:\/\/petworld.ma\/index.php\/wp-json\/wp\/v2\/types\/product"}],"wp:featuredmedia":[{"embeddable":true,"href":"https:\/\/petworld.ma\/index.php\/wp-json\/wp\/v2\/media\/17766"}],"wp:attachment":[{"href":"https:\/\/petworld.ma\/index.php\/wp-json\/wp\/v2\/media?parent=17646"}],"wp:term":[{"taxonomy":"product_brand","embeddable":true,"href":"https:\/\/petworld.ma\/index.php\/wp-json\/wp\/v2\/product_brand?post=17646"},{"taxonomy":"product_cat","embeddable":true,"href":"https:\/\/petworld.ma\/index.php\/wp-json\/wp\/v2\/product_cat?post=17646"},{"taxonomy":"product_tag","embeddable":true,"href":"https:\/\/petworld.ma\/index.php\/wp-json\/wp\/v2\/product_tag?post=17646"}],"curies":[{"name":"wp","href":"https:\/\/api.w.org\/{rel}","templated":true}]}}