{"id":1769,"date":"2023-03-19T17:49:02","date_gmt":"2023-03-19T17:49:02","guid":{"rendered":"https:\/\/petworld.ma\/?post_type=product&#038;p=1769"},"modified":"2026-04-16T14:04:16","modified_gmt":"2026-04-16T14:04:16","slug":"lanceur-de-balle-en-caoutchouc-solide-pour-chien","status":"publish","type":"product","link":"https:\/\/petworld.ma\/index.php\/produit\/lanceur-de-balle-en-caoutchouc-solide-pour-chien\/","title":{"rendered":"Lanceur de balle en caoutchouc solide pour chien"},"content":{"rendered":"<p>Cette balle en caoutchouc solide et durable est un jeu id\u00e9al pour que votre chien d\u00e9pense son \u00e9nergie. Il est reli\u00e9 \u00e0 une corde en nylon pour pouvoir lancer la balle.<\/p>\n","protected":false},"excerpt":{"rendered":"<p>Cette balle en caoutchouc solide et durable est un jeu id\u00e9al pour que votre chien d\u00e9pense son \u00e9nergie. Il est reli\u00e9 \u00e0 une corde en nylon pour pouvoir lancer la balle.<\/p>\n","protected":false},"featured_media":1770,"template":"","meta":{"jetpack_publicize_message":"","jetpack_publicize_feature_enabled":true,"jetpack_social_post_already_shared":false,"jetpack_social_options":{"image_generator_settings":{"template":"highway","default_image_id":0,"font":"","enabled":false},"version":2}},"product_brand":[],"product_cat":[106],"product_tag":[],"class_list":{"0":"post-1769","1":"product","2":"type-product","3":"status-publish","4":"has-post-thumbnail","6":"product_cat-jouet-et-dressage","8":"first","9":"onbackorder","10":"taxable","11":"shipping-taxable","12":"purchasable","13":"product-type-simple"},"supplier_id":5592,"supplier_sku":"","barcode":null,"atum_controlled":true,"out_stock_date":null,"out_stock_threshold":null,"inheritable":false,"inbound_stock":0,"stock_on_hold":0,"sold_today":0,"sales_last_days":1,"reserved_stock":0,"customer_returns":0,"warehouse_damage":0,"lost_in_post":0,"other_logs":0,"out_stock_days":0,"lost_sales":0,"has_location":false,"update_date":"2026-04-25T00:12:47","atum_locations":[],"atum_stock_status":"onbackorder","restock_status":false,"low_stock_amount":5,"sales_update_date":"2026-04-25T00:12:46","calc_backorders":-16,"jetpack_publicize_connections":[],"jetpack_sharing_enabled":true,"batches":[],"_links":{"self":[{"href":"https:\/\/petworld.ma\/index.php\/wp-json\/wp\/v2\/product\/1769","targetHints":{"allow":["GET"]}}],"collection":[{"href":"https:\/\/petworld.ma\/index.php\/wp-json\/wp\/v2\/product"}],"about":[{"href":"https:\/\/petworld.ma\/index.php\/wp-json\/wp\/v2\/types\/product"}],"wp:featuredmedia":[{"embeddable":true,"href":"https:\/\/petworld.ma\/index.php\/wp-json\/wp\/v2\/media\/1770"}],"wp:attachment":[{"href":"https:\/\/petworld.ma\/index.php\/wp-json\/wp\/v2\/media?parent=1769"}],"wp:term":[{"taxonomy":"product_brand","embeddable":true,"href":"https:\/\/petworld.ma\/index.php\/wp-json\/wp\/v2\/product_brand?post=1769"},{"taxonomy":"product_cat","embeddable":true,"href":"https:\/\/petworld.ma\/index.php\/wp-json\/wp\/v2\/product_cat?post=1769"},{"taxonomy":"product_tag","embeddable":true,"href":"https:\/\/petworld.ma\/index.php\/wp-json\/wp\/v2\/product_tag?post=1769"}],"curies":[{"name":"wp","href":"https:\/\/api.w.org\/{rel}","templated":true}]}}