{"id":17717,"date":"2025-02-09T21:19:25","date_gmt":"2025-02-09T21:19:25","guid":{"rendered":"https:\/\/petworld.ma\/?post_type=product&#038;p=17717"},"modified":"2026-04-22T15:46:39","modified_gmt":"2026-04-22T15:46:39","slug":"flamingo-ciseaux-a-ongles-fausto-rouge-blanc","status":"publish","type":"product","link":"https:\/\/petworld.ma\/index.php\/produit\/flamingo-ciseaux-a-ongles-fausto-rouge-blanc\/","title":{"rendered":"Ciseaux \u00e0 Ongles Flamingo (Fausto) : Rouge | Blanc"},"content":{"rendered":"<div class=\"mb-2\">\n<p>Cette mignonne petite paire de ciseaux est id\u00e9ale pour les griffes de ton petit chat. Parfois, les ongles ont besoin d&rsquo;\u00eatre taill\u00e9s, mais fais attention \u00e0 la partie vivante de l&rsquo;ongle. Ne coupe jamais dedans, mais reste bien \u00e0 distance. Ainsi, ton chaton restera heureux et en bonne sant\u00e9 !<\/p>\n<div class=\"ai-notice-icon\" data-tippy-options=\"{&quot;content&quot;:&quot;Ce texte a \\u00e9t\\u00e9 g\\u00e9n\\u00e9r\\u00e9 et traduit \\u00e0 l'aide de l'IA&quot;}\"><\/div>\n<\/div>\n<div class=\"cms-element-text\">\n<ul>\n<li>Mat\u00e9riau : acier avec poign\u00e9e en synth\u00e9tique<\/li>\n<li>Marque : Flamingo<\/li>\n<li>Phase de la vie : Tous les \u00e2ges<\/li>\n<li>Description : Ciseaux \u00e0 ongles<\/li>\n<li>Gamme de produits : Groo&rsquo;me<\/li>\n<li>Saison :Au long de l&rsquo;ann\u00e9e<\/li>\n<li>Utilisation int\u00e9rieure\/ext\u00e9rieure : Tous les deux<\/li>\n<\/ul>\n<p>&nbsp;<\/p>\n<\/div>\n","protected":false},"excerpt":{"rendered":"<p>Cette mignonne petite paire de ciseaux est id\u00e9ale pour les griffes de ton petit chat. Parfois, les ongles ont besoin d&rsquo;\u00eatre taill\u00e9s, mais fais attention \u00e0 la partie vivante de l&rsquo;ongle. Ne coupe jamais dedans, mais reste bien \u00e0 distance. Ainsi, ton chaton restera heureux et en bonne sant\u00e9 ! Mat\u00e9riau : acier avec poign\u00e9e [&#8230;]\n","protected":false},"featured_media":17794,"template":"","meta":{"jetpack_publicize_message":"","jetpack_publicize_feature_enabled":true,"jetpack_social_post_already_shared":true,"jetpack_social_options":{"image_generator_settings":{"template":"highway","default_image_id":0,"font":"","enabled":false},"version":2}},"product_brand":[],"product_cat":[222],"product_tag":[],"class_list":{"0":"post-17717","1":"product","2":"type-product","3":"status-publish","4":"has-post-thumbnail","6":"product_cat-brosses-coupe-griffes","8":"first","9":"instock","10":"taxable","11":"shipping-taxable","12":"purchasable","13":"product-type-simple"},"supplier_id":8770,"supplier_sku":"560616","barcode":null,"atum_controlled":true,"out_stock_date":null,"out_stock_threshold":null,"inheritable":false,"inbound_stock":0,"stock_on_hold":0,"sold_today":0,"sales_last_days":3,"reserved_stock":0,"customer_returns":0,"warehouse_damage":0,"lost_in_post":0,"other_logs":0,"out_stock_days":0,"lost_sales":0,"has_location":false,"update_date":"2026-04-25T08:58:44","atum_locations":[],"atum_stock_status":"instock","restock_status":false,"low_stock_amount":2,"sales_update_date":"2026-04-25T08:58:44","calc_backorders":null,"jetpack_publicize_connections":[],"jetpack_sharing_enabled":true,"batches":[],"_links":{"self":[{"href":"https:\/\/petworld.ma\/index.php\/wp-json\/wp\/v2\/product\/17717","targetHints":{"allow":["GET"]}}],"collection":[{"href":"https:\/\/petworld.ma\/index.php\/wp-json\/wp\/v2\/product"}],"about":[{"href":"https:\/\/petworld.ma\/index.php\/wp-json\/wp\/v2\/types\/product"}],"wp:featuredmedia":[{"embeddable":true,"href":"https:\/\/petworld.ma\/index.php\/wp-json\/wp\/v2\/media\/17794"}],"wp:attachment":[{"href":"https:\/\/petworld.ma\/index.php\/wp-json\/wp\/v2\/media?parent=17717"}],"wp:term":[{"taxonomy":"product_brand","embeddable":true,"href":"https:\/\/petworld.ma\/index.php\/wp-json\/wp\/v2\/product_brand?post=17717"},{"taxonomy":"product_cat","embeddable":true,"href":"https:\/\/petworld.ma\/index.php\/wp-json\/wp\/v2\/product_cat?post=17717"},{"taxonomy":"product_tag","embeddable":true,"href":"https:\/\/petworld.ma\/index.php\/wp-json\/wp\/v2\/product_tag?post=17717"}],"curies":[{"name":"wp","href":"https:\/\/api.w.org\/{rel}","templated":true}]}}