{"id":17725,"date":"2025-03-10T22:44:04","date_gmt":"2025-03-10T22:44:04","guid":{"rendered":"https:\/\/petworld.ma\/?post_type=product&#038;p=17725"},"modified":"2026-04-10T18:02:43","modified_gmt":"2026-04-10T18:02:43","slug":"flamingo-collier-anti-traction-mio-argent-m-l-xl","status":"publish","type":"product","link":"https:\/\/petworld.ma\/index.php\/produit\/flamingo-collier-anti-traction-mio-argent-m-l-xl\/","title":{"rendered":"Collier Flamingo anti-traction Mio Argent M | L | XL"},"content":{"rendered":"<div class=\"mb-2\">\n<p>Ce collier \u00e9trangleur pour chiens est fabriqu\u00e9 en m\u00e9tal solide et aide \u00e0 arr\u00eater les tiraillements. Attention : utilisez-le uniquement si vous savez comment cela fonctionne. Avec 2 rang\u00e9es pour une solidit\u00e9 suppl\u00e9mentaire.<\/p>\n<div class=\"ai-notice-icon\" data-tippy-options=\"{&quot;content&quot;:&quot;Ce texte a \\u00e9t\\u00e9 g\\u00e9n\\u00e9r\\u00e9 et traduit \\u00e0 l'aide de l'IA&quot;}\">Les tailles : XL | 50-60cm x 2mm\u00a0 \/\u00a0 L | 44-55cm x 2mm\u00a0 \/\u00a0 M | 38-50cm x 2mm<\/div>\n<div data-tippy-options=\"{&quot;content&quot;:&quot;Ce texte a \\u00e9t\\u00e9 g\\u00e9n\\u00e9r\\u00e9 et traduit \\u00e0 l'aide de l'IA&quot;}\"><\/div>\n<\/div>\n<div class=\"cms-element-text\">\n<ul>\n<li>Mat\u00e9riau : m\u00e9tal<\/li>\n<li>Soud\u00e9 TIG \u00e0 l&rsquo;argon<\/li>\n<\/ul>\n<p>&nbsp;<\/p>\n<\/div>\n","protected":false},"excerpt":{"rendered":"<p>XL | 50-60cm x 2mm<\/p>\n","protected":false},"featured_media":17737,"template":"","meta":{"jetpack_publicize_message":"","jetpack_publicize_feature_enabled":true,"jetpack_social_post_already_shared":true,"jetpack_social_options":{"image_generator_settings":{"template":"highway","default_image_id":0,"font":"","enabled":false},"version":2}},"product_brand":[],"product_cat":[23,92,106],"product_tag":[],"class_list":{"0":"post-17725","1":"product","2":"type-product","3":"status-publish","4":"has-post-thumbnail","6":"product_cat-chien","7":"product_cat-harnais-et-laisses-pour-chien","8":"product_cat-jouet-et-dressage","10":"first","11":"instock","12":"sale","13":"taxable","14":"shipping-taxable","15":"purchasable","16":"product-type-variable"},"supplier_id":8770,"supplier_sku":"70190960","barcode":null,"atum_controlled":true,"out_stock_date":null,"out_stock_threshold":null,"inheritable":true,"inbound_stock":0,"stock_on_hold":0,"sold_today":0,"sales_last_days":0,"reserved_stock":0,"customer_returns":0,"warehouse_damage":0,"lost_in_post":0,"other_logs":0,"out_stock_days":0,"lost_sales":0,"has_location":false,"update_date":"2026-04-22T10:00:56","atum_locations":[],"atum_stock_status":"instock","restock_status":false,"low_stock_amount":"","sales_update_date":"2026-04-22T10:00:56","calc_backorders":null,"jetpack_publicize_connections":[],"jetpack_sharing_enabled":true,"batches":[],"_links":{"self":[{"href":"https:\/\/petworld.ma\/index.php\/wp-json\/wp\/v2\/product\/17725","targetHints":{"allow":["GET"]}}],"collection":[{"href":"https:\/\/petworld.ma\/index.php\/wp-json\/wp\/v2\/product"}],"about":[{"href":"https:\/\/petworld.ma\/index.php\/wp-json\/wp\/v2\/types\/product"}],"wp:featuredmedia":[{"embeddable":true,"href":"https:\/\/petworld.ma\/index.php\/wp-json\/wp\/v2\/media\/17737"}],"wp:attachment":[{"href":"https:\/\/petworld.ma\/index.php\/wp-json\/wp\/v2\/media?parent=17725"}],"wp:term":[{"taxonomy":"product_brand","embeddable":true,"href":"https:\/\/petworld.ma\/index.php\/wp-json\/wp\/v2\/product_brand?post=17725"},{"taxonomy":"product_cat","embeddable":true,"href":"https:\/\/petworld.ma\/index.php\/wp-json\/wp\/v2\/product_cat?post=17725"},{"taxonomy":"product_tag","embeddable":true,"href":"https:\/\/petworld.ma\/index.php\/wp-json\/wp\/v2\/product_tag?post=17725"}],"curies":[{"name":"wp","href":"https:\/\/api.w.org\/{rel}","templated":true}]}}