{"id":1774,"date":"2023-03-19T18:18:01","date_gmt":"2023-03-19T18:18:01","guid":{"rendered":"https:\/\/petworld.ma\/?post_type=product&#038;p=1774"},"modified":"2026-04-23T12:17:27","modified_gmt":"2026-04-23T12:17:27","slug":"collier-etrangleur-a-dents-ajustable-en-acier-inoxydable","status":"publish","type":"product","link":"https:\/\/petworld.ma\/index.php\/produit\/collier-etrangleur-a-dents-ajustable-en-acier-inoxydable\/","title":{"rendered":"Collier \u00e9trangleur \u00e0 dents ajustable en acier inoxydable"},"content":{"rendered":"<p>C&rsquo;est un collier r\u00e9glable pour animal de compagnie, tous les coins pointus ont \u00e9t\u00e9 polis pour ne pas blesser votre chien.\u00a0etc.<br \/>\nCe collier est facile \u00e0 utiliser et il est ajustable.<\/p>\n<p>Tour de cou: 0cm \u00e0 60cm<\/p>\n","protected":false},"excerpt":{"rendered":"<p>C&rsquo;est un collier r\u00e9glable pour animal de compagnie, tous les coins pointus ont \u00e9t\u00e9 polis pour ne pas blesser votre chien.\u00a0etc. Ce collier est facile \u00e0 utiliser et il est ajustable. Tour de cou: 0cm \u00e0 60cm<\/p>\n","protected":false},"featured_media":1779,"template":"","meta":{"jetpack_publicize_message":"","jetpack_publicize_feature_enabled":true,"jetpack_social_post_already_shared":false,"jetpack_social_options":{"image_generator_settings":{"template":"highway","default_image_id":0,"font":"","enabled":false},"version":2}},"product_brand":[],"product_cat":[92,106],"product_tag":[],"class_list":{"0":"post-1774","1":"product","2":"type-product","3":"status-publish","4":"has-post-thumbnail","6":"product_cat-harnais-et-laisses-pour-chien","7":"product_cat-jouet-et-dressage","9":"first","10":"instock","11":"taxable","12":"shipping-taxable","13":"purchasable","14":"product-type-simple"},"supplier_id":5592,"supplier_sku":"","barcode":null,"atum_controlled":true,"out_stock_date":null,"out_stock_threshold":null,"inheritable":false,"inbound_stock":0,"stock_on_hold":0,"sold_today":0,"sales_last_days":0,"reserved_stock":0,"customer_returns":0,"warehouse_damage":0,"lost_in_post":0,"other_logs":0,"out_stock_days":0,"lost_sales":0,"has_location":false,"update_date":"2026-05-04T00:16:15","atum_locations":[],"atum_stock_status":"instock","restock_status":false,"low_stock_amount":6,"sales_update_date":"2026-05-04T00:16:15","calc_backorders":null,"jetpack_publicize_connections":[],"jetpack_sharing_enabled":true,"batches":[],"_links":{"self":[{"href":"https:\/\/petworld.ma\/index.php\/wp-json\/wp\/v2\/product\/1774","targetHints":{"allow":["GET"]}}],"collection":[{"href":"https:\/\/petworld.ma\/index.php\/wp-json\/wp\/v2\/product"}],"about":[{"href":"https:\/\/petworld.ma\/index.php\/wp-json\/wp\/v2\/types\/product"}],"wp:featuredmedia":[{"embeddable":true,"href":"https:\/\/petworld.ma\/index.php\/wp-json\/wp\/v2\/media\/1779"}],"wp:attachment":[{"href":"https:\/\/petworld.ma\/index.php\/wp-json\/wp\/v2\/media?parent=1774"}],"wp:term":[{"taxonomy":"product_brand","embeddable":true,"href":"https:\/\/petworld.ma\/index.php\/wp-json\/wp\/v2\/product_brand?post=1774"},{"taxonomy":"product_cat","embeddable":true,"href":"https:\/\/petworld.ma\/index.php\/wp-json\/wp\/v2\/product_cat?post=1774"},{"taxonomy":"product_tag","embeddable":true,"href":"https:\/\/petworld.ma\/index.php\/wp-json\/wp\/v2\/product_tag?post=1774"}],"curies":[{"name":"wp","href":"https:\/\/api.w.org\/{rel}","templated":true}]}}