{"id":178,"date":"2022-12-16T10:43:01","date_gmt":"2022-12-16T10:43:01","guid":{"rendered":"http:\/\/petworld.ma\/?post_type=product&#038;p=178"},"modified":"2026-04-22T13:30:59","modified_gmt":"2026-04-22T13:30:59","slug":"shampoing-amplificateur-de-la-couleur-blanche-300ml","status":"publish","type":"product","link":"https:\/\/petworld.ma\/index.php\/produit\/shampoing-amplificateur-de-la-couleur-blanche-300ml\/","title":{"rendered":"Shampoing Amplificateur de la Couleur Blanche (300ml)"},"content":{"rendered":"<p>Shampooing hypoallerg\u00e9nique (300ml) pour chien au pelage blanc. Intensifie les couleurs blancs et claires. Il est hypoallerg\u00e9nique et tr\u00e8s doux pour la peau.<\/p>\n<p>Le\u00a0shampooing hypoallerg\u00e9nique pour chien au pelage blanc Menforsan\u00a0est un produit d\u2019hygi\u00e8ne excellent pour chiens \u00e0 partir de 1 mois. Il est un savon de bain avec des extraits naturels qui\u00a0intensifie les couleurs blancs et claires\u00a0comme les westies, les Skye Terriers ou les caniches. Le pelage de votre chien sera ainsi brillant et prot\u00e9g\u00e9.<\/p>\n<p>Ce shampooing pour chien blanc att\u00e9nue les taches gris et jaune du pelage sans utiliser de chlore ou de produits chimiques agressifs. Il est un produit efficace, mais\u00a0tr\u00e8s doux pour la peau\u00a0de votre animal car il a un pH adapt\u00e9. Il est\u00a0totalement\u00a0naturel et biod\u00e9gradable.<\/p>\n<p>Sa composition contient des polym\u00e8res protecteurs et d\u00e9m\u00ealant en plus de collag\u00e8ne, qui augmente la r\u00e9sistance des cheveux et prot\u00e8ge sa texture. Le pelage de votre chien sera ainsi brillant, soyeux et avec une odeur fruit\u00e9e. En plus, il est un produit hypoallerg\u00e9nique et son utilisation n&rsquo;a aucun effet secondaire.<\/p>\n<p><a href=\"https:\/\/wa.me\/212708052510\" target=\"_blank\" rel=\"noopener noreferrer\"><img loading=\"lazy\" decoding=\"async\" class=\"fr-fic fr-dib aligncenter\" src=\"https:\/\/cdn.youcan.shop\/stores\/d0742d556df94ddbc7ae4c9810aff04b\/others\/aE2LxkTRdND08IF1P7b5lQL78Blqje1ovLrdhytH.png\" width=\"311\" height=\"82\" data-name=\"stores\/d0742d556df94ddbc7ae4c9810aff04b\/others\/aE2LxkTRdND08IF1P7b5lQL78Blqje1ovLrdhytH.png\" \/><\/a><\/p>\n","protected":false},"excerpt":{"rendered":"<p>Shampooing hypoallerg\u00e9nique (300ml) pour chien au pelage blanc. Intensifie les couleurs blancs et claires. Il est hypoallerg\u00e9nique et tr\u00e8s doux pour la peau. Le\u00a0shampooing hypoallerg\u00e9nique pour chien au pelage blanc Menforsan\u00a0est un produit d\u2019hygi\u00e8ne excellent pour chiens \u00e0 partir de 1 mois. Il est un savon de bain avec des extraits naturels qui\u00a0intensifie les couleurs [&#8230;]\n","protected":false},"featured_media":588,"template":"","meta":{"jetpack_publicize_message":"","jetpack_publicize_feature_enabled":true,"jetpack_social_post_already_shared":true,"jetpack_social_options":{"image_generator_settings":{"template":"highway","default_image_id":0,"font":"","enabled":false},"version":2}},"product_brand":[],"product_cat":[214],"product_tag":[],"class_list":{"0":"post-178","1":"product","2":"type-product","3":"status-publish","4":"has-post-thumbnail","6":"product_cat-parfums-shampoing","8":"first","9":"instock","10":"taxable","11":"shipping-taxable","12":"purchasable","13":"product-type-simple"},"supplier_id":5587,"supplier_sku":"7850","barcode":null,"atum_controlled":true,"out_stock_date":null,"out_stock_threshold":null,"inheritable":false,"inbound_stock":0,"stock_on_hold":0,"sold_today":0,"sales_last_days":0,"reserved_stock":0,"customer_returns":0,"warehouse_damage":0,"lost_in_post":0,"other_logs":0,"out_stock_days":0,"lost_sales":0,"has_location":false,"update_date":"2026-05-15T00:01:54","atum_locations":[],"atum_stock_status":"instock","restock_status":false,"low_stock_amount":10,"sales_update_date":"2026-05-15T00:01:53","calc_backorders":null,"jetpack_publicize_connections":[],"jetpack_sharing_enabled":true,"batches":[{"id":"1079","date_created":"2024-12-08 10:02:27","date_expiry":"2028-11-30 00:00:00","user_id":"9","batch_number":"ShampoingAmplificateurdelaCouleurBlanche(300ml)30112028","location":"","quantity":"12.0000","quantity_available":"0.0000","units":"1","status":"archived","order_ids":"[17101,18214,18410,18459,19210,20277,20947,21921,22269,22526,23509]","supplier":"Royal Canin","po":{"id":"1056","date_created":"2024-12-08 10:02:29","batch_id":"1079","po_number":"","supplier":"Royal Canin","cost":null,"regular_price":null,"sale_price":null,"price_margin":null,"price_discount":null}},{"id":"2163","date_created":"2025-02-26 01:22:55","date_expiry":"2028-11-30 00:00:00","user_id":"9","batch_number":"ShampoingAmplificateurdelaCouleurBlanche(300ml)30112028","location":"","quantity":"12.0000","quantity_available":"0.0000","units":"1","status":"archived","order_ids":"[23781,24285,24975,25489,25857,26047,26448,28874,29336,29765,29830,30480]","supplier":"Royal Canin","po":{"id":"2133","date_created":"2025-02-26 01:22:58","batch_id":"2163","po_number":"","supplier":"Royal Canin","cost":null,"regular_price":null,"sale_price":null,"price_margin":null,"price_discount":null}},{"id":"7759","date_created":"2026-02-18 11:54:35","date_expiry":"2030-07-30 00:00:00","user_id":"9","batch_number":"ShampoingAmplificateurdelaCouleurBlanche(300ml)30072030","location":"","quantity":"1.0000","quantity_available":"0.0000","units":"1","status":"archived","order_ids":"[38584]","supplier":"Royal Canin","po":{"id":"7694","date_created":"2026-02-18 11:54:35","batch_id":"7759","po_number":"","supplier":"Royal Canin","cost":null,"regular_price":null,"sale_price":null,"price_margin":null,"price_discount":null}},{"id":"7861","date_created":"2026-02-22 12:56:10","date_expiry":"2030-07-30 00:00:00","user_id":"9","batch_number":"ShampoingAmplificateurdelaCouleurBlanche(300ml)30072030","location":"","quantity":"36.0000","quantity_available":"34.0000","units":"1","status":"active","order_ids":"[39847,40538]","supplier":"Royal Canin","po":{"id":"7796","date_created":"2026-02-22 12:56:10","batch_id":"7861","po_number":"","supplier":"Royal Canin","cost":null,"regular_price":null,"sale_price":null,"price_margin":null,"price_discount":null}}],"_links":{"self":[{"href":"https:\/\/petworld.ma\/index.php\/wp-json\/wp\/v2\/product\/178","targetHints":{"allow":["GET"]}}],"collection":[{"href":"https:\/\/petworld.ma\/index.php\/wp-json\/wp\/v2\/product"}],"about":[{"href":"https:\/\/petworld.ma\/index.php\/wp-json\/wp\/v2\/types\/product"}],"wp:featuredmedia":[{"embeddable":true,"href":"https:\/\/petworld.ma\/index.php\/wp-json\/wp\/v2\/media\/588"}],"wp:attachment":[{"href":"https:\/\/petworld.ma\/index.php\/wp-json\/wp\/v2\/media?parent=178"}],"wp:term":[{"taxonomy":"product_brand","embeddable":true,"href":"https:\/\/petworld.ma\/index.php\/wp-json\/wp\/v2\/product_brand?post=178"},{"taxonomy":"product_cat","embeddable":true,"href":"https:\/\/petworld.ma\/index.php\/wp-json\/wp\/v2\/product_cat?post=178"},{"taxonomy":"product_tag","embeddable":true,"href":"https:\/\/petworld.ma\/index.php\/wp-json\/wp\/v2\/product_tag?post=178"}],"curies":[{"name":"wp","href":"https:\/\/api.w.org\/{rel}","templated":true}]}}