{"id":1782,"date":"2023-03-19T18:55:20","date_gmt":"2023-03-19T18:55:20","guid":{"rendered":"https:\/\/petworld.ma\/?post_type=product&#038;p=1782"},"modified":"2026-04-04T17:04:33","modified_gmt":"2026-04-04T17:04:33","slug":"collier-en-silicone-pour-chat-et-petit-chien","status":"publish","type":"product","link":"https:\/\/petworld.ma\/index.php\/produit\/collier-en-silicone-pour-chat-et-petit-chien\/","title":{"rendered":"Collier en Silicone pour Chat"},"content":{"rendered":"<div><span data-spm-anchor-id=\"a2g0o.detail.1000023.i0.6be655ddbDBS67\">Collier pour animaux de compagnie en Silicone de grande qualit\u00e9. Ce collier est \u00e9quip\u00e9 d&rsquo;une clochette.<\/span><\/div>\n<div>Disponible en plusieurs couleurs: Bleu, Rouge, Rose et Violet .<\/div>\n","protected":false},"excerpt":{"rendered":"<p>Collier pour animaux de compagnie en Silicone de grande qualit\u00e9. Ce collier est \u00e9quip\u00e9 d&rsquo;une clochette. Disponible en plusieurs couleurs: Bleu, Rouge, Rose et Violet .<\/p>\n","protected":false},"featured_media":6768,"template":"","meta":{"jetpack_publicize_message":"","jetpack_publicize_feature_enabled":true,"jetpack_social_post_already_shared":false,"jetpack_social_options":{"image_generator_settings":{"template":"highway","default_image_id":0,"font":"","enabled":false},"version":2}},"product_brand":[],"product_cat":[233],"product_tag":[],"class_list":{"0":"post-1782","1":"product","2":"type-product","3":"status-publish","4":"has-post-thumbnail","6":"product_cat-colliers-harnais","8":"first","9":"instock","10":"taxable","11":"shipping-taxable","12":"purchasable","13":"product-type-variable"},"supplier_id":null,"supplier_sku":"","barcode":null,"atum_controlled":true,"out_stock_date":null,"out_stock_threshold":null,"inheritable":true,"inbound_stock":0,"stock_on_hold":0,"sold_today":0,"sales_last_days":0,"reserved_stock":0,"customer_returns":0,"warehouse_damage":0,"lost_in_post":0,"other_logs":0,"out_stock_days":0,"lost_sales":0,"has_location":false,"update_date":"2026-04-27T00:12:50","atum_locations":[],"atum_stock_status":"instock","restock_status":false,"low_stock_amount":"","sales_update_date":"2026-04-27T00:12:50","calc_backorders":null,"jetpack_publicize_connections":[],"jetpack_sharing_enabled":true,"batches":[],"_links":{"self":[{"href":"https:\/\/petworld.ma\/index.php\/wp-json\/wp\/v2\/product\/1782","targetHints":{"allow":["GET"]}}],"collection":[{"href":"https:\/\/petworld.ma\/index.php\/wp-json\/wp\/v2\/product"}],"about":[{"href":"https:\/\/petworld.ma\/index.php\/wp-json\/wp\/v2\/types\/product"}],"wp:featuredmedia":[{"embeddable":true,"href":"https:\/\/petworld.ma\/index.php\/wp-json\/wp\/v2\/media\/6768"}],"wp:attachment":[{"href":"https:\/\/petworld.ma\/index.php\/wp-json\/wp\/v2\/media?parent=1782"}],"wp:term":[{"taxonomy":"product_brand","embeddable":true,"href":"https:\/\/petworld.ma\/index.php\/wp-json\/wp\/v2\/product_brand?post=1782"},{"taxonomy":"product_cat","embeddable":true,"href":"https:\/\/petworld.ma\/index.php\/wp-json\/wp\/v2\/product_cat?post=1782"},{"taxonomy":"product_tag","embeddable":true,"href":"https:\/\/petworld.ma\/index.php\/wp-json\/wp\/v2\/product_tag?post=1782"}],"curies":[{"name":"wp","href":"https:\/\/api.w.org\/{rel}","templated":true}]}}