{"id":1792,"date":"2023-03-19T19:08:30","date_gmt":"2023-03-19T19:08:30","guid":{"rendered":"https:\/\/petworld.ma\/?post_type=product&#038;p=1792"},"modified":"2026-05-05T14:25:10","modified_gmt":"2026-05-05T14:25:10","slug":"museliere-en-cuir-et-metal-pour-chiens","status":"publish","type":"product","link":"https:\/\/petworld.ma\/index.php\/produit\/museliere-en-cuir-et-metal-pour-chiens\/","title":{"rendered":"Museli\u00e8re en cuir et m\u00e9tal pour chiens moyens et grands Marron et Noir"},"content":{"rendered":"<p>Museli\u00e8re l\u00e9g\u00e8re et tr\u00e8s confortable. Il est fabriqu\u00e9 de mat\u00e9riaux de haute qualit\u00e9.<\/p>\n<p>Taille convenable pour les chiens de taille moyenne:<\/p>\n<ul>\n<li>Tour de bouche avant : 20 cm<\/li>\n<li>Tour de bouche arri\u00e8re: 32 cm<\/li>\n<li>Longueur du museau : 9 cm<\/li>\n<\/ul>\n<p>Taille convenable pour les chiens de grande taille:<\/p>\n<ul>\n<li>Tour de bouche avant : 28 cm<\/li>\n<li>Tour de bouche arri\u00e8re: 43 cm<\/li>\n<li>Longueur du museau : 13 cm<\/li>\n<\/ul>\n<p><img decoding=\"async\" class=\"alignnone wp-image-1634\" src=\"https:\/\/petworld.ma\/wp-content\/uploads\/2023\/03\/Capture-decran-2023-03-05-182655-300x99.jpg\" alt=\"\" width=\"436\" height=\"144\" srcset=\"https:\/\/petworld.ma\/wp-content\/uploads\/2023\/03\/Capture-decran-2023-03-05-182655-300x99.jpg 300w, https:\/\/petworld.ma\/wp-content\/uploads\/2023\/03\/Capture-decran-2023-03-05-182655-510x168.jpg 510w, https:\/\/petworld.ma\/wp-content\/uploads\/2023\/03\/Capture-decran-2023-03-05-182655-768x254.jpg 768w, https:\/\/petworld.ma\/wp-content\/uploads\/2023\/03\/Capture-decran-2023-03-05-182655.jpg 942w\" sizes=\"(max-width: 436px) 100vw, 436px\" \/><\/p>\n","protected":false},"excerpt":{"rendered":"<p>Museli\u00e8re l\u00e9g\u00e8re et tr\u00e8s confortable. Il est fabriqu\u00e9 de mat\u00e9riaux de haute qualit\u00e9. Taille convenable pour les chiens de taille moyenne: Tour de bouche avant : 20 cm Tour de bouche arri\u00e8re: 32 cm Longueur du museau : 9 cm Taille convenable pour les chiens de grande taille: Tour de bouche avant : 28 cm [&#8230;]\n","protected":false},"featured_media":1795,"template":"","meta":{"jetpack_publicize_message":"","jetpack_publicize_feature_enabled":true,"jetpack_social_post_already_shared":false,"jetpack_social_options":{"image_generator_settings":{"template":"highway","default_image_id":0,"font":"","enabled":false},"version":2}},"product_brand":[],"product_cat":[106],"product_tag":[],"class_list":{"0":"post-1792","1":"product","2":"type-product","3":"status-publish","4":"has-post-thumbnail","6":"product_cat-jouet-et-dressage","8":"first","9":"instock","10":"sale","11":"taxable","12":"shipping-taxable","13":"purchasable","14":"product-type-variable"},"supplier_id":5592,"supplier_sku":"","barcode":null,"atum_controlled":true,"out_stock_date":null,"out_stock_threshold":null,"inheritable":true,"inbound_stock":0,"stock_on_hold":0,"sold_today":0,"sales_last_days":2,"reserved_stock":0,"customer_returns":0,"warehouse_damage":0,"lost_in_post":0,"other_logs":0,"out_stock_days":0,"lost_sales":0,"has_location":false,"update_date":"2026-05-11T10:29:35","atum_locations":[],"atum_stock_status":"instock","restock_status":false,"low_stock_amount":"","sales_update_date":"2026-05-11T00:19:17","calc_backorders":null,"jetpack_publicize_connections":[],"jetpack_sharing_enabled":true,"batches":[],"_links":{"self":[{"href":"https:\/\/petworld.ma\/index.php\/wp-json\/wp\/v2\/product\/1792","targetHints":{"allow":["GET"]}}],"collection":[{"href":"https:\/\/petworld.ma\/index.php\/wp-json\/wp\/v2\/product"}],"about":[{"href":"https:\/\/petworld.ma\/index.php\/wp-json\/wp\/v2\/types\/product"}],"wp:featuredmedia":[{"embeddable":true,"href":"https:\/\/petworld.ma\/index.php\/wp-json\/wp\/v2\/media\/1795"}],"wp:attachment":[{"href":"https:\/\/petworld.ma\/index.php\/wp-json\/wp\/v2\/media?parent=1792"}],"wp:term":[{"taxonomy":"product_brand","embeddable":true,"href":"https:\/\/petworld.ma\/index.php\/wp-json\/wp\/v2\/product_brand?post=1792"},{"taxonomy":"product_cat","embeddable":true,"href":"https:\/\/petworld.ma\/index.php\/wp-json\/wp\/v2\/product_cat?post=1792"},{"taxonomy":"product_tag","embeddable":true,"href":"https:\/\/petworld.ma\/index.php\/wp-json\/wp\/v2\/product_tag?post=1792"}],"curies":[{"name":"wp","href":"https:\/\/api.w.org\/{rel}","templated":true}]}}