{"id":180,"date":"2022-12-16T10:44:20","date_gmt":"2022-12-16T10:44:20","guid":{"rendered":"http:\/\/petworld.ma\/?post_type=product&#038;p=180"},"modified":"2026-04-06T14:49:13","modified_gmt":"2026-04-06T14:49:13","slug":"shampoing-calmant-cicatrisant-et-hydratant-pour-chien-300ml","status":"publish","type":"product","link":"https:\/\/petworld.ma\/index.php\/produit\/shampoing-calmant-cicatrisant-et-hydratant-pour-chien-300ml\/","title":{"rendered":"Shampoing calmant cicatrisant et hydratant pour chien 300ml"},"content":{"rendered":"<p>Shampooing de haute qualit\u00e9, avec une cr\u00e8me revitalisante ajout\u00e9e qui facilite le toilettage et le d\u00e9m\u00ealage apr\u00e8s le lavage de la fourrure nou\u00e9e et endommag\u00e9e. Il apporte volume et brillance, r\u00e9parant chaque follicule et procurant une hydratation tr\u00e8s intense. Il est recommand\u00e9 pour une utilisation fr\u00e9quente sur les races aux cheveux longs et boucl\u00e9s. Les tensioactifs naturels de sa formule produisent une mousse abondante et un meilleur rin\u00e7age, laissant le pelage doux et soyeux. PH adapt\u00e9.<\/p>\n<p><a href=\"https:\/\/wa.me\/212708052510\" target=\"_blank\" rel=\"noopener noreferrer\"><img loading=\"lazy\" decoding=\"async\" class=\"fr-fic fr-dib aligncenter\" src=\"https:\/\/cdn.youcan.shop\/stores\/d0742d556df94ddbc7ae4c9810aff04b\/others\/aE2LxkTRdND08IF1P7b5lQL78Blqje1ovLrdhytH.png\" width=\"288\" height=\"76\" data-name=\"stores\/d0742d556df94ddbc7ae4c9810aff04b\/others\/aE2LxkTRdND08IF1P7b5lQL78Blqje1ovLrdhytH.png\" \/><\/a><\/p>\n","protected":false},"excerpt":{"rendered":"<p>Shampooing de haute qualit\u00e9, avec une cr\u00e8me revitalisante ajout\u00e9e qui facilite le toilettage et le d\u00e9m\u00ealage apr\u00e8s le lavage de la fourrure nou\u00e9e et endommag\u00e9e. Il apporte volume et brillance, r\u00e9parant chaque follicule et procurant une hydratation tr\u00e8s intense. Il est recommand\u00e9 pour une utilisation fr\u00e9quente sur les races aux cheveux longs et boucl\u00e9s. Les [&#8230;]\n","protected":false},"featured_media":590,"template":"","meta":{"jetpack_publicize_message":"","jetpack_publicize_feature_enabled":true,"jetpack_social_post_already_shared":false,"jetpack_social_options":{"image_generator_settings":{"template":"highway","default_image_id":0,"font":"","enabled":false},"version":2}},"product_brand":[],"product_cat":[214],"product_tag":[],"class_list":{"0":"post-180","1":"product","2":"type-product","3":"status-publish","4":"has-post-thumbnail","6":"product_cat-parfums-shampoing","8":"first","9":"instock","10":"taxable","11":"shipping-taxable","12":"purchasable","13":"product-type-simple"},"supplier_id":5587,"supplier_sku":"7853","barcode":null,"atum_controlled":true,"out_stock_date":null,"out_stock_threshold":null,"inheritable":false,"inbound_stock":0,"stock_on_hold":0,"sold_today":0,"sales_last_days":0,"reserved_stock":0,"customer_returns":0,"warehouse_damage":0,"lost_in_post":0,"other_logs":0,"out_stock_days":0,"lost_sales":0,"has_location":false,"update_date":"2026-05-13T00:23:56","atum_locations":[],"atum_stock_status":"instock","restock_status":false,"low_stock_amount":10,"sales_update_date":"2026-05-13T00:23:56","calc_backorders":null,"jetpack_publicize_connections":[],"jetpack_sharing_enabled":true,"batches":[{"id":"1080","date_created":"2024-12-08 10:09:52","date_expiry":"2029-02-28 00:00:00","user_id":"1","batch_number":"Shampoingcalmantcicatrisantethydratantpourchien300ml280229","location":"","quantity":"12.0000","quantity_available":"0.0000","units":"1","status":"archived","order_ids":"[15270,19468,21051,22161,22599,22802,22804,23834,24207,25080,26344]","supplier":"Royal Canin","po":{"id":"1057","date_created":"2024-12-08 10:09:52","batch_id":"1080","po_number":"","supplier":"Royal Canin","cost":null,"regular_price":null,"sale_price":null,"price_margin":null,"price_discount":null}},{"id":"3984","date_created":"2025-06-12 09:52:20","date_expiry":"2029-02-28 00:00:00","user_id":"1","batch_number":"Shampoingcalmantcicatrisantethydratantpourchien300ml280229","location":"","quantity":"5.0000","quantity_available":"4.0000","units":"1","status":"active","order_ids":"[26490]","supplier":"Royal Canin","po":{"id":"3947","date_created":"2025-06-12 09:52:20","batch_id":"3984","po_number":"","supplier":"Royal Canin","cost":null,"regular_price":null,"sale_price":null,"price_margin":null,"price_discount":null}},{"id":"5389","date_created":"2025-09-20 11:58:09","date_expiry":"2029-02-12 00:00:00","user_id":"1","batch_number":"Shampoingcalmantcicatrisantethydratantpourchien300ml120229","location":"","quantity":"24.0000","quantity_available":"11.0000","units":"1","status":"active","order_ids":"[29692,31695,32035,33078,33368,33845,34439,35341,37273,38216,38739,39019]","supplier":"Royal Canin","po":{"id":"5346","date_created":"2025-09-20 11:58:09","batch_id":"5389","po_number":"","supplier":"Royal Canin","cost":null,"regular_price":null,"sale_price":null,"price_margin":null,"price_discount":null}}],"_links":{"self":[{"href":"https:\/\/petworld.ma\/index.php\/wp-json\/wp\/v2\/product\/180","targetHints":{"allow":["GET"]}}],"collection":[{"href":"https:\/\/petworld.ma\/index.php\/wp-json\/wp\/v2\/product"}],"about":[{"href":"https:\/\/petworld.ma\/index.php\/wp-json\/wp\/v2\/types\/product"}],"wp:featuredmedia":[{"embeddable":true,"href":"https:\/\/petworld.ma\/index.php\/wp-json\/wp\/v2\/media\/590"}],"wp:attachment":[{"href":"https:\/\/petworld.ma\/index.php\/wp-json\/wp\/v2\/media?parent=180"}],"wp:term":[{"taxonomy":"product_brand","embeddable":true,"href":"https:\/\/petworld.ma\/index.php\/wp-json\/wp\/v2\/product_brand?post=180"},{"taxonomy":"product_cat","embeddable":true,"href":"https:\/\/petworld.ma\/index.php\/wp-json\/wp\/v2\/product_cat?post=180"},{"taxonomy":"product_tag","embeddable":true,"href":"https:\/\/petworld.ma\/index.php\/wp-json\/wp\/v2\/product_tag?post=180"}],"curies":[{"name":"wp","href":"https:\/\/api.w.org\/{rel}","templated":true}]}}