{"id":18236,"date":"2025-03-06T21:14:28","date_gmt":"2025-03-06T21:14:28","guid":{"rendered":"https:\/\/petworld.ma\/?post_type=product&#038;p=18236"},"modified":"2026-04-21T11:13:54","modified_gmt":"2026-04-21T11:13:54","slug":"croquettes-simba-pour-chien-adulte-au-poulet-10kg-20kg","status":"publish","type":"product","link":"https:\/\/petworld.ma\/index.php\/produit\/croquettes-simba-pour-chien-adulte-au-poulet-10kg-20kg\/","title":{"rendered":"Simba Croquettes Pour Chien Adulte Au Poulet 10Kg | 20Kg"},"content":{"rendered":"<p>SIMBA DOG KIBBLES WITH CHICKEN est un aliment complet pour chiens adultes de toutes tailles. La formulation a \u00e9t\u00e9 d\u00e9velopp\u00e9e avec une combinaison d\u00e9di\u00e9e de vitamines A-D3-E pour r\u00e9pondre aux besoins nutritionnels des chiens. Une nutrition \u00e9quilibr\u00e9e formul\u00e9e avec des ingr\u00e9dients de qualit\u00e9 comme le poulet, source de prot\u00e9ines et de min\u00e9raux, choisis pour sa capacit\u00e9 naturelle \u00e0 r\u00e9pondre aux besoins quotidiens des animaux. Sans colorants ajout\u00e9s ni conservateurs artificiels.<\/p>\n<p>&nbsp;<\/p>\n<p><strong>Composition<\/strong><\/p>\n<p>C\u00e9r\u00e9ales, viandes et sous-produits animaux (poulet 5%), huiles et graisses, sous-produits d&rsquo;origine v\u00e9g\u00e9tale, levures, substances min\u00e9rales.<\/p>\n<p><strong>Composantes analytiques<\/strong><\/p>\n<p>Prot\u00e9ine brute : 21 %, Cellulose brute : 4 %, Mati\u00e8res grasses brutes : 8 %, Cendres brutes : 9,5 %. \u00c9nergie m\u00e9tabolisable : 3 540 kcal\/kg.<\/p>\n<p><strong>Additifs<\/strong><\/p>\n<p>ADDITIFS NUTRITIONNELS\/kg : Vitamine A (ac\u00e9tate de r\u00e9tinyle) 16 000 UI, Vitamine D3 1 100 UI, Vitamine E (ac\u00e9tate d&rsquo;alpha-tocoph\u00e9ryle enti\u00e8rement rac\u00e9mique 3a700i) 50 mg, S\u00e9l\u00e9nium (s\u00e9l\u00e9nite de sodium 0,11 mg) 0,05 mg, Mangan\u00e8se (sulfate de mangan\u00e8se monohydrat\u00e9 23 mg) 7,5 mg, Zinc (oxyde de zinc 49 mg) 39 mg, Cuivre (sulfate de cuivre (II) pentahydrat\u00e9 12 mg) 3 mg, Fer (sulfate de fer (II) monohydrat\u00e9 83 mg) 27 mg, Iode (iodate de calcium anhydre 0,63 mg) 0,4 mg. ADDITIFS TECHNOLOGIQUES : Antioxydants.<\/p>\n<p><strong>Mode d&#8217;emploi<\/strong><\/p>\n<p>Les apports alimentaires journaliers recommand\u00e9s (voir tableau) peuvent \u00eatre r\u00e9partis en 2 repas quotidiens. Les besoins nutritionnels individuels peuvent varier en fonction de la taille, de l&rsquo;\u00e2ge et du niveau d&rsquo;activit\u00e9 de l&rsquo;animal. De l&rsquo;eau fra\u00eeche et propre doit \u00eatre disponible \u00e0 tout moment. Lorsque ce produit remplace un autre type d&rsquo;aliment et\/ou de r\u00e9gime, il est recommand\u00e9 de l&rsquo;introduire progressivement sur une p\u00e9riode d&rsquo;au moins 1 semaine. Aliment pour chiens uniquement, non adapt\u00e9 \u00e0 la consommation humaine.<\/p>\n","protected":false},"excerpt":{"rendered":"<p>SIMBA DOG KIBBLES WITH CHICKEN est un aliment complet pour chiens adultes de toutes tailles. La formulation a \u00e9t\u00e9 d\u00e9velopp\u00e9e avec une combinaison d\u00e9di\u00e9e de vitamines A-D3-E pour r\u00e9pondre aux besoins nutritionnels des chiens. Une nutrition \u00e9quilibr\u00e9e formul\u00e9e avec des ingr\u00e9dients de qualit\u00e9 comme le poulet, source de prot\u00e9ines et de min\u00e9raux, choisis pour sa [&#8230;]\n","protected":false},"featured_media":18239,"template":"","meta":{"jetpack_publicize_message":"","jetpack_publicize_feature_enabled":true,"jetpack_social_post_already_shared":true,"jetpack_social_options":{"image_generator_settings":{"template":"highway","default_image_id":0,"font":"","enabled":false},"version":2}},"product_brand":[],"product_cat":[24,23,26],"product_tag":[],"class_list":{"0":"post-18236","1":"product","2":"type-product","3":"status-publish","4":"has-post-thumbnail","6":"product_cat-aliments-pour-chiens","7":"product_cat-chien","8":"product_cat-croquettes","10":"first","11":"instock","12":"taxable","13":"shipping-taxable","14":"purchasable","15":"product-type-variable"},"supplier_id":null,"supplier_sku":"","barcode":null,"atum_controlled":true,"out_stock_date":null,"out_stock_threshold":null,"inheritable":true,"inbound_stock":0,"stock_on_hold":0,"sold_today":0,"sales_last_days":4,"reserved_stock":0,"customer_returns":0,"warehouse_damage":0,"lost_in_post":0,"other_logs":0,"out_stock_days":0,"lost_sales":0,"has_location":false,"update_date":"2026-05-02T00:18:03","atum_locations":[],"atum_stock_status":"instock","restock_status":false,"low_stock_amount":"","sales_update_date":"2026-05-02T00:18:03","calc_backorders":null,"jetpack_publicize_connections":[],"jetpack_sharing_enabled":true,"batches":[],"_links":{"self":[{"href":"https:\/\/petworld.ma\/index.php\/wp-json\/wp\/v2\/product\/18236","targetHints":{"allow":["GET"]}}],"collection":[{"href":"https:\/\/petworld.ma\/index.php\/wp-json\/wp\/v2\/product"}],"about":[{"href":"https:\/\/petworld.ma\/index.php\/wp-json\/wp\/v2\/types\/product"}],"wp:featuredmedia":[{"embeddable":true,"href":"https:\/\/petworld.ma\/index.php\/wp-json\/wp\/v2\/media\/18239"}],"wp:attachment":[{"href":"https:\/\/petworld.ma\/index.php\/wp-json\/wp\/v2\/media?parent=18236"}],"wp:term":[{"taxonomy":"product_brand","embeddable":true,"href":"https:\/\/petworld.ma\/index.php\/wp-json\/wp\/v2\/product_brand?post=18236"},{"taxonomy":"product_cat","embeddable":true,"href":"https:\/\/petworld.ma\/index.php\/wp-json\/wp\/v2\/product_cat?post=18236"},{"taxonomy":"product_tag","embeddable":true,"href":"https:\/\/petworld.ma\/index.php\/wp-json\/wp\/v2\/product_tag?post=18236"}],"curies":[{"name":"wp","href":"https:\/\/api.w.org\/{rel}","templated":true}]}}