{"id":18245,"date":"2025-02-24T12:27:23","date_gmt":"2025-02-24T12:27:23","guid":{"rendered":"https:\/\/petworld.ma\/?post_type=product&#038;p=18245"},"modified":"2026-04-24T12:31:10","modified_gmt":"2026-04-24T12:31:10","slug":"litiere-tobeloved-10l-woodland-lavender-lemon-zest-baby-powder-wild-strawberry","status":"publish","type":"product","link":"https:\/\/petworld.ma\/index.php\/produit\/litiere-tobeloved-10l-woodland-lavender-lemon-zest-baby-powder-wild-strawberry\/","title":{"rendered":"Liti\u00e8re Tobeloved 10L (Diff\u00e9rents Parfums)"},"content":{"rendered":"<p>&#8211; \u00c9tanch\u00e9it\u00e9 compl\u00e8te des odeurs<br \/>\n&#8211; Forte agglom\u00e9ration<\/p>\n<p>&#8211; Tr\u00e8s longue dur\u00e9e (elle dure 50 jours !)<\/p>\n<p>&#8211; Absorption rapide<br \/>\nLe parfum de lavande des bois utilis\u00e9 dans To Be Loved procure un parfum frais et rassurant qui apaise l&rsquo;esprit. Le parfum est discret mais suffisamment pr\u00e9sent tout au long de l&rsquo;utilisation de votre bac \u00e0 liti\u00e8re et contribuera \u00e0 am\u00e9liorer l&rsquo;odeur de votre lieu.<\/p>\n","protected":false},"excerpt":{"rendered":"<p>&#8211; \u00c9tanch\u00e9it\u00e9 compl\u00e8te des odeurs &#8211; Forte agglom\u00e9ration &#8211; Tr\u00e8s longue dur\u00e9e (elle dure 50 jours !) &#8211; Absorption rapide Le parfum de lavande des bois utilis\u00e9 dans To Be Loved procure un parfum frais et rassurant qui apaise l&rsquo;esprit. Le parfum est discret mais suffisamment pr\u00e9sent tout au long de l&rsquo;utilisation de votre bac [&#8230;]\n","protected":false},"featured_media":18264,"template":"","meta":{"jetpack_publicize_message":"","jetpack_publicize_feature_enabled":true,"jetpack_social_post_already_shared":true,"jetpack_social_options":{"image_generator_settings":{"template":"highway","default_image_id":0,"font":"","enabled":false},"version":2}},"product_brand":[],"product_cat":[36,94],"product_tag":[],"class_list":{"0":"post-18245","1":"product","2":"type-product","3":"status-publish","4":"has-post-thumbnail","6":"product_cat-chat","7":"product_cat-litieres-et-bacs","9":"first","10":"instock","11":"taxable","12":"shipping-taxable","13":"purchasable","14":"product-type-variable"},"supplier_id":null,"supplier_sku":"","barcode":null,"atum_controlled":true,"out_stock_date":null,"out_stock_threshold":null,"inheritable":true,"inbound_stock":0,"stock_on_hold":0,"sold_today":0,"sales_last_days":37,"reserved_stock":0,"customer_returns":0,"warehouse_damage":0,"lost_in_post":0,"other_logs":0,"out_stock_days":0,"lost_sales":0,"has_location":false,"update_date":"2026-04-25T11:58:13","atum_locations":[],"atum_stock_status":"instock","restock_status":false,"low_stock_amount":"","sales_update_date":"2026-04-22T09:59:54","calc_backorders":null,"jetpack_publicize_connections":[],"jetpack_sharing_enabled":true,"batches":[],"_links":{"self":[{"href":"https:\/\/petworld.ma\/index.php\/wp-json\/wp\/v2\/product\/18245","targetHints":{"allow":["GET"]}}],"collection":[{"href":"https:\/\/petworld.ma\/index.php\/wp-json\/wp\/v2\/product"}],"about":[{"href":"https:\/\/petworld.ma\/index.php\/wp-json\/wp\/v2\/types\/product"}],"wp:featuredmedia":[{"embeddable":true,"href":"https:\/\/petworld.ma\/index.php\/wp-json\/wp\/v2\/media\/18264"}],"wp:attachment":[{"href":"https:\/\/petworld.ma\/index.php\/wp-json\/wp\/v2\/media?parent=18245"}],"wp:term":[{"taxonomy":"product_brand","embeddable":true,"href":"https:\/\/petworld.ma\/index.php\/wp-json\/wp\/v2\/product_brand?post=18245"},{"taxonomy":"product_cat","embeddable":true,"href":"https:\/\/petworld.ma\/index.php\/wp-json\/wp\/v2\/product_cat?post=18245"},{"taxonomy":"product_tag","embeddable":true,"href":"https:\/\/petworld.ma\/index.php\/wp-json\/wp\/v2\/product_tag?post=18245"}],"curies":[{"name":"wp","href":"https:\/\/api.w.org\/{rel}","templated":true}]}}