{"id":18350,"date":"2025-02-26T09:42:32","date_gmt":"2025-02-26T09:42:32","guid":{"rendered":"https:\/\/petworld.ma\/?post_type=product&#038;p=18350"},"modified":"2026-01-04T12:25:44","modified_gmt":"2026-01-04T12:25:44","slug":"collier-pour-chien-confort-beige-rembourre-freedog-plusieurs-tailles-35cm-40cm","status":"publish","type":"product","link":"https:\/\/petworld.ma\/index.php\/produit\/collier-pour-chien-confort-beige-rembourre-freedog-plusieurs-tailles-35cm-40cm\/","title":{"rendered":"Collier pour chien confort beige Rembourr\u00e9 FREEDOG Plusieurs Tailles (35cm | 40cm)"},"content":{"rendered":"<p>Un\u00a0<strong>collier original<\/strong>\u00a0avec une\u00a0belle couleur\u00a0pour\u00a0r\u00e9v\u00e9ler le\u00a0<strong>cou de votre chien<\/strong>\u00a0!<\/p>\n<p>Ext\u00e9rieur PVC, doublure tissus tr\u00e8s doux. Confortable, tr\u00e8s r\u00e9sistant, facile \u00e0 laver.\u00a0 La mati\u00e8re thermoplastique donne \u00e0 ce collier beaucoup de\u00a0<strong>douceur<\/strong>\u00a0et de\u00a0<strong>r\u00e9sistance<\/strong>.<\/p>\n<p>Pour que votre chien soit bien \u00e0 son aise, l&rsquo;int\u00e9rieur du collier est<strong>\u00a0recouvert d&rsquo;une bande de tissu tout doux<\/strong>.<\/p>\n<p>&#8211; Collier ajustable au cou de votre chien<br \/>\n&#8211; Fermeture boucle chrom\u00e9<br \/>\n&#8211; Ext\u00e9rieur PVC \/ Int\u00e9rieur tissu<\/p>\n<p>Collier Ergo, fabriqu\u00e9 avec du PVC de premi\u00e8re qualit\u00e9, rembourr\u00e9 avec du lycra \u00e0 l\u2019int\u00e9rieur du collier pour offrir plus de confort \u00e0 votre animal de compagnie pendant la promenade. Fermeture avec des pi\u00e8ces m\u00e9talliques. Il est possible de marquer le nom facilement. Disponible en plusieurs tailles et couleurs. Facile \u00e0 laver, \u00e0 la main ou en machine.<\/p>\n<p><strong>TAILLES DISPONIBLES:<\/strong><\/p>\n<p>TAILLE 1 = Cou 27-37 x 1,5 cm<br \/>\nTAILLE 2 = Cou 31-41 x 2 cm<\/p>\n","protected":false},"excerpt":{"rendered":"<p>Produit de tr\u00e8s haute qualit\u00e9 import\u00e9 d&rsquo;Europe.<\/p>\n<p>Tailles : 35cm | 40cm<\/p>\n","protected":false},"featured_media":18356,"template":"","meta":{"jetpack_publicize_message":"","jetpack_publicize_feature_enabled":true,"jetpack_social_post_already_shared":true,"jetpack_social_options":{"image_generator_settings":{"template":"highway","default_image_id":0,"font":"","enabled":false},"version":2}},"product_brand":[],"product_cat":[92,106],"product_tag":[],"class_list":{"0":"post-18350","1":"product","2":"type-product","3":"status-publish","4":"has-post-thumbnail","6":"product_cat-harnais-et-laisses-pour-chien","7":"product_cat-jouet-et-dressage","9":"first","10":"instock","11":"taxable","12":"shipping-taxable","13":"purchasable","14":"product-type-variable"},"supplier_id":13352,"supplier_sku":"","barcode":null,"atum_controlled":true,"out_stock_date":null,"out_stock_threshold":null,"inheritable":true,"inbound_stock":0,"stock_on_hold":0,"sold_today":0,"sales_last_days":0,"reserved_stock":0,"customer_returns":0,"warehouse_damage":0,"lost_in_post":0,"other_logs":0,"out_stock_days":0,"lost_sales":0,"has_location":false,"update_date":"2026-05-13T00:24:04","atum_locations":[],"atum_stock_status":"instock","restock_status":false,"low_stock_amount":"","sales_update_date":"2026-05-13T00:24:04","calc_backorders":null,"jetpack_publicize_connections":[],"jetpack_sharing_enabled":true,"batches":[],"_links":{"self":[{"href":"https:\/\/petworld.ma\/index.php\/wp-json\/wp\/v2\/product\/18350","targetHints":{"allow":["GET"]}}],"collection":[{"href":"https:\/\/petworld.ma\/index.php\/wp-json\/wp\/v2\/product"}],"about":[{"href":"https:\/\/petworld.ma\/index.php\/wp-json\/wp\/v2\/types\/product"}],"wp:featuredmedia":[{"embeddable":true,"href":"https:\/\/petworld.ma\/index.php\/wp-json\/wp\/v2\/media\/18356"}],"wp:attachment":[{"href":"https:\/\/petworld.ma\/index.php\/wp-json\/wp\/v2\/media?parent=18350"}],"wp:term":[{"taxonomy":"product_brand","embeddable":true,"href":"https:\/\/petworld.ma\/index.php\/wp-json\/wp\/v2\/product_brand?post=18350"},{"taxonomy":"product_cat","embeddable":true,"href":"https:\/\/petworld.ma\/index.php\/wp-json\/wp\/v2\/product_cat?post=18350"},{"taxonomy":"product_tag","embeddable":true,"href":"https:\/\/petworld.ma\/index.php\/wp-json\/wp\/v2\/product_tag?post=18350"}],"curies":[{"name":"wp","href":"https:\/\/api.w.org\/{rel}","templated":true}]}}