{"id":18379,"date":"2025-02-26T13:43:53","date_gmt":"2025-02-26T13:43:53","guid":{"rendered":"https:\/\/petworld.ma\/?post_type=product&#038;p=18379"},"modified":"2026-05-07T13:36:44","modified_gmt":"2026-05-07T13:36:44","slug":"couches-jetables-x-12-canijess-xs-s","status":"publish","type":"product","link":"https:\/\/petworld.ma\/index.php\/produit\/couches-jetables-x-12-canijess-xs-s\/","title":{"rendered":"Couches jetables M\u00e2le x 12 LeoPet Plusieurs Tailles (XS \/ S \/ M)"},"content":{"rendered":"<p>Couches jetables de la marque LeoPet. Ces couches sont respirante, ultra-absorbante et faites en coton.<\/p>\n<p>3 tailles:<\/p>\n<ul>\n<li>Taille XS : pour chien m\u00e2le dont le poids est inf\u00e9rieur \u00e0 3 kg<\/li>\n<li>Taille S : pour chien m\u00e2le dont le poids est entre 3 kg et 7 kg<\/li>\n<li>Taille M: pour chien m\u00e2le dont le poids est entre 7 kg et 16 kg<\/li>\n<\/ul>\n<p><a href=\"https:\/\/wa.me\/212708052510\" target=\"_blank\" rel=\"noopener noreferrer\"><img loading=\"lazy\" decoding=\"async\" class=\"fr-fic fr-dib aligncenter\" src=\"https:\/\/cdn.youcan.shop\/stores\/d0742d556df94ddbc7ae4c9810aff04b\/others\/aE2LxkTRdND08IF1P7b5lQL78Blqje1ovLrdhytH.png\" width=\"246\" height=\"65\" data-name=\"stores\/d0742d556df94ddbc7ae4c9810aff04b\/others\/aE2LxkTRdND08IF1P7b5lQL78Blqje1ovLrdhytH.png\" \/><\/a><\/p>\n","protected":false},"excerpt":{"rendered":"<p>Couches jetables de la marque LeoPet. Ces couches sont respirante, ultra-absorbante et faites en coton. 3 tailles: Taille XS : pour chien m\u00e2le dont le poids est inf\u00e9rieur \u00e0 3 kg Taille S : pour chien m\u00e2le dont le poids est entre 3 kg et 7 kg Taille M: pour chien m\u00e2le dont le poids [&#8230;]\n","protected":false},"featured_media":18383,"template":"","meta":{"jetpack_publicize_message":"","jetpack_publicize_feature_enabled":true,"jetpack_social_post_already_shared":true,"jetpack_social_options":{"image_generator_settings":{"template":"highway","default_image_id":0,"font":"","enabled":false},"version":2}},"product_brand":[],"product_cat":[227],"product_tag":[],"class_list":{"0":"post-18379","1":"product","2":"type-product","3":"status-publish","4":"has-post-thumbnail","6":"product_cat-couches-tapis-absorbant","8":"first","9":"instock","10":"taxable","11":"shipping-taxable","12":"purchasable","13":"product-type-variable"},"supplier_id":null,"supplier_sku":"","barcode":null,"atum_controlled":true,"out_stock_date":null,"out_stock_threshold":null,"inheritable":true,"inbound_stock":0,"stock_on_hold":0,"sold_today":0,"sales_last_days":15,"reserved_stock":0,"customer_returns":0,"warehouse_damage":0,"lost_in_post":0,"other_logs":0,"out_stock_days":0,"lost_sales":0,"has_location":false,"update_date":"2026-05-13T00:22:36","atum_locations":[],"atum_stock_status":"instock","restock_status":false,"low_stock_amount":"","sales_update_date":"2026-05-13T00:22:36","calc_backorders":null,"jetpack_publicize_connections":[],"jetpack_sharing_enabled":true,"batches":[],"_links":{"self":[{"href":"https:\/\/petworld.ma\/index.php\/wp-json\/wp\/v2\/product\/18379","targetHints":{"allow":["GET"]}}],"collection":[{"href":"https:\/\/petworld.ma\/index.php\/wp-json\/wp\/v2\/product"}],"about":[{"href":"https:\/\/petworld.ma\/index.php\/wp-json\/wp\/v2\/types\/product"}],"wp:featuredmedia":[{"embeddable":true,"href":"https:\/\/petworld.ma\/index.php\/wp-json\/wp\/v2\/media\/18383"}],"wp:attachment":[{"href":"https:\/\/petworld.ma\/index.php\/wp-json\/wp\/v2\/media?parent=18379"}],"wp:term":[{"taxonomy":"product_brand","embeddable":true,"href":"https:\/\/petworld.ma\/index.php\/wp-json\/wp\/v2\/product_brand?post=18379"},{"taxonomy":"product_cat","embeddable":true,"href":"https:\/\/petworld.ma\/index.php\/wp-json\/wp\/v2\/product_cat?post=18379"},{"taxonomy":"product_tag","embeddable":true,"href":"https:\/\/petworld.ma\/index.php\/wp-json\/wp\/v2\/product_tag?post=18379"}],"curies":[{"name":"wp","href":"https:\/\/api.w.org\/{rel}","templated":true}]}}