{"id":18547,"date":"2025-03-03T10:00:14","date_gmt":"2025-03-03T10:00:14","guid":{"rendered":"https:\/\/petworld.ma\/?post_type=product&#038;p=18547"},"modified":"2026-05-09T16:43:11","modified_gmt":"2026-05-09T16:43:11","slug":"purina-gourmet-gold-canard-epinards-85gr","status":"publish","type":"product","link":"https:\/\/petworld.ma\/index.php\/produit\/purina-gourmet-gold-canard-epinards-85gr\/","title":{"rendered":"Purina Gourmet Gold Canard \u00c9pinards 85gr"},"content":{"rendered":"<p>Votre chat est un v\u00e9ritable connaisseur et adore essayer chaque jour diff\u00e9rentes textures et saveurs. C&rsquo;est pourquoi GOURMET Gold a cr\u00e9\u00e9 les Mousses, des recettes savoureuses pour chouchouter votre palais sophistiqu\u00e9 avec une exp\u00e9rience gustative diff\u00e9rente \u00e0 chaque repas. Des mousses moelleuses \u00e0 la viande ou au poisson soigneusement pr\u00e9par\u00e9es pour offrir \u00e0 votre chat le plaisir d&rsquo;une sensation d\u00e9licate et douce. Mousses d&rsquo;Or GOURMET, une large gamme de recettes savoureuses pour des moments de saveurs diff\u00e9rents chaque jour\u00a0.<\/p>\n<p>Gourmet est une alimentation 100% compl\u00e8te et \u00e9quilibr\u00e9e. C&rsquo;est \u00e9galement une source d&rsquo;hydratation importante pour votre chat. De plus, vous lui offrirez une alimentation vari\u00e9e avec des saveurs et des textures pour son plus grand plaisir ! Aliment 100% complet et \u00e9quilibr\u00e9 Mousses moelleuses \u00e0 la viande ou au poisson soigneusement pr\u00e9par\u00e9es pour offrir \u00e0 votre chat le plaisir d&rsquo;une sensation d\u00e9licate et douce. Fabriqu\u00e9 avec des ingr\u00e9dients de haute qualit\u00e9 Aliment complet pour chats adultes<\/p>\n","protected":false},"excerpt":{"rendered":"<p>Mousse de canard et \u00e9pinards PURINA\u00ae GOURMET\u00ae Gold<\/p>\n","protected":false},"featured_media":18548,"template":"","meta":{"jetpack_publicize_message":"","jetpack_publicize_feature_enabled":true,"jetpack_social_post_already_shared":true,"jetpack_social_options":{"image_generator_settings":{"template":"highway","default_image_id":0,"font":"","enabled":false},"version":2}},"product_brand":[],"product_cat":[41],"product_tag":[],"class_list":{"0":"post-18547","1":"product","2":"type-product","3":"status-publish","4":"has-post-thumbnail","6":"product_cat-friandises-et-pate-pour-chat","8":"first","9":"instock","10":"taxable","11":"shipping-taxable","12":"purchasable","13":"product-type-simple"},"supplier_id":5592,"supplier_sku":"7510","barcode":null,"atum_controlled":true,"out_stock_date":null,"out_stock_threshold":null,"inheritable":false,"inbound_stock":0,"stock_on_hold":0,"sold_today":0,"sales_last_days":9,"reserved_stock":0,"customer_returns":0,"warehouse_damage":0,"lost_in_post":0,"other_logs":0,"out_stock_days":0,"lost_sales":0,"has_location":false,"update_date":"2026-05-12T14:40:55","atum_locations":[],"atum_stock_status":"instock","restock_status":false,"low_stock_amount":10,"sales_update_date":"2026-05-12T14:40:55","calc_backorders":null,"jetpack_publicize_connections":[],"jetpack_sharing_enabled":true,"batches":[{"id":"2224","date_created":"2025-03-02 21:37:47","date_expiry":"2026-11-30 00:00:00","user_id":"2461","batch_number":"PurinaGourmetGoldCanard\u00c9pinards85gr1126","location":"","quantity":"48.0000","quantity_available":"0.0000","units":"1","status":"archived","order_ids":"[19096,19517,20894,21113,21397,21459,21620,21645,21835,22028,22428,22525,22730,22758,23278,23310,23393,23581]","supplier":"Casablanca","po":{"id":"2193","date_created":"2025-03-02 21:37:49","batch_id":"2224","po_number":"","supplier":"Casablanca","cost":null,"regular_price":null,"sale_price":null,"price_margin":null,"price_discount":null}},{"id":"5249","date_created":"2025-09-10 15:11:09","date_expiry":"2026-11-30 00:00:00","user_id":"2461","batch_number":"PurinaGourmetGoldCanard\u00c9pinards85gr1126","location":"","quantity":"144.0000","quantity_available":"20.0000","units":"1","status":"active","order_ids":"[27046,27077,27244,27767,27960,28439,28449,28544,29003,29339,29405,29484,29673,29740,29825,30586,30788,31100,31551,31761,32340,33683,34821,34933,35085,35880,36467,36841,36850,37502,37579,37861,37932,38530,38633,40041,40332,40402,40458,40737,40796,40903,41268,41376,41521,41682]","supplier":"Casablanca","po":{"id":"5206","date_created":"2025-09-10 15:11:17","batch_id":"5249","po_number":"","supplier":"Casablanca","cost":null,"regular_price":null,"sale_price":null,"price_margin":null,"price_discount":null}},{"id":"7738","date_created":"2026-02-17 15:20:10","date_expiry":"2027-08-30 00:00:00","user_id":"2461","batch_number":"PurinaGourmetGoldCanard\u00c9pinards85gr0827","location":"","quantity":"179.0000","quantity_available":"179.0000","units":"1","status":"active","order_ids":null,"supplier":"Casablanca","po":{"id":"7673","date_created":"2026-02-17 15:20:10","batch_id":"7738","po_number":"","supplier":"Casablanca","cost":null,"regular_price":null,"sale_price":null,"price_margin":null,"price_discount":null}}],"_links":{"self":[{"href":"https:\/\/petworld.ma\/index.php\/wp-json\/wp\/v2\/product\/18547","targetHints":{"allow":["GET"]}}],"collection":[{"href":"https:\/\/petworld.ma\/index.php\/wp-json\/wp\/v2\/product"}],"about":[{"href":"https:\/\/petworld.ma\/index.php\/wp-json\/wp\/v2\/types\/product"}],"wp:featuredmedia":[{"embeddable":true,"href":"https:\/\/petworld.ma\/index.php\/wp-json\/wp\/v2\/media\/18548"}],"wp:attachment":[{"href":"https:\/\/petworld.ma\/index.php\/wp-json\/wp\/v2\/media?parent=18547"}],"wp:term":[{"taxonomy":"product_brand","embeddable":true,"href":"https:\/\/petworld.ma\/index.php\/wp-json\/wp\/v2\/product_brand?post=18547"},{"taxonomy":"product_cat","embeddable":true,"href":"https:\/\/petworld.ma\/index.php\/wp-json\/wp\/v2\/product_cat?post=18547"},{"taxonomy":"product_tag","embeddable":true,"href":"https:\/\/petworld.ma\/index.php\/wp-json\/wp\/v2\/product_tag?post=18547"}],"curies":[{"name":"wp","href":"https:\/\/api.w.org\/{rel}","templated":true}]}}