{"id":18556,"date":"2025-03-03T10:05:45","date_gmt":"2025-03-03T10:05:45","guid":{"rendered":"https:\/\/petworld.ma\/?post_type=product&#038;p=18556"},"modified":"2026-04-21T10:28:15","modified_gmt":"2026-04-21T10:28:15","slug":"carnilove-cat-snack-crunchy-duck-with-raspberries-canard-50g","status":"publish","type":"product","link":"https:\/\/petworld.ma\/index.php\/produit\/carnilove-cat-snack-crunchy-duck-with-raspberries-canard-50g\/","title":{"rendered":"Carnilove Cat Snack Crunchy Duck with Raspberries (Canard) 50g"},"content":{"rendered":"<p><img loading=\"lazy\" decoding=\"async\" class=\"benefits_icon alignleft\" src=\"https:\/\/carnilove.com\/assets\/front\/images\/grain-free-potato-free.png\" width=\"100\" height=\"99\" \/> Une d\u00e9licieuse friandise \u00e0 la viande de canard. Contient des framboises sauvages,<\/p>\n<p>source naturelle d&rsquo;antioxyg\u00e8nes pour renforcer l&rsquo;immunit\u00e9.<\/p>\n<p>Convient \u00e0 tous les chats.<\/p>\n<p>&nbsp;<\/p>\n<p>&nbsp;<\/p>\n<h2>Composition<\/h2>\n<p>canard 55 % (40 % canard s\u00e9ch\u00e9, 15 % canard frais), citrouille 12 %, pois jaunes 8 %, graisse de poulet (conserv\u00e9e par des tocoph\u00e9rols, 7 %), sauce \u00e0 base de canard 5 %, framboises 4 %, carottes 2 %, pois chiches 2 %, pommes s\u00e9ch\u00e9es 2 %, graine de lin 2 %, huile de lin 1 %.<\/p>\n<h2>Analyse de la composition pour 1 kg<\/h2>\n<p>prot\u00e9ine brute 40,0 %, teneur en mati\u00e8res grasses 16,0 %, humidit\u00e9 10,0 %, cendres brutes 7,5 %, cellulose brute 3,0 %, calcium 1,6 %, phosphore 1,2 %, acides gras Om\u00e9ga-3 0,2 %, acides gras Om\u00e9ga-6 1,9 %. Contient des antioxyg\u00e8nes naturels.<\/p>\n<h2>Apport \u00e9nerg\u00e9tique<\/h2>\n<p>3 850 kcal\/kg<\/p>\n","protected":false},"excerpt":{"rendered":"<p>Une d\u00e9licieuse friandise \u00e0 la viande de canard. Contient des framboises sauvages, source naturelle d&rsquo;antioxyg\u00e8nes pour renforcer l&rsquo;immunit\u00e9. Convient \u00e0 tous les chats. &nbsp; &nbsp; Composition canard 55 % (40 % canard s\u00e9ch\u00e9, 15 % canard frais), citrouille 12 %, pois jaunes 8 %, graisse de poulet (conserv\u00e9e par des tocoph\u00e9rols, 7 %), sauce \u00e0 [&#8230;]\n","protected":false},"featured_media":18557,"template":"","meta":{"jetpack_publicize_message":"","jetpack_publicize_feature_enabled":true,"jetpack_social_post_already_shared":true,"jetpack_social_options":{"image_generator_settings":{"template":"highway","default_image_id":0,"font":"","enabled":false},"version":2}},"product_brand":[],"product_cat":[41],"product_tag":[],"class_list":{"0":"post-18556","1":"product","2":"type-product","3":"status-publish","4":"has-post-thumbnail","6":"product_cat-friandises-et-pate-pour-chat","8":"first","9":"instock","10":"taxable","11":"shipping-taxable","12":"purchasable","13":"product-type-simple"},"supplier_id":7839,"supplier_sku":"CL - Cats - Snack Duck","barcode":null,"atum_controlled":true,"out_stock_date":null,"out_stock_threshold":null,"inheritable":false,"inbound_stock":0,"stock_on_hold":0,"sold_today":0,"sales_last_days":2,"reserved_stock":0,"customer_returns":0,"warehouse_damage":0,"lost_in_post":0,"other_logs":0,"out_stock_days":0,"lost_sales":0,"has_location":false,"update_date":"2026-04-25T11:53:29","atum_locations":[],"atum_stock_status":"instock","restock_status":false,"low_stock_amount":10,"sales_update_date":"2026-04-25T11:53:28","calc_backorders":null,"jetpack_publicize_connections":[],"jetpack_sharing_enabled":true,"batches":[{"id":"2227","date_created":"2025-03-02 22:29:39","date_expiry":"2025-07-30 00:00:00","user_id":"2461","batch_number":"CarniloveCatSnackCrunchyDuckwithRaspberries50g30072025","location":"","quantity":"24.0000","quantity_available":"0.0000","units":"1","status":"archived","order_ids":"[18598,18695,18750,19067,19407,19915,20159,20735,20894]","supplier":"Carnilove","po":{"id":"2196","date_created":"2025-03-02 22:29:40","batch_id":"2227","po_number":"","supplier":"Carnilove","cost":null,"regular_price":null,"sale_price":null,"price_margin":null,"price_discount":null}},{"id":"8243","date_created":"2026-03-13 18:36:35","date_expiry":"2027-04-13 00:00:00","user_id":"2461","batch_number":"CarniloveCatSnackCrunchyDuckwithRaspberries50g042027","location":"","quantity":"40.0000","quantity_available":"27.0000","units":"1","status":"active","order_ids":"[37777,38034,38094,38185,38560,38644,39453,40396]","supplier":"Carnilove","po":{"id":"8169","date_created":"2026-03-13 18:36:35","batch_id":"8243","po_number":"","supplier":"Carnilove","cost":null,"regular_price":null,"sale_price":null,"price_margin":null,"price_discount":null}}],"_links":{"self":[{"href":"https:\/\/petworld.ma\/index.php\/wp-json\/wp\/v2\/product\/18556","targetHints":{"allow":["GET"]}}],"collection":[{"href":"https:\/\/petworld.ma\/index.php\/wp-json\/wp\/v2\/product"}],"about":[{"href":"https:\/\/petworld.ma\/index.php\/wp-json\/wp\/v2\/types\/product"}],"wp:featuredmedia":[{"embeddable":true,"href":"https:\/\/petworld.ma\/index.php\/wp-json\/wp\/v2\/media\/18557"}],"wp:attachment":[{"href":"https:\/\/petworld.ma\/index.php\/wp-json\/wp\/v2\/media?parent=18556"}],"wp:term":[{"taxonomy":"product_brand","embeddable":true,"href":"https:\/\/petworld.ma\/index.php\/wp-json\/wp\/v2\/product_brand?post=18556"},{"taxonomy":"product_cat","embeddable":true,"href":"https:\/\/petworld.ma\/index.php\/wp-json\/wp\/v2\/product_cat?post=18556"},{"taxonomy":"product_tag","embeddable":true,"href":"https:\/\/petworld.ma\/index.php\/wp-json\/wp\/v2\/product_tag?post=18556"}],"curies":[{"name":"wp","href":"https:\/\/api.w.org\/{rel}","templated":true}]}}