{"id":18812,"date":"2025-03-10T22:46:19","date_gmt":"2025-03-10T22:46:19","guid":{"rendered":"https:\/\/petworld.ma\/?post_type=product&#038;p=18812"},"modified":"2026-03-29T14:01:47","modified_gmt":"2026-03-29T14:01:47","slug":"tapis-multi-usages-rectangulaire-chat-et-chien-en-noir-leopet-40x60-cm","status":"publish","type":"product","link":"https:\/\/petworld.ma\/index.php\/produit\/tapis-multi-usages-rectangulaire-chat-et-chien-en-noir-leopet-40x60-cm\/","title":{"rendered":"Tapis Multi-Usages Rectangulaire Chat Et Chien En Noir Leopet 40\u00d760 cm"},"content":{"rendered":"<p>Tapis antid\u00e9rapant multi-usages Leopet :<\/p>\n<ul>\n<li>tapis en mat\u00e9riau caoutchout\u00e9 souple;<\/li>\n<li>aide \u00e0 garder les pattes et les sols propres\u00a0;<\/li>\n<li>tr\u00e8s facile \u00e0 nettoyer;<\/li>\n<li>retient la salet\u00e9;<\/li>\n<li>base antid\u00e9rapante;<\/li>\n<li>peut \u00eatre plac\u00e9 sous tous types de liti\u00e8re ou comme set de table ;<\/li>\n<li>dimensions: 40\u00d760 cm;<\/li>\n<\/ul>\n","protected":false},"excerpt":{"rendered":"<p>Tapis antid\u00e9rapant multi-usages pour chiens et chats ; Dimensions: 40\u00d760 cm<\/p>\n","protected":false},"featured_media":18813,"template":"","meta":{"jetpack_publicize_message":"","jetpack_publicize_feature_enabled":true,"jetpack_social_post_already_shared":true,"jetpack_social_options":{"image_generator_settings":{"template":"highway","default_image_id":0,"font":"","enabled":false},"version":2}},"product_brand":[],"product_cat":[134,133,94],"product_tag":[],"class_list":{"0":"post-18812","1":"product","2":"type-product","3":"status-publish","4":"has-post-thumbnail","6":"product_cat-gamelles","7":"product_cat-gamelle","8":"product_cat-litieres-et-bacs","10":"first","11":"instock","12":"sale","13":"taxable","14":"shipping-taxable","15":"purchasable","16":"product-type-simple"},"supplier_id":5588,"supplier_sku":"EP761651","barcode":null,"atum_controlled":true,"out_stock_date":null,"out_stock_threshold":null,"inheritable":false,"inbound_stock":0,"stock_on_hold":0,"sold_today":0,"sales_last_days":0,"reserved_stock":0,"customer_returns":0,"warehouse_damage":0,"lost_in_post":0,"other_logs":0,"out_stock_days":0,"lost_sales":0,"has_location":false,"update_date":"2026-04-25T08:50:54","atum_locations":[],"atum_stock_status":"instock","restock_status":false,"low_stock_amount":2,"sales_update_date":"2026-04-25T08:50:54","calc_backorders":null,"jetpack_publicize_connections":[],"jetpack_sharing_enabled":true,"batches":[],"_links":{"self":[{"href":"https:\/\/petworld.ma\/index.php\/wp-json\/wp\/v2\/product\/18812","targetHints":{"allow":["GET"]}}],"collection":[{"href":"https:\/\/petworld.ma\/index.php\/wp-json\/wp\/v2\/product"}],"about":[{"href":"https:\/\/petworld.ma\/index.php\/wp-json\/wp\/v2\/types\/product"}],"wp:featuredmedia":[{"embeddable":true,"href":"https:\/\/petworld.ma\/index.php\/wp-json\/wp\/v2\/media\/18813"}],"wp:attachment":[{"href":"https:\/\/petworld.ma\/index.php\/wp-json\/wp\/v2\/media?parent=18812"}],"wp:term":[{"taxonomy":"product_brand","embeddable":true,"href":"https:\/\/petworld.ma\/index.php\/wp-json\/wp\/v2\/product_brand?post=18812"},{"taxonomy":"product_cat","embeddable":true,"href":"https:\/\/petworld.ma\/index.php\/wp-json\/wp\/v2\/product_cat?post=18812"},{"taxonomy":"product_tag","embeddable":true,"href":"https:\/\/petworld.ma\/index.php\/wp-json\/wp\/v2\/product_tag?post=18812"}],"curies":[{"name":"wp","href":"https:\/\/api.w.org\/{rel}","templated":true}]}}