{"id":18817,"date":"2025-03-09T15:40:37","date_gmt":"2025-03-09T15:40:37","guid":{"rendered":"https:\/\/petworld.ma\/?post_type=product&#038;p=18817"},"modified":"2026-03-03T13:34:11","modified_gmt":"2026-03-03T13:34:11","slug":"tapis-en-forme-de-pattes-multi-usages-chat-et-chien-gris-leopet-45x60-cm","status":"publish","type":"product","link":"https:\/\/petworld.ma\/index.php\/produit\/tapis-en-forme-de-pattes-multi-usages-chat-et-chien-gris-leopet-45x60-cm\/","title":{"rendered":"Tapis en forme de Pattes Multi-Usages Chat Et Chien Gris Leopet 45\u00d760 cm"},"content":{"rendered":"<p><strong>Tapis antid\u00e9rapant<\/strong>\u00a0en PVC pour animaux de compagnie, qui peut \u00eatre plac\u00e9 sous tous les types de toilettes ou utilis\u00e9 comme tapis de cuvette, id\u00e9al pour garder les pattes et les sols propres. Il retient la salet\u00e9 et est facile \u00e0 nettoyer.<\/p>\n<p><strong><em>Dimensions :<\/em><\/strong>\u00a045 x 60 cm.<\/p>\n","protected":false},"excerpt":{"rendered":"<p><strong><em>Dimensions :<\/em><\/strong>\u00a045 x 60 cm.<\/p>\n","protected":false},"featured_media":18889,"template":"","meta":{"jetpack_publicize_message":"","jetpack_publicize_feature_enabled":true,"jetpack_social_post_already_shared":true,"jetpack_social_options":{"image_generator_settings":{"template":"highway","default_image_id":0,"font":"","enabled":false},"version":2}},"product_brand":[],"product_cat":[133,134,94],"product_tag":[],"class_list":{"0":"post-18817","1":"product","2":"type-product","3":"status-publish","4":"has-post-thumbnail","6":"product_cat-gamelle","7":"product_cat-gamelles","8":"product_cat-litieres-et-bacs","10":"first","11":"instock","12":"taxable","13":"shipping-taxable","14":"purchasable","15":"product-type-simple"},"supplier_id":5588,"supplier_sku":"EP761712","barcode":null,"atum_controlled":true,"out_stock_date":null,"out_stock_threshold":null,"inheritable":false,"inbound_stock":0,"stock_on_hold":0,"sold_today":0,"sales_last_days":0,"reserved_stock":0,"customer_returns":0,"warehouse_damage":0,"lost_in_post":0,"other_logs":0,"out_stock_days":0,"lost_sales":0,"has_location":false,"update_date":"2026-04-29T21:47:03","atum_locations":[],"atum_stock_status":"instock","restock_status":false,"low_stock_amount":2,"sales_update_date":"2026-04-29T21:47:03","calc_backorders":null,"jetpack_publicize_connections":[],"jetpack_sharing_enabled":true,"batches":[],"_links":{"self":[{"href":"https:\/\/petworld.ma\/index.php\/wp-json\/wp\/v2\/product\/18817","targetHints":{"allow":["GET"]}}],"collection":[{"href":"https:\/\/petworld.ma\/index.php\/wp-json\/wp\/v2\/product"}],"about":[{"href":"https:\/\/petworld.ma\/index.php\/wp-json\/wp\/v2\/types\/product"}],"wp:featuredmedia":[{"embeddable":true,"href":"https:\/\/petworld.ma\/index.php\/wp-json\/wp\/v2\/media\/18889"}],"wp:attachment":[{"href":"https:\/\/petworld.ma\/index.php\/wp-json\/wp\/v2\/media?parent=18817"}],"wp:term":[{"taxonomy":"product_brand","embeddable":true,"href":"https:\/\/petworld.ma\/index.php\/wp-json\/wp\/v2\/product_brand?post=18817"},{"taxonomy":"product_cat","embeddable":true,"href":"https:\/\/petworld.ma\/index.php\/wp-json\/wp\/v2\/product_cat?post=18817"},{"taxonomy":"product_tag","embeddable":true,"href":"https:\/\/petworld.ma\/index.php\/wp-json\/wp\/v2\/product_tag?post=18817"}],"curies":[{"name":"wp","href":"https:\/\/api.w.org\/{rel}","templated":true}]}}