{"id":18832,"date":"2025-03-10T23:03:19","date_gmt":"2025-03-10T23:03:19","guid":{"rendered":"https:\/\/petworld.ma\/?post_type=product&#038;p=18832"},"modified":"2025-10-27T23:36:56","modified_gmt":"2025-10-27T23:36:56","slug":"bouteille-deau-2-en-1-leopet-happytravel-blanc","status":"publish","type":"product","link":"https:\/\/petworld.ma\/index.php\/produit\/bouteille-deau-2-en-1-leopet-happytravel-blanc\/","title":{"rendered":"LeoPet Bouteille D&rsquo;eau 2 En 1 Happytravel &#8211; Blanc"},"content":{"rendered":"<p><strong>Bouteille d&rsquo;eau multifonctionnelle Leopet Happytravel :<\/strong><\/p>\n<ul>\n<li>pour animaux de compagnie<\/li>\n<li>id\u00e9al pour la nourriture et l&rsquo;eau<\/li>\n<li>facile \u00e0 utiliser et \u00e0 transporter<\/li>\n<li>con\u00e7u pour les propri\u00e9taires d\u2019animaux qui aiment passer du temps \u00e0 l\u2019ext\u00e9rieur<\/li>\n<li>combine dans un seul accessoire la commodit\u00e9 de transporter \u00e0 la fois de l&rsquo;eau (400 ml) et de la nourriture (200 ml)<\/li>\n<li>fabriqu\u00e9 avec des mat\u00e9riaux de haute qualit\u00e9; utile pour la marche, la randonn\u00e9e et les voyages<\/li>\n<li>disponible en blanc<\/li>\n<\/ul>\n","protected":false},"excerpt":{"rendered":"<p>Bouteille 2 en 1 pour nourriture et eau.<\/p>\n","protected":false},"featured_media":18835,"template":"","meta":{"jetpack_publicize_message":"","jetpack_publicize_feature_enabled":true,"jetpack_social_post_already_shared":true,"jetpack_social_options":{"image_generator_settings":{"template":"highway","default_image_id":0,"font":"","enabled":false},"version":2}},"product_brand":[],"product_cat":[23,134,106],"product_tag":[],"class_list":{"0":"post-18832","1":"product","2":"type-product","3":"status-publish","4":"has-post-thumbnail","6":"product_cat-chien","7":"product_cat-gamelles","8":"product_cat-jouet-et-dressage","10":"first","11":"instock","12":"taxable","13":"shipping-taxable","14":"purchasable","15":"product-type-simple"},"supplier_id":5588,"supplier_sku":"CD952174","barcode":null,"atum_controlled":true,"out_stock_date":null,"out_stock_threshold":null,"inheritable":false,"inbound_stock":0,"stock_on_hold":0,"sold_today":0,"sales_last_days":0,"reserved_stock":0,"customer_returns":0,"warehouse_damage":0,"lost_in_post":0,"other_logs":0,"out_stock_days":0,"lost_sales":0,"has_location":false,"update_date":"2026-05-05T00:16:28","atum_locations":[],"atum_stock_status":"instock","restock_status":false,"low_stock_amount":2,"sales_update_date":"2026-05-05T00:16:28","calc_backorders":null,"jetpack_publicize_connections":[],"jetpack_sharing_enabled":true,"batches":[],"_links":{"self":[{"href":"https:\/\/petworld.ma\/index.php\/wp-json\/wp\/v2\/product\/18832","targetHints":{"allow":["GET"]}}],"collection":[{"href":"https:\/\/petworld.ma\/index.php\/wp-json\/wp\/v2\/product"}],"about":[{"href":"https:\/\/petworld.ma\/index.php\/wp-json\/wp\/v2\/types\/product"}],"wp:featuredmedia":[{"embeddable":true,"href":"https:\/\/petworld.ma\/index.php\/wp-json\/wp\/v2\/media\/18835"}],"wp:attachment":[{"href":"https:\/\/petworld.ma\/index.php\/wp-json\/wp\/v2\/media?parent=18832"}],"wp:term":[{"taxonomy":"product_brand","embeddable":true,"href":"https:\/\/petworld.ma\/index.php\/wp-json\/wp\/v2\/product_brand?post=18832"},{"taxonomy":"product_cat","embeddable":true,"href":"https:\/\/petworld.ma\/index.php\/wp-json\/wp\/v2\/product_cat?post=18832"},{"taxonomy":"product_tag","embeddable":true,"href":"https:\/\/petworld.ma\/index.php\/wp-json\/wp\/v2\/product_tag?post=18832"}],"curies":[{"name":"wp","href":"https:\/\/api.w.org\/{rel}","templated":true}]}}