{"id":18837,"date":"2025-03-10T23:09:05","date_gmt":"2025-03-10T23:09:05","guid":{"rendered":"https:\/\/petworld.ma\/?post_type=product&#038;p=18837"},"modified":"2026-04-08T21:26:50","modified_gmt":"2026-04-08T21:26:50","slug":"chaussures-active-pour-chien-leopet-taille-xs","status":"publish","type":"product","link":"https:\/\/petworld.ma\/index.php\/produit\/chaussures-active-pour-chien-leopet-taille-xs\/","title":{"rendered":"LeoPet Chaussures Active pour Chien Taille XS"},"content":{"rendered":"<p><img decoding=\"async\" class=\"alignnone wp-image-18867\" src=\"https:\/\/petworld.ma\/wp-content\/uploads\/2025\/03\/Capture-decran-2025-03-09-142341.png\" alt=\"\" width=\"174\" height=\"61\" \/><\/p>\n<p>Pour la pr<span style=\"font-size: 14.4px\">otection des coussinets contre le gravier, le sel de d\u00e9neigement et les ao\u00fbtats.<\/span><\/p>\n<p>Fermeture Velcro r\u00e9glable pour une adaptation id\u00e9ale.<br \/>\nEn caoutchouc de synth\u00e8se respirant.<br \/>\nSemelle caoutchouc r\u00e9sistante et antid\u00e9rapante.<br \/>\nVendues \u00e0 la paire.<br \/>\nPour d\u00e9terminer la taille de la chaussure, mesurez la patte en position debout et sous l\u2019effort.<strong><br \/>\n<\/strong>Si votre mesure tombe entre deux tailles, choisissez la taille de chaussure la plus grande.<\/p>\n<p><img decoding=\"async\" class=\"alignnone size-full wp-image-18868\" style=\"font-size: 14.4px\" src=\"https:\/\/petworld.ma\/wp-content\/uploads\/2025\/03\/Capture-decran-2025-03-09-142351-1.png\" alt=\"\" width=\"94\" height=\"81\" \/><\/p>\n<p>&nbsp;<\/p>\n<p>&nbsp;<\/p>\n","protected":false},"excerpt":{"rendered":"<p>Pour la protection des coussinets contre le gravier, le sel de d\u00e9neigement et les ao\u00fbtats. Fermeture Velcro r\u00e9glable pour une adaptation id\u00e9ale. En caoutchouc de synth\u00e8se respirant. Semelle caoutchouc r\u00e9sistante et antid\u00e9rapante. Vendues \u00e0 la paire. Pour d\u00e9terminer la taille de la chaussure, mesurez la patte en position debout et sous l\u2019effort. Si votre mesure [&#8230;]\n","protected":false},"featured_media":18862,"template":"","meta":{"jetpack_publicize_message":"","jetpack_publicize_feature_enabled":true,"jetpack_social_post_already_shared":true,"jetpack_social_options":{"image_generator_settings":{"template":"highway","default_image_id":0,"font":"","enabled":false},"version":2}},"product_brand":[],"product_cat":[92],"product_tag":[],"class_list":{"0":"post-18837","1":"product","2":"type-product","3":"status-publish","4":"has-post-thumbnail","6":"product_cat-harnais-et-laisses-pour-chien","8":"first","9":"instock","10":"taxable","11":"shipping-taxable","12":"purchasable","13":"product-type-simple"},"supplier_id":5588,"supplier_sku":"PS954123","barcode":null,"atum_controlled":true,"out_stock_date":null,"out_stock_threshold":null,"inheritable":false,"inbound_stock":0,"stock_on_hold":0,"sold_today":0,"sales_last_days":0,"reserved_stock":0,"customer_returns":0,"warehouse_damage":0,"lost_in_post":0,"other_logs":0,"out_stock_days":0,"lost_sales":0,"has_location":false,"update_date":"2026-05-10T00:19:23","atum_locations":[],"atum_stock_status":"instock","restock_status":false,"low_stock_amount":2,"sales_update_date":"2026-05-10T00:19:22","calc_backorders":null,"jetpack_publicize_connections":[],"jetpack_sharing_enabled":true,"batches":[],"_links":{"self":[{"href":"https:\/\/petworld.ma\/index.php\/wp-json\/wp\/v2\/product\/18837","targetHints":{"allow":["GET"]}}],"collection":[{"href":"https:\/\/petworld.ma\/index.php\/wp-json\/wp\/v2\/product"}],"about":[{"href":"https:\/\/petworld.ma\/index.php\/wp-json\/wp\/v2\/types\/product"}],"wp:featuredmedia":[{"embeddable":true,"href":"https:\/\/petworld.ma\/index.php\/wp-json\/wp\/v2\/media\/18862"}],"wp:attachment":[{"href":"https:\/\/petworld.ma\/index.php\/wp-json\/wp\/v2\/media?parent=18837"}],"wp:term":[{"taxonomy":"product_brand","embeddable":true,"href":"https:\/\/petworld.ma\/index.php\/wp-json\/wp\/v2\/product_brand?post=18837"},{"taxonomy":"product_cat","embeddable":true,"href":"https:\/\/petworld.ma\/index.php\/wp-json\/wp\/v2\/product_cat?post=18837"},{"taxonomy":"product_tag","embeddable":true,"href":"https:\/\/petworld.ma\/index.php\/wp-json\/wp\/v2\/product_tag?post=18837"}],"curies":[{"name":"wp","href":"https:\/\/api.w.org\/{rel}","templated":true}]}}