{"id":18859,"date":"2025-03-09T13:13:56","date_gmt":"2025-03-09T13:13:56","guid":{"rendered":"https:\/\/petworld.ma\/?post_type=product&#038;p=18859"},"modified":"2026-04-19T17:20:25","modified_gmt":"2026-04-19T17:20:25","slug":"litiere-au-tofu-naturel-10l-tofulett","status":"publish","type":"product","link":"https:\/\/petworld.ma\/index.php\/produit\/litiere-au-tofu-naturel-10l-tofulett\/","title":{"rendered":"Liti\u00e8re au Tofu Naturel (6 L | 10 L) &#8211; Tofulett (Sans Parfum)"},"content":{"rendered":"<ol>\n<li>La liti\u00e8re au tofu Leopet Tofulett est un choix \u00e9cologique et naturel pour le confort et l&rsquo;hygi\u00e8ne de votre chat. Fabriqu\u00e9e principalement \u00e0 partir de tofu, d\u00e9riv\u00e9 du soja et d\u2019amidon de ma\u00efs, cette liti\u00e8re agglom\u00e9rante offre de nombreux avantages pour vous et votre f\u00e9lin.<\/li>\n<\/ol>\n<p>Caract\u00e9ristiques<\/p>\n<ul>\n<li>Composition : Tofu (d\u00e9riv\u00e9 du soja) et amidon de ma\u00efs.<\/li>\n<li>Type : Liti\u00e8re agglom\u00e9rante d&rsquo;origine v\u00e9g\u00e9tale.<\/li>\n<li>Capacit\u00e9 : 10 litres.<\/li>\n<li>Enti\u00e8rement non toxique : sans danger pour la sant\u00e9 de votre chat.<\/li>\n<li>Sans poussi\u00e8re : aide \u00e0 maintenir l\u2019environnement sans poussi\u00e8re.<\/li>\n<li>Compostable : Il peut \u00eatre jet\u00e9 dans le sol et se transforme en engrais.<\/li>\n<li>Pastill\u00e9 : Forme de granul\u00e9 pour une sensation agr\u00e9able sous les pattes du chat.<\/li>\n<li>Anti-odeur : Aide \u00e0 garder l\u2019environnement environnant exempt de mauvaises odeurs.<\/li>\n<\/ul>\n","protected":false},"excerpt":{"rendered":"<p>Liti\u00e8re agglom\u00e9rante d&rsquo;origine v\u00e9g\u00e9tale sans poussi\u00e8re<\/p>\n","protected":false},"featured_media":18856,"template":"","meta":{"jetpack_publicize_message":"","jetpack_publicize_feature_enabled":true,"jetpack_social_post_already_shared":true,"jetpack_social_options":{"image_generator_settings":{"template":"highway","default_image_id":0,"font":"","enabled":false},"version":2}},"product_brand":[],"product_cat":[94],"product_tag":[],"class_list":{"0":"post-18859","1":"product","2":"type-product","3":"status-publish","4":"has-post-thumbnail","6":"product_cat-litieres-et-bacs","8":"first","9":"onbackorder","10":"taxable","11":"shipping-taxable","12":"purchasable","13":"product-type-variable"},"supplier_id":5588,"supplier_sku":"IC525609","barcode":null,"atum_controlled":true,"out_stock_date":"2025-08-13 09:08:32","out_stock_threshold":null,"inheritable":true,"inbound_stock":0,"stock_on_hold":0,"sold_today":0,"sales_last_days":3,"reserved_stock":0,"customer_returns":0,"warehouse_damage":0,"lost_in_post":0,"other_logs":0,"out_stock_days":234,"lost_sales":0,"has_location":false,"update_date":"2026-04-25T08:50:55","atum_locations":[],"atum_stock_status":"onbackorder","restock_status":false,"low_stock_amount":"","sales_update_date":"2026-04-25T08:50:55","calc_backorders":0,"jetpack_publicize_connections":[],"jetpack_sharing_enabled":true,"batches":[],"_links":{"self":[{"href":"https:\/\/petworld.ma\/index.php\/wp-json\/wp\/v2\/product\/18859","targetHints":{"allow":["GET"]}}],"collection":[{"href":"https:\/\/petworld.ma\/index.php\/wp-json\/wp\/v2\/product"}],"about":[{"href":"https:\/\/petworld.ma\/index.php\/wp-json\/wp\/v2\/types\/product"}],"wp:featuredmedia":[{"embeddable":true,"href":"https:\/\/petworld.ma\/index.php\/wp-json\/wp\/v2\/media\/18856"}],"wp:attachment":[{"href":"https:\/\/petworld.ma\/index.php\/wp-json\/wp\/v2\/media?parent=18859"}],"wp:term":[{"taxonomy":"product_brand","embeddable":true,"href":"https:\/\/petworld.ma\/index.php\/wp-json\/wp\/v2\/product_brand?post=18859"},{"taxonomy":"product_cat","embeddable":true,"href":"https:\/\/petworld.ma\/index.php\/wp-json\/wp\/v2\/product_cat?post=18859"},{"taxonomy":"product_tag","embeddable":true,"href":"https:\/\/petworld.ma\/index.php\/wp-json\/wp\/v2\/product_tag?post=18859"}],"curies":[{"name":"wp","href":"https:\/\/api.w.org\/{rel}","templated":true}]}}