{"id":18876,"date":"2025-03-09T14:41:10","date_gmt":"2025-03-09T14:41:10","guid":{"rendered":"https:\/\/petworld.ma\/?post_type=product&#038;p=18876"},"modified":"2025-12-13T17:10:27","modified_gmt":"2025-12-13T17:10:27","slug":"harnais-reglable-en-pvc-nylon-et-maille-noir-plusieurs-tailles","status":"publish","type":"product","link":"https:\/\/petworld.ma\/index.php\/produit\/harnais-reglable-en-pvc-nylon-et-maille-noir-plusieurs-tailles\/","title":{"rendered":"Harnais r\u00e9glable en PVC, nylon et maille Noir ( Plusieurs Tailles )"},"content":{"rendered":"<p>Harnais r\u00e9glable en PVC, nylon et maille. En maille douce sur la poitrine, r\u00e9glable sur le bas.<\/p>\n<p>Plusieurs tailles :<\/p>\n<p>Taille 1:\u00a0 Tour de poitrine entre 20 \u00e0 30 cm<\/p>\n<p>Taille 2:\u00a0 Tour de poitrine entre 30 \u00e0 40 cm<\/p>\n<p>Taille 3:\u00a0 Tour de poitrine entre 40 \u00e0 50 cm<\/p>\n<p>Taille 4:\u00a0 Tour de poitrine entre 50 \u00e0 60 cm<\/p>\n","protected":false},"excerpt":{"rendered":"<p>Harnais r\u00e9glable en PVC, nylon et maille. En maille douce sur la poitrine, r\u00e9glable sur le bas. Plusieurs tailles : Taille 1:\u00a0 Tour de poitrine entre 20 \u00e0 30 cm Taille 2:\u00a0 Tour de poitrine entre 30 \u00e0 40 cm Taille 3:\u00a0 Tour de poitrine entre 40 \u00e0 50 cm Taille 4:\u00a0 Tour de poitrine [&#8230;]\n","protected":false},"featured_media":18882,"template":"","meta":{"jetpack_publicize_message":"","jetpack_publicize_feature_enabled":true,"jetpack_social_post_already_shared":true,"jetpack_social_options":{"image_generator_settings":{"template":"highway","default_image_id":0,"font":"","enabled":false},"version":2}},"product_brand":[],"product_cat":[23,92],"product_tag":[],"class_list":{"0":"post-18876","1":"product","2":"type-product","3":"status-publish","4":"has-post-thumbnail","6":"product_cat-chien","7":"product_cat-harnais-et-laisses-pour-chien","9":"first","10":"instock","11":"taxable","12":"shipping-taxable","13":"purchasable","14":"product-type-variable"},"supplier_id":null,"supplier_sku":"","barcode":null,"atum_controlled":true,"out_stock_date":null,"out_stock_threshold":null,"inheritable":true,"inbound_stock":0,"stock_on_hold":0,"sold_today":0,"sales_last_days":0,"reserved_stock":0,"customer_returns":0,"warehouse_damage":0,"lost_in_post":0,"other_logs":0,"out_stock_days":0,"lost_sales":0,"has_location":false,"update_date":"2026-04-30T00:14:44","atum_locations":[],"atum_stock_status":"instock","restock_status":false,"low_stock_amount":"","sales_update_date":"2026-04-30T00:14:44","calc_backorders":null,"jetpack_publicize_connections":[],"jetpack_sharing_enabled":true,"batches":[],"_links":{"self":[{"href":"https:\/\/petworld.ma\/index.php\/wp-json\/wp\/v2\/product\/18876","targetHints":{"allow":["GET"]}}],"collection":[{"href":"https:\/\/petworld.ma\/index.php\/wp-json\/wp\/v2\/product"}],"about":[{"href":"https:\/\/petworld.ma\/index.php\/wp-json\/wp\/v2\/types\/product"}],"wp:featuredmedia":[{"embeddable":true,"href":"https:\/\/petworld.ma\/index.php\/wp-json\/wp\/v2\/media\/18882"}],"wp:attachment":[{"href":"https:\/\/petworld.ma\/index.php\/wp-json\/wp\/v2\/media?parent=18876"}],"wp:term":[{"taxonomy":"product_brand","embeddable":true,"href":"https:\/\/petworld.ma\/index.php\/wp-json\/wp\/v2\/product_brand?post=18876"},{"taxonomy":"product_cat","embeddable":true,"href":"https:\/\/petworld.ma\/index.php\/wp-json\/wp\/v2\/product_cat?post=18876"},{"taxonomy":"product_tag","embeddable":true,"href":"https:\/\/petworld.ma\/index.php\/wp-json\/wp\/v2\/product_tag?post=18876"}],"curies":[{"name":"wp","href":"https:\/\/api.w.org\/{rel}","templated":true}]}}