{"id":18968,"date":"2025-03-11T22:30:11","date_gmt":"2025-03-11T22:30:11","guid":{"rendered":"https:\/\/petworld.ma\/?post_type=product&#038;p=18968"},"modified":"2026-04-04T10:15:33","modified_gmt":"2026-04-04T10:15:33","slug":"ownat-ultra-maxi-adulte-12kg","status":"publish","type":"product","link":"https:\/\/petworld.ma\/index.php\/produit\/ownat-ultra-maxi-adulte-12kg\/","title":{"rendered":"Ownat Ultra Maxi Adulte 12Kg"},"content":{"rendered":"<p>Sp\u00e9cialement con\u00e7ues pour r\u00e9pondre aux besoins nutritionnels des grands chiens (26-28 kg et plus). Leurs croquettes plus grandes stimulent la mastication et incitent les chiens \u00e0 manger plus lentement.<\/p>\n<p><strong>Composition<\/strong><\/p>\n<p>Poulet d\u00e9shydrat\u00e9 (20 %), poulet frais* (15 % min. avant cuisson), dinde fra\u00eeche* (15 % min. avant cuisson), riz complet* (11 %), pomme de terre d\u00e9shydrat\u00e9e* (9 %), graisse de volaille (conserv\u00e9e avec des antioxydants naturels), racines de manioc* (6 %), petits pois entiers* (4 %), gousses de caroube* (3 %), l\u00e9gumes et fruits frais avant cuisson (pomme* 1 %, carotte* 0,5 %, brocoli* 0,5 %), porc d\u00e9shydrat\u00e9 (2 %), prot\u00e9ines de poulet hydrolys\u00e9es, levure de bi\u00e8re* (1 %), graines de lin* (1 %), huile de saumon (conserv\u00e9e avec des antioxydants naturels), pulpe de betterave, sel gemme*, luzerne d\u00e9shydrat\u00e9e*, racines de chicor\u00e9e (FOS)*, extrait de levure (MOS), algues marines d\u00e9shydrat\u00e9es* (500 mg\/kg), glucosamine (500 mg\/kg), yucca shidigera, sulfate de chondro\u00eftine (100 mg\/kg), canneberges* (100 mg\/kg), th\u00e9 vert* (80 mg\/kg), \u00e9chinac\u00e9e* (80 mg\/kg), fleur de camomille* (80 mg\/kg), fenouil* (80 mg\/kg). *Ingr\u00e9dients naturels<\/p>\n<p><strong>Composantes analytiques<\/strong><\/p>\n<p>Prot\u00e9ines : 30 %, mati\u00e8res grasses : 16 %, fibres brutes : 2 %, mati\u00e8res inorganiques : 7,5 %, humidit\u00e9 : 8 %, om\u00e9ga 6 : 2,5 %, om\u00e9ga 3 : 0,5 %, calcium : 1,5 %, phosphore : 1 %.<\/p>\n<p><strong>Additifs\/Kg<\/strong><\/p>\n<p>Vitamine A 20 000 UI, vitamine D3 1 500 UI, vitamine E 350 UI, taurine 1 000 mg, L-carnitine 40 mg, cuivre (sulfate de cuivre (II) pentahydrat\u00e9) 4 mg, cuivre (ch\u00e9late de cuivre (II) d&rsquo;acides amin\u00e9s hydrat\u00e9) 5 mg, mangan\u00e8se (oxyde de mangan\u00e8se (II)) 50 mg, zinc (oxyde de zinc) 100 mg, fer (sulfate de fer (II) monohydrat\u00e9) 40 mg, zinc (ch\u00e9late de zinc d&rsquo;acides amin\u00e9s hydrat\u00e9) 10 mg, iode (iodure de potassium) 4 mg, s\u00e9l\u00e9nium (s\u00e9l\u00e9nite de sodium) 0,2 mg. kcal\/kg 3 900. Avec des antioxydants naturels.<\/p>\n<p><strong>Ingr\u00e9dients<\/strong><\/p>\n<p>Poulet et dinde \/ <span class=\"name\" style=\"color: #333333;font-size: 14.4px\">Pomme et canneberges \/ Carotte et brocoli \/ Pomme de terre et manioc \/ Orge compl\u00e8te \/ Riz complet \/ Petits pois et caroube \/ Herbes aromatiques \/ Levure de bi\u00e8re \/ Racines de chicor\u00e9e \/ Graines de lin \/ Algue\u00a0<\/span><\/p>\n<p>&nbsp;<\/p>\n<p>&nbsp;<\/p>\n<p>&nbsp;<\/p>\n<div id=\"ct-3-zanahoria-y-brocoli\" class=\"col-auto text-center ingredient-popover\">\n<div class=\"d-flex align-items-center justify-content-center flex-column inset\"><\/div>\n<\/div>\n<div id=\"ct-2-manzana-y-arandanos\" class=\"col-auto text-center ingredient-popover\">\n<div class=\"d-flex align-items-center justify-content-center flex-column inset\"><\/div>\n<div>\n<div id=\"ct-3-zanahoria-y-brocoli\" class=\"col-auto text-center ingredient-popover\">\n<div class=\"d-flex align-items-center justify-content-center flex-column inset\"><\/div>\n<\/div>\n<\/div>\n<\/div>\n<div id=\"ct-3-zanahoria-y-brocoli\" class=\"col-auto text-center ingredient-popover\">\n<div class=\"d-flex align-items-center justify-content-center flex-column inset\"><\/div>\n<\/div>\n","protected":false},"excerpt":{"rendered":"<p>Sp\u00e9cialement con\u00e7ues pour r\u00e9pondre aux besoins nutritionnels des grands chiens (26-28 kg et plus). Leurs croquettes plus grandes stimulent la mastication et incitent les chiens \u00e0 manger plus lentement. Composition Poulet d\u00e9shydrat\u00e9 (20 %), poulet frais* (15 % min. avant cuisson), dinde fra\u00eeche* (15 % min. avant cuisson), riz complet* (11 %), pomme de terre [&#8230;]\n","protected":false},"featured_media":18973,"template":"","meta":{"jetpack_publicize_message":"","jetpack_publicize_feature_enabled":true,"jetpack_social_post_already_shared":true,"jetpack_social_options":{"image_generator_settings":{"template":"highway","default_image_id":0,"font":"","enabled":false},"version":2}},"product_brand":[],"product_cat":[23,26],"product_tag":[],"class_list":{"0":"post-18968","1":"product","2":"type-product","3":"status-publish","4":"has-post-thumbnail","6":"product_cat-chien","7":"product_cat-croquettes","9":"first","10":"instock","11":"taxable","12":"shipping-taxable","13":"purchasable","14":"product-type-simple"},"supplier_id":5595,"supplier_sku":"601","barcode":null,"atum_controlled":true,"out_stock_date":null,"out_stock_threshold":null,"inheritable":false,"inbound_stock":0,"stock_on_hold":0,"sold_today":0,"sales_last_days":0,"reserved_stock":0,"customer_returns":0,"warehouse_damage":0,"lost_in_post":0,"other_logs":0,"out_stock_days":0,"lost_sales":0,"has_location":false,"update_date":"2026-04-25T08:58:44","atum_locations":[],"atum_stock_status":"instock","restock_status":false,"low_stock_amount":3,"sales_update_date":"2026-04-25T08:58:44","calc_backorders":null,"jetpack_publicize_connections":[],"jetpack_sharing_enabled":true,"batches":[{"id":"2342","date_created":"2025-03-11 22:27:55","date_expiry":"2026-07-30 00:00:00","user_id":"2461","batch_number":"OwnatUltraMaxiAdulte12Kg0726","location":"","quantity":"4.0000","quantity_available":"0.0000","units":"1","status":"archived","order_ids":"[18975,19412]","supplier":"Ownat","po":{"id":"2310","date_created":"2025-03-11 22:27:58","batch_id":"2342","po_number":"","supplier":"Ownat","cost":null,"regular_price":null,"sale_price":null,"price_margin":null,"price_discount":null}},{"id":"2366","date_created":"2025-03-13 23:16:20","date_expiry":"2026-07-30 00:00:00","user_id":"2461","batch_number":"OwnatUltraMaxiAdulte12Kg0726","location":"","quantity":"2.0000","quantity_available":"0.0000","units":"1","status":"archived","order_ids":"[20446,20967]","supplier":"Ownat","po":{"id":"2335","date_created":"2025-03-13 23:16:23","batch_id":"2366","po_number":"","supplier":"Ownat","cost":null,"regular_price":null,"sale_price":null,"price_margin":null,"price_discount":null}},{"id":"2432","date_created":"2025-03-22 02:39:39","date_expiry":"2026-07-30 00:00:00","user_id":"2461","batch_number":"OwnatUltraMaxiAdulte12Kg0726","location":"","quantity":"1.0000","quantity_available":"0.0000","units":"1","status":"archived","order_ids":"[19626]","supplier":"Ownat","po":{"id":"2401","date_created":"2025-03-22 02:39:42","batch_id":"2432","po_number":"","supplier":"Ownat","cost":null,"regular_price":null,"sale_price":null,"price_margin":null,"price_discount":null}},{"id":"2544","date_created":"2025-03-29 01:58:16","date_expiry":"2026-07-30 00:00:00","user_id":"2461","batch_number":"OwnatUltraMaxiAdulte12Kg0726","location":"","quantity":"1.0000","quantity_available":"0.0000","units":"1","status":"archived","order_ids":"[20238]","supplier":"Ownat","po":{"id":"2512","date_created":"2025-03-29 01:58:19","batch_id":"2544","po_number":"","supplier":"Ownat","cost":null,"regular_price":null,"sale_price":null,"price_margin":null,"price_discount":null}},{"id":"2707","date_created":"2025-04-05 00:03:17","date_expiry":"2026-07-30 00:00:00","user_id":"2461","batch_number":"OwnatUltraMaxiAdulte12Kg0726","location":"","quantity":"1.0000","quantity_available":"0.0000","units":"1","status":"archived","order_ids":"[20446]","supplier":"Ownat","po":{"id":"2676","date_created":"2025-04-05 00:03:23","batch_id":"2707","po_number":"","supplier":"Ownat","cost":null,"regular_price":null,"sale_price":null,"price_margin":null,"price_discount":null}},{"id":"3007","date_created":"2025-04-11 21:37:56","date_expiry":"2026-08-30 00:00:00","user_id":"2461","batch_number":"OwnatUltraMaxiAdulte12Kg0826","location":"","quantity":"1.0000","quantity_available":"0.0000","units":"1","status":"archived","order_ids":"[21250]","supplier":"Ownat","po":{"id":"2973","date_created":"2025-04-11 21:37:57","batch_id":"3007","po_number":"","supplier":"Ownat","cost":null,"regular_price":null,"sale_price":null,"price_margin":null,"price_discount":null}},{"id":"3108","date_created":"2025-04-21 21:21:52","date_expiry":"2026-08-30 00:00:00","user_id":"2461","batch_number":"OwnatUltraMaxiAdulte12Kg0826","location":"","quantity":"1.0000","quantity_available":"0.0000","units":"1","status":"archived","order_ids":"[23598]","supplier":"Ownat","po":{"id":"3075","date_created":"2025-04-21 21:21:52","batch_id":"3108","po_number":"","supplier":"Ownat","cost":null,"regular_price":null,"sale_price":null,"price_margin":null,"price_discount":null}},{"id":"3180","date_created":"2025-04-24 22:03:49","date_expiry":"2026-08-30 00:00:00","user_id":"2461","batch_number":"OwnatUltraMaxiAdulte12Kg0826","location":"","quantity":"1.0000","quantity_available":"0.0000","units":"1","status":"archived","order_ids":"[22020]","supplier":"Ownat","po":{"id":"3148","date_created":"2025-04-24 22:03:50","batch_id":"3180","po_number":"","supplier":"Ownat","cost":null,"regular_price":null,"sale_price":null,"price_margin":null,"price_discount":null}},{"id":"3354","date_created":"2025-05-08 00:47:38","date_expiry":"2026-08-30 00:00:00","user_id":"2461","batch_number":"OwnatUltraMaxiAdulte12Kg0826","location":"","quantity":"1.0000","quantity_available":"0.0000","units":"1","status":"archived","order_ids":"[24289]","supplier":"Ownat","po":{"id":"3321","date_created":"2025-05-08 00:47:38","batch_id":"3354","po_number":"","supplier":"Ownat","cost":null,"regular_price":null,"sale_price":null,"price_margin":null,"price_discount":null}},{"id":"3591","date_created":"2025-05-23 20:12:37","date_expiry":"2026-08-30 00:00:00","user_id":"2461","batch_number":"OwnatUltraMaxiAdulte12Kg0826","location":"","quantity":"1.0000","quantity_available":"0.0000","units":"1","status":"archived","order_ids":"[25987]","supplier":"Ownat","po":{"id":"3558","date_created":"2025-05-23 20:12:37","batch_id":"3591","po_number":"","supplier":"Ownat","cost":null,"regular_price":null,"sale_price":null,"price_margin":null,"price_discount":null}},{"id":"3777","date_created":"2025-06-03 20:38:25","date_expiry":"2026-08-30 00:00:00","user_id":"2461","batch_number":"OwnatUltraMaxiAdulte12Kg0826","location":"","quantity":"1.0000","quantity_available":"0.0000","units":"1","status":"archived","order_ids":"[25987]","supplier":"Ownat","po":{"id":"3742","date_created":"2025-06-03 20:38:26","batch_id":"3777","po_number":"","supplier":"Ownat","cost":null,"regular_price":null,"sale_price":null,"price_margin":null,"price_discount":null}},{"id":"4192","date_created":"2025-06-30 21:35:05","date_expiry":"2026-08-30 00:00:00","user_id":"2461","batch_number":"OwnatUltraMaxiAdulte12Kg0826","location":"","quantity":"1.0000","quantity_available":"0.0000","units":"1","status":"archived","order_ids":"[25987]","supplier":"Ownat","po":{"id":"4155","date_created":"2025-06-30 21:35:05","batch_id":"4192","po_number":"","supplier":"Ownat","cost":null,"regular_price":null,"sale_price":null,"price_margin":null,"price_discount":null}},{"id":"4382","date_created":"2025-07-14 20:54:36","date_expiry":"2026-08-30 00:00:00","user_id":"2461","batch_number":"OwnatUltraMaxiAdulte12Kg0826","location":"","quantity":"1.0000","quantity_available":"0.0000","units":"1","status":"archived","order_ids":"[25987]","supplier":"Ownat","po":{"id":"4346","date_created":"2025-07-14 20:54:36","batch_id":"4382","po_number":"","supplier":"Ownat","cost":null,"regular_price":null,"sale_price":null,"price_margin":null,"price_discount":null}},{"id":"4975","date_created":"2025-08-22 15:39:40","date_expiry":"2026-08-30 00:00:00","user_id":"2461","batch_number":"OwnatUltraMaxiAdulte12Kg0826","location":"","quantity":"4.0000","quantity_available":"0.0000","units":"1","status":"archived","order_ids":"[26418,26683,26925]","supplier":"Ownat","po":{"id":"4939","date_created":"2025-08-22 15:39:41","batch_id":"4975","po_number":"","supplier":"Ownat","cost":null,"regular_price":null,"sale_price":null,"price_margin":null,"price_discount":null}},{"id":"5025","date_created":"2025-08-29 11:53:24","date_expiry":"2026-08-30 00:00:00","user_id":"2461","batch_number":"OwnatUltraMaxiAdulte12Kg0826","location":"","quantity":"3.0000","quantity_available":"0.0000","units":"1","status":"archived","order_ids":"[36140,37630,38918]","supplier":"Ownat","po":{"id":"4989","date_created":"2025-08-29 11:53:25","batch_id":"5025","po_number":"","supplier":"Ownat","cost":null,"regular_price":null,"sale_price":null,"price_margin":null,"price_discount":null}},{"id":"5237","date_created":"2025-09-08 16:05:04","date_expiry":"2026-08-30 00:00:00","user_id":"2461","batch_number":"OwnatUltraMaxiAdulte12Kg0826","location":"","quantity":"1.0000","quantity_available":"0.0000","units":"1","status":"archived","order_ids":"[28871]","supplier":"Ownat","po":{"id":"5194","date_created":"2025-09-08 16:05:05","batch_id":"5237","po_number":"","supplier":"Ownat","cost":null,"regular_price":null,"sale_price":null,"price_margin":null,"price_discount":null}},{"id":"5330","date_created":"2025-09-15 21:43:56","date_expiry":"2026-08-30 00:00:00","user_id":"2461","batch_number":"OwnatUltraMaxiAdulte12Kg0826","location":"","quantity":"1.0000","quantity_available":"0.0000","units":"1","status":"archived","order_ids":"[28871]","supplier":"Ownat","po":{"id":"5287","date_created":"2025-09-15 21:43:56","batch_id":"5330","po_number":"","supplier":"Ownat","cost":null,"regular_price":null,"sale_price":null,"price_margin":null,"price_discount":null}},{"id":"5920","date_created":"2025-10-30 21:12:58","date_expiry":"2026-08-30 00:00:00","user_id":"2461","batch_number":"OwnatUltraMaxiAdulte12Kg0826","location":"","quantity":"4.0000","quantity_available":"4.0000","units":"1","status":"active","order_ids":null,"supplier":"Ownat","po":{"id":"5859","date_created":"2025-10-30 21:12:59","batch_id":"5920","po_number":"","supplier":"Ownat","cost":null,"regular_price":null,"sale_price":null,"price_margin":null,"price_discount":null}}],"_links":{"self":[{"href":"https:\/\/petworld.ma\/index.php\/wp-json\/wp\/v2\/product\/18968","targetHints":{"allow":["GET"]}}],"collection":[{"href":"https:\/\/petworld.ma\/index.php\/wp-json\/wp\/v2\/product"}],"about":[{"href":"https:\/\/petworld.ma\/index.php\/wp-json\/wp\/v2\/types\/product"}],"wp:featuredmedia":[{"embeddable":true,"href":"https:\/\/petworld.ma\/index.php\/wp-json\/wp\/v2\/media\/18973"}],"wp:attachment":[{"href":"https:\/\/petworld.ma\/index.php\/wp-json\/wp\/v2\/media?parent=18968"}],"wp:term":[{"taxonomy":"product_brand","embeddable":true,"href":"https:\/\/petworld.ma\/index.php\/wp-json\/wp\/v2\/product_brand?post=18968"},{"taxonomy":"product_cat","embeddable":true,"href":"https:\/\/petworld.ma\/index.php\/wp-json\/wp\/v2\/product_cat?post=18968"},{"taxonomy":"product_tag","embeddable":true,"href":"https:\/\/petworld.ma\/index.php\/wp-json\/wp\/v2\/product_tag?post=18968"}],"curies":[{"name":"wp","href":"https:\/\/api.w.org\/{rel}","templated":true}]}}