{"id":19251,"date":"2025-03-20T13:36:29","date_gmt":"2025-03-20T13:36:29","guid":{"rendered":"https:\/\/petworld.ma\/?post_type=product&#038;p=19251"},"modified":"2026-04-28T17:16:06","modified_gmt":"2026-04-28T17:16:06","slug":"serviette-en-microfibre-pour-animaux-45-x-65-cm-amoremio","status":"publish","type":"product","link":"https:\/\/petworld.ma\/index.php\/produit\/serviette-en-microfibre-pour-animaux-45-x-65-cm-amoremio\/","title":{"rendered":"Serviette en Microfibre pour animaux 45 \u00d7 65 cm &#8211; AmoreMio"},"content":{"rendered":"<p><span class=\"a-list-item\">Doux et d\u00e9licat pour un s\u00e9chage confortable : la serviette pour chien est fabriqu\u00e9e avec un tissu doux et d\u00e9licat qui garantit un s\u00e9chage agr\u00e9able et confortable pour le pelage de vos amis \u00e0 quatre pattes.<\/span><\/p>\n<p><span class=\"a-list-item\">Absorption maximale gr\u00e2ce \u00e0 la microfibre : la serviette est fabriqu\u00e9e \u00e0 100 % en microfibre, qui absorbe une grande quantit\u00e9 d&rsquo;eau et permet de s\u00e9cher rapidement les chiens et les chats, r\u00e9duisant le temps de s\u00e9chage et garde leur poil propre et frais.<\/span><\/p>\n<p><span class=\"a-list-item\">Convient aux chiens de toutes tailles : gr\u00e2ce \u00e0 son pouvoir absorbant \u00e9lev\u00e9 et \u00e0 sa taille de 45 x 65 cm, cette serviette est parfaite aussi bien pour les chiens de petite taille que pour les chiens de grande taille. Vous pouvez compter pour s\u00e9cher efficacement le pelage de vos amis \u00e0 quatre pattes, quelle que soit leur taille.<\/span><\/p>\n<p><span class=\"a-list-item\">Facilit\u00e9 de lavage en machine : les serviettes pour chien peuvent \u00eatre facilement lav\u00e9es en machine \u00e0 une temp\u00e9rature de 95 \u00b0, assurant un nettoyage profond et hygi\u00e9nique apr\u00e8s chaque utilisation.<\/span><\/p>\n<p><span class=\"a-list-item\">100 % fabriqu\u00e9 en Italie : ces serviettes sont enti\u00e8rement fabriqu\u00e9es en Italie par Amore Mio. Cela garantit un contr\u00f4le de qualit\u00e9 pr\u00e9cis et le respect des normes italiennes dans la production de produits pour animaux domestiques.<\/span><\/p>\n","protected":false},"excerpt":{"rendered":"<p>Serviette en microfibre pour animaux 45\u00d765 cm (prix pour une serviette)<\/p>\n","protected":false},"featured_media":19253,"template":"","meta":{"jetpack_publicize_message":"","jetpack_publicize_feature_enabled":true,"jetpack_social_post_already_shared":true,"jetpack_social_options":{"image_generator_settings":{"template":"highway","default_image_id":0,"font":"","enabled":false},"version":2}},"product_brand":[],"product_cat":[225,224],"product_tag":[],"class_list":{"0":"post-19251","1":"product","2":"type-product","3":"status-publish","4":"has-post-thumbnail","6":"product_cat-lingettes-serviettes-hygiene-et-soins-pour-chat","7":"product_cat-lingettes-serviettes","9":"first","10":"instock","11":"sale","12":"taxable","13":"shipping-taxable","14":"purchasable","15":"product-type-simple"},"supplier_id":8770,"supplier_sku":"055","barcode":null,"atum_controlled":true,"out_stock_date":null,"out_stock_threshold":null,"inheritable":false,"inbound_stock":0,"stock_on_hold":0,"sold_today":0,"sales_last_days":2,"reserved_stock":0,"customer_returns":0,"warehouse_damage":0,"lost_in_post":0,"other_logs":0,"out_stock_days":0,"lost_sales":0,"has_location":false,"update_date":"2026-05-09T00:20:28","atum_locations":[],"atum_stock_status":"instock","restock_status":false,"low_stock_amount":10,"sales_update_date":"2026-05-09T00:20:27","calc_backorders":null,"jetpack_publicize_connections":[],"jetpack_sharing_enabled":true,"batches":[],"_links":{"self":[{"href":"https:\/\/petworld.ma\/index.php\/wp-json\/wp\/v2\/product\/19251","targetHints":{"allow":["GET"]}}],"collection":[{"href":"https:\/\/petworld.ma\/index.php\/wp-json\/wp\/v2\/product"}],"about":[{"href":"https:\/\/petworld.ma\/index.php\/wp-json\/wp\/v2\/types\/product"}],"wp:featuredmedia":[{"embeddable":true,"href":"https:\/\/petworld.ma\/index.php\/wp-json\/wp\/v2\/media\/19253"}],"wp:attachment":[{"href":"https:\/\/petworld.ma\/index.php\/wp-json\/wp\/v2\/media?parent=19251"}],"wp:term":[{"taxonomy":"product_brand","embeddable":true,"href":"https:\/\/petworld.ma\/index.php\/wp-json\/wp\/v2\/product_brand?post=19251"},{"taxonomy":"product_cat","embeddable":true,"href":"https:\/\/petworld.ma\/index.php\/wp-json\/wp\/v2\/product_cat?post=19251"},{"taxonomy":"product_tag","embeddable":true,"href":"https:\/\/petworld.ma\/index.php\/wp-json\/wp\/v2\/product_tag?post=19251"}],"curies":[{"name":"wp","href":"https:\/\/api.w.org\/{rel}","templated":true}]}}