{"id":19302,"date":"2025-03-20T15:03:01","date_gmt":"2025-03-20T15:03:01","guid":{"rendered":"https:\/\/petworld.ma\/?post_type=product&#038;p=19302"},"modified":"2026-04-26T16:30:15","modified_gmt":"2026-04-26T16:30:15","slug":"leopet-herbe-a-chats-coco","status":"publish","type":"product","link":"https:\/\/petworld.ma\/index.php\/produit\/leopet-herbe-a-chats-coco\/","title":{"rendered":"LeoPet &#8211; Herbe \u00e0 Chats &#8211; Coco-"},"content":{"rendered":"<p>Pr\u00eate en seulement une semaine, l&rsquo;herbe \u00e0 chat Leopet \u00e0 la fibre de coco<br \/>\nest une source de fibres qui favorise la digestion et le transit intestinal, un rem\u00e8de contre les boules de poils, est riche en min\u00e9raux et vitamines, et est sans gluten, 100% graines biologiques et 100% naturelles. Et<br \/>\ngermination garantie.<\/p>\n","protected":false},"excerpt":{"rendered":"<p>Pr\u00eate en seulement une semaine, l&rsquo;herbe \u00e0 chat Leopet \u00e0 la fibre de coco.<br \/>\nFabriqu\u00e9e en Italie.<\/p>\n","protected":false},"featured_media":19304,"template":"","meta":{"jetpack_publicize_message":"","jetpack_publicize_feature_enabled":true,"jetpack_social_post_already_shared":true,"jetpack_social_options":{"image_generator_settings":{"template":"highway","default_image_id":0,"font":"","enabled":false},"version":2}},"product_brand":[],"product_cat":[219],"product_tag":[],"class_list":{"0":"post-19302","1":"product","2":"type-product","3":"status-publish","4":"has-post-thumbnail","6":"product_cat-complement-alimentaire-hygiene-et-soins-pour-chat","8":"first","9":"instock","10":"taxable","11":"shipping-taxable","12":"purchasable","13":"product-type-simple"},"supplier_id":5588,"supplier_sku":"353674","barcode":null,"atum_controlled":true,"out_stock_date":null,"out_stock_threshold":null,"inheritable":false,"inbound_stock":0,"stock_on_hold":1,"sold_today":0,"sales_last_days":2,"reserved_stock":0,"customer_returns":0,"warehouse_damage":0,"lost_in_post":0,"other_logs":0,"out_stock_days":0,"lost_sales":0,"has_location":false,"update_date":"2026-04-27T17:51:27","atum_locations":[],"atum_stock_status":"instock","restock_status":false,"low_stock_amount":2,"sales_update_date":"2026-04-27T17:51:27","calc_backorders":null,"jetpack_publicize_connections":[],"jetpack_sharing_enabled":true,"batches":[],"_links":{"self":[{"href":"https:\/\/petworld.ma\/index.php\/wp-json\/wp\/v2\/product\/19302","targetHints":{"allow":["GET"]}}],"collection":[{"href":"https:\/\/petworld.ma\/index.php\/wp-json\/wp\/v2\/product"}],"about":[{"href":"https:\/\/petworld.ma\/index.php\/wp-json\/wp\/v2\/types\/product"}],"wp:featuredmedia":[{"embeddable":true,"href":"https:\/\/petworld.ma\/index.php\/wp-json\/wp\/v2\/media\/19304"}],"wp:attachment":[{"href":"https:\/\/petworld.ma\/index.php\/wp-json\/wp\/v2\/media?parent=19302"}],"wp:term":[{"taxonomy":"product_brand","embeddable":true,"href":"https:\/\/petworld.ma\/index.php\/wp-json\/wp\/v2\/product_brand?post=19302"},{"taxonomy":"product_cat","embeddable":true,"href":"https:\/\/petworld.ma\/index.php\/wp-json\/wp\/v2\/product_cat?post=19302"},{"taxonomy":"product_tag","embeddable":true,"href":"https:\/\/petworld.ma\/index.php\/wp-json\/wp\/v2\/product_tag?post=19302"}],"curies":[{"name":"wp","href":"https:\/\/api.w.org\/{rel}","templated":true}]}}